{"id":9134,"date":"2023-02-23T22:37:37","date_gmt":"2023-02-24T04:37:37","guid":{"rendered":"https:\/\/tecsecmty.com\/index.php\/producto\/yli-pbk818a-boton-de-salida-en-acero-inoxidable-salidas-no-y-nc-en-acabado-color-verde-compatible-con-caja-para-instalacion-clave-76017\/"},"modified":"2023-03-22T23:25:02","modified_gmt":"2023-03-23T05:25:02","slug":"yli-pbk818a-boton-de-salida-en-acero-inoxidable-salidas-no-y-nc-en-acabado-color-verde-compatible-con-caja-para-instalacion-clave-76017","status":"publish","type":"product","link":"https:\/\/tecsecmty.com\/index.php\/producto\/yli-pbk818a-boton-de-salida-en-acero-inoxidable-salidas-no-y-nc-en-acabado-color-verde-compatible-con-caja-para-instalacion-clave-76017\/","title":{"rendered":"YLI PBK818A &#8211; Bot\u00f3n de salida en acero inoxidable salidas NO y NC en acabado color verde compatible con caja para instalacion clave 76017"},"content":{"rendered":"<h5 class=\"card-title text-center\">DESCRIPCI\u00d3N<\/h5>\n<p class=\"ql-align-justify\">El equipo YLI modelo\u00a0<strong>PBK-818A<\/strong>\u00a0es un bot\u00f3n de liberaci\u00f3n de puerta de acero inoxidable con tama\u00f1o de 86Lx50Wx40.1H (mm), que es el m\u00e1s com\u00fan y el m\u00e1s usado en los sistemas de control de acceso<\/p>\n<p><strong>ESPECIFICACIONES<\/strong><\/p>\n<ul>\n<li>Dimensiones: 86Lx50Wx40.1H (mm).<\/li>\n<li>Estructura est\u00e1ndar: Panel de acero inoxidable 304 con bot\u00f3n met\u00e1lico.<\/li>\n<li>Corriente nominal: 3A\u00a0a 36VDC Max.<\/li>\n<li>Contacto de salida: NO \/ NC \/ COM.<\/li>\n<li>Vida mec\u00e1nica: 500000 probada.<\/li>\n<li>Conveniente para la puerta: Todos los tipos de puertas.<\/li>\n<li>Temperatura de funcionamiento: -10\u00b0C~+55\u00b0C.<\/li>\n<li>Humedad de funcionamiento: 0-95% (humedad relativa).<\/li>\n<li>Material del panel: Acero inoxidable 304 con acabado de cableado.<\/li>\n<li>Peso 0.18kg.<\/li>\n<\/ul>\n<p><strong>FUNCIONES<\/strong><\/p>\n<ul>\n<li>Dise\u00f1o sin perno mec\u00e1nico.<\/li>\n<li>Panel de acero inoxidable con estilo elegante.<\/li>\n<li>Con la caja inferior, f\u00e1cil de instalar.<\/li>\n<li>500000 Ciclos de pruebas.<\/li>\n<li>Salida de dos contactos, conveniente para todas las clases de cerraduras.<\/li>\n<li>La mejor opci\u00f3n para el control de acceso.<\/li>\n<\/ul>\n<p class=\"ql-align-center\"><u>*La caja para su instalaci\u00f3n se vende por separado<\/u><\/p>\n<p><img decoding=\"async\" class=\"overview-center-img-web\" src=\"https:\/\/tvc.mx\/media\/67689\/CENTRAL.png\" alt=\"\" \/><\/p>\n","protected":false},"excerpt":{"rendered":"<p>DESCRIPCI\u00d3N El equipo YLI modelo\u00a0PBK-818A\u00a0es un bot\u00f3n de liberaci\u00f3n de puerta de acero inoxidable con tama\u00f1o de 86Lx50Wx40.1H (mm), que es el m\u00e1s com\u00fan y el m\u00e1s usado en los sistemas de control de acceso ESPECIFICACIONES Dimensiones: 86Lx50Wx40.1H (mm). Estructura est\u00e1ndar: Panel de acero inoxidable&hellip;<\/p>\n","protected":false},"featured_media":9133,"comment_status":"open","ping_status":"closed","template":"","meta":{"om_disable_all_campaigns":false,"_monsterinsights_skip_tracking":false,"_monsterinsights_sitenote_active":false,"_monsterinsights_sitenote_note":"","_monsterinsights_sitenote_category":0},"product_brand":[],"product_cat":[830],"product_tag":[81,727,730,66,731,728,729],"class_list":{"0":"post-9134","1":"product","2":"type-product","3":"status-publish","4":"has-post-thumbnail","6":"product_cat-tarjetas-y-botones-control-de-acceso-yli-acceso-asistencia","7":"product_tag-acceso-y-asistencia","8":"product_tag-cerraduras","9":"product_tag-commax-wulian","10":"product_tag-dahua","11":"product_tag-wejoin","12":"product_tag-yli","13":"product_tag-zkteco","15":"first","16":"instock","17":"sale","18":"taxable","19":"shipping-taxable","20":"purchasable","21":"product-type-simple"},"aioseo_notices":[],"_links":{"self":[{"href":"https:\/\/tecsecmty.com\/index.php\/wp-json\/wp\/v2\/product\/9134","targetHints":{"allow":["GET"]}}],"collection":[{"href":"https:\/\/tecsecmty.com\/index.php\/wp-json\/wp\/v2\/product"}],"about":[{"href":"https:\/\/tecsecmty.com\/index.php\/wp-json\/wp\/v2\/types\/product"}],"replies":[{"embeddable":true,"href":"https:\/\/tecsecmty.com\/index.php\/wp-json\/wp\/v2\/comments?post=9134"}],"version-history":[{"count":0,"href":"https:\/\/tecsecmty.com\/index.php\/wp-json\/wp\/v2\/product\/9134\/revisions"}],"wp:featuredmedia":[{"embeddable":true,"href":"https:\/\/tecsecmty.com\/index.php\/wp-json\/wp\/v2\/media\/9133"}],"wp:attachment":[{"href":"https:\/\/tecsecmty.com\/index.php\/wp-json\/wp\/v2\/media?parent=9134"}],"wp:term":[{"taxonomy":"product_brand","embeddable":true,"href":"https:\/\/tecsecmty.com\/index.php\/wp-json\/wp\/v2\/product_brand?post=9134"},{"taxonomy":"product_cat","embeddable":true,"href":"https:\/\/tecsecmty.com\/index.php\/wp-json\/wp\/v2\/product_cat?post=9134"},{"taxonomy":"product_tag","embeddable":true,"href":"https:\/\/tecsecmty.com\/index.php\/wp-json\/wp\/v2\/product_tag?post=9134"}],"curies":[{"name":"wp","href":"https:\/\/api.w.org\/{rel}","templated":true}]}}