{"id":9140,"date":"2023-02-23T22:37:45","date_gmt":"2023-02-24T04:37:45","guid":{"rendered":"https:\/\/tecsecmty.com\/index.php\/producto\/yli-wbk400112-modulo-con-relay-normalmente-abierto-y-cerrado-con-control-remoto-para-apertura-de-puerta-soporta-hasta-30-controles-alimentacion-a-12vdc\/"},"modified":"2023-03-22T23:25:02","modified_gmt":"2023-03-23T05:25:02","slug":"yli-wbk400112-modulo-con-relay-normalmente-abierto-y-cerrado-con-control-remoto-para-apertura-de-puerta-soporta-hasta-30-controles-alimentacion-a-12vdc","status":"publish","type":"product","link":"https:\/\/tecsecmty.com\/index.php\/producto\/yli-wbk400112-modulo-con-relay-normalmente-abierto-y-cerrado-con-control-remoto-para-apertura-de-puerta-soporta-hasta-30-controles-alimentacion-a-12vdc\/","title":{"rendered":"YLI WBK400112 &#8211; Modulo con relay normalmente abierto y cerrado con control remoto para apertura de puerta soporta hasta 30 controles \/ Alimentaci\u00f3n a 12VDC"},"content":{"rendered":"<div class=\"row aling-items-center padding-bottom-2x\">\n<div class=\"col-lg-12\">\n<h5 class=\"card-title text-center\">INFORMACI\u00d3N GENERAL<\/h5>\n<p class=\"ql-align-justify\">Es un control liberador inal\u00e1mbrico, modelo\u00a0<strong>WBK400112<\/strong>\u00a0el cual est\u00e1 compuesto por un receptor con un relevador, el cual ser\u00e1 capaz de abrir contrachapas el\u00e9ctricas o magn\u00e9ticas. Cuenta con un control inal\u00e1mbrico para liberar el relevador.<\/p>\n<p><img decoding=\"async\" class=\"overview-center-img-web\" src=\"https:\/\/tvc.mx\/media\/381535\/YLI069024-YLI-YP902123-FUENTE-DE-ENERGIA-CON-GABINETE-CENTRAL.png\" alt=\"\" \/><\/div>\n<\/div>\n<div class=\"row align-items-center padding-bottom-2x\">\n<div class=\"col-md-5\"><img decoding=\"async\" class=\"d-block m-auto img-thumbnail\" src=\"https:\/\/tvc.mx\/media\/381539\/77344-YLI-WBK400112-MODULO-CON-RELAY-NC-NO-CONTROL-REMOTO-IZQ.png\" alt=\" \" \/><\/div>\n<div class=\"col-md-7 text-md-left text-center\">\n<h2>Caracter\u00edsticas Principales<\/h2>\n<p class=\"text-muted\">\n<p class=\"ql-align-justify\"><strong>FUNCIONES<\/strong><\/p>\n<p class=\"ql-align-justify\">El WBK400112 trabaja con una frecuencia de 433.92 MHZ con la cual podr\u00e1s abrir una puerta a una distancia m\u00e1xima de 50 metros en campo abierto. Cuenta con salidas de relevador NO y NC para adaptarse a los distintos controles de acceso.<\/p>\n<ul>\n<li class=\"ql-align-justify\">Apertura de puertas inal\u00e1mbrica .<\/li>\n<li class=\"ql-align-justify\">F\u00e1cil instalaci\u00f3n.<\/li>\n<li class=\"ql-align-justify\">F\u00e1cil configuraci\u00f3n<\/li>\n<li class=\"ql-align-justify\">Compatible con contactos secos.<\/li>\n<\/ul>\n<p>&nbsp;<\/p>\n<\/div>\n<\/div>\n<hr class=\"padding-bottom-2x\" \/>\n<div class=\"row align-items-center padding-bottom-2x\">\n<div class=\"col-md-5 order-md-2\"><img decoding=\"async\" class=\"d-block m-auto img-thumbnail\" src=\"https:\/\/tvc.mx\/media\/381543\/77344-YLI-WBK400112-MODULO-CON-RELAY-NC-NO-CONTROL-REMOTO-DER.png\" alt=\" \" \/><\/div>\n<div class=\"col-md-7 order-md-1 text-md-left text-center\">\n<h2>Especificaciones T\u00e9cnicas<\/h2>\n<p class=\"text-muted\">\n<ul>\n<li class=\"ql-align-justify\">Dimensiones del receptor: 62Lx44Wx30H (mm)<\/li>\n<li class=\"ql-align-justify\">Dimensiones del transmisor: 54.5Lx30.5Wx12H (mm)<\/li>\n<li class=\"ql-align-justify\">De entrada: 12VDC<\/li>\n<li class=\"ql-align-justify\">Corriente: 8mA<\/li>\n<li class=\"ql-align-justify\">Salida de contacto: NO NC COM + &#8211;<\/li>\n<li class=\"ql-align-justify\">Frecuencia: 433,92 MHz<\/li>\n<li class=\"ql-align-justify\">Potencia de transmisi\u00f3n: 10mW<\/li>\n<li class=\"ql-align-justify\">Adecuada para: Control de Acceso<\/li>\n<li class=\"ql-align-justify\">Relay: 1<\/li>\n<li class=\"ql-align-justify\">Distancia del control remoto: \u2265 50m (exterior)<\/li>\n<li class=\"ql-align-justify\">Accesorio opcional: WBK-400A<\/li>\n<li class=\"ql-align-justify\">Capacidad: 30pcs WBK-400A Max.<\/li>\n<li class=\"ql-align-justify\">Peso: 0.12kg<\/li>\n<\/ul>\n<p>&nbsp;<\/p>\n<\/div>\n<\/div>\n<hr class=\"padding-bottom-2x\" \/>\n<div class=\"row align-items-center padding-bottom-2x\">\n<div class=\"col-md-5\"><img decoding=\"async\" class=\"d-block m-auto img-thumbnail\" src=\"https:\/\/tvc.mx\/media\/381547\/77344-YLI-WBK400112-MODULO-CON-RELAY-NC-NO-CONTROL-REMOTOPNG.png\" alt=\" \" \/><\/div>\n<div class=\"col-md-7 text-md-left text-center\">\n<h2>Incluye<\/h2>\n<p class=\"text-muted\">\n<ul>\n<li>Modulo con relevador<\/li>\n<li>Control remoto<\/li>\n<li>Cables de conexi\u00f3n<\/li>\n<\/ul>\n<\/div>\n<\/div>\n","protected":false},"excerpt":{"rendered":"<p>INFORMACI\u00d3N GENERAL Es un control liberador inal\u00e1mbrico, modelo\u00a0WBK400112\u00a0el cual est\u00e1 compuesto por un receptor con un relevador, el cual ser\u00e1 capaz de abrir contrachapas el\u00e9ctricas o magn\u00e9ticas. Cuenta con un control inal\u00e1mbrico para liberar el relevador. Caracter\u00edsticas Principales FUNCIONES El WBK400112 trabaja con una frecuencia&hellip;<\/p>\n","protected":false},"featured_media":9139,"comment_status":"open","ping_status":"closed","template":"","meta":{"om_disable_all_campaigns":false,"_monsterinsights_skip_tracking":false,"_monsterinsights_sitenote_active":false,"_monsterinsights_sitenote_note":"","_monsterinsights_sitenote_category":0},"product_brand":[],"product_cat":[830],"product_tag":[81,727,730,66,731,728,729],"class_list":{"0":"post-9140","1":"product","2":"type-product","3":"status-publish","4":"has-post-thumbnail","6":"product_cat-tarjetas-y-botones-control-de-acceso-yli-acceso-asistencia","7":"product_tag-acceso-y-asistencia","8":"product_tag-cerraduras","9":"product_tag-commax-wulian","10":"product_tag-dahua","11":"product_tag-wejoin","12":"product_tag-yli","13":"product_tag-zkteco","15":"first","16":"instock","17":"sale","18":"taxable","19":"shipping-taxable","20":"purchasable","21":"product-type-simple"},"aioseo_notices":[],"_links":{"self":[{"href":"https:\/\/tecsecmty.com\/index.php\/wp-json\/wp\/v2\/product\/9140","targetHints":{"allow":["GET"]}}],"collection":[{"href":"https:\/\/tecsecmty.com\/index.php\/wp-json\/wp\/v2\/product"}],"about":[{"href":"https:\/\/tecsecmty.com\/index.php\/wp-json\/wp\/v2\/types\/product"}],"replies":[{"embeddable":true,"href":"https:\/\/tecsecmty.com\/index.php\/wp-json\/wp\/v2\/comments?post=9140"}],"version-history":[{"count":0,"href":"https:\/\/tecsecmty.com\/index.php\/wp-json\/wp\/v2\/product\/9140\/revisions"}],"wp:featuredmedia":[{"embeddable":true,"href":"https:\/\/tecsecmty.com\/index.php\/wp-json\/wp\/v2\/media\/9139"}],"wp:attachment":[{"href":"https:\/\/tecsecmty.com\/index.php\/wp-json\/wp\/v2\/media?parent=9140"}],"wp:term":[{"taxonomy":"product_brand","embeddable":true,"href":"https:\/\/tecsecmty.com\/index.php\/wp-json\/wp\/v2\/product_brand?post=9140"},{"taxonomy":"product_cat","embeddable":true,"href":"https:\/\/tecsecmty.com\/index.php\/wp-json\/wp\/v2\/product_cat?post=9140"},{"taxonomy":"product_tag","embeddable":true,"href":"https:\/\/tecsecmty.com\/index.php\/wp-json\/wp\/v2\/product_tag?post=9140"}],"curies":[{"name":"wp","href":"https:\/\/api.w.org\/{rel}","templated":true}]}}