{"id":9142,"date":"2023-02-23T22:37:46","date_gmt":"2023-02-24T04:37:46","guid":{"rendered":"https:\/\/tecsecmty.com\/index.php\/producto\/yli-wbk400a-control-remoto-compatible-con-modelo-wbk400112-facil-de-agregar\/"},"modified":"2023-03-22T23:25:02","modified_gmt":"2023-03-23T05:25:02","slug":"yli-wbk400a-control-remoto-compatible-con-modelo-wbk400112-facil-de-agregar","status":"publish","type":"product","link":"https:\/\/tecsecmty.com\/index.php\/producto\/yli-wbk400a-control-remoto-compatible-con-modelo-wbk400112-facil-de-agregar\/","title":{"rendered":"YLI WBK400A &#8211; Control remoto \/ Compatible con modelo WBK400112 \/ F\u00e1cil de agregar"},"content":{"rendered":"<div class=\"row aling-items-center padding-bottom-2x\">\n<div class=\"col-lg-12\">\n<h5 class=\"card-title text-center\">INFORMACI\u00d3N GENERAL<\/h5>\n<p class=\"ql-align-justify\">El Control remoto modelo\u00a0<strong>WBK400\u00a0<\/strong>de la marca YLI es un bot\u00f3n liberador inal\u00e1mbrico el cual es un transmisor que se comunica a un receptor con un relevador con el cu\u00e1l ser\u00e1 capaz de liberar contrachapas el\u00e9ctricas o magn\u00e9ticas.<\/p>\n<p class=\"ql-align-justify\">WBK400 es el control remoto dedicado al control de acceso. Con el transmisor del metal para el control de acceso. La distancia que transmite es \u226450m (en el \u00e1rea abierta). Puede ser encajado en la pared f\u00e1cilmente y ser controlado. Lo que es m\u00e1s, adopta el chip de c\u00f3digo de rollo para evitar la falsedad.<\/p>\n<p><img decoding=\"async\" class=\"overview-center-img-web\" src=\"https:\/\/tvc.mx\/media\/435791\/YLI-YLE0760004-CONTROL-REMOTO-INALAMBRICO-SIN-BATERIA-CENTRAL.png\" alt=\"\" \/><\/div>\n<\/div>\n<div class=\"row align-items-center padding-bottom-2x\">\n<div class=\"col-md-5\"><img decoding=\"async\" class=\"d-block m-auto img-thumbnail\" src=\"https:\/\/tvc.mx\/media\/435795\/YLI-YLE0760004-CONTROL-REMOTO-INALAMBRICO-SIN-BATERIA-IZQ.png\" alt=\" \" \/><\/div>\n<div class=\"col-md-7 text-md-left text-center\">\n<h2>Especificaciones T\u00e9cnicas<\/h2>\n<p class=\"text-muted\">\n<ul>\n<li class=\"ql-align-justify\">Dimensiones del transmisor: 54.5Lx30.5Wx12H (mm)<\/li>\n<li class=\"ql-align-justify\">Alimentaci\u00f3n: Una bater\u00eda LR27A de 12V<\/li>\n<li class=\"ql-align-justify\">Frecuencia de Transmisi\u00f3n: 433,92 MHz<\/li>\n<li class=\"ql-align-justify\">Potencia de transmisi\u00f3n: 10mW<\/li>\n<li class=\"ql-align-justify\">Adecuado para: Control de Acceso<\/li>\n<li class=\"ql-align-justify\">Distancia de transmisi\u00f3n: \u2265 50m (exterior en area despejada)<\/li>\n<li class=\"ql-align-justify\">Carcasa: pl\u00e1stico resistente a abrasi\u00f3n y aluminio pulido<\/li>\n<li class=\"ql-align-justify\">Peso: 9 gr.<\/li>\n<li class=\"ql-align-justify\"><u>Incluye bater\u00eda<\/u><\/li>\n<\/ul>\n<p class=\"ql-align-justify\"><strong>FUNCIONES<\/strong><\/p>\n<p class=\"ql-align-justify\">El WBK400 trabaja a una frecuencia de 433.92MHz con la cual podr\u00e1 abrir una puerta a una distancia m\u00e1xima de 50 metros en campo abierto.<\/p>\n<ul>\n<li class=\"ql-align-justify\">Apertura inal\u00e1mbrica de puertas o activaci\u00f3n de relevador<\/li>\n<li class=\"ql-align-justify\">F\u00e1cil configuraci\u00f3n<\/li>\n<li class=\"ql-align-justify\">Es posible enrolar hasta 30 controles WBK400A al receptor WBK400112<\/li>\n<\/ul>\n<p>&nbsp;<\/p>\n<\/div>\n<\/div>\n<hr class=\"padding-bottom-2x\" \/>\n<div class=\"row align-items-center padding-bottom-2x\">\n<div class=\"col-md-5 order-md-2\"><img decoding=\"async\" class=\"d-block m-auto img-thumbnail\" src=\"https:\/\/tvc.mx\/media\/435799\/YLI-YLE0760004-CONTROL-REMOTO-INALAMBRICO-SIN-BATERIA-DER.png\" alt=\" \" \/><\/div>\n<div class=\"col-md-7 order-md-1 text-md-left text-center\">\n<h2>Incluye<\/h2>\n<p class=\"text-muted\">\n<ul>\n<li>Solo control remoto con bater\u00eda<\/li>\n<\/ul>\n<\/div>\n<\/div>\n","protected":false},"excerpt":{"rendered":"<p>INFORMACI\u00d3N GENERAL El Control remoto modelo\u00a0WBK400\u00a0de la marca YLI es un bot\u00f3n liberador inal\u00e1mbrico el cual es un transmisor que se comunica a un receptor con un relevador con el cu\u00e1l ser\u00e1 capaz de liberar contrachapas el\u00e9ctricas o magn\u00e9ticas. WBK400 es el control remoto dedicado&hellip;<\/p>\n","protected":false},"featured_media":9141,"comment_status":"open","ping_status":"closed","template":"","meta":{"om_disable_all_campaigns":false,"_monsterinsights_skip_tracking":false,"_monsterinsights_sitenote_active":false,"_monsterinsights_sitenote_note":"","_monsterinsights_sitenote_category":0},"product_brand":[],"product_cat":[830],"product_tag":[81,727,730,66,731,728,729],"class_list":{"0":"post-9142","1":"product","2":"type-product","3":"status-publish","4":"has-post-thumbnail","6":"product_cat-tarjetas-y-botones-control-de-acceso-yli-acceso-asistencia","7":"product_tag-acceso-y-asistencia","8":"product_tag-cerraduras","9":"product_tag-commax-wulian","10":"product_tag-dahua","11":"product_tag-wejoin","12":"product_tag-yli","13":"product_tag-zkteco","15":"first","16":"instock","17":"sale","18":"taxable","19":"shipping-taxable","20":"purchasable","21":"product-type-simple"},"aioseo_notices":[],"_links":{"self":[{"href":"https:\/\/tecsecmty.com\/index.php\/wp-json\/wp\/v2\/product\/9142","targetHints":{"allow":["GET"]}}],"collection":[{"href":"https:\/\/tecsecmty.com\/index.php\/wp-json\/wp\/v2\/product"}],"about":[{"href":"https:\/\/tecsecmty.com\/index.php\/wp-json\/wp\/v2\/types\/product"}],"replies":[{"embeddable":true,"href":"https:\/\/tecsecmty.com\/index.php\/wp-json\/wp\/v2\/comments?post=9142"}],"version-history":[{"count":0,"href":"https:\/\/tecsecmty.com\/index.php\/wp-json\/wp\/v2\/product\/9142\/revisions"}],"wp:featuredmedia":[{"embeddable":true,"href":"https:\/\/tecsecmty.com\/index.php\/wp-json\/wp\/v2\/media\/9141"}],"wp:attachment":[{"href":"https:\/\/tecsecmty.com\/index.php\/wp-json\/wp\/v2\/media?parent=9142"}],"wp:term":[{"taxonomy":"product_brand","embeddable":true,"href":"https:\/\/tecsecmty.com\/index.php\/wp-json\/wp\/v2\/product_brand?post=9142"},{"taxonomy":"product_cat","embeddable":true,"href":"https:\/\/tecsecmty.com\/index.php\/wp-json\/wp\/v2\/product_cat?post=9142"},{"taxonomy":"product_tag","embeddable":true,"href":"https:\/\/tecsecmty.com\/index.php\/wp-json\/wp\/v2\/product_tag?post=9142"}],"curies":[{"name":"wp","href":"https:\/\/api.w.org\/{rel}","templated":true}]}}