{"id":9144,"date":"2023-02-23T22:37:48","date_gmt":"2023-02-24T04:37:48","guid":{"rendered":"https:\/\/tecsecmty.com\/index.php\/producto\/yli-wbk400rc-boton-inalambrico-de-pared-con-relevador-para-control-de-acceso\/"},"modified":"2023-03-22T23:25:03","modified_gmt":"2023-03-23T05:25:03","slug":"yli-wbk400rc-boton-inalambrico-de-pared-con-relevador-para-control-de-acceso","status":"publish","type":"product","link":"https:\/\/tecsecmty.com\/index.php\/producto\/yli-wbk400rc-boton-inalambrico-de-pared-con-relevador-para-control-de-acceso\/","title":{"rendered":"YLI WBK400RC &#8211; Bot\u00f3n inal\u00e1mbrico de pared con relevador para control de acceso"},"content":{"rendered":"<h5 class=\"card-title text-center\">DESCRIPCI\u00d3N<\/h5>\n<p class=\"ql-align-center\"><strong>YLI WBK400RC &#8211; BOTON DE APERTURA DE PUERTA INALAMBRICO\u00a0\/ PARA APERTURA DE PUERTA \/ SALIDA NO Y NC\u00a0<\/strong><\/p>\n<p>El equipo YLI modelo\u00a0<strong>WBK-400RC<\/strong>\u00a0es el transmisor teledirigido sin hilos del interruptor switch para el control de acceso. Con NO \/ NC \/ COM Salida opcional del contacto. Tambi\u00e9n se puede instalar en la pared f\u00e1cilmente y ser controlado con sensibilidad.<\/p>\n<p><strong>ESPECIFICACIONES<\/strong><\/p>\n<ul>\n<li>Dimensiones: 62Lx43.5Wx30H (mil\u00edmetro).<\/li>\n<li>Entrada: 12VDC (24VDC por opcional).<\/li>\n<li>Corriente: 8mA.<\/li>\n<li>Accesorios aptos: WBK-400B<\/li>\n<li>Salida del contacto:NO, NC, COM.<\/li>\n<li>Transmisi\u00f3n Freq: 433.92MHZ.<\/li>\n<li>Adecuado para: control de acceso.<\/li>\n<li>Distancia de transmisi\u00f3n: \u226450m (en el \u00e1rea abierta).<\/li>\n<li>Acabado para el pl\u00e1stico de la c\u00e1scara: resistente a la abrasi\u00f3n<\/li>\n<li>Capaz de soportar: haste 30 Transmisores.<\/li>\n<li>Peso: 0.2kg.<\/li>\n<\/ul>\n<p><strong>FUNCIONES<\/strong><\/p>\n<ul>\n<li>Operaci\u00f3n simple, llave del estudio para la disposici\u00f3n.<\/li>\n<li>Penetrar en la pared con eficacia y ser controlado sensitivamente.<\/li>\n<li>Dise\u00f1o delicado y hermoso con el transmisor del metal.<\/li>\n<li>Adoptar chips de c\u00f3digo de rollo para evitar la falsedad.<\/li>\n<li>La mejor opci\u00f3n para el control de acceso.<\/li>\n<\/ul>\n<p><img decoding=\"async\" class=\"overview-center-img-web\" src=\"https:\/\/tvc.mx\/media\/67773\/CENTRAL.png\" alt=\"\" \/><\/p>\n","protected":false},"excerpt":{"rendered":"<p>DESCRIPCI\u00d3N YLI WBK400RC &#8211; BOTON DE APERTURA DE PUERTA INALAMBRICO\u00a0\/ PARA APERTURA DE PUERTA \/ SALIDA NO Y NC\u00a0 El equipo YLI modelo\u00a0WBK-400RC\u00a0es el transmisor teledirigido sin hilos del interruptor switch para el control de acceso. Con NO \/ NC \/ COM Salida opcional del&hellip;<\/p>\n","protected":false},"featured_media":9143,"comment_status":"open","ping_status":"closed","template":"","meta":{"om_disable_all_campaigns":false,"_monsterinsights_skip_tracking":false,"_monsterinsights_sitenote_active":false,"_monsterinsights_sitenote_note":"","_monsterinsights_sitenote_category":0},"product_brand":[],"product_cat":[830],"product_tag":[81,727,730,66,731,728,729],"class_list":{"0":"post-9144","1":"product","2":"type-product","3":"status-publish","4":"has-post-thumbnail","6":"product_cat-tarjetas-y-botones-control-de-acceso-yli-acceso-asistencia","7":"product_tag-acceso-y-asistencia","8":"product_tag-cerraduras","9":"product_tag-commax-wulian","10":"product_tag-dahua","11":"product_tag-wejoin","12":"product_tag-yli","13":"product_tag-zkteco","15":"first","16":"instock","17":"sale","18":"taxable","19":"shipping-taxable","20":"purchasable","21":"product-type-simple"},"aioseo_notices":[],"_links":{"self":[{"href":"https:\/\/tecsecmty.com\/index.php\/wp-json\/wp\/v2\/product\/9144","targetHints":{"allow":["GET"]}}],"collection":[{"href":"https:\/\/tecsecmty.com\/index.php\/wp-json\/wp\/v2\/product"}],"about":[{"href":"https:\/\/tecsecmty.com\/index.php\/wp-json\/wp\/v2\/types\/product"}],"replies":[{"embeddable":true,"href":"https:\/\/tecsecmty.com\/index.php\/wp-json\/wp\/v2\/comments?post=9144"}],"version-history":[{"count":0,"href":"https:\/\/tecsecmty.com\/index.php\/wp-json\/wp\/v2\/product\/9144\/revisions"}],"wp:featuredmedia":[{"embeddable":true,"href":"https:\/\/tecsecmty.com\/index.php\/wp-json\/wp\/v2\/media\/9143"}],"wp:attachment":[{"href":"https:\/\/tecsecmty.com\/index.php\/wp-json\/wp\/v2\/media?parent=9144"}],"wp:term":[{"taxonomy":"product_brand","embeddable":true,"href":"https:\/\/tecsecmty.com\/index.php\/wp-json\/wp\/v2\/product_brand?post=9144"},{"taxonomy":"product_cat","embeddable":true,"href":"https:\/\/tecsecmty.com\/index.php\/wp-json\/wp\/v2\/product_cat?post=9144"},{"taxonomy":"product_tag","embeddable":true,"href":"https:\/\/tecsecmty.com\/index.php\/wp-json\/wp\/v2\/product_tag?post=9144"}],"curies":[{"name":"wp","href":"https:\/\/api.w.org\/{rel}","templated":true}]}}