{"id":9146,"date":"2023-02-23T22:37:49","date_gmt":"2023-02-24T04:37:49","guid":{"rendered":"https:\/\/tecsecmty.com\/index.php\/producto\/yli-yks850ls-boton-liberador-con-llave-luz-led-acero-inoxidable-resistente-al-agua-nc-y-no\/"},"modified":"2023-03-22T23:25:04","modified_gmt":"2023-03-23T05:25:04","slug":"yli-yks850ls-boton-liberador-con-llave-luz-led-acero-inoxidable-resistente-al-agua-nc-y-no","status":"publish","type":"product","link":"https:\/\/tecsecmty.com\/index.php\/producto\/yli-yks850ls-boton-liberador-con-llave-luz-led-acero-inoxidable-resistente-al-agua-nc-y-no\/","title":{"rendered":"YLI YKS850LS &#8211; Bot\u00f3n liberador con llave \/ Luz LED \/ Acero inoxidable \/ Resistente al agua \/ NC Y NO"},"content":{"rendered":"<h5 class=\"card-title text-center\">DESCRIPCI\u00d3N<\/h5>\n<p class=\"ql-align-justify\">Un bot\u00f3n o pulsador de la marca YLI modelo YKS850LS es un dispositivo utilizado para activar alguna funci\u00f3n. Los botones son de diversa forma y tama\u00f1o y se encuentran en todo tipo de dispositivos, aunque principalmente en aparatos el\u00e9ctricos o electr\u00f3nicos. Los botones son por lo general activados al ser pulsados, normalmente con un dedo. corriente mientras es accionado. Cuando ya no se act\u00faa sobre \u00e9l vuelve a su posici\u00f3n de reposo.<\/p>\n<p class=\"ql-align-justify\">Puede ser el contacto normalmente cerrado en reposo NC, o con el contacto normalmente abierto NA.<\/p>\n<p class=\"ql-align-justify\"><strong>ESPECIFICACIONES<\/strong><\/p>\n<ul>\n<li class=\"ql-align-justify\">Dimensiones: 86Lx86Wx20H (mm).<\/li>\n<li class=\"ql-align-justify\">Estructura est\u00e1ndar: Panel de acero inoxidable, bot\u00f3n de metal.<\/li>\n<li class=\"ql-align-justify\">Grado de corriente: 3A a 36VDC LED m\u00e1ximo \/ 12VDC.<\/li>\n<li class=\"ql-align-justify\">Contacto de salida: TAMP \/ NO \/ COM \/ NC \/ -LED +.<\/li>\n<li class=\"ql-align-justify\">Vida mec\u00e1nica: 500,000 probados.<\/li>\n<li class=\"ql-align-justify\">Adecuado para: puertas huecas.<\/li>\n<li class=\"ql-align-justify\">Tipo seguro: resistente a la intemperie, defender y duplicar la clave.<\/li>\n<li class=\"ql-align-justify\">Temperatura de funcionamiento: 10 ~ + 55 (14-131F).<\/li>\n<li class=\"ql-align-justify\">Humedad de funcionamiento: 0-95% (sin condensaci\u00f3n).<\/li>\n<li class=\"ql-align-justify\">Material del panel: Panel de acero inoxidable, dibujo de alambre terminado.<\/li>\n<\/ul>\n<p class=\"ql-align-justify\"><strong>FUNCIONES<\/strong><\/p>\n<p class=\"ql-align-justify\">En las aplicaciones industriales y comerciales, los botones pueden ser unidos entre s\u00ed por una articulaci\u00f3n mec\u00e1nica para que el acto de pulsar un bot\u00f3n hace que el otro bot\u00f3n para ser puesto en libertad. De esta manera, un bot\u00f3n de parada se puede \u00abforzar\u00bb un bot\u00f3n de inicio para ser puesto en libertad. Este m\u00e9todo de uni\u00f3n se utiliza en simples operaciones manuales en las que la m\u00e1quina o proceso no tienen circuitos el\u00e9ctricos para el control.<\/p>\n<p class=\"ql-align-justify\">Dise\u00f1o profesional , sin ningun tipo de averia de mecanismo Placa lujosa de acero inoxidable,es duradera, Han pasado 50mil pruebas de envejecimiento, Con conecci\u00f3n de multi-funcion, conveniente para diferentes requerimentos, Son productos designados para los proyectos superiores de control de acceso.<\/p>\n<ul>\n<li class=\"ql-align-justify\">Liberaci\u00f3n de puerta con conexi\u00f3n NO (normalmente abierta).<\/li>\n<li class=\"ql-align-justify\">Lberaci\u00f3n de puerta con conexi\u00f3n NC (normalmente cerrada).<\/li>\n<li class=\"ql-align-justify\">LED para visualizar el bot\u00f3n.<\/li>\n<\/ul>\n<p><img decoding=\"async\" class=\"overview-center-img-web\" src=\"https:\/\/tvc.mx\/media\/65361\/CENTRAL.png\" alt=\"\" \/><\/p>\n","protected":false},"excerpt":{"rendered":"<p>DESCRIPCI\u00d3N Un bot\u00f3n o pulsador de la marca YLI modelo YKS850LS es un dispositivo utilizado para activar alguna funci\u00f3n. Los botones son de diversa forma y tama\u00f1o y se encuentran en todo tipo de dispositivos, aunque principalmente en aparatos el\u00e9ctricos o electr\u00f3nicos. Los botones son&hellip;<\/p>\n","protected":false},"featured_media":9145,"comment_status":"open","ping_status":"closed","template":"","meta":{"om_disable_all_campaigns":false,"_monsterinsights_skip_tracking":false,"_monsterinsights_sitenote_active":false,"_monsterinsights_sitenote_note":"","_monsterinsights_sitenote_category":0},"product_brand":[],"product_cat":[830],"product_tag":[81,727,730,66,731,728,729],"class_list":{"0":"post-9146","1":"product","2":"type-product","3":"status-publish","4":"has-post-thumbnail","6":"product_cat-tarjetas-y-botones-control-de-acceso-yli-acceso-asistencia","7":"product_tag-acceso-y-asistencia","8":"product_tag-cerraduras","9":"product_tag-commax-wulian","10":"product_tag-dahua","11":"product_tag-wejoin","12":"product_tag-yli","13":"product_tag-zkteco","15":"first","16":"instock","17":"sale","18":"taxable","19":"shipping-taxable","20":"purchasable","21":"product-type-simple"},"aioseo_notices":[],"_links":{"self":[{"href":"https:\/\/tecsecmty.com\/index.php\/wp-json\/wp\/v2\/product\/9146","targetHints":{"allow":["GET"]}}],"collection":[{"href":"https:\/\/tecsecmty.com\/index.php\/wp-json\/wp\/v2\/product"}],"about":[{"href":"https:\/\/tecsecmty.com\/index.php\/wp-json\/wp\/v2\/types\/product"}],"replies":[{"embeddable":true,"href":"https:\/\/tecsecmty.com\/index.php\/wp-json\/wp\/v2\/comments?post=9146"}],"version-history":[{"count":0,"href":"https:\/\/tecsecmty.com\/index.php\/wp-json\/wp\/v2\/product\/9146\/revisions"}],"wp:featuredmedia":[{"embeddable":true,"href":"https:\/\/tecsecmty.com\/index.php\/wp-json\/wp\/v2\/media\/9145"}],"wp:attachment":[{"href":"https:\/\/tecsecmty.com\/index.php\/wp-json\/wp\/v2\/media?parent=9146"}],"wp:term":[{"taxonomy":"product_brand","embeddable":true,"href":"https:\/\/tecsecmty.com\/index.php\/wp-json\/wp\/v2\/product_brand?post=9146"},{"taxonomy":"product_cat","embeddable":true,"href":"https:\/\/tecsecmty.com\/index.php\/wp-json\/wp\/v2\/product_cat?post=9146"},{"taxonomy":"product_tag","embeddable":true,"href":"https:\/\/tecsecmty.com\/index.php\/wp-json\/wp\/v2\/product_tag?post=9146"}],"curies":[{"name":"wp","href":"https:\/\/api.w.org\/{rel}","templated":true}]}}