{"id":9148,"date":"2023-02-23T22:37:51","date_gmt":"2023-02-24T04:37:51","guid":{"rendered":"https:\/\/tecsecmty.com\/index.php\/producto\/yli-ywp880bled-boton-liberador-de-puerta-con-led-aprueba-de-agua-ip68-para-exterior-acero-inoxidable-compatible-con-caja-de-instalacion-76017\/"},"modified":"2023-03-22T23:25:07","modified_gmt":"2023-03-23T05:25:07","slug":"yli-ywp880bled-boton-liberador-de-puerta-con-led-aprueba-de-agua-ip68-para-exterior-acero-inoxidable-compatible-con-caja-de-instalacion-76017","status":"publish","type":"product","link":"https:\/\/tecsecmty.com\/index.php\/producto\/yli-ywp880bled-boton-liberador-de-puerta-con-led-aprueba-de-agua-ip68-para-exterior-acero-inoxidable-compatible-con-caja-de-instalacion-76017\/","title":{"rendered":"YLI YWP880BLED &#8211; Bot\u00f3n Liberador de Puerta con Led \/ Aprueba de Agua IP68 para Exterior \/ Acero Inoxidable \/ Compatible con caja de instalaci\u00f3n 76017"},"content":{"rendered":"<div class=\"row aling-items-center padding-bottom-2x\">\n<div class=\"col-lg-12\">\n<h5 class=\"card-title text-center\">Descripci\u00f3n<\/h5>\n<p>El bot\u00f3n de liberaci\u00f3n liberador de puerta modelo\u00a0<strong>YWP880BLED\u00a0<\/strong>es de acero inoxidable con LED de tama\u00f1o 86Lx50Wx12H(mm), dise\u00f1o a prueba de agua\u00a0<strong>IP-68<\/strong>, a prueba de polvo, est\u00e1ndar estadounidense, que es el m\u00e1s com\u00fan y el m\u00e1s utilizado en los sistemas de control de acceso.<\/p>\n<p><img decoding=\"async\" class=\"overview-center-img-web\" src=\"https:\/\/tvc.mx\/media\/541931\/Banner-YLI-accesorios.png\" alt=\"\" \/><\/div>\n<\/div>\n<div class=\"row align-items-center padding-bottom-2x\">\n<div class=\"col-md-5\"><img decoding=\"async\" class=\"d-block m-auto img-thumbnail\" src=\"https:\/\/tvc.mx\/media\/541971\/IZQ-y-DCH.png\" alt=\" \" \/><\/div>\n<div class=\"col-md-7 text-md-left text-center\">\n<h2>Caracter\u00edsticas<\/h2>\n<p class=\"text-muted\">\n<p class=\"ql-align-justify\">Este bot\u00f3n nos sirve para abrir una cerradura electr\u00f3nica o contrachapa (v\u00e9ase en los cat\u00e1logos) de forma efectiva y r\u00e1pida. Puede ser conectado a un control de acceso (v\u00e9ase en los cat\u00e1logos) para facilitar y agilizar la entrada y acceso. Puede ser el contacto normalmente cerrado en reposo NC, o con el contacto normalmente abierto en reposo NA.<\/p>\n<ul>\n<li>Panel de acero inoxidable con estilo elegante.<\/li>\n<li>Pruebas de 100000 ciclos.<\/li>\n<li>Dise\u00f1o a prueba de agua\u00a0<strong>IP68<\/strong>, a prueba de polvo<\/li>\n<li>Salida de tres contactos, adecuada para todo tipo de cerraduras.<\/li>\n<li>La mejor opci\u00f3n para el control de acceso.<\/li>\n<\/ul>\n<p>&nbsp;<\/p>\n<\/div>\n<\/div>\n<hr class=\"padding-bottom-2x\" \/>\n<div class=\"row align-items-center padding-bottom-2x\">\n<div class=\"col-md-5 order-md-2\"><img decoding=\"async\" class=\"d-block m-auto img-thumbnail\" src=\"https:\/\/tvc.mx\/media\/541975\/IZQ-y-DCH2.png\" alt=\" \" \/><\/div>\n<div class=\"col-md-7 order-md-1 text-md-left text-center\">\n<h2>Especificaciones T\u00e9cnicas<\/h2>\n<p class=\"text-muted\">\n<ul>\n<li>Dimensiones 86Lx50Wx12H (mm)<\/li>\n<li>Carga m\u00e1xima 200mA<\/li>\n<li>Voltaje 12 V<\/li>\n<li>Contacto NO<\/li>\n<li>Apto para puerta puerta hueca<\/li>\n<li>Estructura panel de acero inoxidable, Bot\u00f3n de acero.<\/li>\n<li>Peso 0,18 kg<\/li>\n<\/ul>\n<\/div>\n<\/div>\n","protected":false},"excerpt":{"rendered":"<p>Descripci\u00f3n El bot\u00f3n de liberaci\u00f3n liberador de puerta modelo\u00a0YWP880BLED\u00a0es de acero inoxidable con LED de tama\u00f1o 86Lx50Wx12H(mm), dise\u00f1o a prueba de agua\u00a0IP-68, a prueba de polvo, est\u00e1ndar estadounidense, que es el m\u00e1s com\u00fan y el m\u00e1s utilizado en los sistemas de control de acceso. Caracter\u00edsticas&hellip;<\/p>\n","protected":false},"featured_media":9147,"comment_status":"open","ping_status":"closed","template":"","meta":{"om_disable_all_campaigns":false,"_monsterinsights_skip_tracking":false,"_monsterinsights_sitenote_active":false,"_monsterinsights_sitenote_note":"","_monsterinsights_sitenote_category":0},"product_brand":[],"product_cat":[830],"product_tag":[81,727,730,66,731,728,729],"class_list":{"0":"post-9148","1":"product","2":"type-product","3":"status-publish","4":"has-post-thumbnail","6":"product_cat-tarjetas-y-botones-control-de-acceso-yli-acceso-asistencia","7":"product_tag-acceso-y-asistencia","8":"product_tag-cerraduras","9":"product_tag-commax-wulian","10":"product_tag-dahua","11":"product_tag-wejoin","12":"product_tag-yli","13":"product_tag-zkteco","15":"first","16":"instock","17":"sale","18":"taxable","19":"shipping-taxable","20":"purchasable","21":"product-type-simple"},"aioseo_notices":[],"_links":{"self":[{"href":"https:\/\/tecsecmty.com\/index.php\/wp-json\/wp\/v2\/product\/9148","targetHints":{"allow":["GET"]}}],"collection":[{"href":"https:\/\/tecsecmty.com\/index.php\/wp-json\/wp\/v2\/product"}],"about":[{"href":"https:\/\/tecsecmty.com\/index.php\/wp-json\/wp\/v2\/types\/product"}],"replies":[{"embeddable":true,"href":"https:\/\/tecsecmty.com\/index.php\/wp-json\/wp\/v2\/comments?post=9148"}],"version-history":[{"count":0,"href":"https:\/\/tecsecmty.com\/index.php\/wp-json\/wp\/v2\/product\/9148\/revisions"}],"wp:featuredmedia":[{"embeddable":true,"href":"https:\/\/tecsecmty.com\/index.php\/wp-json\/wp\/v2\/media\/9147"}],"wp:attachment":[{"href":"https:\/\/tecsecmty.com\/index.php\/wp-json\/wp\/v2\/media?parent=9148"}],"wp:term":[{"taxonomy":"product_brand","embeddable":true,"href":"https:\/\/tecsecmty.com\/index.php\/wp-json\/wp\/v2\/product_brand?post=9148"},{"taxonomy":"product_cat","embeddable":true,"href":"https:\/\/tecsecmty.com\/index.php\/wp-json\/wp\/v2\/product_cat?post=9148"},{"taxonomy":"product_tag","embeddable":true,"href":"https:\/\/tecsecmty.com\/index.php\/wp-json\/wp\/v2\/product_tag?post=9148"}],"curies":[{"name":"wp","href":"https:\/\/api.w.org\/{rel}","templated":true}]}}