{"id":915,"date":"2023-02-16T00:07:36","date_gmt":"2023-02-16T00:07:36","guid":{"rendered":"https:\/\/tecsecmty.com\/index.php\/producto\/dvr-nvr-5-canales-41-4-canales-turbo-hd-1-canal-ip-de-hasta-2-megapixeles-hik-connect-p2p-compresiun-de-video-avanzada-video-analisis-1-canal-audio\/"},"modified":"2023-03-22T23:20:47","modified_gmt":"2023-03-23T05:20:47","slug":"dvr-nvr-5-canales-41-4-canales-turbo-hd-1-canal-ip-de-hasta-2-megapixeles-hik-connect-p2p-compresion-de-video-avanzada-video-analisis-1-canal-audio","status":"publish","type":"product","link":"https:\/\/tecsecmty.com\/index.php\/producto\/dvr-nvr-5-canales-41-4-canales-turbo-hd-1-canal-ip-de-hasta-2-megapixeles-hik-connect-p2p-compresion-de-video-avanzada-video-analisis-1-canal-audio\/","title":{"rendered":"DVR\/NVR 5 Canales  (4+1) \/ 4 Canales Turbo HD \/ 1 Canal IP de hasta 2 megapixeles \/ Hik-Connect P2P \/ Compresion de video avanzada \/ video analisis \/ 1 canal audio"},"content":{"rendered":"<div class=\"container\">\n<div class=\"row\">\n<div class=\"col-md-12\">\n<div class=\"row\">\n<div class=\"row\">\n<div class=\"col-md-12\">\n<h4 class=\"text-primary center info-text\" style=\"text-align: center\">Informaci\u00f3n de Producto<\/h4>\n<\/div>\n<\/div>\n<div class=\"row\" style=\"text-align: center\">\n<div class=\"col-md-12\">\n<h3>DVR\/NVR 5 Canales (4+1) \/ 4 Canales Turbo HD \/ 1 Canal IP de hasta 2 megapixeles \/ Hik-Connect P2P \/ Compresi\u00f3n de v\u00eddeo avanzada \/ v\u00eddeo analisis \/ 1 canal audio<\/h3>\n<\/div>\n<\/div>\n<div id=\"producto_container\" class=\"row\" style=\"text-align: center\">\n<div class=\"col-md-4\"><img decoding=\"async\" class=\"img-responsive center-block\" src=\"https:\/\/ftp3.syscom.mx\/usuarios\/fotos\/BancoFotografiasSyscom\/HIKVISION\/DS7204HQHIF1N\/DS7204HQHIF1N-p.PNG\" alt=\"DS-7204HQHI-F1\/N\" \/><\/p>\n<div class=\"row\">\n<div id=\"galerias\" class=\"col-sm-12\"><\/div>\n<\/div>\n<\/div>\n<div class=\"col-md-4\">\n<div><img decoding=\"async\" class=\"img-responsive img-thumbnail\" src=\"https:\/\/ftp3.syscom.mx\/usuarios\/fotos\/logotipos\/hikvision.png\" \/><\/div>\n<div><img decoding=\"async\" class=\"icono_info_product\" src=\"https:\/\/ftp3.syscom.mx\/usuarios\/fotos\/dcrec.png?v=1605219349?v=1605226885\" \/><img decoding=\"async\" class=\"icono_info_product\" src=\"https:\/\/ftp3.syscom.mx\/usuarios\/ftp\/p2p_hikconnect\/p2p_hikconnect.png\" \/><\/div>\n<div>\n<p>Modelo:\u00a0<span class=\"modelo-marca\">DS-7204HQHI-F1\/N<\/span><\/p>\n<p>Marca:\u00a0<span class=\"modelo-marca\">HIKVISION<\/span><\/p>\n<\/div>\n<div><\/div>\n<\/div>\n<div class=\"col-md-4\">\n<div class=\"row\">\n<div class=\"col-md-12 default_padding_bottom\"><\/div>\n<\/div>\n<\/div>\n<\/div>\n<\/div>\n<div class=\"row \" style=\"text-align: center\">\n<div class=\"col-md-12\">\n<div class=\"row\">\n<h3 class=\"text-primary\">Especificaciones:<\/h3>\n<\/div>\n<div class=\"row well\"><strong>Caracteristicas principales:<\/strong><\/p>\n<ul>\n<li>Tecnolog\u00eda Turbo HD 3MP ver. 3.0.<\/li>\n<li>Soporte de tecnolog\u00edas:\u00a0HD-TVI, Analogico, IP y AHD.<\/li>\n<li>Acceso\u00a0remoto: PC (WINDOWS \/ MAC),\u00a0Smart Phone (iPhone, iPad, Android).<\/li>\n<li>Compatibilidad con\u00a0navegador Chrome (IE tab),\u00a0Safari, Internet Explorer.<\/li>\n<li>Software cliente multi sitio de hasta 64 canales (IVMS4200).<\/li>\n<li>Compatible con EZVIZ y Hik-Connect\u00a0P2P.<\/li>\n<li>Soporta servicio DDNS Hikvision. SYSCOM, DynDNS, etc.<\/li>\n<li>Actualizaci\u00f3n remota de firmware.<\/li>\n<li>Soporta canal cero.<\/li>\n<li>Funciones Avanzadas: Detecci\u00f3n por cruce de linea, Intrusi\u00f3n, Deteccion de audio.<\/li>\n<\/ul>\n<p><strong>\u200b\u00a0<\/strong><strong>Compresi\u00f3n y resoluci\u00f3n:<\/strong><\/p>\n<ul>\n<li>H.264+, H.264.<\/li>\n<li>Soporta 4\u00a0canales TURBOHD \/\u00a0analogicos + 1\u00a0canal IP.<\/li>\n<li>HD-TVI:\u00a03MP@15IPS\u00a0<strong>(Solo el canal 1 es de 3MP)<\/strong>\u00a0,\u00a01080p\/720p@30IPS.<\/li>\n<li>CVBS:\u00a0WD1@30IPS.<\/li>\n<li>AHD:\u00a01080P@30IPS.<\/li>\n<li>IP:\u00a01MP@12IPS.<\/li>\n<li>Audio: G.711u.<\/li>\n<li>Audio bit rate: 64Kbps.<\/li>\n<li>Video bit rate: 32 Kbps &#8211; 6\u00a0Mbps.<\/li>\n<\/ul>\n<div>\n<p><b>Funciones de Grabaci\u00f3n y Visualizaci\u00f3n:<\/b><\/p>\n<ul>\n<li>Detecci\u00f3n de movimiento multi zona.<\/li>\n<li>Zoom digital en visualizaci\u00f3n y grabaci\u00f3n.<\/li>\n<li>Soporta m\u00faltiples tipos de grabaci\u00f3n, incluyendo tiempo real, grabaci\u00f3n manual, video sensor, alarma externa, video sensor y alarma, video sensor o alarma.<\/li>\n<li>B\u00fasqueda inteligente de grabaciones por detecci\u00f3n de movimiento.<\/li>\n<li>Se proporciona SDK y c\u00f3digos de demostraci\u00f3n para disminuir el tiempo de desarrollo de aplicaciones.<\/li>\n<li>Grabaci\u00f3n con Sobre-escritura autom\u00e1tica.<\/li>\n<li>Main stream: 3MP. 1080p , 720p, WD1, 4CIF,CIF y QCIF.<\/li>\n<li>Sub stream: WD1,\u00a04CIF,CIF y QCIF.<\/li>\n<\/ul>\n<div><\/div>\n<div>\n<h3><strong>Interfaces Entradas \/ Salidas:<\/strong><\/h3>\n<ul>\n<li>Entrada de video: 4\u00a0canales (BNC, 1.0Vp-p, 75\u03a9).<\/li>\n<li>Salida de video:\n<ul>\n<li>\u00a0HDMI: \u200b1920\u00d71080, 1280\u00d71024, 1280\u00d7720, 1024\u00d7768.<\/li>\n<li>\u00a0VGA:\u00a01920\u00d71080, 1280\u00d71024, 1280\u00d7720, 1024\u00d7768.<\/li>\n<li>\u00a0BNC: 1 Canal (BNC, 1.0Vp-p, 75\u03a9), resoluci\u00f3n m\u00e1xima: 704&#215;480. Interfaz serial: RS-485 (HIKVISION C, COAXITRON, PELCO D, PELCO\u00a0P, etc).<\/li>\n<\/ul>\n<\/li>\n<li><strong>HDMI y VGA: salida simultanea.<\/strong><\/li>\n<li>Entrada audio: 1\u00a0(RCA, 2.0 Vp-p, 1K\u03a9).<\/li>\n<li>Salida audio: 1\u00a0(RCA, 2.0 Vp-p, 1K\u03a9).<\/li>\n<li>Entrada alarma: N\/A.<\/li>\n<li>Salida alarma: N\/A.<\/li>\n<li>Interfaz USB: 1\u00a0puerto\u00a0(2.0) frontal y 1 puerto (2.0) trasera.<\/li>\n<li>Interfaz red: 1\u00a0puetos (RJ-45 10\/100\u00a0Mbps).<\/li>\n<li>Capacidad HDD:\u00a01 @\u00a06TB.<\/li>\n<\/ul>\n<\/div>\n<\/div>\n<div>\n<p><strong>Funciones de red:<\/strong>\u200b<\/p>\n<ul>\n<li>Protocolos:\u00a0TCP\/IP, PPPoE, DHCP, Hik Cloud P2P, DNS, DDNS, NTP, SADP, NFS, iSCSI, UPnP\u2122, HTTPS, ONVIF<\/li>\n<li>Standards: ONVIF (Profile S,G).<\/li>\n<li>Soporta Doble streaming.<\/li>\n<\/ul>\n<p><strong>Caracteristicas fisicas y electricas:<\/strong><\/p>\n<\/div>\n<ul>\n<li>Alimentacion: 12Vcc\u00a0(fuente incluida 4 pines).<\/li>\n<li>Consumo sin HDD: 20watts.<\/li>\n<li>Temperatura de operacion:\u00a0-10 \u00baC hasta\u00a055 \u00baC<\/li>\n<li>Dimensiones: 315\u00a0\u00d7 242\u00a0\u00d7 45\u00a0mm (W \u00d7 D \u00d7 H)<\/li>\n<li>Peso: 2\u00a0Kg\u00a0sin HDD.\u200b<\/li>\n<li>Garantia: 3 a\u00f1os<\/li>\n<\/ul>\n<\/div>\n<\/div>\n<\/div>\n<\/div>\n<\/div>\n<\/div>\n<p><img decoding=\"async\" class=\"aligncenter\" src=\"https:\/\/tracker.metricool.com\/c3po.jpg?hash=95c94f37730bb8f54dd4308f1f878f9\" \/><\/p>\n","protected":false},"excerpt":{"rendered":"<p>Informaci\u00f3n de Producto DVR\/NVR 5 Canales (4+1) \/ 4 Canales Turbo HD \/ 1 Canal IP de hasta 2 megapixeles \/ Hik-Connect P2P \/ Compresi\u00f3n de v\u00eddeo avanzada \/ v\u00eddeo analisis \/ 1 canal audio Modelo:\u00a0DS-7204HQHI-F1\/N Marca:\u00a0HIKVISION Especificaciones: Caracteristicas principales: Tecnolog\u00eda Turbo HD 3MP ver.&hellip;<\/p>\n","protected":false},"featured_media":1804,"comment_status":"open","ping_status":"closed","template":"","meta":{"om_disable_all_campaigns":false,"_monsterinsights_skip_tracking":false,"_monsterinsights_sitenote_active":false,"_monsterinsights_sitenote_note":"","_monsterinsights_sitenote_category":0},"product_brand":[],"product_cat":[56],"product_tag":[58,59,57],"class_list":{"0":"post-915","1":"product","2":"type-product","3":"status-publish","4":"has-post-thumbnail","6":"product_cat-videograbadoras-analogicas-turbohd-tvi-ahd-cvi","7":"product_tag-dvr","8":"product_tag-videograbadora","9":"product_tag-videograbadoras-analogicas-turbohd-tvi-ahd-cvi","11":"first","12":"instock","13":"taxable","14":"shipping-taxable","15":"product-type-simple"},"aioseo_notices":[],"_links":{"self":[{"href":"https:\/\/tecsecmty.com\/index.php\/wp-json\/wp\/v2\/product\/915","targetHints":{"allow":["GET"]}}],"collection":[{"href":"https:\/\/tecsecmty.com\/index.php\/wp-json\/wp\/v2\/product"}],"about":[{"href":"https:\/\/tecsecmty.com\/index.php\/wp-json\/wp\/v2\/types\/product"}],"replies":[{"embeddable":true,"href":"https:\/\/tecsecmty.com\/index.php\/wp-json\/wp\/v2\/comments?post=915"}],"version-history":[{"count":2,"href":"https:\/\/tecsecmty.com\/index.php\/wp-json\/wp\/v2\/product\/915\/revisions"}],"predecessor-version":[{"id":1805,"href":"https:\/\/tecsecmty.com\/index.php\/wp-json\/wp\/v2\/product\/915\/revisions\/1805"}],"wp:featuredmedia":[{"embeddable":true,"href":"https:\/\/tecsecmty.com\/index.php\/wp-json\/wp\/v2\/media\/1804"}],"wp:attachment":[{"href":"https:\/\/tecsecmty.com\/index.php\/wp-json\/wp\/v2\/media?parent=915"}],"wp:term":[{"taxonomy":"product_brand","embeddable":true,"href":"https:\/\/tecsecmty.com\/index.php\/wp-json\/wp\/v2\/product_brand?post=915"},{"taxonomy":"product_cat","embeddable":true,"href":"https:\/\/tecsecmty.com\/index.php\/wp-json\/wp\/v2\/product_cat?post=915"},{"taxonomy":"product_tag","embeddable":true,"href":"https:\/\/tecsecmty.com\/index.php\/wp-json\/wp\/v2\/product_tag?post=915"}],"curies":[{"name":"wp","href":"https:\/\/api.w.org\/{rel}","templated":true}]}}