{"id":9162,"date":"2023-02-23T22:38:09","date_gmt":"2023-02-24T04:38:09","guid":{"rendered":"https:\/\/tecsecmty.com\/index.php\/producto\/zkteco-k11-boton-de-salida-sin-contacto-salidas-nc-y-no-rango-de-deteccion-hasta-10-cm\/"},"modified":"2023-03-22T23:25:23","modified_gmt":"2023-03-23T05:25:23","slug":"zkteco-k11-boton-de-salida-sin-contacto-salidas-nc-y-no-rango-de-deteccion-hasta-10-cm","status":"publish","type":"product","link":"https:\/\/tecsecmty.com\/index.php\/producto\/zkteco-k11-boton-de-salida-sin-contacto-salidas-nc-y-no-rango-de-deteccion-hasta-10-cm\/","title":{"rendered":"ZKTECO K11 &#8211; Bot\u00f3n de Salida sin Contacto \/ Salidas NC y NO\/ Rango de Detecci\u00f3n hasta 10 CM"},"content":{"rendered":"<div class=\"row aling-items-center padding-bottom-2x\">\n<div class=\"col-lg-12\">\n<h5 class=\"card-title text-center\">Descripci\u00f3n<\/h5>\n<p class=\"ql-align-justify\">Nuestro bot\u00f3n modelo K11 utiliza un Sensor para apertura de puertas sin contacto (ZKTeco) permite abrir una puerta sin necesidad de presionar un bot\u00f3n o pasar una tarjeta. El bot\u00f3n conectado a un reloj checador le permitir\u00e1 la apertura de una puerta solamente pasando su mano a una distancia de hasta 10 cm del sensor y con eso ser\u00e1 suficiente para que se active un acceso.<\/p>\n<p class=\"ql-align-justify\">Al no haber contacto f\u00edsico con el lector, el tiempo de vida es mayor y nos permite una gran rentabilidad. En la siguiente imagen mostramos la conexi\u00f3n del bot\u00f3n a un reloj\/control de acceso y a un panel de control de acceso (multipuertas).<\/p>\n<p><img decoding=\"async\" class=\"overview-center-img-web\" src=\"https:\/\/tvc.mx\/media\/359771\/Bot%C3%B3n-de-salida-sin-contacto-TLEB102-ZKT-TVC-Principal1.png\" alt=\"\" \/><\/div>\n<\/div>\n<div class=\"row align-items-center padding-bottom-2x\">\n<div class=\"col-md-5 order-md-2\"><img decoding=\"async\" class=\"d-block m-auto img-thumbnail\" src=\"https:\/\/tvc.mx\/media\/359779\/Bot%C3%B3n-de-salida-sin-contacto-TLEB102-ZKT-TVC-Overviews5.1.png\" alt=\" \" \/><\/div>\n<div class=\"col-md-7 order-md-1 text-md-left text-center\">\n<h2>Especificaciones t\u00e9cnicas<\/h2>\n<p class=\"text-muted\">\n<ul>\n<li>Voltaje de entrada: 12V CD.<\/li>\n<li>F\u00e1cil operaci\u00f3n.<\/li>\n<li>Rango de temperatura de operaci\u00f3n: 20\u00b0C~55\u00b0C.<\/li>\n<li>Tiempo de vida: Hasta 500,000 aperturas.<\/li>\n<li>Base de acero inoxidable.<\/li>\n<li>LED Azul: En Espera.<\/li>\n<li>LED Rojo: Detecci\u00f3n de Visitante<\/li>\n<li>Dimensiones: 115*70*29(mm).<\/li>\n<li>Peso: 85 gramos.<\/li>\n<li>Rango de detecci\u00f3n: 0.1 a 10 cm.<\/li>\n<li>IP-55.<\/li>\n<\/ul>\n<p>&nbsp;<\/p>\n<\/div>\n<\/div>\n<hr class=\"padding-bottom-2x\" \/>\n<div class=\"row align-items-center padding-bottom-2x\">\n<div class=\"col-md-5 order-md-2\"><img decoding=\"async\" class=\"d-block m-auto img-thumbnail\" src=\"https:\/\/tvc.mx\/media\/359763\/Bot%C3%B3n-de-salida-sin-contacto-TLEB102-ZKT-TVC-Overviews2.png\" alt=\" \" \/><\/div>\n<div class=\"col-md-7 order-md-1 text-md-left text-center\">\n<h2>Funci\u00f3n<\/h2>\n<p class=\"text-muted\">\n<ul>\n<li>Apertura de puerta.<\/li>\n<li>Conexi\u00f3n con contrachapas o controles de acceso.<\/li>\n<li>Salida normalmente abierto y normalmente cerrado.<\/li>\n<li>Instalaci\u00f3n f\u00e1cil y r\u00e1pida.<\/li>\n<li>Dise\u00f1o moderno y elegante.<\/li>\n<li>No necesita tocarse.<\/li>\n<\/ul>\n<p>&nbsp;<\/p>\n<\/div>\n<\/div>\n<hr class=\"padding-bottom-2x\" \/>\n<div class=\"row align-items-center padding-bottom-2x\">\n<div class=\"col-md-5 order-md-2\"><img decoding=\"async\" class=\"d-block m-auto img-thumbnail\" src=\"https:\/\/tvc.mx\/media\/359775\/Bot%C3%B3n-de-salida-sin-contacto-TLEB102-ZKT-TVC-Overviews1.png\" alt=\" \" \/><\/div>\n<div class=\"col-md-7 order-md-1 text-md-left text-center\">\n<h2>\u00bfQu\u00e9 se requiere para funcionar? (no incluido)<\/h2>\n<p class=\"text-muted\">\n<ul>\n<li>Fuente 12 V CD.<\/li>\n<li>Contrachapa magn\u00e9tica.<\/li>\n<li>Contrachapa el\u00e9ctrica.<\/li>\n<\/ul>\n<p>&nbsp;<\/p>\n<p>&nbsp;<\/p>\n<\/div>\n<\/div>\n<hr class=\"padding-bottom-2x\" \/>\n<div class=\"row align-items-center padding-bottom-2x\">\n<div class=\"col-md-5\"><img decoding=\"async\" class=\"d-block m-auto img-thumbnail\" src=\"https:\/\/tvc.mx\/media\/359767\/Bot%C3%B3n-de-salida-sin-contacto-TLEB102-ZKT-TVC-Overviews4.png\" alt=\" \" \/><\/div>\n<div class=\"col-md-7 text-md-left text-center\">\n<h2>Distancia en detecci\u00f3n<\/h2>\n<p class=\"text-muted\">\n<p>10 cm.<\/p>\n<\/div>\n<\/div>\n","protected":false},"excerpt":{"rendered":"<p>Descripci\u00f3n Nuestro bot\u00f3n modelo K11 utiliza un Sensor para apertura de puertas sin contacto (ZKTeco) permite abrir una puerta sin necesidad de presionar un bot\u00f3n o pasar una tarjeta. El bot\u00f3n conectado a un reloj checador le permitir\u00e1 la apertura de una puerta solamente pasando&hellip;<\/p>\n","protected":false},"featured_media":9161,"comment_status":"open","ping_status":"closed","template":"","meta":{"om_disable_all_campaigns":false,"_monsterinsights_skip_tracking":false,"_monsterinsights_sitenote_active":false,"_monsterinsights_sitenote_note":"","_monsterinsights_sitenote_category":0},"product_brand":[],"product_cat":[831],"product_tag":[81,727,730,66,731,728,729],"class_list":{"0":"post-9162","1":"product","2":"type-product","3":"status-publish","4":"has-post-thumbnail","6":"product_cat-tarjetas-y-botones-control-de-acceso-zkteco-acceso-asistencia","7":"product_tag-acceso-y-asistencia","8":"product_tag-cerraduras","9":"product_tag-commax-wulian","10":"product_tag-dahua","11":"product_tag-wejoin","12":"product_tag-yli","13":"product_tag-zkteco","15":"first","16":"instock","17":"sale","18":"taxable","19":"shipping-taxable","20":"purchasable","21":"product-type-simple"},"aioseo_notices":[],"_links":{"self":[{"href":"https:\/\/tecsecmty.com\/index.php\/wp-json\/wp\/v2\/product\/9162","targetHints":{"allow":["GET"]}}],"collection":[{"href":"https:\/\/tecsecmty.com\/index.php\/wp-json\/wp\/v2\/product"}],"about":[{"href":"https:\/\/tecsecmty.com\/index.php\/wp-json\/wp\/v2\/types\/product"}],"replies":[{"embeddable":true,"href":"https:\/\/tecsecmty.com\/index.php\/wp-json\/wp\/v2\/comments?post=9162"}],"version-history":[{"count":0,"href":"https:\/\/tecsecmty.com\/index.php\/wp-json\/wp\/v2\/product\/9162\/revisions"}],"wp:featuredmedia":[{"embeddable":true,"href":"https:\/\/tecsecmty.com\/index.php\/wp-json\/wp\/v2\/media\/9161"}],"wp:attachment":[{"href":"https:\/\/tecsecmty.com\/index.php\/wp-json\/wp\/v2\/media?parent=9162"}],"wp:term":[{"taxonomy":"product_brand","embeddable":true,"href":"https:\/\/tecsecmty.com\/index.php\/wp-json\/wp\/v2\/product_brand?post=9162"},{"taxonomy":"product_cat","embeddable":true,"href":"https:\/\/tecsecmty.com\/index.php\/wp-json\/wp\/v2\/product_cat?post=9162"},{"taxonomy":"product_tag","embeddable":true,"href":"https:\/\/tecsecmty.com\/index.php\/wp-json\/wp\/v2\/product_tag?post=9162"}],"curies":[{"name":"wp","href":"https:\/\/api.w.org\/{rel}","templated":true}]}}