{"id":9170,"date":"2023-02-23T22:38:16","date_gmt":"2023-02-24T04:38:16","guid":{"rendered":"https:\/\/tecsecmty.com\/index.php\/producto\/dahua-asi1201e-d-control-de-acceso-independiente-con-teclado-touch-y-tarjetas-id-30000-usuarios-60000-registros-tcp-ip-soporta-lectora-esclavo-por-wiegand-y-rs-485-uso-exterior-ip66-desbloqu\/"},"modified":"2023-03-22T23:22:20","modified_gmt":"2023-03-23T05:22:20","slug":"dahua-asi1201e-d-control-de-acceso-independiente-con-teclado-touch-y-tarjetas-id-30000-usuarios-60000-registros-tcp-ip-soporta-lectora-esclavo-por-wiegand-y-rs-485-uso-exterior-ip66-desbloqu","status":"publish","type":"product","link":"https:\/\/tecsecmty.com\/index.php\/producto\/dahua-asi1201e-d-control-de-acceso-independiente-con-teclado-touch-y-tarjetas-id-30000-usuarios-60000-registros-tcp-ip-soporta-lectora-esclavo-por-wiegand-y-rs-485-uso-exterior-ip66-desbloqu\/","title":{"rendered":"DAHUA ASI1201E-D &#8211; Control de Acceso Independiente con Teclado Touch y Tarjetas ID\/ 30,000 Usuarios, 60,000 Registros\/ TCP\/IP\/ Soporta Lectora Esclavo por Wiegand y RS-485\/ Uso Exterior IP66\/ Desbloqueo con Tarjeta, Pasword o Combinaci\u00f3n\/#LoNuevo"},"content":{"rendered":"<div class=\"row aling-items-center padding-bottom-2x\">\n<div class=\"col-lg-12\">\n<h5 class=\"card-title text-center\">Informaci\u00f3n General<\/h5>\n<p>Como parte clave del sistema de control de acceso, el lector de tarjetas de control de acceso\u00a0<strong>ASR1201E-D<\/strong>\u00a0admite el desbloqueo de tarjetas y contrase\u00f1as y env\u00eda la informaci\u00f3n al controlador de acceso para su verificaci\u00f3n. Con un dise\u00f1o delgado y elegante, es aplicable a zonas industriales, edificios de oficinas, escuelas, f\u00e1bricas, estadios, CBD, \u00e1rea residencial, propiedades gubernamentales, etc.<\/p>\n<p><img decoding=\"async\" class=\"overview-center-img-web\" src=\"https:\/\/tvc.mx\/media\/482336\/control-de-acceso-con-teclado-touch-lectora-de-tarjetas-ID-ASI1201E-D-Dahua.png\" alt=\"\" \/><\/div>\n<\/div>\n<div class=\"row align-items-center padding-bottom-2x\">\n<div class=\"col-md-5\"><img decoding=\"async\" class=\"d-block m-auto img-thumbnail\" src=\"https:\/\/tvc.mx\/media\/482338\/tarjetas-ID-dahua.png\" alt=\" \" \/><\/div>\n<div class=\"col-md-7 text-md-left text-center\">\n<h2>Lector de tarjetas<\/h2>\n<p class=\"text-muted\">\n<p class=\"ql-align-justify\">Cuenta con una comunicaci\u00f3n Wiegand y RS485 para un mejor desempe\u00f1o y f\u00e1cil conexi\u00f3n.<\/p>\n<p class=\"ql-align-justify\">El lector de tarjetas ID\u00a0en conjunto con un panel ofrece la soluci\u00f3n de control de acceso m\u00e1s segura y rentable en interiores de edificios comerciales, propiedades de corporaciones y comunidades inteligentes.<\/p>\n<p>&nbsp;<\/p>\n<\/div>\n<\/div>\n<hr class=\"padding-bottom-2x\" \/>\n<div class=\"row align-items-center padding-bottom-2x\">\n<div class=\"col-md-5 order-md-2\"><img decoding=\"async\" class=\"d-block m-auto img-thumbnail\" src=\"https:\/\/tvc.mx\/media\/482340\/instalcion-sencilla-HTI-UC320-dahua.png\" alt=\" \" \/><\/div>\n<div class=\"col-md-7 order-md-1 text-md-left text-center\">\n<h2>Aplicaciones<\/h2>\n<p class=\"text-muted\">\n<p>El lector de tarjetas est\u00e1 dise\u00f1ado para uso en interiores, gracias a su forma y apariencia es considerado para instalaciones de controles de acceso en oficinas u hogar.<\/p>\n<p>Contiene:<\/p>\n<ul>\n<li class=\"ql-align-justify\">Reader: El lector de tarjetas no t\u00e1ctiles (solo lectura) adopta m\u00e9todos de tarjeta, tarjeta + contrase\u00f1a con teclado Cada vez que el usuario presione la tecla, se escuchar\u00e1 un pitido.<\/li>\n<li class=\"ql-align-justify\">Salida Wiegand est\u00e1ndar o salida RS485.<\/li>\n<li class=\"ql-align-justify\">Distance Distancia de lectura de la tarjeta 5cm ~ 8cm, tiempo de deslizamiento de la tarjeta correspondiente &lt;0.1s.<\/li>\n<li class=\"ql-align-justify\">Perro guardi\u00e1n.<\/li>\n<li class=\"ql-align-justify\">A prueba de iluminaci\u00f3n, sin est\u00e1tica y a prueba de cortocircuitos.<\/li>\n<li class=\"ql-align-justify\">Beeper e indicador.<\/li>\n<\/ul>\n<p>&nbsp;<\/p>\n<\/div>\n<\/div>\n<hr class=\"padding-bottom-2x\" \/>\n<div class=\"row align-items-center padding-bottom-2x\">\n<div class=\"col-md-5\"><img decoding=\"async\" class=\"d-block m-auto img-thumbnail\" src=\"https:\/\/tvc.mx\/media\/482342\/control-de-acceso-con-teclado-touch-lectora-de-tarjetas-ID-ASI1201E-D-Dahua-caracteristicas.png\" alt=\" \" \/><\/div>\n<div class=\"col-md-7 text-md-left text-center\">\n<h2>Principales Caracter\u00edsticas<\/h2>\n<p class=\"text-muted\">\n<ul>\n<li>30000 usuarios indexados,<\/li>\n<li>Memoria de eventos : 150 000,<\/li>\n<li>Botones de control t\u00e1ctiles,<\/li>\n<li>iluminaci\u00f3n de fondo azul de las teclas,<\/li>\n<li>6 grupos de acceso<\/li>\n<\/ul>\n<p>&nbsp;<\/p>\n<\/div>\n<\/div>\n<hr class=\"padding-bottom-2x\" \/>\n<div class=\"row align-items-center padding-bottom-2x\">\n<div class=\"col-md-5 order-md-2\"><img decoding=\"async\" class=\"d-block m-auto img-thumbnail\" src=\"https:\/\/tvc.mx\/media\/482344\/control-de-acceso-con-teclado-touch-lectora-de-tarjetas-ID-ASI1201E-D-Dahua-especificaciones.png\" alt=\" \" \/><\/div>\n<div class=\"col-md-7 order-md-1 text-md-left text-center\">\n<h2>Especificaciones<\/h2>\n<p class=\"text-muted\">\n<ul>\n<li>Soporte para tarjeta ID<\/li>\n<li>Distancia de lectura de tarjetas:max. 6\u00a0cm<\/li>\n<li>Comunicaci\u00f3n: Ethernet,\u00a0RS-485,\u00a0Wiegand<\/li>\n<li>Alimentaci\u00f3n:9\u00a0-15\u00a0V\u00a0DC<\/li>\n<li>IP66<\/li>\n<\/ul>\n<\/div>\n<\/div>\n","protected":false},"excerpt":{"rendered":"<p>Informaci\u00f3n General Como parte clave del sistema de control de acceso, el lector de tarjetas de control de acceso\u00a0ASR1201E-D\u00a0admite el desbloqueo de tarjetas y contrase\u00f1as y env\u00eda la informaci\u00f3n al controlador de acceso para su verificaci\u00f3n. Con un dise\u00f1o delgado y elegante, es aplicable a&hellip;<\/p>\n","protected":false},"featured_media":1290,"comment_status":"open","ping_status":"closed","template":"","meta":{"om_disable_all_campaigns":false,"_monsterinsights_skip_tracking":false,"_monsterinsights_sitenote_active":false,"_monsterinsights_sitenote_note":"","_monsterinsights_sitenote_category":0},"product_brand":[],"product_cat":[832],"product_tag":[81,727,730,66,731,728,729],"class_list":{"0":"post-9170","1":"product","2":"type-product","3":"status-publish","4":"has-post-thumbnail","6":"product_cat-teclados-control-de-acceso-dahua-acceso-asistencia","7":"product_tag-acceso-y-asistencia","8":"product_tag-cerraduras","9":"product_tag-commax-wulian","10":"product_tag-dahua","11":"product_tag-wejoin","12":"product_tag-yli","13":"product_tag-zkteco","15":"first","16":"instock","17":"sale","18":"taxable","19":"shipping-taxable","20":"purchasable","21":"product-type-simple"},"aioseo_notices":[],"_links":{"self":[{"href":"https:\/\/tecsecmty.com\/index.php\/wp-json\/wp\/v2\/product\/9170","targetHints":{"allow":["GET"]}}],"collection":[{"href":"https:\/\/tecsecmty.com\/index.php\/wp-json\/wp\/v2\/product"}],"about":[{"href":"https:\/\/tecsecmty.com\/index.php\/wp-json\/wp\/v2\/types\/product"}],"replies":[{"embeddable":true,"href":"https:\/\/tecsecmty.com\/index.php\/wp-json\/wp\/v2\/comments?post=9170"}],"version-history":[{"count":0,"href":"https:\/\/tecsecmty.com\/index.php\/wp-json\/wp\/v2\/product\/9170\/revisions"}],"wp:featuredmedia":[{"embeddable":true,"href":"https:\/\/tecsecmty.com\/index.php\/wp-json\/wp\/v2\/media\/1290"}],"wp:attachment":[{"href":"https:\/\/tecsecmty.com\/index.php\/wp-json\/wp\/v2\/media?parent=9170"}],"wp:term":[{"taxonomy":"product_brand","embeddable":true,"href":"https:\/\/tecsecmty.com\/index.php\/wp-json\/wp\/v2\/product_brand?post=9170"},{"taxonomy":"product_cat","embeddable":true,"href":"https:\/\/tecsecmty.com\/index.php\/wp-json\/wp\/v2\/product_cat?post=9170"},{"taxonomy":"product_tag","embeddable":true,"href":"https:\/\/tecsecmty.com\/index.php\/wp-json\/wp\/v2\/product_tag?post=9170"}],"curies":[{"name":"wp","href":"https:\/\/api.w.org\/{rel}","templated":true}]}}