{"id":9176,"date":"2023-02-23T22:38:21","date_gmt":"2023-02-24T04:38:21","guid":{"rendered":"https:\/\/tecsecmty.com\/index.php\/producto\/yli-yk668-teclado-para-control-de-acceso-para-tarjeta-id-a-prueba-de-agua-para-2000-tarjetas-id-y-1-password\/"},"modified":"2023-03-22T23:25:04","modified_gmt":"2023-03-23T05:25:04","slug":"yli-yk668-teclado-para-control-de-acceso-para-tarjeta-id-a-prueba-de-agua-para-2000-tarjetas-id-y-1-password","status":"publish","type":"product","link":"https:\/\/tecsecmty.com\/index.php\/producto\/yli-yk668-teclado-para-control-de-acceso-para-tarjeta-id-a-prueba-de-agua-para-2000-tarjetas-id-y-1-password\/","title":{"rendered":"YLI YK668 &#8211; Teclado para control de acceso para tarjeta ID a prueba de agua para 2000 tarjetas ID y 1 password"},"content":{"rendered":"<h5 class=\"card-title text-center\">DESCRIPCI\u00d3N<\/h5>\n<p class=\"ql-align-justify\"><strong>YK-668<\/strong>\u00a0es un controlador de una sola puerta con funci\u00f3n impermeable. Se concentra tarjeta, contrase\u00f1a, la tarjeta y la contrase\u00f1a para un teclado. para 2000 tarjetas con formato ID de 125Khz y una capacidad de PAssword para tener doble seguridad en la apertura y requerimientos para la peque\u00f1a y mediana empresa, excelente durabilidad y dise\u00f1o tipo acero inoxidable lo hacen un elegante modelo justo para sus necesidades.<\/p>\n<p><strong>ESPECIFICACIONES<\/strong><\/p>\n<ul>\n<li>Dimensi\u00f3n(mm) 86x86x20(mm)<\/li>\n<li>Voltaje 12V\u00b110 \u0152Corriente&lt;0.1A<\/li>\n<li>Temperatura -10\u00ba\u2014+50\u00ba<\/li>\n<li>Humedad 20%\u201480%<\/li>\n<li>Capacidad de Tarjetas 2000 Tarjetas ID<\/li>\n<li>Distancia de lectura de tarjeta 5-15cm<\/li>\n<li>Modos de operaci\u00f3n ID card de 125Khz:<\/li>\n<li>Peso 0.15kg<\/li>\n<\/ul>\n<p><strong>FUNCIONES<\/strong><\/p>\n<p class=\"ql-align-justify\">Cableado calibre 20 \u00f3 22 para instalaci\u00f3n el\u00e9ctrica y conexi\u00f3n entre dispositivos (puede utilizar cable UTP para la conexi\u00f3n de dispositivos pero no se recomienda para la instalaci\u00f3n el\u00e9ctrica)<\/p>\n<ul>\n<li>Capacidad de tarjetas: 2000<\/li>\n<li>Lea la tarjeta y Registrar tarjeta Continuamente<\/li>\n<li>Lea tarjeta para abrir o cerrar<\/li>\n<li>Apertura de la puerta de salida de se\u00f1al de retransmisi\u00f3n directa (NO \/ NC Opcional)<\/li>\n<\/ul>\n<p><img decoding=\"async\" class=\"overview-center-img-web\" src=\"https:\/\/tvc.mx\/media\/65730\/CENTRAL.png\" alt=\"\" \/><\/p>\n","protected":false},"excerpt":{"rendered":"<p>DESCRIPCI\u00d3N YK-668\u00a0es un controlador de una sola puerta con funci\u00f3n impermeable. Se concentra tarjeta, contrase\u00f1a, la tarjeta y la contrase\u00f1a para un teclado. para 2000 tarjetas con formato ID de 125Khz y una capacidad de PAssword para tener doble seguridad en la apertura y requerimientos&hellip;<\/p>\n","protected":false},"featured_media":9175,"comment_status":"open","ping_status":"closed","template":"","meta":{"om_disable_all_campaigns":false,"_monsterinsights_skip_tracking":false,"_monsterinsights_sitenote_active":false,"_monsterinsights_sitenote_note":"","_monsterinsights_sitenote_category":0},"product_brand":[],"product_cat":[833],"product_tag":[81,727,730,66,731,728,729],"class_list":{"0":"post-9176","1":"product","2":"type-product","3":"status-publish","4":"has-post-thumbnail","6":"product_cat-teclados-control-de-acceso-yli-acceso-asistencia","7":"product_tag-acceso-y-asistencia","8":"product_tag-cerraduras","9":"product_tag-commax-wulian","10":"product_tag-dahua","11":"product_tag-wejoin","12":"product_tag-yli","13":"product_tag-zkteco","15":"first","16":"instock","17":"sale","18":"taxable","19":"shipping-taxable","20":"purchasable","21":"product-type-simple"},"aioseo_notices":[],"_links":{"self":[{"href":"https:\/\/tecsecmty.com\/index.php\/wp-json\/wp\/v2\/product\/9176","targetHints":{"allow":["GET"]}}],"collection":[{"href":"https:\/\/tecsecmty.com\/index.php\/wp-json\/wp\/v2\/product"}],"about":[{"href":"https:\/\/tecsecmty.com\/index.php\/wp-json\/wp\/v2\/types\/product"}],"replies":[{"embeddable":true,"href":"https:\/\/tecsecmty.com\/index.php\/wp-json\/wp\/v2\/comments?post=9176"}],"version-history":[{"count":0,"href":"https:\/\/tecsecmty.com\/index.php\/wp-json\/wp\/v2\/product\/9176\/revisions"}],"wp:featuredmedia":[{"embeddable":true,"href":"https:\/\/tecsecmty.com\/index.php\/wp-json\/wp\/v2\/media\/9175"}],"wp:attachment":[{"href":"https:\/\/tecsecmty.com\/index.php\/wp-json\/wp\/v2\/media?parent=9176"}],"wp:term":[{"taxonomy":"product_brand","embeddable":true,"href":"https:\/\/tecsecmty.com\/index.php\/wp-json\/wp\/v2\/product_brand?post=9176"},{"taxonomy":"product_cat","embeddable":true,"href":"https:\/\/tecsecmty.com\/index.php\/wp-json\/wp\/v2\/product_cat?post=9176"},{"taxonomy":"product_tag","embeddable":true,"href":"https:\/\/tecsecmty.com\/index.php\/wp-json\/wp\/v2\/product_tag?post=9176"}],"curies":[{"name":"wp","href":"https:\/\/api.w.org\/{rel}","templated":true}]}}