{"id":9178,"date":"2023-02-23T22:38:23","date_gmt":"2023-02-24T04:38:23","guid":{"rendered":"https:\/\/tecsecmty.com\/index.php\/producto\/zkteco-mkhid-teclado-independiente-para-control-de-acceso-interior-o-exterior-1000-contrasenas-o-tarjetas-id-125khz\/"},"modified":"2023-03-22T23:25:28","modified_gmt":"2023-03-23T05:25:28","slug":"zkteco-mkhid-teclado-independiente-para-control-de-acceso-interior-o-exterior-1000-contrasenas-o-tarjetas-id-125khz","status":"publish","type":"product","link":"https:\/\/tecsecmty.com\/index.php\/producto\/zkteco-mkhid-teclado-independiente-para-control-de-acceso-interior-o-exterior-1000-contrasenas-o-tarjetas-id-125khz\/","title":{"rendered":"ZKTECO MKHID &#8211; Teclado Independiente para Control de Acceso \/ Interior o Exterior \/ 1000 Contrase\u00f1as o Tarjetas ID (125Khz)"},"content":{"rendered":"<div class=\"row aling-items-center padding-bottom-2x\">\n<div class=\"col-lg-12\">\n<h5 class=\"card-title text-center\">Principales Caracter\u00edsticas<\/h5>\n<h5>El dispositivo modelo\u00a0<strong>MK-H<\/strong>\u00a0es una terminal aut\u00f3noma para control de acceso con carcasa met\u00e1lica y una estructura a prueba de agua (Est\u00e1ndar IP66). Es un dispositivo de f\u00e1cil operaci\u00f3n e instalaci\u00f3n, soporta la verificaci\u00f3n por contrase\u00f1a, tarjeta de proximidad o ambas. El dise\u00f1o compacto lo convierte en una buena opci\u00f3n para el acceso a la puerta.<\/h5>\n<p><img decoding=\"async\" class=\"overview-center-img-web\" src=\"https:\/\/tvc.mx\/media\/537767\/Terminal-Independiente-Control-Acceso-Exterior-Contrase%C3%B1as-Tarjetas-ID-MKHID-ZKTeco-TVC-Banner.png\" alt=\"\" \/><\/div>\n<\/div>\n<div class=\"row align-items-center padding-bottom-2x\">\n<div class=\"col-md-5\"><img decoding=\"async\" class=\"d-block m-auto img-thumbnail\" src=\"https:\/\/tvc.mx\/media\/537811\/Terminal-Independiente-Control-Acceso-Exterior-Contrase%C3%B1as-Tarjetas-ID-MKHID-ZKTeco-TVC-Complemento1.png\" alt=\" \" \/><\/div>\n<div class=\"col-md-7 text-md-left text-center\">\n<h2>Caracter\u00edsticas y Especificaciones<\/h2>\n<p class=\"text-muted\">\n<p><strong>Caracter\u00edsticas<\/strong><\/p>\n<ul>\n<li><strong>Almacenamiento:<\/strong>\u00a01000 Usuarios (990 Normales &#8211; 10 Visitantes)<\/li>\n<li><strong>Tarjetas:<\/strong>\u00a0<strong>RF-ID<\/strong>\u00a0125 Khz<\/li>\n<li><strong>Contrase\u00f1as:<\/strong>\u00a0De 4 a 6 Digitos<\/li>\n<\/ul>\n<p><strong>Interfaz de Acceso<\/strong><\/p>\n<ul>\n<li>Relevador para Control de Acceso<\/li>\n<li>Conexi\u00f3n para Bot\u00f3n de Salida<\/li>\n<\/ul>\n<p><strong>Especificaciones<\/strong><\/p>\n<ul>\n<li><strong>\u00cdndice de Protecci\u00f3n Ambiental:<\/strong>\u00a0IP66<\/li>\n<li><strong>Fuente de Alimentaci\u00f3n:<\/strong>\u00a0DC 9~18V<\/li>\n<li><strong>Consumo de Energ\u00eda:<\/strong>\u00a050mA~80mA<\/li>\n<li><strong>Temperatura de Operaci\u00f3n:\u00a0<\/strong>-40\u00b0c a 60\u00b0c<\/li>\n<li><strong>Humedad de Operaci\u00f3n:<\/strong>\u00a010% &#8211; 90%<\/li>\n<li><strong>Dimensiones:<\/strong>\u00a0120 x 76 x 25 mm<\/li>\n<\/ul>\n<\/div>\n<\/div>\n","protected":false},"excerpt":{"rendered":"<p>Principales Caracter\u00edsticas El dispositivo modelo\u00a0MK-H\u00a0es una terminal aut\u00f3noma para control de acceso con carcasa met\u00e1lica y una estructura a prueba de agua (Est\u00e1ndar IP66). Es un dispositivo de f\u00e1cil operaci\u00f3n e instalaci\u00f3n, soporta la verificaci\u00f3n por contrase\u00f1a, tarjeta de proximidad o ambas. El dise\u00f1o compacto&hellip;<\/p>\n","protected":false},"featured_media":9177,"comment_status":"open","ping_status":"closed","template":"","meta":{"om_disable_all_campaigns":false,"_monsterinsights_skip_tracking":false,"_monsterinsights_sitenote_active":false,"_monsterinsights_sitenote_note":"","_monsterinsights_sitenote_category":0},"product_brand":[],"product_cat":[834],"product_tag":[81,727,730,66,731,728,729],"class_list":{"0":"post-9178","1":"product","2":"type-product","3":"status-publish","4":"has-post-thumbnail","6":"product_cat-teclados-control-de-acceso-zkteco-acceso-asistencia","7":"product_tag-acceso-y-asistencia","8":"product_tag-cerraduras","9":"product_tag-commax-wulian","10":"product_tag-dahua","11":"product_tag-wejoin","12":"product_tag-yli","13":"product_tag-zkteco","15":"first","16":"instock","17":"sale","18":"taxable","19":"shipping-taxable","20":"purchasable","21":"product-type-simple"},"aioseo_notices":[],"_links":{"self":[{"href":"https:\/\/tecsecmty.com\/index.php\/wp-json\/wp\/v2\/product\/9178","targetHints":{"allow":["GET"]}}],"collection":[{"href":"https:\/\/tecsecmty.com\/index.php\/wp-json\/wp\/v2\/product"}],"about":[{"href":"https:\/\/tecsecmty.com\/index.php\/wp-json\/wp\/v2\/types\/product"}],"replies":[{"embeddable":true,"href":"https:\/\/tecsecmty.com\/index.php\/wp-json\/wp\/v2\/comments?post=9178"}],"version-history":[{"count":0,"href":"https:\/\/tecsecmty.com\/index.php\/wp-json\/wp\/v2\/product\/9178\/revisions"}],"wp:featuredmedia":[{"embeddable":true,"href":"https:\/\/tecsecmty.com\/index.php\/wp-json\/wp\/v2\/media\/9177"}],"wp:attachment":[{"href":"https:\/\/tecsecmty.com\/index.php\/wp-json\/wp\/v2\/media?parent=9178"}],"wp:term":[{"taxonomy":"product_brand","embeddable":true,"href":"https:\/\/tecsecmty.com\/index.php\/wp-json\/wp\/v2\/product_brand?post=9178"},{"taxonomy":"product_cat","embeddable":true,"href":"https:\/\/tecsecmty.com\/index.php\/wp-json\/wp\/v2\/product_cat?post=9178"},{"taxonomy":"product_tag","embeddable":true,"href":"https:\/\/tecsecmty.com\/index.php\/wp-json\/wp\/v2\/product_tag?post=9178"}],"curies":[{"name":"wp","href":"https:\/\/api.w.org\/{rel}","templated":true}]}}