{"id":9180,"date":"2023-02-23T22:38:27","date_gmt":"2023-02-24T04:38:27","guid":{"rendered":"https:\/\/tecsecmty.com\/index.php\/producto\/zkteco-sa40-kit-control-de-acceso-kit-kit-de-acceso-autonomo-solucion-para-una-puerta-que-incluye-1-sa40-control-de-acceso-1-electroiman-lm1802-300lbs-1-boton-de-salida-tleb1-1-sensor-de-pu\/"},"modified":"2023-03-22T23:25:31","modified_gmt":"2023-03-23T05:25:31","slug":"zkteco-sa40-kit-control-de-acceso-kit-kit-de-acceso-autonomo-solucion-para-una-puerta-que-incluye-1-sa40-control-de-acceso-1-electroiman-lm1802-300lbs-1-boton-de-salida-tleb1-1-sensor-de-pu","status":"publish","type":"product","link":"https:\/\/tecsecmty.com\/index.php\/producto\/zkteco-sa40-kit-control-de-acceso-kit-kit-de-acceso-autonomo-solucion-para-una-puerta-que-incluye-1-sa40-control-de-acceso-1-electroiman-lm1802-300lbs-1-boton-de-salida-tleb1-1-sensor-de-pu\/","title":{"rendered":"ZKTECO SA40 KIT &#8211; Control de acceso KIT &#8211; Kit de acceso aut\u00f3nomo soluci\u00f3n para una puerta que incluye: 1 SA40 Control de Acceso \/ 1 Electroim\u00e1n LM1802 300Lbs \/ 1 Bot\u00f3n de salida TLEB1 \/ 1 Sensor de puerta AS32 \/ 10 Tarjetas de proximidad 125 Khz"},"content":{"rendered":"<div class=\"row aling-items-center padding-bottom-2x\">\n<div class=\"col-lg-12\">\n<h5 class=\"card-title text-center\">Informaci\u00f3n General<\/h5>\n<h4><strong>Descripci\u00f3n<\/strong><\/h4>\n<p>El\u00a0<strong>SA40 KIT<\/strong>\u00a0es un dispositivo independiente Simple de Control de Acceso que admite autenticaci\u00f3n de contrase\u00f1a y RFID para el control de acceso. Admite tres modos de verificaci\u00f3n diferentes: contrase\u00f1a, RFID, contrase\u00f1a y RFID. Se pueden agregar y eliminar usuarios en el dispositivo, lo que es muy conveniente.<\/p>\n<p>Ideal para peque\u00f1as o sencillas soluciones como oficinas, fabricas, pymes, negocios y muchos mas.<\/p>\n<h5><\/h5>\n<p><img decoding=\"async\" class=\"overview-center-img-web\" src=\"https:\/\/tvc.mx\/media\/563191\/Control-de-Acceso-KIT-Lector-Tarjetas-Teclado-Descripci%C3%B3n-SA40KIT-ZKTECO.png\" alt=\"\" \/><\/p>\n<\/div>\n<\/div>\n<div class=\"row align-items-center padding-bottom-2x\">\n<div class=\"col-md-5 order-md-2\"><img decoding=\"async\" class=\"d-block m-auto img-thumbnail\" src=\"https:\/\/tvc.mx\/media\/564159\/Control-de-Acceso-KIT-Lector-Tarjetas-Teclado-Contenido-SA40KIT-ZKTECO.png\" alt=\" \" \/><\/div>\n<div class=\"col-md-7 order-md-1 text-md-left text-center\">\n<h2>Contenido del KIT<\/h2>\n<h5><strong>Kit SA40<\/strong><\/h5>\n<p>Kit de acceso aut\u00f3nomo soluci\u00f3n para una puerta que incluye.<\/p>\n<ul>\n<li>1 SA40 Control de Acceso<\/li>\n<li>1 Electroim\u00e1n LM1802 300Lbs<\/li>\n<li>1 Bot\u00f3n de salida TLEB1<\/li>\n<li>1 Sensor de puerta AS32<\/li>\n<li>10 Tarjetas de proximidad\u00a0125 Khz<\/li>\n<li>Soporte U<\/li>\n<\/ul>\n<p>No Incluye Fuente de Alimentaci\u00f3n, Fuente recomendada para la Soluci\u00f3n (TVN083034\u00a0o\u00a0TVN0830052)<\/p>\n<p>&nbsp;<\/p>\n<\/div>\n<\/div>\n<hr class=\"padding-bottom-2x\" \/>\n<div class=\"row align-items-center padding-bottom-2x\">\n<div class=\"col-md-5 order-md-2\"><img decoding=\"async\" class=\"d-block m-auto img-thumbnail\" src=\"https:\/\/tvc.mx\/media\/563551\/Control-de-Acceso-KIT-Lector-Tarjetas-Teclado-Caracter%C3%ADsticas-SA40KIT-ZKTECO.png\" alt=\" \" \/><\/div>\n<div class=\"col-md-7 order-md-1 text-md-left text-center\">\n<h2>Caracter\u00edsticas SA40<\/h2>\n<ul>\n<li>Longitud de la contrase\u00f1a: de 4 a 6 d\u00edgitos<\/li>\n<li>Lector de tarjetas RFID EM 125Khz.<\/li>\n<li>Verificaci\u00f3n \/ contrase\u00f1a \/ tarjeta<\/li>\n<li>Sencilla instalaci\u00f3n y operaci\u00f3n.<\/li>\n<li>Temperatura de funcionamiento: -20\u00b0C a 60\u00b0C<\/li>\n<li>Almacenamiento de humedad: 15% a 90%<\/li>\n<\/ul>\n<h5><strong>Especificaciones SA40<\/strong><\/h5>\n<ul>\n<li><strong>Frecuencia de funcionamiento:<\/strong>\u00a0125kHz<\/li>\n<li><strong>Tarjeta RFID:<\/strong>\u00a0tipo EM<\/li>\n<li><strong>Voltaje de funcionamiento:<\/strong>\u00a0DC 9 a 15V<\/li>\n<li><strong>Capacidad de usuarios:<\/strong>\u00a02,000<\/li>\n<li><strong>Capacidad de contrase\u00f1a:<\/strong>\u00a02,000<\/li>\n<li><strong>Contrase\u00f1a:<\/strong>\u00a0de 4 a 6 d\u00edgitos<\/li>\n<li><strong>Modos de Verificaci\u00f3n:<\/strong>\u00a0Solo Tarjeta \/ Solo Contrase\u00f1a \/ Tarjeta y Contrase\u00f1a<\/li>\n<li><strong>1<\/strong>\u00a0rel\u00e9 \/\u00a0<strong>1<\/strong>\u00a0sensor de puerta \/\u00a0<strong>1<\/strong>\u00a0bot\u00f3n de salida \/<strong>\u00a01<\/strong>\u00a0timbre<\/li>\n<li><strong>Dimensiones:<\/strong>\u00a0(L*An*Al) 103,5*86*19 (mm) (\u00b13mm)<\/li>\n<\/ul>\n<p>&nbsp;<\/p>\n<\/div>\n<\/div>\n<hr class=\"padding-bottom-2x\" \/>\n<div class=\"row align-items-center padding-bottom-2x\">\n<div class=\"col-md-5\"><img decoding=\"async\" class=\"d-block m-auto img-thumbnail\" src=\"https:\/\/tvc.mx\/media\/563471\/Control-de-Acceso-KIT-Lector-Tarjetas-Teclado-Caracter%C3%ADsticas-TLEB102-SA40KIT-ZKTECO.png\" alt=\" \" \/><\/div>\n<div class=\"col-md-7 text-md-left text-center\">\n<h2>Caracter\u00edsticas TLEB1<\/h2>\n<ul>\n<li>Apertura sin contacto, con el simple movimiento de la mano.<\/li>\n<li>Indicador visual que cambia de azul a rojo cuando es activado.<\/li>\n<li>Placa del bot\u00f3n de acero inoxidable.<\/li>\n<li>Rango de detecci\u00f3n de hasta 10 cm.<\/li>\n<li>F\u00e1cil instalaci\u00f3n.<\/li>\n<li>Salida de relevador NA\/NC\/COM.<\/li>\n<li>Relevador de alta capacidad.<\/li>\n<\/ul>\n<p><strong>Especificaciones TLEB1:<\/strong><\/p>\n<ul>\n<li>Capacidad de relevador: 120VCA\/3A, 30VCD\/3A.<\/li>\n<li>Voltaje de operaci\u00f3n: 12VCD.<\/li>\n<li>Rango de detecci\u00f3n: Hasta 10 cm.<\/li>\n<li>LED indicador: LED Azul: En espera\/ LED Rojo: Detecci\u00f3n de visitante.<\/li>\n<li>Temperatura de operaci\u00f3n: -20\u00b0C a 50\u00b0C.<\/li>\n<li>Dimensiones: 115 x 70 x 39 mm.<\/li>\n<li>Peso: 85g.<\/li>\n<\/ul>\n<p>&nbsp;<\/p>\n<\/div>\n<\/div>\n<hr class=\"padding-bottom-2x\" \/>\n<div class=\"row align-items-center padding-bottom-2x\">\n<div class=\"col-md-5 order-md-2\"><img decoding=\"async\" class=\"d-block m-auto img-thumbnail\" src=\"https:\/\/tvc.mx\/media\/563523\/Control-de-Acceso-KIT-Lector-Tarjetas-Teclado-Caracter%C3%ADsticas-LM1802-SA40KIT-ZKTECO.png\" alt=\" \" \/><\/div>\n<div class=\"col-md-7 order-md-1 text-md-left text-center\">\n<h2>Caracter\u00edsticas LM1802<\/h2>\n<ul>\n<li>Encender para bloquear.<\/li>\n<li>Fuerza de retenci\u00f3n: 158 kg.<\/li>\n<li>Fuente de alimentaci\u00f3n: DC12\/24V entrada.<\/li>\n<\/ul>\n<p><strong>Caracter\u00edsticas AS32:<\/strong><\/p>\n<ul>\n<li>Contacto m\u00e1gnetico normalmente cerrado (im\u00e1n junto).<\/li>\n<\/ul>\n<\/div>\n<\/div>\n","protected":false},"excerpt":{"rendered":"<p>Informaci\u00f3n General Descripci\u00f3n El\u00a0SA40 KIT\u00a0es un dispositivo independiente Simple de Control de Acceso que admite autenticaci\u00f3n de contrase\u00f1a y RFID para el control de acceso. Admite tres modos de verificaci\u00f3n diferentes: contrase\u00f1a, RFID, contrase\u00f1a y RFID. Se pueden agregar y eliminar usuarios en el dispositivo,&hellip;<\/p>\n","protected":false},"featured_media":9179,"comment_status":"open","ping_status":"closed","template":"","meta":{"om_disable_all_campaigns":false,"_monsterinsights_skip_tracking":false,"_monsterinsights_sitenote_active":false,"_monsterinsights_sitenote_note":"","_monsterinsights_sitenote_category":0},"product_brand":[],"product_cat":[834],"product_tag":[81,727,730,66,731,728,729],"class_list":{"0":"post-9180","1":"product","2":"type-product","3":"status-publish","4":"has-post-thumbnail","6":"product_cat-teclados-control-de-acceso-zkteco-acceso-asistencia","7":"product_tag-acceso-y-asistencia","8":"product_tag-cerraduras","9":"product_tag-commax-wulian","10":"product_tag-dahua","11":"product_tag-wejoin","12":"product_tag-yli","13":"product_tag-zkteco","15":"first","16":"instock","17":"sale","18":"taxable","19":"shipping-taxable","20":"purchasable","21":"product-type-simple"},"aioseo_notices":[],"_links":{"self":[{"href":"https:\/\/tecsecmty.com\/index.php\/wp-json\/wp\/v2\/product\/9180","targetHints":{"allow":["GET"]}}],"collection":[{"href":"https:\/\/tecsecmty.com\/index.php\/wp-json\/wp\/v2\/product"}],"about":[{"href":"https:\/\/tecsecmty.com\/index.php\/wp-json\/wp\/v2\/types\/product"}],"replies":[{"embeddable":true,"href":"https:\/\/tecsecmty.com\/index.php\/wp-json\/wp\/v2\/comments?post=9180"}],"version-history":[{"count":0,"href":"https:\/\/tecsecmty.com\/index.php\/wp-json\/wp\/v2\/product\/9180\/revisions"}],"wp:featuredmedia":[{"embeddable":true,"href":"https:\/\/tecsecmty.com\/index.php\/wp-json\/wp\/v2\/media\/9179"}],"wp:attachment":[{"href":"https:\/\/tecsecmty.com\/index.php\/wp-json\/wp\/v2\/media?parent=9180"}],"wp:term":[{"taxonomy":"product_brand","embeddable":true,"href":"https:\/\/tecsecmty.com\/index.php\/wp-json\/wp\/v2\/product_brand?post=9180"},{"taxonomy":"product_cat","embeddable":true,"href":"https:\/\/tecsecmty.com\/index.php\/wp-json\/wp\/v2\/product_cat?post=9180"},{"taxonomy":"product_tag","embeddable":true,"href":"https:\/\/tecsecmty.com\/index.php\/wp-json\/wp\/v2\/product_tag?post=9180"}],"curies":[{"name":"wp","href":"https:\/\/api.w.org\/{rel}","templated":true}]}}