{"id":9184,"date":"2023-02-23T22:38:32","date_gmt":"2023-02-24T04:38:32","guid":{"rendered":"https:\/\/tecsecmty.com\/index.php\/producto\/zkteco-ik7-bateria-de-respaldo-para-control-de-acceso-uface800-sface900-g3-g3pro\/"},"modified":"2023-03-22T23:25:22","modified_gmt":"2023-03-23T05:25:22","slug":"zkteco-ik7-bateria-de-respaldo-para-control-de-acceso-uface800-sface900-g3-g3pro","status":"publish","type":"product","link":"https:\/\/tecsecmty.com\/index.php\/producto\/zkteco-ik7-bateria-de-respaldo-para-control-de-acceso-uface800-sface900-g3-g3pro\/","title":{"rendered":"ZKTECO IK7 &#8211; Bater\u00eda de Respaldo para Control de Acceso \/ UFACE800\/ SFACE900 \/ G3 \/ G3Pro"},"content":{"rendered":"<div class=\"row aling-items-center padding-bottom-2x\">\n<div class=\"col-lg-12\">\n<h5 class=\"card-title text-center\">Informaci\u00f3n general.<\/h5>\n<p class=\"ql-align-justify\">Gracias a \u00e9sta bater\u00eda nuestros equipos podr\u00e1n seguir operando con normalidad y sin interrupciones por un periodo de hasta 8\u00a0horas, la bater\u00eda es totalmente recargable, hecha de litio por lo que nos dar\u00e1\u00a0una diferencia de potencial de 12V DC de entrada y 7.4V a 2000mA de salida.<\/p>\n<p><img decoding=\"async\" class=\"overview-center-img-web\" src=\"https:\/\/tvc.mx\/media\/58236\/Banner.png\" alt=\"\" \/><\/div>\n<\/div>\n<div class=\"row align-items-center padding-bottom-2x\">\n<div class=\"col-md-5\"><img decoding=\"async\" class=\"d-block m-auto img-thumbnail\" src=\"https:\/\/tvc.mx\/media\/58242\/OVL1.png\" alt=\" \" \/><\/div>\n<div class=\"col-md-7 text-md-left text-center\">\n<h2>Caracter\u00edsticas.<\/h2>\n<p class=\"text-muted\">\n<ul>\n<li class=\"ql-align-justify\">Voltaje de entrada: 9-12VDC.<\/li>\n<li class=\"ql-align-justify\">Salida: 7.4V DC 2000mAh.<\/li>\n<\/ul>\n<\/div>\n<\/div>\n","protected":false},"excerpt":{"rendered":"<p>Informaci\u00f3n general. Gracias a \u00e9sta bater\u00eda nuestros equipos podr\u00e1n seguir operando con normalidad y sin interrupciones por un periodo de hasta 8\u00a0horas, la bater\u00eda es totalmente recargable, hecha de litio por lo que nos dar\u00e1\u00a0una diferencia de potencial de 12V DC de entrada y 7.4V&hellip;<\/p>\n","protected":false},"featured_media":9183,"comment_status":"open","ping_status":"closed","template":"","meta":{"om_disable_all_campaigns":false,"_monsterinsights_skip_tracking":false,"_monsterinsights_sitenote_active":false,"_monsterinsights_sitenote_note":"","_monsterinsights_sitenote_category":0},"product_brand":[],"product_cat":[836],"product_tag":[81,727,730,66,731,728,729],"class_list":{"0":"post-9184","1":"product","2":"type-product","3":"status-publish","4":"has-post-thumbnail","6":"product_cat-accesorios-asistencia","7":"product_tag-acceso-y-asistencia","8":"product_tag-cerraduras","9":"product_tag-commax-wulian","10":"product_tag-dahua","11":"product_tag-wejoin","12":"product_tag-yli","13":"product_tag-zkteco","15":"first","16":"instock","17":"sale","18":"taxable","19":"shipping-taxable","20":"purchasable","21":"product-type-simple"},"aioseo_notices":[],"_links":{"self":[{"href":"https:\/\/tecsecmty.com\/index.php\/wp-json\/wp\/v2\/product\/9184","targetHints":{"allow":["GET"]}}],"collection":[{"href":"https:\/\/tecsecmty.com\/index.php\/wp-json\/wp\/v2\/product"}],"about":[{"href":"https:\/\/tecsecmty.com\/index.php\/wp-json\/wp\/v2\/types\/product"}],"replies":[{"embeddable":true,"href":"https:\/\/tecsecmty.com\/index.php\/wp-json\/wp\/v2\/comments?post=9184"}],"version-history":[{"count":0,"href":"https:\/\/tecsecmty.com\/index.php\/wp-json\/wp\/v2\/product\/9184\/revisions"}],"wp:featuredmedia":[{"embeddable":true,"href":"https:\/\/tecsecmty.com\/index.php\/wp-json\/wp\/v2\/media\/9183"}],"wp:attachment":[{"href":"https:\/\/tecsecmty.com\/index.php\/wp-json\/wp\/v2\/media?parent=9184"}],"wp:term":[{"taxonomy":"product_brand","embeddable":true,"href":"https:\/\/tecsecmty.com\/index.php\/wp-json\/wp\/v2\/product_brand?post=9184"},{"taxonomy":"product_cat","embeddable":true,"href":"https:\/\/tecsecmty.com\/index.php\/wp-json\/wp\/v2\/product_cat?post=9184"},{"taxonomy":"product_tag","embeddable":true,"href":"https:\/\/tecsecmty.com\/index.php\/wp-json\/wp\/v2\/product_tag?post=9184"}],"curies":[{"name":"wp","href":"https:\/\/api.w.org\/{rel}","templated":true}]}}