{"id":9186,"date":"2023-02-23T22:38:34","date_gmt":"2023-02-24T04:38:34","guid":{"rendered":"https:\/\/tecsecmty.com\/index.php\/producto\/zkteco-tdm95-modulo-detector-de-temperatura-nueva-generacion-para-equipos-de-acceso-y-asistencia-usb-distancia-de-medicion-1-15cm-rango-de-medicion-de-temperatura-30c-a-42-9c-si\/"},"modified":"2023-03-22T23:25:33","modified_gmt":"2023-03-23T05:25:33","slug":"zkteco-tdm95-modulo-detector-de-temperatura-nueva-generacion-para-equipos-de-acceso-y-asistencia-usb-distancia-de-medicion-1-15cm-rango-de-medicion-de-temperatura-30c-a-42-9c-si","status":"publish","type":"product","link":"https:\/\/tecsecmty.com\/index.php\/producto\/zkteco-tdm95-modulo-detector-de-temperatura-nueva-generacion-para-equipos-de-acceso-y-asistencia-usb-distancia-de-medicion-1-15cm-rango-de-medicion-de-temperatura-30c-a-42-9c-si\/","title":{"rendered":"ZKTECO TDM95 &#8211; Modulo detector de temperatura nueva generaci\u00f3n para equipos de acceso y asistencia \/ USB \/ Distancia de medici\u00f3n 1-15cm \/ Rango de medici\u00f3n de temperatura 30\u00b0C a 42.9\u00b0C \/ #Sincontacto \/ #COVID19"},"content":{"rendered":"<div class=\"row aling-items-center padding-bottom-2x\">\n<div class=\"col-lg-12\">\n<h5 class=\"card-title text-center\">Informaci\u00f3n General<\/h5>\n<p>TDM95\u00a0es un m\u00f3dulo USB, utilizado para la detecci\u00f3n de temperatura. Puede aplicarse a productos ZKTeco, de Tiempo y Asistencia y dispositivos de Control de Acceso. TDM95 admite grados Celsius y Fahrenheit. Para uso en interiores<\/p>\n<p>La medici\u00f3n de temperatura de una persona se realiza con la radiaci\u00f3n de calor de la palma o la mu\u00f1eca, colocada frente al dispositivo dentro de la distancia especificada. La temperatura corporal tomada difiere en ocasiones cuando una persona llega del exterior y el clima es muy caliente. Por tanto, se recomienda esperar un momento antes medir la temperatura corporal para un resultado apropiado.<\/p>\n<p><img decoding=\"async\" class=\"overview-center-img-web\" src=\"https:\/\/tvc.mx\/media\/101365\/TVC-TDM95.jpg\" alt=\"\" \/><\/div>\n<\/div>\n<div class=\"row align-items-center padding-bottom-2x\">\n<div class=\"col-md-5 order-md-2\"><img decoding=\"async\" class=\"d-block m-auto img-thumbnail\" src=\"https:\/\/tvc.mx\/media\/101369\/TVC-ZK-TDM95-.jpg\" alt=\" \" \/><\/div>\n<div class=\"col-md-7 order-md-1 text-md-left text-center\">\n<h2>Principales Caracter\u00edsticas<\/h2>\n<p class=\"text-muted\">\n<p>\u2022Comunicaci\u00f3n USB \/ RS232 \/ RS485<\/p>\n<p>\u2022Distancia de medici\u00f3n: 1 \u2013 5cm<\/p>\n<p>\u2022Rango de medici\u00f3n: 32.0 \u00b0 C \u2013 42.9 \u00b0 C \/ 89.6 \u00b0 F \u2013 109.22 \u00b0 F<\/p>\n<p>\u2022Grado de precisi\u00f3n: \u00b1 0.3 \u00b0 C<\/p>\n<p>&nbsp;<\/p>\n<\/div>\n<\/div>\n<hr class=\"padding-bottom-2x\" \/>\n<div class=\"row align-items-center padding-bottom-2x\">\n<div class=\"col-md-5\"><img decoding=\"async\" class=\"d-block m-auto img-thumbnail\" src=\"https:\/\/tvc.mx\/media\/101373\/TDM95.jpg\" alt=\" \" \/><\/div>\n<div class=\"col-md-7 text-md-left text-center\">\n<h2>Especificaciones T\u00e9cnicas<\/h2>\n<p class=\"text-muted\">\n<ul>\n<li>Modelo TDM95<\/li>\n<li>Comunicaci\u00f3n: RS232 \/ RS485 \/ USB 2.0<\/li>\n<li>USB: Micro USB<\/li>\n<li>Distancia de detecci\u00f3n de temperatura: 1 &#8211; 15cm<\/li>\n<li>Unidad de temperatura: \u00b0C or \u00b0F<\/li>\n<li>Rango de medici\u00f3n de temperatura: 32.0\u00b0C &#8211; 42.9\u00b0C \/ 89.6\u00b0F &#8211; 109.22\u00b0F<\/li>\n<li>Desviaci\u00f3n de medici\u00f3n de temperatura: \u00b10.3\u00b0C \/ \u00b10.54\u00b0F<\/li>\n<li>Tubo de pantalla digital: 4<\/li>\n<li>Tensi\u00f3n de funcionamiento: 5V<\/li>\n<li>Temperatura de funcionamiento: 15\u00b0C &#8211; 38\u00b0C \/ 59\u00b0F &#8211; 100.4\u00b0F<\/li>\n<li>Humedad de funcionamiento: 10% &#8211; 85%<\/li>\n<li>Dimensiones (mm): 114.98 * 89.97 * 32.2<\/li>\n<li>Peso del dispositivo: 333g<\/li>\n<li>Peso del dispositivo con embalaje: 473g<\/li>\n<\/ul>\n<p>Nota: El tipo de instalaci\u00f3n varia dependiendo del modelo de equipo biometrico.<\/p>\n<\/div>\n<\/div>\n","protected":false},"excerpt":{"rendered":"<p>Informaci\u00f3n General TDM95\u00a0es un m\u00f3dulo USB, utilizado para la detecci\u00f3n de temperatura. Puede aplicarse a productos ZKTeco, de Tiempo y Asistencia y dispositivos de Control de Acceso. TDM95 admite grados Celsius y Fahrenheit. Para uso en interiores La medici\u00f3n de temperatura de una persona se&hellip;<\/p>\n","protected":false},"featured_media":9185,"comment_status":"open","ping_status":"closed","template":"","meta":{"om_disable_all_campaigns":false,"_monsterinsights_skip_tracking":false,"_monsterinsights_sitenote_active":false,"_monsterinsights_sitenote_note":"","_monsterinsights_sitenote_category":0},"product_brand":[],"product_cat":[836],"product_tag":[81,727,730,66,731,728,729],"class_list":{"0":"post-9186","1":"product","2":"type-product","3":"status-publish","4":"has-post-thumbnail","6":"product_cat-accesorios-asistencia","7":"product_tag-acceso-y-asistencia","8":"product_tag-cerraduras","9":"product_tag-commax-wulian","10":"product_tag-dahua","11":"product_tag-wejoin","12":"product_tag-yli","13":"product_tag-zkteco","15":"first","16":"instock","17":"sale","18":"taxable","19":"shipping-taxable","20":"purchasable","21":"product-type-simple"},"aioseo_notices":[],"_links":{"self":[{"href":"https:\/\/tecsecmty.com\/index.php\/wp-json\/wp\/v2\/product\/9186","targetHints":{"allow":["GET"]}}],"collection":[{"href":"https:\/\/tecsecmty.com\/index.php\/wp-json\/wp\/v2\/product"}],"about":[{"href":"https:\/\/tecsecmty.com\/index.php\/wp-json\/wp\/v2\/types\/product"}],"replies":[{"embeddable":true,"href":"https:\/\/tecsecmty.com\/index.php\/wp-json\/wp\/v2\/comments?post=9186"}],"version-history":[{"count":0,"href":"https:\/\/tecsecmty.com\/index.php\/wp-json\/wp\/v2\/product\/9186\/revisions"}],"wp:featuredmedia":[{"embeddable":true,"href":"https:\/\/tecsecmty.com\/index.php\/wp-json\/wp\/v2\/media\/9185"}],"wp:attachment":[{"href":"https:\/\/tecsecmty.com\/index.php\/wp-json\/wp\/v2\/media?parent=9186"}],"wp:term":[{"taxonomy":"product_brand","embeddable":true,"href":"https:\/\/tecsecmty.com\/index.php\/wp-json\/wp\/v2\/product_brand?post=9186"},{"taxonomy":"product_cat","embeddable":true,"href":"https:\/\/tecsecmty.com\/index.php\/wp-json\/wp\/v2\/product_cat?post=9186"},{"taxonomy":"product_tag","embeddable":true,"href":"https:\/\/tecsecmty.com\/index.php\/wp-json\/wp\/v2\/product_tag?post=9186"}],"curies":[{"name":"wp","href":"https:\/\/api.w.org\/{rel}","templated":true}]}}