{"id":9188,"date":"2023-02-23T22:38:37","date_gmt":"2023-02-24T04:38:37","guid":{"rendered":"https:\/\/tecsecmty.com\/index.php\/producto\/zkteco-ups12v-respaldo-de-12v-para-control-de-asistencia-1900mah-compatible-con-equipos-zkteco-duracion-de-hasta-2-horas-en-uso\/"},"modified":"2023-03-22T23:25:35","modified_gmt":"2023-03-23T05:25:35","slug":"zkteco-ups12v-respaldo-de-12v-para-control-de-asistencia-1900mah-compatible-con-equipos-zkteco-duracion-de-hasta-2-horas-en-uso","status":"publish","type":"product","link":"https:\/\/tecsecmty.com\/index.php\/producto\/zkteco-ups12v-respaldo-de-12v-para-control-de-asistencia-1900mah-compatible-con-equipos-zkteco-duracion-de-hasta-2-horas-en-uso\/","title":{"rendered":"ZKTECO UPS12V &#8211; Respaldo de 12V para Control de Asistencia 1900mAh \/ Compatible con Equipos ZKTECO\/ Duraci\u00f3n de hasta 2 horas en uso"},"content":{"rendered":"<div class=\"row aling-items-center padding-bottom-2x\">\n<div class=\"col-lg-12\">\n<h5 class=\"card-title text-center\">Informaci\u00f3n general.<\/h5>\n<p>Esta unidad de respaldo (UPS) le permite tener su equipo en funcionamiento a\u00fan y cuando no haya energ\u00eda el\u00e9ctrica en sus instalaciones.<\/p>\n<p>Funciona como una pila recargable que nos suministra 12 volts a nuestro equipo mientras la energ\u00eda del tomacorriente deja de suministrar energ\u00eda.<\/p>\n<p><img decoding=\"async\" class=\"overview-center-img-web\" src=\"https:\/\/tvc.mx\/media\/57486\/Banner.png\" alt=\"\" \/><\/div>\n<\/div>\n<div class=\"row align-items-center padding-bottom-2x\">\n<div class=\"col-md-5\"><img decoding=\"async\" class=\"d-block m-auto img-thumbnail\" src=\"https:\/\/tvc.mx\/media\/70146\/ups12vasis.jpg\" alt=\" \" \/><\/div>\n<div class=\"col-md-7 text-md-left text-center\">\n<h2>Caracteristicas.<\/h2>\n<p class=\"text-muted\">\n<p class=\"ql-align-justify\">Este dispositivo nos resulta muy \u00fatil cuando se nos presenta una falla de corriente el\u00e9ctrica, esto ocasionar\u00eda que nuestros empleados no puedan registrar su asistencia.<\/p>\n<p class=\"ql-align-justify\">Pero con esta bater\u00eda esto no suceder\u00e1 de modo que al cortarse la energ\u00eda del edificio, nuestro dispositivo seguir\u00e1 operando gracias a la bater\u00eda de respaldo, la bater\u00eda de respaldo le permite a nuestro reloj checador seguir operando de 3 a 4 horas sin problema alguno.<\/p>\n<p class=\"ql-align-justify\">Las bater\u00edas de respaldo son tambi\u00e9n compatibles con lectores de FigerTech\u00ae, Bionet\u00ae, Anvis\u00ae, entre otros mas.<\/p>\n<p class=\"ql-align-justify\">Hay dos tipos de UPS, los que respaldan las terminales para control de asistencia y los que respaldan terminales para control de acceso y asistencia, a continuaci\u00f3n se muestran las caracter\u00edsticas t\u00e9cnicas de los dos tipos de UPS.<\/p>\n<p>&nbsp;<\/p>\n<\/div>\n<\/div>\n<hr class=\"padding-bottom-2x\" \/>\n<div class=\"row align-items-center padding-bottom-2x\">\n<div class=\"col-md-5 order-md-2\"><img decoding=\"async\" class=\"d-block m-auto img-thumbnail\" src=\"https:\/\/tvc.mx\/media\/57498\/Ovl2.png\" alt=\" \" \/><\/div>\n<div class=\"col-md-7 order-md-1 text-md-left text-center\">\n<h2>Especificaciones.<\/h2>\n<p class=\"text-muted\">\n<ul>\n<li class=\"ql-align-justify\"><strong>Bater\u00eda 12V\u00a0<\/strong><\/li>\n<li class=\"ql-align-justify\"><strong>S\u00f3lo respaldo sin apertura de puertas<\/strong><\/li>\n<li class=\"ql-align-justify\"><strong>Entrada:<\/strong>\u00a012V-1.5A<\/li>\n<li class=\"ql-align-justify\"><strong>Salida:<\/strong>\u00a07V \u02dc 12V &#8211; 1A<\/li>\n<li class=\"ql-align-justify\"><strong>Tiempo de Carga:<\/strong>\u00a0+- 4 Hrs<\/li>\n<li class=\"ql-align-justify\"><strong>Tiempo de descarga:<\/strong>\u00a0+- 6 Hrs<\/li>\n<li class=\"ql-align-justify\"><strong>LED indicativo<\/strong><\/li>\n<li class=\"ql-align-justify\"><strong>Tama\u00f1o:<\/strong>\u00a0Largo 10.5, Alto 5.5 y Ancho 2.5 cm<\/li>\n<\/ul>\n<\/div>\n<\/div>\n","protected":false},"excerpt":{"rendered":"<p>Informaci\u00f3n general. Esta unidad de respaldo (UPS) le permite tener su equipo en funcionamiento a\u00fan y cuando no haya energ\u00eda el\u00e9ctrica en sus instalaciones. Funciona como una pila recargable que nos suministra 12 volts a nuestro equipo mientras la energ\u00eda del tomacorriente deja de suministrar&hellip;<\/p>\n","protected":false},"featured_media":9187,"comment_status":"open","ping_status":"closed","template":"","meta":{"om_disable_all_campaigns":false,"_monsterinsights_skip_tracking":false,"_monsterinsights_sitenote_active":false,"_monsterinsights_sitenote_note":"","_monsterinsights_sitenote_category":0},"product_brand":[],"product_cat":[836],"product_tag":[81,727,730,66,731,728,729],"class_list":{"0":"post-9188","1":"product","2":"type-product","3":"status-publish","4":"has-post-thumbnail","6":"product_cat-accesorios-asistencia","7":"product_tag-acceso-y-asistencia","8":"product_tag-cerraduras","9":"product_tag-commax-wulian","10":"product_tag-dahua","11":"product_tag-wejoin","12":"product_tag-yli","13":"product_tag-zkteco","15":"first","16":"instock","17":"sale","18":"taxable","19":"shipping-taxable","20":"purchasable","21":"product-type-simple"},"aioseo_notices":[],"_links":{"self":[{"href":"https:\/\/tecsecmty.com\/index.php\/wp-json\/wp\/v2\/product\/9188","targetHints":{"allow":["GET"]}}],"collection":[{"href":"https:\/\/tecsecmty.com\/index.php\/wp-json\/wp\/v2\/product"}],"about":[{"href":"https:\/\/tecsecmty.com\/index.php\/wp-json\/wp\/v2\/types\/product"}],"replies":[{"embeddable":true,"href":"https:\/\/tecsecmty.com\/index.php\/wp-json\/wp\/v2\/comments?post=9188"}],"version-history":[{"count":0,"href":"https:\/\/tecsecmty.com\/index.php\/wp-json\/wp\/v2\/product\/9188\/revisions"}],"wp:featuredmedia":[{"embeddable":true,"href":"https:\/\/tecsecmty.com\/index.php\/wp-json\/wp\/v2\/media\/9187"}],"wp:attachment":[{"href":"https:\/\/tecsecmty.com\/index.php\/wp-json\/wp\/v2\/media?parent=9188"}],"wp:term":[{"taxonomy":"product_brand","embeddable":true,"href":"https:\/\/tecsecmty.com\/index.php\/wp-json\/wp\/v2\/product_brand?post=9188"},{"taxonomy":"product_cat","embeddable":true,"href":"https:\/\/tecsecmty.com\/index.php\/wp-json\/wp\/v2\/product_cat?post=9188"},{"taxonomy":"product_tag","embeddable":true,"href":"https:\/\/tecsecmty.com\/index.php\/wp-json\/wp\/v2\/product_tag?post=9188"}],"curies":[{"name":"wp","href":"https:\/\/api.w.org\/{rel}","templated":true}]}}