{"id":919,"date":"2023-02-16T00:07:38","date_gmt":"2023-02-16T00:07:38","guid":{"rendered":"https:\/\/tecsecmty.com\/index.php\/producto\/dvr-8-megapixel-16-canales-4k-turbohd-16-canales-ip-2-bahias-de-disco-duro-4-canales-de-audio-audio-por-coaxitron-16-entradas-de-alarma\/"},"modified":"2023-03-22T23:20:47","modified_gmt":"2023-03-23T05:20:47","slug":"dvr-8-megapixel-16-canales-4k-turbohd-16-canales-ip-2-bahias-de-disco-duro-4-canales-de-audio-audio-por-coaxitron-16-entradas-de-alarma","status":"publish","type":"product","link":"https:\/\/tecsecmty.com\/index.php\/producto\/dvr-8-megapixel-16-canales-4k-turbohd-16-canales-ip-2-bahias-de-disco-duro-4-canales-de-audio-audio-por-coaxitron-16-entradas-de-alarma\/","title":{"rendered":"DVR 8 Megapixel \/ 16 Canales 4K TURBOHD + 16 Canales IP \/ 2 Bahias de Disco Duro \/ 4 Canales de Audio \/ Audio por coaxitron \/ 16 Entradas de Alarma"},"content":{"rendered":"<div class=\"container\">\n<div class=\"row\">\n<div class=\"col-md-12\">\n<div class=\"row\">\n<div class=\"row\">\n<div class=\"col-md-12\">\n<h4 class=\"text-primary center info-text\" style=\"text-align: center\">Informaci\u00f3n de Producto<\/h4>\n<\/div>\n<\/div>\n<div class=\"row\" style=\"text-align: center\">\n<div class=\"col-md-12\">\n<h3>DVR 8 Megapixel \/ 16 Canales 4K TURBOHD + 16 Canales IP \/ 2 Bah\u00edas de Disco Duro \/ 4 Canales de Audio \/ Audio por coaxitron \/ 16 Entradas de Alarma<\/h3>\n<\/div>\n<\/div>\n<div id=\"producto_container\" class=\"row\" style=\"text-align: center\">\n<div class=\"col-md-4\"><img decoding=\"async\" class=\"img-responsive center-block\" src=\"https:\/\/ftp3.syscom.mx\/usuarios\/fotos\/BancoFotografiasSyscom\/HIKVISION\/DS7216HUHIK2(S)\/DS7216HUHIK2(S)-p.PNG\" alt=\"DS-7216HUHI-K2(S)\" \/><\/p>\n<div class=\"row\">\n<div id=\"galerias\" class=\"col-sm-12\"><\/div>\n<\/div>\n<\/div>\n<div class=\"col-md-4\">\n<div><img decoding=\"async\" class=\"img-responsive img-thumbnail\" src=\"https:\/\/ftp3.syscom.mx\/usuarios\/fotos\/logotipos\/hikvision.png\" \/><\/div>\n<div><img decoding=\"async\" class=\"icono_info_product\" src=\"https:\/\/ftp3.syscom.mx\/usuarios\/fotos\/audiovideomismocable.png?v=1588118778?v=1591315339\" \/><img decoding=\"async\" class=\"icono_info_product\" src=\"https:\/\/ftp3.syscom.mx\/usuarios\/ftp\/syscom_mx\/p2p_hikconnect.png\" \/><img decoding=\"async\" class=\"icono_info_product\" src=\"https:\/\/ftp3.syscom.mx\/usuarios\/ftp\/syscom_mx\/compression%20(1).png\" \/><\/div>\n<div>\n<p>Modelo:\u00a0<span class=\"modelo-marca\">DS-7216HUHI-K2(S)<\/span><\/p>\n<p>Marca:\u00a0<span class=\"modelo-marca\">HIKVISION<\/span><\/p>\n<\/div>\n<div><\/div>\n<\/div>\n<div class=\"col-md-4\">\n<div class=\"row\">\n<div class=\"col-md-12 default_padding_bottom\"><\/div>\n<\/div>\n<\/div>\n<\/div>\n<\/div>\n<div class=\"row \" style=\"text-align: center\">\n<div class=\"col-md-12\">\n<div class=\"row\">\n<h3 class=\"text-primary\">Especificaciones:<\/h3>\n<\/div>\n<div class=\"row well\">\n<p><img decoding=\"async\" class=\"fr-fic fr-dii\" src=\"https:\/\/ftp3.syscom.mx\/usuarios\/jsosa\/HIKVISION\/imagenes\/logo\/hikvision%20see%20far.png\" \/><\/p>\n<p>&nbsp;<\/p>\n<p>&nbsp;<\/p>\n<p><strong>Audio, Video y Datos por el Mismo Cable<\/strong><\/p>\n<p><img decoding=\"async\" class=\"fr-fic fr-dii\" src=\"https:\/\/ftp3.syscom.mx\/usuarios\/jsosa\/HIKVISION\/imagenes\/coaxitron\/coaxitron.jpg\" \/><\/p>\n<p>&nbsp;<\/p>\n<div class=\"row\">\n<div class=\"col-sm-6 col-md-4\">\n<div class=\"embed-responsive embed-responsive-16by9\">\n<p><img decoding=\"async\" class=\"fr-fic fr-dii\" src=\"https:\/\/ftp3.syscom.mx\/usuarios\/paginaweb\/Gifs\/primero.jpg\" \/><\/p>\n<\/div>\n<\/div>\n<div class=\"col-sm-6 col-md-4\">\n<div class=\"embed-responsive embed-responsive-16by9\">\n<p><img decoding=\"async\" class=\"fr-fic fr-dii\" src=\"https:\/\/ftp3.syscom.mx\/usuarios\/paginaweb\/Gifs\/tercero.jpg\" \/><\/p>\n<\/div>\n<\/div>\n<div class=\"col-sm-6 col-md-4\">\n<div class=\"embed-responsive embed-responsive-16by9\">\n<p><img decoding=\"async\" class=\"fr-fic fr-dii\" src=\"https:\/\/ftp3.syscom.mx\/usuarios\/jsosa\/GIF\/-H265%2B.gif\" \/><\/p>\n<\/div>\n<\/div>\n<\/div>\n<p>&nbsp;<\/p>\n<div class=\"row\">\n<div class=\"col-sm-6 col-md-4\">\n<div class=\"embed-responsive embed-responsive-16by9\">\n<p><img decoding=\"async\" class=\"fr-fic fr-dii\" src=\"https:\/\/ftp3.syscom.mx\/usuarios\/paginaweb\/Gifs\/Zi7LTq5.gif\" \/><\/p>\n<\/div>\n<\/div>\n<div class=\"col-sm-6 col-md-4\">\n<div class=\"embed-responsive embed-responsive-16by9\">\n<p><img decoding=\"async\" class=\"fr-fic fr-dii\" src=\"https:\/\/ftp3.syscom.mx\/usuarios\/paginaweb\/Gifs\/tq5yYz4.gif\" \/><\/p>\n<\/div>\n<\/div>\n<div class=\"col-sm-6 col-md-4\">\n<div class=\"embed-responsive embed-responsive-16by9\">\n<p>&nbsp;<\/p>\n<\/div>\n<\/div>\n<\/div>\n<p>&nbsp;<\/p>\n<div class=\"row\">\n<div class=\"col-sm-4\">\n<div><strong>Caracter\u00edsticas principales:<\/strong><\/p>\n<ul>\n<li>Permite apagar canales anal\u00f3gicos TURBOHD y poder colocar c\u00e1maras IP en todos sus canales, podemos colocar hasta 32 c\u00e1maras IP en total. Por cada canal anal\u00f3gico TURBOHD que se apague se genera una canal IP adicional.<\/li>\n<li>Grabador PENTAH\u00cdBRIDO: HD-TVI \/ HD-CVI \/ Analogico \/ IP \/ AHD.<\/li>\n<li>Software cliente multi sitio de hasta 64 canales (iVMS-4200).<\/li>\n<li>Compatible con Hik-Connect P2P\u00a0\/ DynDNS \/ No-IP.<\/li>\n<li>Funciones Avanzadas: Detecci\u00f3n por cruce de linea &amp; detecci\u00f3n de intrusi\u00f3n.<\/li>\n<\/ul>\n<p><strong>Compresi\u00f3n y resoluci\u00f3n:<\/strong><\/p>\n<ul>\n<li>Compresi\u00f3n: H.265+ \/ H.265 \/ H.264+ \/ H.264.<\/li>\n<li>Soporta 16 canales TURBOHD \/ analogicos + 16 canal IP = 32 canales en total.<\/li>\n<li>HD-TVI: 8 MP @ 8fps \/ 5 MP @ 12fps \/ 4 MP @ 15fps \/ 3 MP @ 18fps \/ 1080p \/ 720p.<\/li>\n<li>CVI: 5 Megapixel \/ 4 Megapixel \/ 1080p \/ 720p.<\/li>\n<li>ANAL\u00d3GICO (CVBS): 1200 TVL.<\/li>\n<li>AHD: 5 Megapixel \/ 4 Megapixel \/ 1080p \/ 720p.<\/li>\n<li>IP: 8 Megapixel.<\/li>\n<\/ul>\n<p>El audio se recibe por la se\u00f1al TVI<\/p>\n<p>&nbsp;<\/p>\n<p>Para conectar los canales IP requiere utilizar un switch\/switch poe (no incluido)<\/p>\n<\/div>\n<\/div>\n<div class=\"col-sm-4\">\n<div><strong>Caracter\u00edsticas F\u00edsicas y El\u00e9ctricas:<\/strong><\/p>\n<ul>\n<li>Alimentaci\u00f3n: 12 Vcc (fuente incluida 4 pines)<\/li>\n<li>Consumo sin HDD: 25 watts.<\/li>\n<li>Temperatura de operacion: -10 \u00baC hasta 55 \u00baC<\/li>\n<li>Dimensiones: 380 \u00d7 320 \u00d7 48 mm (W \u00d7 D \u00d7 H)<\/li>\n<li>Peso: 2 Kg sin HDD.<\/li>\n<li>No incluye disco duro<\/li>\n<li>Garant\u00eda: 2 A\u00f1os.<\/li>\n<li>Compatible con gabinete met\u00e1lico GAB-VID2-R2.<\/li>\n<\/ul>\n<p><img decoding=\"async\" class=\"fr-fic fr-dii\" src=\"https:\/\/ftp3.syscom.mx\/usuarios\/fotos\/DS7208HQHIK1\/97560-pentahi.jpg\" \/><\/p>\n<\/div>\n<\/div>\n<div class=\"col-sm-4\">\n<div><strong>Funciones de Grabaci\u00f3n y visualizaci\u00f3n:<\/strong><\/p>\n<ul>\n<li>Detecci\u00f3n de movimiento multi zona.<\/li>\n<li>Zoom digital en visualizaci\u00f3n y grabaci\u00f3n.<\/li>\n<li>Soporta m\u00faltiples tipos de grabaci\u00f3n, incluyendo tiempo real, grabaci\u00f3n manual.<\/li>\n<li>B\u00fasqueda inteligente de grabaciones por detecci\u00f3n de movimiento.<\/li>\n<li>Se proporciona SDK y c\u00f3digos de demostraci\u00f3n para disminuir el tiempo de desarrollo de aplicaciones.<\/li>\n<li>Grabaci\u00f3n con Sobre-escritura autom\u00e1tica.<\/li>\n<\/ul>\n<p><strong>Interfaces Entradas \/ Salidas:<\/strong><\/p>\n<ul>\n<li>Salida de v\u00eddeo:\n<ul>\n<li>HDMI: 4K (3840\u00d72160), 2K (2560\u00d71440), 1920\u00d71080, 1280\u00d71024, 1280\u00d7720, 1024\u00d7768<\/li>\n<li>VGA: 1920\u00d71080, 1280\u00d71024, 1280\u00d7720, 1024\u00d7768.<\/li>\n<\/ul>\n<\/li>\n<li>Salida de v\u00eddeo en BNC: 1 Canal (BNC, 1.0Vp-p, 75\u03a9), resoluci\u00f3n m\u00e1xima: 704 x 480.<\/li>\n<li>HDMI y VGA: salida simultanea.<\/li>\n<li>16 Entradas de alarma \/ 4 Salida de alarma.<\/li>\n<li><strong>Soporta audio en todos sus canales por coaxitron utilizando camaras con audio integrado (<a title=\"C\u00e1maras Audio por Coaxitron\" href=\"https:\/\/www.syscom.mx\/principal\/promociones\/camaras_con_audio_por_coaxitron_2_mp_y_5_mp-5478.html?ordenar=Relevancia&amp;pag=1\" target=\"_blank\" rel=\"noopener\">ver modelos compatibles<\/a>).\u00a0<\/strong><\/li>\n<li>Entrada audio: 4 (RCA, 2.0 Vp-p, 1K\u03a9).<\/li>\n<li>Salida audio: 1 (RCA, 2.0 Vp-p, 1K\u03a9).<\/li>\n<li>Interfaz serial: RS-485 (HIKVISION C, COAXITRON, PELCO D, PELCO P, etc).<\/li>\n<li>Interfaz USB: 1 puerto USB 2.0, 1 puerto USB 3.0<\/li>\n<li>Interfaz red: 1 puertos (RJ-45 10\/100\/1000 Mbps).<\/li>\n<li>Capacidad HDD: 2 @ 10 TB.<\/li>\n<\/ul>\n<p><strong>Para utilizar audio de 2 v\u00edas se recomienda colocar un micr\u00f3fono en la entrada de audio, no se recomienda para audio de 2 v\u00edas una c\u00e1mara con audio por coaxitron.<\/strong><\/p>\n<\/div>\n<\/div>\n<\/div>\n<p>&nbsp;<\/p>\n<h1><strong>Recursos<\/strong><\/h1>\n<p>&nbsp;<\/p>\n<div class=\"row default_margin_bottom\">\n<div class=\"col-sm-4\"><a href=\"https:\/\/www.hikvision.com\/es-la\/support\/download\/software\/ivms4200-series\/?q=serie%20ivms4200&amp;position=1\" target=\"_blank\" rel=\"noopener\"><img decoding=\"async\" class=\"img-responsive\" src=\"https:\/\/ftp3.syscom.mx\/usuarios\/gmagos\/HIK\/IP\/IPC\/Imagenes%20pagina\/Descargas%20IVMS4200.jpg\" \/><\/a><\/div>\n<div class=\"col-sm-4\"><a href=\"https:\/\/appstore.hikvision.com\/\" target=\"_blank\" rel=\"noopener\"><img decoding=\"async\" class=\"img-responsive\" src=\"https:\/\/ftp3.syscom.mx\/usuarios\/gmagos\/HIK\/IP\/IPC\/Imagenes%20pagina\/Descargas%20de%20app.jpg\" \/><\/a><\/div>\n<div class=\"col-sm-4\"><a href=\"https:\/\/ftp3.syscom.mx\/usuarios\/ftp\/2019\/09\/18\/c824f\/UD15086B%20Datasheet%20of%20DS-7200HUHI-K2(S)%20V4.21.000%2020190613.pdf\" target=\"_blank\" rel=\"noopener\"><img decoding=\"async\" class=\"img-responsive\" src=\"https:\/\/ftp3.syscom.mx\/usuarios\/gmagos\/HIK\/IP\/IPC\/Imagenes%20pagina\/Descarga%20de%20PDF.jpg\" \/><\/a><\/div>\n<\/div>\n<p>&nbsp;<\/p>\n<p>&nbsp;<\/p>\n<p><strong>\u00bfQu\u00e9 es H.265+?<\/strong><\/p>\n<p>H.265+ es el m\u00e9todo de compresi\u00f3n de\u00a0<strong>DVRs, C\u00e1maras IP y NVRs Hikvision<\/strong>\u00a0\/ EPCOM, permite\u00a0<strong>ahorrar hasta 80% de almacenamiento y ancho de banda<\/strong>, ver el siguiente comparativo.<\/p>\n<p>(<a href=\"http:\/\/syscom.us1.list-manage1.com\/track\/click?u=2b3e9128678b450bb748bf973&amp;id=963d566a70&amp;e=bc82a6439b\" target=\"_blank\" rel=\"noopener\" data-saferedirecturl=\"https:\/\/www.google.com\/url?q=http:\/\/syscom.us1.list-manage1.com\/track\/click?u%3D2b3e9128678b450bb748bf973%26id%3D963d566a70%26e%3Dbc82a6439b&amp;source=gmail&amp;ust=1503782107859000&amp;usg=AFQjCNEk32Bbf2upG0QoGfQgLYArD7w4sg\">Ver presentaci\u00f3n de H.265+<\/a>)<\/p>\n<p>&nbsp;<\/p>\n<p><img decoding=\"async\" class=\"fr-fic fr-dii\" src=\"https:\/\/ftp3.syscom.mx\/usuarios\/jsosa\/josesosa\/Imagenes\/menosconsumoh.jpg\" \/><\/p>\n<p>&nbsp;<\/p>\n<p><img decoding=\"async\" class=\"fr-fic fr-dii\" src=\"https:\/\/ftp3.syscom.mx\/usuarios\/jsosa\/HIKVISION\/imagenes\/banners\/solution%20complete.png\" \/><\/p>\n<p>&nbsp;<\/p>\n<\/div>\n<\/div>\n<\/div>\n<\/div>\n<\/div>\n<\/div>\n<p><img decoding=\"async\" class=\"aligncenter\" src=\"https:\/\/tracker.metricool.com\/c3po.jpg?hash=95c94f37730bb8f54dd4308f1f878f9\" \/><\/p>\n","protected":false},"excerpt":{"rendered":"<p>Informaci\u00f3n de Producto DVR 8 Megapixel \/ 16 Canales 4K TURBOHD + 16 Canales IP \/ 2 Bah\u00edas de Disco Duro \/ 4 Canales de Audio \/ Audio por coaxitron \/ 16 Entradas de Alarma Modelo:\u00a0DS-7216HUHI-K2(S) Marca:\u00a0HIKVISION Especificaciones: &nbsp; &nbsp; Audio, Video y Datos por&hellip;<\/p>\n","protected":false},"featured_media":1816,"comment_status":"open","ping_status":"closed","template":"","meta":{"om_disable_all_campaigns":false,"_monsterinsights_skip_tracking":false,"_monsterinsights_sitenote_active":false,"_monsterinsights_sitenote_note":"","_monsterinsights_sitenote_category":0},"product_brand":[],"product_cat":[56],"product_tag":[58,59,57],"class_list":{"0":"post-919","1":"product","2":"type-product","3":"status-publish","4":"has-post-thumbnail","6":"product_cat-videograbadoras-analogicas-turbohd-tvi-ahd-cvi","7":"product_tag-dvr","8":"product_tag-videograbadora","9":"product_tag-videograbadoras-analogicas-turbohd-tvi-ahd-cvi","11":"first","12":"instock","13":"taxable","14":"shipping-taxable","15":"product-type-simple"},"aioseo_notices":[],"_links":{"self":[{"href":"https:\/\/tecsecmty.com\/index.php\/wp-json\/wp\/v2\/product\/919","targetHints":{"allow":["GET"]}}],"collection":[{"href":"https:\/\/tecsecmty.com\/index.php\/wp-json\/wp\/v2\/product"}],"about":[{"href":"https:\/\/tecsecmty.com\/index.php\/wp-json\/wp\/v2\/types\/product"}],"replies":[{"embeddable":true,"href":"https:\/\/tecsecmty.com\/index.php\/wp-json\/wp\/v2\/comments?post=919"}],"version-history":[{"count":2,"href":"https:\/\/tecsecmty.com\/index.php\/wp-json\/wp\/v2\/product\/919\/revisions"}],"predecessor-version":[{"id":1817,"href":"https:\/\/tecsecmty.com\/index.php\/wp-json\/wp\/v2\/product\/919\/revisions\/1817"}],"wp:featuredmedia":[{"embeddable":true,"href":"https:\/\/tecsecmty.com\/index.php\/wp-json\/wp\/v2\/media\/1816"}],"wp:attachment":[{"href":"https:\/\/tecsecmty.com\/index.php\/wp-json\/wp\/v2\/media?parent=919"}],"wp:term":[{"taxonomy":"product_brand","embeddable":true,"href":"https:\/\/tecsecmty.com\/index.php\/wp-json\/wp\/v2\/product_brand?post=919"},{"taxonomy":"product_cat","embeddable":true,"href":"https:\/\/tecsecmty.com\/index.php\/wp-json\/wp\/v2\/product_cat?post=919"},{"taxonomy":"product_tag","embeddable":true,"href":"https:\/\/tecsecmty.com\/index.php\/wp-json\/wp\/v2\/product_tag?post=919"}],"curies":[{"name":"wp","href":"https:\/\/api.w.org\/{rel}","templated":true}]}}