{"id":9190,"date":"2023-02-23T22:38:40","date_gmt":"2023-02-24T04:38:40","guid":{"rendered":"https:\/\/tecsecmty.com\/index.php\/producto\/zkteco-zkp8001-impresora-termica-para-terminal-punto-de-venta-o-control-de-asistencia-usb-80-mm-rs232-24v\/"},"modified":"2023-03-22T23:25:40","modified_gmt":"2023-03-23T05:25:40","slug":"zkteco-zkp8001-impresora-termica-para-terminal-punto-de-venta-o-control-de-asistencia-usb-80-mm-rs232-24v","status":"publish","type":"product","link":"https:\/\/tecsecmty.com\/index.php\/producto\/zkteco-zkp8001-impresora-termica-para-terminal-punto-de-venta-o-control-de-asistencia-usb-80-mm-rs232-24v\/","title":{"rendered":"ZKTECO ZKP8001 &#8211; Impresora t\u00e9rmica para terminal punto de venta o control de asistencia \/ USB \/ 80 mm \/ RS232 \/ 24V"},"content":{"rendered":"<div class=\"row aling-items-center padding-bottom-2x\">\n<div class=\"col-lg-12\">\n<h5 class=\"card-title text-center\">Informaci\u00f3n General<\/h5>\n<h5 class=\"ql-align-justify\">La impresora t\u00e9rmica\u00a0<strong>ZKP8001<\/strong>\u00a0es un dispositivo para impresi\u00f3n de recibos de alto rendimiento con cortador autom\u00e1tico. Tiene buena calidad de impresi\u00f3n, alta velocidad de impresi\u00f3n y alta estabilidad, que es ampliamente utilizada en sistemas POS, industria de servicios de alimentos, impresi\u00f3n de tickets para controles de tiempo y asistencia y muchos otros campos.<\/h5>\n<p><img decoding=\"async\" class=\"overview-center-img-web\" src=\"https:\/\/tvc.mx\/media\/630590\/Impresora-T%C3%A9rmica-Terminal-Punto-Venta-Control-Asistencia-80mm-RS232-ZKP8001-ZK-TVC-Banner.png\" alt=\"\" \/><\/div>\n<\/div>\n<div class=\"row align-items-center padding-bottom-2x\">\n<div class=\"col-md-5\"><img decoding=\"async\" class=\"d-block m-auto img-thumbnail\" src=\"https:\/\/tvc.mx\/media\/342367\/Impresora-T%C3%A9rmica-Terminal-Punto-Venta-Control-Asistencia-80mm-RS232-ZKP8001-ZK-TVC-Complemento.png\" alt=\" \" \/><\/div>\n<div class=\"col-md-7 text-md-left text-center\">\n<h2>Caracter\u00edsticas<\/h2>\n<p class=\"text-muted\">\n<ul>\n<li>Alta calidad de impresi\u00f3n a bajo costo<\/li>\n<li>Impresi\u00f3n de alta velocidad y bajo ruido<\/li>\n<li>Conexi\u00f3n a caj\u00f3n de efectivo<\/li>\n<li>F\u00e1cil instalaci\u00f3n de papel y r\u00e1pido mantenimiento<\/li>\n<li>Bajo consumo de energ\u00eda y bajos costos de operaci\u00f3n (no necesita cartuchos de tinta)<\/li>\n<li>Capaz de imprimir caracteres ampliados, resaltados o con espaciado ajustado<\/li>\n<li>Compatible con diferentes densidades de mapa de bits para impresi\u00f3n<\/li>\n<\/ul>\n<p>&nbsp;<\/p>\n<\/div>\n<\/div>\n<hr class=\"padding-bottom-2x\" \/>\n<div class=\"row align-items-center padding-bottom-2x\">\n<div class=\"col-md-5 order-md-2\"><img decoding=\"async\" class=\"d-block m-auto img-thumbnail\" src=\"https:\/\/tvc.mx\/media\/342375\/Impresora-T%C3%A9rmica-Terminal-Punto-Venta-Control-Asistencia-80mm-RS232-ZKP8001-ZK-TVC-Complemento2.png\" alt=\" \" \/><\/div>\n<div class=\"col-md-7 order-md-1 text-md-left text-center\">\n<h2>Especificaciones T\u00e9cnicas<\/h2>\n<p class=\"text-muted\">\n<ul>\n<li>Comunicaci\u00f3n: RS232, USB, Puerto de Red.<\/li>\n<li>Tipo de Papel:\u00a0Rollo de papel t\u00e9rmico<\/li>\n<li>Ancho de Papel:\u00a080mm<\/li>\n<li>Grosor del Papel:\u00a00.06 ~ 0.08 mm<\/li>\n<li>Dimensiones:\u00a0190 * 145 * 145 mm<\/li>\n<li>Fuente de poder:\u00a024V \/ 2.5A<\/li>\n<li>Peso:\u00a02Kg<\/li>\n<li>Vida de Impresi\u00f3n:\u00a0100KM<\/li>\n<\/ul>\n<\/div>\n<\/div>\n","protected":false},"excerpt":{"rendered":"<p>Informaci\u00f3n General La impresora t\u00e9rmica\u00a0ZKP8001\u00a0es un dispositivo para impresi\u00f3n de recibos de alto rendimiento con cortador autom\u00e1tico. Tiene buena calidad de impresi\u00f3n, alta velocidad de impresi\u00f3n y alta estabilidad, que es ampliamente utilizada en sistemas POS, industria de servicios de alimentos, impresi\u00f3n de tickets para&hellip;<\/p>\n","protected":false},"featured_media":9189,"comment_status":"open","ping_status":"closed","template":"","meta":{"om_disable_all_campaigns":false,"_monsterinsights_skip_tracking":false,"_monsterinsights_sitenote_active":false,"_monsterinsights_sitenote_note":"","_monsterinsights_sitenote_category":0},"product_brand":[],"product_cat":[836],"product_tag":[81,727,730,66,731,728,729],"class_list":{"0":"post-9190","1":"product","2":"type-product","3":"status-publish","4":"has-post-thumbnail","6":"product_cat-accesorios-asistencia","7":"product_tag-acceso-y-asistencia","8":"product_tag-cerraduras","9":"product_tag-commax-wulian","10":"product_tag-dahua","11":"product_tag-wejoin","12":"product_tag-yli","13":"product_tag-zkteco","15":"first","16":"instock","17":"sale","18":"taxable","19":"shipping-taxable","20":"purchasable","21":"product-type-simple"},"aioseo_notices":[],"_links":{"self":[{"href":"https:\/\/tecsecmty.com\/index.php\/wp-json\/wp\/v2\/product\/9190","targetHints":{"allow":["GET"]}}],"collection":[{"href":"https:\/\/tecsecmty.com\/index.php\/wp-json\/wp\/v2\/product"}],"about":[{"href":"https:\/\/tecsecmty.com\/index.php\/wp-json\/wp\/v2\/types\/product"}],"replies":[{"embeddable":true,"href":"https:\/\/tecsecmty.com\/index.php\/wp-json\/wp\/v2\/comments?post=9190"}],"version-history":[{"count":0,"href":"https:\/\/tecsecmty.com\/index.php\/wp-json\/wp\/v2\/product\/9190\/revisions"}],"wp:featuredmedia":[{"embeddable":true,"href":"https:\/\/tecsecmty.com\/index.php\/wp-json\/wp\/v2\/media\/9189"}],"wp:attachment":[{"href":"https:\/\/tecsecmty.com\/index.php\/wp-json\/wp\/v2\/media?parent=9190"}],"wp:term":[{"taxonomy":"product_brand","embeddable":true,"href":"https:\/\/tecsecmty.com\/index.php\/wp-json\/wp\/v2\/product_brand?post=9190"},{"taxonomy":"product_cat","embeddable":true,"href":"https:\/\/tecsecmty.com\/index.php\/wp-json\/wp\/v2\/product_cat?post=9190"},{"taxonomy":"product_tag","embeddable":true,"href":"https:\/\/tecsecmty.com\/index.php\/wp-json\/wp\/v2\/product_tag?post=9190"}],"curies":[{"name":"wp","href":"https:\/\/api.w.org\/{rel}","templated":true}]}}