{"id":9192,"date":"2023-02-23T22:38:41","date_gmt":"2023-02-24T04:38:41","guid":{"rendered":"https:\/\/tecsecmty.com\/index.php\/producto\/zkteco-miniacplus-control-de-acceso-y-asistencia-facial-visible-light-3000-rostros-3000-tarjetas-id-125khz-adms-bio-time-pro-gratis-para-2-relojes-y-200-empleados\/"},"modified":"2023-03-22T23:25:28","modified_gmt":"2023-03-23T05:25:28","slug":"zkteco-miniacplus-control-de-acceso-y-asistencia-facial-visible-light-3000-rostros-3000-tarjetas-id-125khz-adms-bio-time-pro-gratis-para-2-relojes-y-200-empleados","status":"publish","type":"product","link":"https:\/\/tecsecmty.com\/index.php\/producto\/zkteco-miniacplus-control-de-acceso-y-asistencia-facial-visible-light-3000-rostros-3000-tarjetas-id-125khz-adms-bio-time-pro-gratis-para-2-relojes-y-200-empleados\/","title":{"rendered":"ZKTECO MINIACPLUS &#8211; Control de Acceso y Asistencia Facial Visible Light \/ 3000 Rostros \/ 3000 Tarjetas ID 125KHz \/ ADMS \/ Bio Time Pro Gratis para 2 relojes y 200 empleados"},"content":{"rendered":"<div class=\"row aling-items-center padding-bottom-2x\">\n<div class=\"col-lg-12\">\n<h5 class=\"card-title text-center\">Informaci\u00f3n General<\/h5>\n<p class=\"ql-align-justify\">El Control de Acceso y Asistencia\u00a0<strong>MiniAC PLUS<\/strong>\u00a0es una terminal biom\u00e9trica h\u00edbrida basado en Linux, cuenta con reconocimiento facial\u00a0<u>Visible Ligth.<\/u><\/p>\n<p class=\"ql-align-justify\">La distancia de reconocimiento del rostro se ha incrementado considerablemente\u00a0<u>hasta 2 metros<\/u>\u00a0y si bien la mayor\u00eda de los algoritmos solo admite +\/- 15 \u00b0 de tolerancia en el \u00e1ngulo de reconocimiento de rostro, el\u00a0<strong>MiniAC PLUS<\/strong>\u00a0duplica el \u00e1ngulo de detecci\u00f3n en t\u00e9rminos de rotaci\u00f3n e inclinaci\u00f3n a +\/- 30 \u00b0, con esto se mejora significativamente la tasa m\u00e1xima del trafico de los usuarios.<\/p>\n<p><img decoding=\"async\" class=\"overview-center-img-web\" src=\"https:\/\/tvc.mx\/media\/557947\/Control-Acceso-Asistencia-Facial-Rostros-MINIACPLUS-ZKTeco-TVC-Banner2.png\" alt=\"\" \/><\/div>\n<\/div>\n<div class=\"row align-items-center padding-bottom-2x\">\n<div class=\"col-md-5 order-md-2\"><img decoding=\"async\" class=\"d-block m-auto img-thumbnail\" src=\"https:\/\/tvc.mx\/media\/314327\/Control-Acceso-Asistencia-Facial-Rostros-MINIACPLUS-ZK-TVC-Complemento.png\" alt=\" \" \/><\/div>\n<div class=\"col-md-7 order-md-1 text-md-left text-center\">\n<h2>Principales Caracter\u00edsticas<\/h2>\n<p class=\"text-muted\">\n<p><strong>Almacenamiento:<\/strong><\/p>\n<ul>\n<li>3,000 Rostros (Visible Light)<\/li>\n<li>3,000 Tarjetas (RF-ID)<\/li>\n<li>150,000 Eventos<\/li>\n<\/ul>\n<p><strong>Interfaz de Comunicaci\u00f3n:<\/strong>\u00a0TCP\/IP<\/p>\n<p><strong>Funci\u00f3n ADMS<\/strong>\u00a0Ready<\/p>\n<p><strong>Interfaz de Acceso:<\/strong><\/p>\n<ul>\n<li>Relevador para Control de Acceso<\/li>\n<li>Conexi\u00f3n para Bot\u00f3n de Salida<\/li>\n<li>Conexi\u00f3n para Sensor de Puerta<\/li>\n<li>Conexi\u00f3n para Impresora (RS232)<\/li>\n<li>Salida y Entrada Wiegand<\/li>\n<li>Conexi\u00f3n RS485 (para Lector Esclavo)<\/li>\n<li>Entrada Auxiliar<\/li>\n<li>Salida de Alarma<\/li>\n<\/ul>\n<p class=\"ql-align-justify\"><strong>Software Compatible:<\/strong>\u00a0BioCVSecurity,\u00a0BioAccess,\u00a0BioTime PRO\u00a0(<em>Actualizaci\u00f3n Gratuita<\/em>),\u00a0Titanium.<\/p>\n<p>&nbsp;<\/p>\n<\/div>\n<\/div>\n<hr class=\"padding-bottom-2x\" \/>\n<div class=\"row align-items-center padding-bottom-2x\">\n<div class=\"col-md-5\"><img decoding=\"async\" class=\"d-block m-auto img-thumbnail\" src=\"https:\/\/tvc.mx\/media\/314343\/Control-Acceso-Asistencia-Facial-Rostros-MINIACPLUS-ZK-TVC-Complemento2.png\" alt=\" \" \/><\/div>\n<div class=\"col-md-7 text-md-left text-center\">\n<h2>Especificaciones T\u00e9cnicas<\/h2>\n<p class=\"text-muted\">\n<p><strong>Pantalla:<\/strong>\u00a0T\u00e1ctil de 5 Pulgadas<\/p>\n<p><strong>Luz LED:<\/strong>\u00a0Brillo Ajustable<\/p>\n<p><strong>Fuente de Alimentaci\u00f3n:<\/strong>\u00a0DC 12V 3A<\/p>\n<p><strong>Temperatura de Operaci\u00f3n:<\/strong>\u00a0-10 \u00b0C &#8211; 45 \u00b0C<\/p>\n<p><strong>Humedad de Operaci\u00f3n:<\/strong>\u00a010% ~ 90%<\/p>\n<p><strong>Dimensiones:<\/strong>\u00a091.93 * 202.93 * 21.5 mm<\/p>\n<p><strong>Peso Neto:<\/strong>\u00a0260g<\/p>\n<p><strong>Peso Bruto:<\/strong>\u00a0850g<\/p>\n<p class=\"ql-align-justify\"><strong>Algoritmos:<\/strong>\u00a0ZKFace V5.8<\/p>\n<p>&nbsp;<\/p>\n<\/div>\n<\/div>\n<hr class=\"padding-bottom-2x\" \/>\n<div class=\"row align-items-center padding-bottom-2x\">\n<div class=\"col-md-5 order-md-2\"><img decoding=\"async\" class=\"d-block m-auto img-thumbnail\" src=\"https:\/\/tvc.mx\/media\/474578\/Control-Acceso-Asistencia-Facial-Rostros-MINIACPLUS-ZK-TVC-Complemento3.png\" alt=\" \" \/><\/div>\n<div class=\"col-md-7 order-md-1 text-md-left text-center\">\n<h2>Incluye<\/h2>\n<p class=\"text-muted\">\n<ul>\n<li>Soporte de pared<\/li>\n<li>Plantilla de montaje<\/li>\n<li>Torniller\u00eda de montaje<\/li>\n<li>Arn\u00e9s de conexi\u00f3n para fuente de poder<\/li>\n<li>Arn\u00e9s de conexi\u00f3n para Ethernet<\/li>\n<li>Arn\u00e9s de conexi\u00f3n para control de Acceso<\/li>\n<li>Fuente de Poder (12V 3A)<\/li>\n<\/ul>\n<p>&nbsp;<\/p>\n<\/div>\n<\/div>\n<hr class=\"padding-bottom-2x\" \/>\n<div class=\"row align-items-center padding-bottom-2x\">\n<div class=\"col-md-5\"><img decoding=\"async\" class=\"d-block m-auto img-thumbnail\" src=\"https:\/\/tvc.mx\/media\/379995\/Control-Acceso-Asistencia-Facial-Rostros-MINIACPLUS-ZK-TVC-Complemento4.png\" alt=\" \" \/><\/div>\n<div class=\"col-md-7 text-md-left text-center\">\n<h2>Software<\/h2>\n<p class=\"text-muted\">\n<p>Con el\u00a0<strong>BioTime PRO<\/strong>\u00a0podr\u00e1s gestionar gratuitamente la asistencia de tus empleados.<\/p>\n<p>Con\u00a0<u>solo instalarlo<\/u>\u00a0tendr\u00e1s una\u00a0<u>versi\u00f3n libre<\/u>\u00a0que soporta la administraci\u00f3n de:<\/p>\n<ul>\n<li>2 Equipos de Asistencia<\/li>\n<li>200 Empleados<\/li>\n<li>1 Cuenta para APP (Administrador o Empleado)<\/li>\n<\/ul>\n<p><strong>Link de descarga directa:\u00a0<\/strong>BioTime PRO\u00a0<em>(el Mini AC Plus requiere una actualizaci\u00f3n gratis para funcionar con el software)<\/em><\/p>\n<\/div>\n<\/div>\n","protected":false},"excerpt":{"rendered":"<p>Informaci\u00f3n General El Control de Acceso y Asistencia\u00a0MiniAC PLUS\u00a0es una terminal biom\u00e9trica h\u00edbrida basado en Linux, cuenta con reconocimiento facial\u00a0Visible Ligth. La distancia de reconocimiento del rostro se ha incrementado considerablemente\u00a0hasta 2 metros\u00a0y si bien la mayor\u00eda de los algoritmos solo admite +\/- 15 \u00b0&hellip;<\/p>\n","protected":false},"featured_media":9191,"comment_status":"open","ping_status":"closed","template":"","meta":{"om_disable_all_campaigns":false,"_monsterinsights_skip_tracking":false,"_monsterinsights_sitenote_active":false,"_monsterinsights_sitenote_note":"","_monsterinsights_sitenote_category":0},"product_brand":[],"product_cat":[837],"product_tag":[81,727,730,66,731,728,729],"class_list":{"0":"post-9192","1":"product","2":"type-product","3":"status-publish","4":"has-post-thumbnail","6":"product_cat-facial-control-de-asistencia-zkteco-acceso-asistencia","7":"product_tag-acceso-y-asistencia","8":"product_tag-cerraduras","9":"product_tag-commax-wulian","10":"product_tag-dahua","11":"product_tag-wejoin","12":"product_tag-yli","13":"product_tag-zkteco","15":"first","16":"instock","17":"sale","18":"taxable","19":"shipping-taxable","20":"purchasable","21":"product-type-simple"},"aioseo_notices":[],"_links":{"self":[{"href":"https:\/\/tecsecmty.com\/index.php\/wp-json\/wp\/v2\/product\/9192","targetHints":{"allow":["GET"]}}],"collection":[{"href":"https:\/\/tecsecmty.com\/index.php\/wp-json\/wp\/v2\/product"}],"about":[{"href":"https:\/\/tecsecmty.com\/index.php\/wp-json\/wp\/v2\/types\/product"}],"replies":[{"embeddable":true,"href":"https:\/\/tecsecmty.com\/index.php\/wp-json\/wp\/v2\/comments?post=9192"}],"version-history":[{"count":0,"href":"https:\/\/tecsecmty.com\/index.php\/wp-json\/wp\/v2\/product\/9192\/revisions"}],"wp:featuredmedia":[{"embeddable":true,"href":"https:\/\/tecsecmty.com\/index.php\/wp-json\/wp\/v2\/media\/9191"}],"wp:attachment":[{"href":"https:\/\/tecsecmty.com\/index.php\/wp-json\/wp\/v2\/media?parent=9192"}],"wp:term":[{"taxonomy":"product_brand","embeddable":true,"href":"https:\/\/tecsecmty.com\/index.php\/wp-json\/wp\/v2\/product_brand?post=9192"},{"taxonomy":"product_cat","embeddable":true,"href":"https:\/\/tecsecmty.com\/index.php\/wp-json\/wp\/v2\/product_cat?post=9192"},{"taxonomy":"product_tag","embeddable":true,"href":"https:\/\/tecsecmty.com\/index.php\/wp-json\/wp\/v2\/product_tag?post=9192"}],"curies":[{"name":"wp","href":"https:\/\/api.w.org\/{rel}","templated":true}]}}