{"id":9196,"date":"2023-02-23T22:38:45","date_gmt":"2023-02-24T04:38:45","guid":{"rendered":"https:\/\/tecsecmty.com\/index.php\/producto\/zkteco-speedfacev5lp-control-de-acceso-y-asistencia-facial-visible-light-6000-rostros-3000-palmas-6000-huellas-200000-eventos-sin-modulo-para-tarjetas-id\/"},"modified":"2023-03-22T23:25:33","modified_gmt":"2023-03-23T05:25:33","slug":"zkteco-speedfacev5lp-control-de-acceso-y-asistencia-facial-visible-light-6000-rostros-3000-palmas-6000-huellas-200000-eventos-sin-modulo-para-tarjetas-id","status":"publish","type":"product","link":"https:\/\/tecsecmty.com\/index.php\/producto\/zkteco-speedfacev5lp-control-de-acceso-y-asistencia-facial-visible-light-6000-rostros-3000-palmas-6000-huellas-200000-eventos-sin-modulo-para-tarjetas-id\/","title":{"rendered":"ZKTECO SPEEDFACEV5LP &#8211; Control de Acceso y Asistencia Facial Visible Light \/ 6000 Rostros \/ 3000 palmas \/ 6000 huellas \/ 200000 eventos \/ Sin m\u00f3dulo para tarjetas ID"},"content":{"rendered":"<div class=\"row aling-items-center padding-bottom-2x\">\n<div class=\"col-lg-12\">\n<h5 class=\"card-title text-center\">Informaci\u00f3n General<\/h5>\n<p>El equipo de control de Acceso y Asistencia<strong>SpeedFace-V5L [P]<\/strong>\u00a0es una versi\u00f3n completamente mejorada del terminal de reconocimiento facial de luz visible\u00a0<u>SpeedFace-V5L<\/u>, utilizando algoritmos de reconocimiento facial de ingenier\u00eda inteligente y la \u00faltima tecnolog\u00eda de visi\u00f3n por computadora. Apoya la verificaci\u00f3n facial y de la palma de la mano con gran capacidad y reconocimiento r\u00e1pido, adem\u00e1s de mejorar la seguridad desempe\u00f1o en todos los aspectos.<\/p>\n<p><strong>SpeedFace-V5L [P]<\/strong>\u00a0adopta la tecnolog\u00eda de reconocimiento sin contacto y la identificaci\u00f3n individual enmascarada que elimina preocupaciones de higiene de manera efectiva. Tambi\u00e9n est\u00e1 equipado con el \u00faltimo algoritmo anti-suplantaci\u00f3n para el reconocimiento facial contra casi todos los tipos de fotos y videos falsos atacan. Es importante destacar que el reconocimiento de palma 3 en 1 (forma de palma, impresi\u00f3n de palma y Palm Vein) se realiza en 0,35 segundos por mano; los datos de la palma adquiridos se comparar\u00e1n con un m\u00e1ximo de 3000 plantillas de palma.<\/p>\n<p>El terminal con detecci\u00f3n de m\u00e1scara ayuda a reducir la propagaci\u00f3n de g\u00e9rmenes y ayuda a prevenir infecciones directamente en cada punto de acceso de cualquier local y \u00e1reas p\u00fablicas como hospitales, f\u00e1bricas, escuelas, edificios comerciales, estaciones durante el reciente problema de salud p\u00fablica mundial con su funci\u00f3n de identificaci\u00f3n individual enmascarada durante la cara y la palma verificaci\u00f3n.<\/p>\n<p><img decoding=\"async\" class=\"overview-center-img-web\" src=\"https:\/\/tvc.mx\/media\/516075\/Control-Acceso-Asistencia-Facial-Rostro-Palma-QR-Huella-SpeedFaceV5LP-ZK-TVC-Banner.png\" alt=\"\" \/><\/div>\n<\/div>\n<div class=\"row align-items-center padding-bottom-2x\">\n<div class=\"col-md-5 order-md-2\"><img decoding=\"async\" class=\"d-block m-auto img-thumbnail\" src=\"https:\/\/tvc.mx\/media\/516079\/Control-Acceso-Asistencia-Facial-Rostro-Palma-QR-Huella-SpeedFaceV5LP-ZK-TVC-Complemento2.png\" alt=\" \" \/><\/div>\n<div class=\"col-md-7 order-md-1 text-md-left text-center\">\n<h2>Principales Caracter\u00edsticas<\/h2>\n<p class=\"text-muted\">\n<p><strong>Almacenamiento:<\/strong><\/p>\n<ul>\n<li>3,000 Palmas<\/li>\n<li>6,000 Rostros (Visible Light)<\/li>\n<li>6,000 Huellas (Sensor SilkID)<\/li>\n<li>200,000 Eventos<\/li>\n<li>No contiene m\u00f3dulo ID<\/li>\n<\/ul>\n<p>&nbsp;<\/p>\n<p><strong>Interfaz de Comunicaci\u00f3n:<\/strong>\u00a0TCP\/IP.<\/p>\n<p><strong>Funci\u00f3n ADMS<\/strong>\u00a0Ready<\/p>\n<p><strong>Interfaz de Acceso:<\/strong><\/p>\n<ul>\n<li>Relevador para Control de Acceso<\/li>\n<li>Conexi\u00f3n para Bot\u00f3n de Salida<\/li>\n<li>Conexi\u00f3n para Sensor de Puerta<\/li>\n<li>Conexi\u00f3n para Impresora (RS232)<\/li>\n<li>Salida y Entrada Wiegand<\/li>\n<li>Conexi\u00f3n RS485 (para Lector Esclavo)<\/li>\n<li>Entrada Auxiliar<\/li>\n<li>Salida de Alarma<\/li>\n<\/ul>\n<p><strong>Software Compatible:<\/strong>\u00a0BioCVSecurity,\u00a0BioAccess,\u00a0BioTime PRO,\u00a0BioTime Cloud.<\/p>\n<p>&nbsp;<\/p>\n<\/div>\n<\/div>\n<hr class=\"padding-bottom-2x\" \/>\n<div class=\"row align-items-center padding-bottom-2x\">\n<div class=\"col-md-5\"><img decoding=\"async\" class=\"d-block m-auto img-thumbnail\" src=\"https:\/\/tvc.mx\/media\/516083\/Control-Acceso-Asistencia-Facial-Rostro-Palma-QR-Huella-SpeedFaceV5LP-ZK-TVC-Complemento.png\" alt=\" \" \/><\/div>\n<div class=\"col-md-7 text-md-left text-center\">\n<h2>Especificaciones T\u00e9cnicas<\/h2>\n<p class=\"text-muted\">\n<p><strong>Pantalla:<\/strong>\u00a0T\u00e1ctil de 5 Pulgadas<\/p>\n<p><strong>Luz LED:<\/strong>\u00a0Brillo Ajustable<\/p>\n<p><strong>Fuente de Alimentaci\u00f3n:<\/strong>\u00a0DC 12V 3A<\/p>\n<p><strong>Temperatura de Operaci\u00f3n:<\/strong>\u00a00\u00b0C ~ 45\u00b0C<\/p>\n<p><strong>Humedad de Operaci\u00f3n:<\/strong>\u00a010% ~ 90%<\/p>\n<p><strong>Dimensiones:<\/strong>\u00a091.93 * 202.93 * 21.5 mm<\/p>\n<p><strong>Algoritmos:<\/strong>\u00a0ZKFace V5.8 &amp; ZKFinger V10.0 &amp; ZKPalm V12.0<\/p>\n<p>&nbsp;<\/p>\n<\/div>\n<\/div>\n<hr class=\"padding-bottom-2x\" \/>\n<div class=\"row align-items-center padding-bottom-2x\">\n<div class=\"col-md-5 order-md-2\"><img decoding=\"async\" class=\"d-block m-auto img-thumbnail\" src=\"https:\/\/tvc.mx\/media\/516087\/Control-Acceso-Asistencia-Facial-Rostro-Palma-QR-Huella-SpeedFaceV5LP-ZK-TVC-Complemento3.png\" alt=\" \" \/><\/div>\n<div class=\"col-md-7 order-md-1 text-md-left text-center\">\n<h2>Incluye<\/h2>\n<p class=\"text-muted\">\n<ul>\n<li>Soporte de pared<\/li>\n<li>Plantilla de montaje<\/li>\n<li>Torniller\u00eda de montaje<\/li>\n<li>Arn\u00e9s de conexi\u00f3n para fuente de poder<\/li>\n<li>Arn\u00e9s de conexi\u00f3n para Ethernet<\/li>\n<li>Arn\u00e9s de conexi\u00f3n para control de Acceso<\/li>\n<li>Fuente de Poder (12V 3A)<\/li>\n<\/ul>\n<\/div>\n<\/div>\n","protected":false},"excerpt":{"rendered":"<p>Informaci\u00f3n General El equipo de control de Acceso y AsistenciaSpeedFace-V5L [P]\u00a0es una versi\u00f3n completamente mejorada del terminal de reconocimiento facial de luz visible\u00a0SpeedFace-V5L, utilizando algoritmos de reconocimiento facial de ingenier\u00eda inteligente y la \u00faltima tecnolog\u00eda de visi\u00f3n por computadora. Apoya la verificaci\u00f3n facial y de&hellip;<\/p>\n","protected":false},"featured_media":9195,"comment_status":"open","ping_status":"closed","template":"","meta":{"om_disable_all_campaigns":false,"_monsterinsights_skip_tracking":false,"_monsterinsights_sitenote_active":false,"_monsterinsights_sitenote_note":"","_monsterinsights_sitenote_category":0},"product_brand":[],"product_cat":[837],"product_tag":[81,727,730,66,731,728,729],"class_list":{"0":"post-9196","1":"product","2":"type-product","3":"status-publish","4":"has-post-thumbnail","6":"product_cat-facial-control-de-asistencia-zkteco-acceso-asistencia","7":"product_tag-acceso-y-asistencia","8":"product_tag-cerraduras","9":"product_tag-commax-wulian","10":"product_tag-dahua","11":"product_tag-wejoin","12":"product_tag-yli","13":"product_tag-zkteco","15":"first","16":"instock","17":"sale","18":"taxable","19":"shipping-taxable","20":"purchasable","21":"product-type-simple"},"aioseo_notices":[],"_links":{"self":[{"href":"https:\/\/tecsecmty.com\/index.php\/wp-json\/wp\/v2\/product\/9196","targetHints":{"allow":["GET"]}}],"collection":[{"href":"https:\/\/tecsecmty.com\/index.php\/wp-json\/wp\/v2\/product"}],"about":[{"href":"https:\/\/tecsecmty.com\/index.php\/wp-json\/wp\/v2\/types\/product"}],"replies":[{"embeddable":true,"href":"https:\/\/tecsecmty.com\/index.php\/wp-json\/wp\/v2\/comments?post=9196"}],"version-history":[{"count":0,"href":"https:\/\/tecsecmty.com\/index.php\/wp-json\/wp\/v2\/product\/9196\/revisions"}],"wp:featuredmedia":[{"embeddable":true,"href":"https:\/\/tecsecmty.com\/index.php\/wp-json\/wp\/v2\/media\/9195"}],"wp:attachment":[{"href":"https:\/\/tecsecmty.com\/index.php\/wp-json\/wp\/v2\/media?parent=9196"}],"wp:term":[{"taxonomy":"product_brand","embeddable":true,"href":"https:\/\/tecsecmty.com\/index.php\/wp-json\/wp\/v2\/product_brand?post=9196"},{"taxonomy":"product_cat","embeddable":true,"href":"https:\/\/tecsecmty.com\/index.php\/wp-json\/wp\/v2\/product_cat?post=9196"},{"taxonomy":"product_tag","embeddable":true,"href":"https:\/\/tecsecmty.com\/index.php\/wp-json\/wp\/v2\/product_tag?post=9196"}],"curies":[{"name":"wp","href":"https:\/\/api.w.org\/{rel}","templated":true}]}}