{"id":9198,"date":"2023-02-23T22:38:47","date_gmt":"2023-02-24T04:38:47","guid":{"rendered":"https:\/\/tecsecmty.com\/index.php\/producto\/zkteco-speedfacev4lta-control-de-acceso-y-asistencia-facial-visible-light-800-rostros-800-palmas-1000-tarjetas-tcp-ip-compatible-con-bio-time-pro\/"},"modified":"2023-03-22T23:25:32","modified_gmt":"2023-03-23T05:25:32","slug":"zkteco-speedfacev4lta-control-de-acceso-y-asistencia-facial-visible-light-800-rostros-800-palmas-1000-tarjetas-tcp-ip-compatible-con-bio-time-pro","status":"publish","type":"product","link":"https:\/\/tecsecmty.com\/index.php\/producto\/zkteco-speedfacev4lta-control-de-acceso-y-asistencia-facial-visible-light-800-rostros-800-palmas-1000-tarjetas-tcp-ip-compatible-con-bio-time-pro\/","title":{"rendered":"ZKTECO SpeedFaceV4LTA &#8211; Control de Acceso y Asistencia Facial Visible Light \/ 800 Rostros\/ 800 Palmas \/ 1000 Tarjetas \/ TCP\/IP \/ Compatible con Bio Time Pro"},"content":{"rendered":"<div class=\"row aling-items-center padding-bottom-2x\">\n<div class=\"col-lg-12\">\n<h5 class=\"card-title text-center\">nformaci\u00f3n General<\/h5>\n<p class=\"ql-align-justify\">El Control de Acceso y Asistencia\u00a0<strong>SpeedFace V4L<\/strong>\u00a0es una terminal de control de acceso biom\u00e9trico h\u00edbrido basado en Linux, Cuenta con reconocimiento facial\u00a0<u>Visible Ligth<\/u>\u00a0y\u00a0<u>Reconocimiento de Palma.<\/u><\/p>\n<p class=\"ql-align-justify\">La distancia de reconocimiento del rostro se ha incrementado considerablemente\u00a0<u>hasta 2 metros<\/u>\u00a0y si bien la mayor\u00eda de los algoritmos solo admite +\/- 15 \u00b0 de tolerancia en el \u00e1ngulo de reconocimiento de rostro, el\u00a0<strong>SpeedFace V4L<\/strong>\u00a0duplica el \u00e1ngulo de detecci\u00f3n en t\u00e9rminos de rotaci\u00f3n e inclinaci\u00f3n a +\/- 30 \u00b0, con esto se mejora significativamente la tasa m\u00e1xima del trafico de los usuarios.<\/p>\n<p class=\"ql-align-justify\">En el m\u00e9todo de autenticaci\u00f3n de palma sin contacto con una novedosa t\u00e9cnica de seguimiento de manos permite una tolerancia de \u00e1ngulo de hasta +\/- 60 \u00b0 en el eje y una distancia de\u00a0<u>reconocimiento de hasta 50 cm.<\/u><\/p>\n<p><img decoding=\"async\" class=\"overview-center-img-web\" src=\"https:\/\/tvc.mx\/media\/557935\/Control-Acceso-Asistencia-Facial-Rostros-Palmas-SpeedFaceV4LTA-ZKTeco-TVC-Banner2.png\" alt=\"\" \/><\/p>\n<\/div>\n<\/div>\n<div class=\"row align-items-center padding-bottom-2x\">\n<div class=\"col-md-5 order-md-2\"><img decoding=\"async\" class=\"d-block m-auto img-thumbnail\" src=\"https:\/\/tvc.mx\/media\/313851\/Control-Acceso-Asistencia-Facial-Rostros-Palmas-SpeedFaceV4LTA-ZK-TVC-Complemento.png\" alt=\" \" \/><\/div>\n<div class=\"col-md-7 order-md-1 text-md-left text-center\">\n<h2>Principales Caracter\u00edsticas<\/h2>\n<p><strong>Almacenamiento:<\/strong><\/p>\n<ul>\n<li>800 Palmas<\/li>\n<li>800 Rostros (Visible Light)<\/li>\n<li>1,000 Tarjetas (RF-ID)<\/li>\n<li>150,000 Eventos<\/li>\n<\/ul>\n<p><strong>Interfaz de Comunicaci\u00f3n:<\/strong>\u00a0TCP\/IP,\u00a0USB(Host)<\/p>\n<p><strong>Funci\u00f3n ADMS<\/strong>\u00a0Ready<\/p>\n<p><strong>Interfaz de Acceso:<\/strong><\/p>\n<ul>\n<li>Relevador para Control de Acceso<\/li>\n<li>Conexi\u00f3n para Bot\u00f3n de Salida<\/li>\n<li>Conexi\u00f3n para Sensor de Puerta<\/li>\n<li>Salida y Entrada Wiegand<\/li>\n<li>Conexi\u00f3n RS485 (para Lector Esclavo)<\/li>\n<\/ul>\n<p class=\"ql-align-justify\"><strong>Software Compatible:<\/strong>\u00a0BioTime PRO,\u00a0BioAccess,\u00a0BioCVSecurity,\u00a0BioTime Cloud.<\/p>\n<p class=\"ql-align-justify\"><strong>Nota:<\/strong><u>Este equipo no cuenta con m\u00f3dulo wi-fi<\/u><\/p>\n<p>&nbsp;<\/p>\n<\/div>\n<\/div>\n<hr class=\"padding-bottom-2x\" \/>\n<div class=\"row align-items-center padding-bottom-2x\">\n<div class=\"col-md-5\"><img decoding=\"async\" class=\"d-block m-auto img-thumbnail\" src=\"https:\/\/tvc.mx\/media\/313855\/Control-Acceso-Asistencia-Facial-Rostros-Palmas-SpeedFaceV4LTA-ZK-TVC-Complemento2.png\" alt=\" \" \/><\/div>\n<div class=\"col-md-7 text-md-left text-center\">\n<h2>Especificaciones T\u00e9cnicas<\/h2>\n<p><strong>Pantalla:<\/strong>\u00a0T\u00e1ctil de 4 Pulgadas<\/p>\n<p><strong>Fuente de Alimentaci\u00f3n:<\/strong>\u00a0DC 12V 3A<\/p>\n<p><strong>Temperatura de Operaci\u00f3n:<\/strong>\u00a00\u00b0c a 45\u00b0c<\/p>\n<p><strong>Humedad de Operaci\u00f3n:<\/strong>\u00a010% ~ 90%<\/p>\n<p><strong>Dimensiones:<\/strong>\u00a072.94 * 157.94 * 23 mm<\/p>\n<p><strong>Peso Neto:<\/strong>\u00a0260g<\/p>\n<p><strong>Peso Bruto:<\/strong>\u00a0850g<\/p>\n<p class=\"ql-align-justify\"><strong>Algoritmos:<\/strong>\u00a0ZKFace V5.8 &amp; ZKPalm V12.0<\/p>\n<p>&nbsp;<\/p>\n<\/div>\n<\/div>\n<hr class=\"padding-bottom-2x\" \/>\n<div class=\"row align-items-center padding-bottom-2x\">\n<div class=\"col-md-5 order-md-2\"><img decoding=\"async\" class=\"d-block m-auto img-thumbnail\" src=\"https:\/\/tvc.mx\/media\/474778\/Control-Acceso-Asistencia-Facial-Rostros-Palmas-SpeedFaceV4LTA-ZK-TVC-Complemento3.png\" alt=\" \" \/><\/div>\n<div class=\"col-md-7 order-md-1 text-md-left text-center\">\n<h2>Incluye<\/h2>\n<ul>\n<li>Soporte de pared<\/li>\n<li>Plantilla de montaje<\/li>\n<li>Torniller\u00eda de montaje<\/li>\n<li>Arn\u00e9s de conexi\u00f3n para fuente de poder<\/li>\n<li>Arn\u00e9s de conexi\u00f3n para Ethernet<\/li>\n<li>Arn\u00e9s de conexi\u00f3n para control de Acceso<\/li>\n<li>Fuente de Poder (12V 3A)<\/li>\n<\/ul>\n<\/div>\n<\/div>\n","protected":false},"excerpt":{"rendered":"<p>nformaci\u00f3n General El Control de Acceso y Asistencia\u00a0SpeedFace V4L\u00a0es una terminal de control de acceso biom\u00e9trico h\u00edbrido basado en Linux, Cuenta con reconocimiento facial\u00a0Visible Ligth\u00a0y\u00a0Reconocimiento de Palma. La distancia de reconocimiento del rostro se ha incrementado considerablemente\u00a0hasta 2 metros\u00a0y si bien la mayor\u00eda de los&hellip;<\/p>\n","protected":false},"featured_media":9197,"comment_status":"open","ping_status":"closed","template":"","meta":{"om_disable_all_campaigns":false,"_monsterinsights_skip_tracking":false,"_monsterinsights_sitenote_active":false,"_monsterinsights_sitenote_note":"","_monsterinsights_sitenote_category":0},"product_brand":[],"product_cat":[837],"product_tag":[81,727,730,66,731,728,729],"class_list":{"0":"post-9198","1":"product","2":"type-product","3":"status-publish","4":"has-post-thumbnail","6":"product_cat-facial-control-de-asistencia-zkteco-acceso-asistencia","7":"product_tag-acceso-y-asistencia","8":"product_tag-cerraduras","9":"product_tag-commax-wulian","10":"product_tag-dahua","11":"product_tag-wejoin","12":"product_tag-yli","13":"product_tag-zkteco","15":"first","16":"instock","17":"sale","18":"taxable","19":"shipping-taxable","20":"purchasable","21":"product-type-simple"},"aioseo_notices":[],"_links":{"self":[{"href":"https:\/\/tecsecmty.com\/index.php\/wp-json\/wp\/v2\/product\/9198","targetHints":{"allow":["GET"]}}],"collection":[{"href":"https:\/\/tecsecmty.com\/index.php\/wp-json\/wp\/v2\/product"}],"about":[{"href":"https:\/\/tecsecmty.com\/index.php\/wp-json\/wp\/v2\/types\/product"}],"replies":[{"embeddable":true,"href":"https:\/\/tecsecmty.com\/index.php\/wp-json\/wp\/v2\/comments?post=9198"}],"version-history":[{"count":0,"href":"https:\/\/tecsecmty.com\/index.php\/wp-json\/wp\/v2\/product\/9198\/revisions"}],"wp:featuredmedia":[{"embeddable":true,"href":"https:\/\/tecsecmty.com\/index.php\/wp-json\/wp\/v2\/media\/9197"}],"wp:attachment":[{"href":"https:\/\/tecsecmty.com\/index.php\/wp-json\/wp\/v2\/media?parent=9198"}],"wp:term":[{"taxonomy":"product_brand","embeddable":true,"href":"https:\/\/tecsecmty.com\/index.php\/wp-json\/wp\/v2\/product_brand?post=9198"},{"taxonomy":"product_cat","embeddable":true,"href":"https:\/\/tecsecmty.com\/index.php\/wp-json\/wp\/v2\/product_cat?post=9198"},{"taxonomy":"product_tag","embeddable":true,"href":"https:\/\/tecsecmty.com\/index.php\/wp-json\/wp\/v2\/product_tag?post=9198"}],"curies":[{"name":"wp","href":"https:\/\/api.w.org\/{rel}","templated":true}]}}