{"id":9201,"date":"2023-02-23T22:38:48","date_gmt":"2023-02-24T04:38:48","guid":{"rendered":"https:\/\/tecsecmty.com\/index.php\/producto\/dahua-dhi-asa3223a-w-control-de-asistencia-con-reconocimiento-facial-pantalla-touch-de-4-3-pulgadas-wifi-2000-rostros-y-contrasenas-300000-registros-deteccion-de-vida-0-2-segundos-rango-de-r\/"},"modified":"2023-03-22T23:22:30","modified_gmt":"2023-03-23T05:22:30","slug":"dahua-dhi-asa3223a-w-control-de-asistencia-con-reconocimiento-facial-pantalla-touch-de-4-3-pulgadas-wifi-2000-rostros-y-contrasenas-300000-registros-deteccion-de-vida-0-2-segundos-rango-de-r","status":"publish","type":"product","link":"https:\/\/tecsecmty.com\/index.php\/producto\/dahua-dhi-asa3223a-w-control-de-asistencia-con-reconocimiento-facial-pantalla-touch-de-4-3-pulgadas-wifi-2000-rostros-y-contrasenas-300000-registros-deteccion-de-vida-0-2-segundos-rango-de-r\/","title":{"rendered":"DAHUA DHI-ASA3223A-W &#8211; Control de Asistencia con Reconocimiento Facial\/ Pantalla Touch de 4.3 Pulgadas\/ WiFi\/ 2000 Rostros y Contrase\u00f1as\/ 300,000 Registros\/ Detecci\u00f3n de Vida\/ 0.2 Segundos\/ Rango de Reconocimiento de .3 a 1.5 Metros\/"},"content":{"rendered":"<div class=\"row aling-items-center padding-bottom-2x\">\n<div class=\"col-lg-12\">\n<h5 class=\"card-title text-center\">Informaci\u00f3n General<\/h5>\n<p class=\"ql-align-justify\">Reloj de asistencia con reconocimiento facial, pantalla t\u00e1ctil de cristal de 4,3 pulgadas con una resoluci\u00f3n de 480\u00d7272, c\u00e1mara de doble lente gran angular de 2MP con iluminaci\u00f3n IR y DWDR, permite los m\u00e9todos de verificaci\u00f3n de rostro y contrase\u00f1a, Admite 2000 usuarios, 2000 rostros, 2000 contrase\u00f1as, 50 administradores y 300 000 registros, soporta detecci\u00f3n de cubre bocas, reconoce rostros a una distancia de 0,3 m a 1,5 m (0,98 pies-4,92 pies). y una detecci\u00f3n de\u00a0rostro vivo que tiene una tasa de precisi\u00f3n de reconocimiento facial del 99,9 % y el tiempo de comparaci\u00f3n 1:N es de 0,2 s por persona, admite personalizaci\u00f3n de indicaciones de voz.<\/p>\n<p><img decoding=\"async\" class=\"overview-center-img-web\" src=\"https:\/\/tvc.mx\/media\/499730\/Control_Asistencia_Reconocimiento_Facial_2000_Rostros_4_3_Pulgadas_Dahua_DAHUA-DHI-ASA3223A-W_Over_Ppal.png\" alt=\"\" \/><\/div>\n<\/div>\n<div class=\"row align-items-center padding-bottom-2x\">\n<div class=\"col-md-5\"><img decoding=\"async\" class=\"d-block m-auto img-thumbnail\" src=\"https:\/\/tvc.mx\/media\/499734\/Control_Asistencia_Reconocimiento_Facial_2000_Rostros_4_3_Pulgadas_Dahua_DAHUA-DHI-ASA3223A-W_Over_M.png\" alt=\" \" \/><\/div>\n<div class=\"col-md-7 text-md-left text-center\">\n<h2>Especificaciones<\/h2>\n<p class=\"text-muted\">\n<ul>\n<li>Procesador principal Procesador integrado<\/li>\n<li>Protocolo de red IPv4; RTSP; RTP; TCP; UDP; P2P<\/li>\n<li>Interoperabilidad ONVIF; CGI.<\/li>\n<li>Pantalla de visualizaci\u00f3n LCD de 4,3&#8243;<\/li>\n<li>Tipo de pantalla Pantalla tactil capacitiva<\/li>\n<li>Resoluci\u00f3n de la pantalla 480 (alto) \u00d7 272 (alto)<\/li>\n<li>C\u00e1mara C\u00e1mara de doble lente HD CMOS de 2 MP<\/li>\n<li>Compensaci\u00f3n de luz Auto, IR<\/li>\n<li>Mensaje de voz S\u00ed<\/li>\n<li>Rango de altura de reconocimiento facial 1,1 m\u20132,0 m (3,61 pies\u20136,56 pies)<\/li>\n<li>Distancia de reconocimiento facial 0,3 m\u20131,5 m (0,98 pies\u20134,92 pies)<\/li>\n<li>Precisi\u00f3n de reconocimiento facial 99.9%<\/li>\n<li>Tiempo de reconocimiento facial 0,2 s<\/li>\n<li>Capacidad de usuario 2,000<\/li>\n<li>Capacidad de registro 300,000<\/li>\n<li>Fuente de alimentaci\u00f3n 12 V CC, 1,5 A<\/li>\n<li>El consumo de energ\u00eda \u226418 W.<\/li>\n<li>Dimensiones del producto 115,0 mm \u00d7 118,0 mm \u00d7 27,1 mm (4,53&#8243; \u00d7 4,65&#8243; \u00d7 1,07&#8243;) (Al. \u00d7 An. \u00d7 An.)<\/li>\n<li>Peso neto 250 g (0,55 libras)<\/li>\n<\/ul>\n<\/div>\n<\/div>\n","protected":false},"excerpt":{"rendered":"<p>Informaci\u00f3n General Reloj de asistencia con reconocimiento facial, pantalla t\u00e1ctil de cristal de 4,3 pulgadas con una resoluci\u00f3n de 480\u00d7272, c\u00e1mara de doble lente gran angular de 2MP con iluminaci\u00f3n IR y DWDR, permite los m\u00e9todos de verificaci\u00f3n de rostro y contrase\u00f1a, Admite 2000 usuarios,&hellip;<\/p>\n","protected":false},"featured_media":1296,"comment_status":"open","ping_status":"closed","template":"","meta":{"om_disable_all_campaigns":false,"_monsterinsights_skip_tracking":false,"_monsterinsights_sitenote_active":false,"_monsterinsights_sitenote_note":"","_monsterinsights_sitenote_category":0},"product_brand":[],"product_cat":[839],"product_tag":[81,727,730,66,731,728,729],"class_list":{"0":"post-9201","1":"product","2":"type-product","3":"status-publish","4":"has-post-thumbnail","6":"product_cat-facial-control-de-asistencia-dahua-acceso-asistencia","7":"product_tag-acceso-y-asistencia","8":"product_tag-cerraduras","9":"product_tag-commax-wulian","10":"product_tag-dahua","11":"product_tag-wejoin","12":"product_tag-yli","13":"product_tag-zkteco","15":"first","16":"instock","17":"sale","18":"taxable","19":"shipping-taxable","20":"purchasable","21":"product-type-simple"},"aioseo_notices":[],"_links":{"self":[{"href":"https:\/\/tecsecmty.com\/index.php\/wp-json\/wp\/v2\/product\/9201","targetHints":{"allow":["GET"]}}],"collection":[{"href":"https:\/\/tecsecmty.com\/index.php\/wp-json\/wp\/v2\/product"}],"about":[{"href":"https:\/\/tecsecmty.com\/index.php\/wp-json\/wp\/v2\/types\/product"}],"replies":[{"embeddable":true,"href":"https:\/\/tecsecmty.com\/index.php\/wp-json\/wp\/v2\/comments?post=9201"}],"version-history":[{"count":0,"href":"https:\/\/tecsecmty.com\/index.php\/wp-json\/wp\/v2\/product\/9201\/revisions"}],"wp:featuredmedia":[{"embeddable":true,"href":"https:\/\/tecsecmty.com\/index.php\/wp-json\/wp\/v2\/media\/1296"}],"wp:attachment":[{"href":"https:\/\/tecsecmty.com\/index.php\/wp-json\/wp\/v2\/media?parent=9201"}],"wp:term":[{"taxonomy":"product_brand","embeddable":true,"href":"https:\/\/tecsecmty.com\/index.php\/wp-json\/wp\/v2\/product_brand?post=9201"},{"taxonomy":"product_cat","embeddable":true,"href":"https:\/\/tecsecmty.com\/index.php\/wp-json\/wp\/v2\/product_cat?post=9201"},{"taxonomy":"product_tag","embeddable":true,"href":"https:\/\/tecsecmty.com\/index.php\/wp-json\/wp\/v2\/product_tag?post=9201"}],"curies":[{"name":"wp","href":"https:\/\/api.w.org\/{rel}","templated":true}]}}