{"id":9202,"date":"2023-02-23T22:38:48","date_gmt":"2023-02-24T04:38:48","guid":{"rendered":"https:\/\/tecsecmty.com\/index.php\/producto\/dahua-dhi-asi3224a-control-de-acceso-con-reconocimiento-facial-pantalla-de-4-3-pulgadas-3000-rostros-2000-huellas-tcp-ip-p2p\/"},"modified":"2023-03-22T23:22:32","modified_gmt":"2023-03-23T05:22:32","slug":"dahua-dhi-asi3224a-control-de-acceso-con-reconocimiento-facial-pantalla-de-4-3-pulgadas-3000-rostros-2000-huellas-tcp-ip-p2p","status":"publish","type":"product","link":"https:\/\/tecsecmty.com\/index.php\/producto\/dahua-dhi-asi3224a-control-de-acceso-con-reconocimiento-facial-pantalla-de-4-3-pulgadas-3000-rostros-2000-huellas-tcp-ip-p2p\/","title":{"rendered":"DAHUA DHI-ASI3224A &#8211; Control de Acceso con Reconocimiento Facial\/ Pantalla de 4.3 Pulgadas\/ 3,000 Rostros\/ 2000 Huellas\/ TCP\/IP\/ P2P"},"content":{"rendered":"<div class=\"row aling-items-center padding-bottom-2x\">\n<div class=\"col-lg-12\">\n<h5 class=\"card-title text-center\">Informaci\u00f3n General<\/h5>\n<p class=\"ql-align-justify\">Equipo de control de acceso con pantalla t\u00e1ctil de cristal de 4,3 pulgadas con una resoluci\u00f3n de 480\u00d7272, C\u00e1mara de doble lente gran angular de 2 MP con iluminaci\u00f3n IR y DWDR, adem\u00e1s de admitir m\u00faltiples m\u00e9todos de desbloqueo que incluyen huella digital, rostro, contrase\u00f1a y desbloqueo de c\u00f3digo QR.<\/p>\n<p><img decoding=\"async\" class=\"overview-center-img-web\" src=\"https:\/\/tvc.mx\/media\/531783\/Control_Acceso_Reconocimiento_Facial_3000-Rostros_2000_Huellas_Dahua_DHI-ASI3224A_Over_Ppal.png\" alt=\"\" \/><\/div>\n<\/div>\n<div class=\"row align-items-center padding-bottom-2x\">\n<div class=\"col-md-5\"><img decoding=\"async\" class=\"d-block m-auto img-thumbnail\" src=\"https:\/\/tvc.mx\/media\/531791\/Control_Acceso_Reconocimiento_Facial_3000-Rostros_2000_Huellas_Dahua_DHI-ASI3224A_Over_M1.png\" alt=\" \" \/><\/div>\n<div class=\"col-md-7 text-md-left text-center\">\n<h2>Especificaciones<\/h2>\n<p class=\"text-muted\">\n<ul>\n<li>C\u00e1mara de doble lente HD CMOS de 2MP<\/li>\n<li>Usuarios: 3000<\/li>\n<li>Rostros: 3000<\/li>\n<li>Huellas dactilares: 5000<\/li>\n<li>Contrase\u00f1as: 3000<\/li>\n<li>Registros: 300000<\/li>\n<li>1 Puerto: RS-485<\/li>\n<li>1 Puerto: Wiegand<\/li>\n<li>1 Puerto: USB<\/li>\n<li>Fuente de alimentaci\u00f3n: CC 12V 1.5A<\/li>\n<li>El consumo de energ\u00eda:\u226418W<\/li>\n<li>Temperatura de funcionamiento: &#8211; 10\u00b0C~+40\u00b0C<\/li>\n<li>Entorno operativo: Interior<\/li>\n<li>Instalaci\u00f3n: Montaje en pared, Montaje en escritorio<\/li>\n<\/ul>\n<\/div>\n<\/div>\n","protected":false},"excerpt":{"rendered":"<p>Informaci\u00f3n General Equipo de control de acceso con pantalla t\u00e1ctil de cristal de 4,3 pulgadas con una resoluci\u00f3n de 480\u00d7272, C\u00e1mara de doble lente gran angular de 2 MP con iluminaci\u00f3n IR y DWDR, adem\u00e1s de admitir m\u00faltiples m\u00e9todos de desbloqueo que incluyen huella digital,&hellip;<\/p>\n","protected":false},"featured_media":1298,"comment_status":"open","ping_status":"closed","template":"","meta":{"om_disable_all_campaigns":false,"_monsterinsights_skip_tracking":false,"_monsterinsights_sitenote_active":false,"_monsterinsights_sitenote_note":"","_monsterinsights_sitenote_category":0},"product_brand":[],"product_cat":[839],"product_tag":[81,727,730,66,731,728,729],"class_list":{"0":"post-9202","1":"product","2":"type-product","3":"status-publish","4":"has-post-thumbnail","6":"product_cat-facial-control-de-asistencia-dahua-acceso-asistencia","7":"product_tag-acceso-y-asistencia","8":"product_tag-cerraduras","9":"product_tag-commax-wulian","10":"product_tag-dahua","11":"product_tag-wejoin","12":"product_tag-yli","13":"product_tag-zkteco","15":"first","16":"instock","17":"sale","18":"taxable","19":"shipping-taxable","20":"purchasable","21":"product-type-simple"},"aioseo_notices":[],"_links":{"self":[{"href":"https:\/\/tecsecmty.com\/index.php\/wp-json\/wp\/v2\/product\/9202","targetHints":{"allow":["GET"]}}],"collection":[{"href":"https:\/\/tecsecmty.com\/index.php\/wp-json\/wp\/v2\/product"}],"about":[{"href":"https:\/\/tecsecmty.com\/index.php\/wp-json\/wp\/v2\/types\/product"}],"replies":[{"embeddable":true,"href":"https:\/\/tecsecmty.com\/index.php\/wp-json\/wp\/v2\/comments?post=9202"}],"version-history":[{"count":0,"href":"https:\/\/tecsecmty.com\/index.php\/wp-json\/wp\/v2\/product\/9202\/revisions"}],"wp:featuredmedia":[{"embeddable":true,"href":"https:\/\/tecsecmty.com\/index.php\/wp-json\/wp\/v2\/media\/1298"}],"wp:attachment":[{"href":"https:\/\/tecsecmty.com\/index.php\/wp-json\/wp\/v2\/media?parent=9202"}],"wp:term":[{"taxonomy":"product_brand","embeddable":true,"href":"https:\/\/tecsecmty.com\/index.php\/wp-json\/wp\/v2\/product_brand?post=9202"},{"taxonomy":"product_cat","embeddable":true,"href":"https:\/\/tecsecmty.com\/index.php\/wp-json\/wp\/v2\/product_cat?post=9202"},{"taxonomy":"product_tag","embeddable":true,"href":"https:\/\/tecsecmty.com\/index.php\/wp-json\/wp\/v2\/product_tag?post=9202"}],"curies":[{"name":"wp","href":"https:\/\/api.w.org\/{rel}","templated":true}]}}