{"id":9204,"date":"2023-02-23T22:38:50","date_gmt":"2023-02-24T04:38:50","guid":{"rendered":"https:\/\/tecsecmty.com\/index.php\/producto\/zkteco-178s-camara-termografica-infrarroja-con-medicion-de-temperatura-e-imagen-termica-alarma-de-alta-temperatura-no-incluye-accesorio-de-montaje-covid19\/"},"modified":"2023-03-22T23:25:10","modified_gmt":"2023-03-23T05:25:10","slug":"zkteco-178s-camara-termografica-infrarroja-con-medicion-de-temperatura-e-imagen-termica-alarma-de-alta-temperatura-no-incluye-accesorio-de-montaje-covid19","status":"publish","type":"product","link":"https:\/\/tecsecmty.com\/index.php\/producto\/zkteco-178s-camara-termografica-infrarroja-con-medicion-de-temperatura-e-imagen-termica-alarma-de-alta-temperatura-no-incluye-accesorio-de-montaje-covid19\/","title":{"rendered":"ZKTECO 178S &#8211; C\u00e1mara Termogr\u00e1fica Infrarroja con Medici\u00f3n de Temperatura e Imagen T\u00e9rmica \/ Alarma de Alta Temperatura \/ No incluye Accesorio de Montaje \/ #COVID19"},"content":{"rendered":"<div class=\"row aling-items-center padding-bottom-2x\">\n<div class=\"col-lg-12\">\n<h5 class=\"card-title text-center\">Descripci\u00f3n<\/h5>\n<p class=\"ql-align-justify\">La c\u00e1mara termogr\u00e1fica infrarroja\u00a0<strong>ZK-178S,<\/strong>\u00a0combina la medici\u00f3n de temperatura de la superficie y la imagen t\u00e9rmica en tiempo real. A diferencia, un term\u00f3metro infrarrojo tradicional solo puede medir la temperatura de cada usuario, uno por uno, en cambio, esta soluci\u00f3n permite medir temperatura a m\u00faltiples usuarios contando con un dise\u00f1o portable.<\/p>\n<p><img decoding=\"async\" class=\"overview-center-img-web\" src=\"https:\/\/tvc.mx\/media\/539895\/C%C3%A1mara-termogr%C3%A1fica-infrarroja-con-medici%C3%B3n-de-temperatura-178S-ZKTeco-TVC-O1.png\" alt=\"\" \/><\/div>\n<\/div>\n<div class=\"row aling-items-center padding-bottom-2x\">\n<div class=\"col-lg-12\">\n<h5 class=\"card-title text-center\">Funci\u00f3n<\/h5>\n<p class=\"ql-align-justify\"><strong>ZK-178S\u00a0<\/strong>es una c\u00e1mara t\u00e9rmica infrarroja con alarma sonora. Su resoluci\u00f3n de pantalla es 80 x 60, combin\u00e1ndola medici\u00f3n de la temperatura de la superficie y la imagen t\u00e9rmica en tiempo real. En comparaci\u00f3n con el term\u00f3metro infrarrojo tradicional, el ZK-178S puede medir m\u00faltiples temperaturas de accesorios una vez y tiene una amplia gama de funciones de medici\u00f3n y fotograf\u00eda para trabajar en una variedad de entornos de disparo. Este producto adopta una nueva generaci\u00f3n de m\u00f3dulo de sensor para garantizar una excelente resoluci\u00f3n infrarroja y un modo de placa de color m\u00faltiple.<\/p>\n<ul>\n<li>Medici\u00f3n de temperatura alta \/ baja.<\/li>\n<li>Alta visibilidad de imagen.<\/li>\n<li>Tarjeta de almacenamiento.<\/li>\n<li>Resoluci\u00f3n t\u00e9rmica.<\/li>\n<li>Alarma de temperatura alta.<\/li>\n<li>Puerto tipo-c para carga y transferencia de datos.<\/li>\n<li>Linterna.<\/li>\n<li>Software para pc para an\u00e1lisis de im\u00e1genes.<\/li>\n<\/ul>\n<p><img decoding=\"async\" class=\"overview-center-img-web\" src=\"https:\/\/tvc.mx\/media\/539787\/C%C3%A1mara-termogr%C3%A1fica-infrarroja-con-medici%C3%B3n-de-temperatura-178S-ZKTeco-TVC-O2.png\" alt=\"\" \/><\/div>\n<\/div>\n<div class=\"row align-items-center padding-bottom-2x\">\n<div class=\"col-md-5\"><img decoding=\"async\" class=\"d-block m-auto img-thumbnail\" src=\"https:\/\/tvc.mx\/media\/539791\/C%C3%A1mara-termogr%C3%A1fica-infrarroja-con-medici%C3%B3n-de-temperatura-178S-ZKTeco-TVC-O3.png\" alt=\" \" \/><\/div>\n<div class=\"col-md-7 text-md-left text-center\">\n<h2>Especificaciones t\u00e9cnicas<\/h2>\n<p class=\"text-muted\">\n<ul>\n<li>Precisi\u00f3n de hasta \u00b10.5\u00b0C.<\/li>\n<li>Portable y con cubierta engomada para protecci\u00f3n.<\/li>\n<li>Incluye cable USB tipo c para conexi\u00f3n a PC.<\/li>\n<li>Rango de temperatura 30\u00b0C ~ 45\u00b0C.<\/li>\n<li>Resoluci\u00f3n 0.1\u00b0C.<\/li>\n<li>Distancia optima de medici\u00f3n 1m.<\/li>\n<li>Tiempo de respuesta de medici\u00f3n \u2264500ms (95% de lectura).<\/li>\n<li>Resoluci\u00f3n t\u00e9rmica 80 x 60.<\/li>\n<li>Colores negro blanco, rojo blanco, azul blanco, hierro rojo, arco iris.<\/li>\n<li>Pantalla de temperatura medici\u00f3n de temperatura central y seguimiento de alta temperatura.<\/li>\n<li>Modo de im\u00e1gen t\u00e9rmico.<\/li>\n<li>Almacenamiento tarjeta micro SD.<\/li>\n<li>Energ\u00eda una sola bater\u00eda de iones de litio de 3.7V CD \/ 5000 mA.<\/li>\n<li>Cuenta con software gratuito, de transmisi\u00f3n de im\u00e1genes en PC.<\/li>\n<\/ul>\n<p>&nbsp;<\/p>\n<\/div>\n<\/div>\n<hr class=\"padding-bottom-2x\" \/>\n<div class=\"row align-items-center padding-bottom-2x\">\n<div class=\"col-md-5\"><img decoding=\"async\" class=\"d-block m-auto img-thumbnail\" src=\"https:\/\/tvc.mx\/media\/539795\/C%C3%A1mara-termogr%C3%A1fica-infrarroja-con-medici%C3%B3n-de-temperatura-178S-ZKTeco-TVC-O4.png\" alt=\" \" \/><\/div>\n<div class=\"col-md-7 text-md-left text-center\">\n<h2>Incluye<\/h2>\n<p class=\"text-muted\">\n<ul>\n<li>Una c\u00e1mara termogr\u00e1fica infrarroja modelo\u00a0<strong>ZK-178S.<\/strong><\/li>\n<\/ul>\n<\/div>\n<\/div>\n","protected":false},"excerpt":{"rendered":"<p>Descripci\u00f3n La c\u00e1mara termogr\u00e1fica infrarroja\u00a0ZK-178S,\u00a0combina la medici\u00f3n de temperatura de la superficie y la imagen t\u00e9rmica en tiempo real. A diferencia, un term\u00f3metro infrarrojo tradicional solo puede medir la temperatura de cada usuario, uno por uno, en cambio, esta soluci\u00f3n permite medir temperatura a m\u00faltiples&hellip;<\/p>\n","protected":false},"featured_media":9203,"comment_status":"open","ping_status":"closed","template":"","meta":{"om_disable_all_campaigns":false,"_monsterinsights_skip_tracking":false,"_monsterinsights_sitenote_active":false,"_monsterinsights_sitenote_note":"","_monsterinsights_sitenote_category":0},"product_brand":[],"product_cat":[837],"product_tag":[81,727,730,66,731,728,729],"class_list":{"0":"post-9204","1":"product","2":"type-product","3":"status-publish","4":"has-post-thumbnail","6":"product_cat-facial-control-de-asistencia-zkteco-acceso-asistencia","7":"product_tag-acceso-y-asistencia","8":"product_tag-cerraduras","9":"product_tag-commax-wulian","10":"product_tag-dahua","11":"product_tag-wejoin","12":"product_tag-yli","13":"product_tag-zkteco","15":"first","16":"instock","17":"sale","18":"taxable","19":"shipping-taxable","20":"purchasable","21":"product-type-simple"},"aioseo_notices":[],"_links":{"self":[{"href":"https:\/\/tecsecmty.com\/index.php\/wp-json\/wp\/v2\/product\/9204","targetHints":{"allow":["GET"]}}],"collection":[{"href":"https:\/\/tecsecmty.com\/index.php\/wp-json\/wp\/v2\/product"}],"about":[{"href":"https:\/\/tecsecmty.com\/index.php\/wp-json\/wp\/v2\/types\/product"}],"replies":[{"embeddable":true,"href":"https:\/\/tecsecmty.com\/index.php\/wp-json\/wp\/v2\/comments?post=9204"}],"version-history":[{"count":0,"href":"https:\/\/tecsecmty.com\/index.php\/wp-json\/wp\/v2\/product\/9204\/revisions"}],"wp:featuredmedia":[{"embeddable":true,"href":"https:\/\/tecsecmty.com\/index.php\/wp-json\/wp\/v2\/media\/9203"}],"wp:attachment":[{"href":"https:\/\/tecsecmty.com\/index.php\/wp-json\/wp\/v2\/media?parent=9204"}],"wp:term":[{"taxonomy":"product_brand","embeddable":true,"href":"https:\/\/tecsecmty.com\/index.php\/wp-json\/wp\/v2\/product_brand?post=9204"},{"taxonomy":"product_cat","embeddable":true,"href":"https:\/\/tecsecmty.com\/index.php\/wp-json\/wp\/v2\/product_cat?post=9204"},{"taxonomy":"product_tag","embeddable":true,"href":"https:\/\/tecsecmty.com\/index.php\/wp-json\/wp\/v2\/product_tag?post=9204"}],"curies":[{"name":"wp","href":"https:\/\/api.w.org\/{rel}","templated":true}]}}