{"id":9206,"date":"2023-02-23T22:38:52","date_gmt":"2023-02-24T04:38:52","guid":{"rendered":"https:\/\/tecsecmty.com\/index.php\/producto\/zkteco-elitepass-terminal-de-reconocimiento-facial-control-de-acceso-y-asistencia-para-exterior-ip68-ik04-compatible-con-biosecurity-incluye-soporte-para-torniquete-conexion-tcp-ip-s\/"},"modified":"2023-03-22T23:25:17","modified_gmt":"2023-03-23T05:25:17","slug":"zkteco-elitepass-terminal-de-reconocimiento-facial-control-de-acceso-y-asistencia-para-exterior-ip68-ik04-compatible-con-biosecurity-incluye-soporte-para-torniquete-conexion-tcp-ip-s","status":"publish","type":"product","link":"https:\/\/tecsecmty.com\/index.php\/producto\/zkteco-elitepass-terminal-de-reconocimiento-facial-control-de-acceso-y-asistencia-para-exterior-ip68-ik04-compatible-con-biosecurity-incluye-soporte-para-torniquete-conexion-tcp-ip-s\/","title":{"rendered":"ZKTECO ELITEPASS &#8211; Terminal de Reconocimiento Facial \/ Control de Acceso y Asistencia \/ para Exterior\/ IP68 \/ IK04 \/ Compatible con Biosecurity \/ Incluye Soporte para Torniquete \/ Conexi\u00f3n TCP\/IP \/ #SinContacto"},"content":{"rendered":"<div class=\"row aling-items-center padding-bottom-2x\">\n<div class=\"col-lg-12\">\n<h5 class=\"card-title text-center\">Informaci\u00f3n General<\/h5>\n<p>El modelo\u00a0<strong>ELITEPASS<\/strong>\u00a0es una novedosa terminal de reconocimiento facial de alto nivel con una capacidad de reconocimiento efectiva. Con su potente procesador y el \u00faltimo algoritmo de reconocimiento facial, El\u00a0<strong>ELITEPASS<\/strong>\u00a0reconoce r\u00e1pidamente una cara en 0,3 segundos y con su tecnolog\u00eda de algoritmo anti-spoogin previene cualquier tipo de ataque de falsificaci\u00f3n del rostro..<\/p>\n<p>Adem\u00e1s, el\u00a0<strong>ELITEPASS<\/strong>\u00a0est\u00e1 equipado con una c\u00e1mara WDR de poca luz de 2 MP, est\u00e1 respaldado por una clasificaci\u00f3n est\u00e1ndar internacional de\u00a0IP68\u00a0e\u00a0IK04\u00a0que garantiza un alto nivel en condiciones de\u00a0<u>uso exterior<\/u>\u00a0de iluminaci\u00f3n exigentes y clima extremo de -30 \u00b0C a 60 \u00b0C<\/p>\n<p>Con su soporte incluido el\u00a0<strong>ELITEPASS<\/strong>\u00a0se puede instalar y es compatible con productos de entrada como barreras de aletas, barreras giratorias, torniquetes de tr\u00edpode de ZKTeco y de terceros.<\/p>\n<p><img decoding=\"async\" class=\"overview-center-img-web\" src=\"https:\/\/tvc.mx\/media\/533939\/Terminal-Reconocimiento-Facial-Contrase%C3%B1a-IP68-IK40-ELITEPASS-ZK-TVC-Banner.png\" alt=\"\" \/><\/div>\n<\/div>\n<div class=\"row align-items-center padding-bottom-2x\">\n<div class=\"col-md-5\"><img decoding=\"async\" class=\"d-block m-auto img-thumbnail\" src=\"https:\/\/tvc.mx\/media\/533947\/Terminal-Reconocimiento-Facial-Contrase%C3%B1a-IP68-IK40-ELITEPASS-ZK-TVC-Complemento2.png\" alt=\" \" \/><\/div>\n<div class=\"col-md-7 text-md-left text-center\">\n<h2>Principales Caracter\u00edsticas<\/h2>\n<p class=\"text-muted\">\n<p><strong>Almacenamiento:<\/strong><\/p>\n<ul>\n<li>30,000 Rostros (Visible Light)<\/li>\n<li>50,000 Contrase\u00f1a<\/li>\n<li>1,000,000 Eventos<\/li>\n<\/ul>\n<p><strong>Interfaz de Comunicaci\u00f3n:<\/strong>\u00a0TCP\/IP<\/p>\n<p><strong>Funci\u00f3n ADMS<\/strong>\u00a0Ready<\/p>\n<p><strong>Interfaz de Acceso:<\/strong><\/p>\n<ul>\n<li>Relevador para Control de Acceso<\/li>\n<li>Conexi\u00f3n para Bot\u00f3n de Salida<\/li>\n<li>Conexi\u00f3n para Sensor de Puerta<\/li>\n<li>Conexi\u00f3n para Impresora (RS232)<\/li>\n<li>Salida y Entrada Wiegand<\/li>\n<li>Conexi\u00f3n RS485 (para Lector Esclavo)<\/li>\n<li>Entrada Auxiliar<\/li>\n<li>Salida de Alarma<\/li>\n<\/ul>\n<p><strong>Software Compatible:<\/strong>\u00a0BioSecurity,\u00a0BioAccess<\/p>\n<p>&nbsp;<\/p>\n<\/div>\n<\/div>\n<hr class=\"padding-bottom-2x\" \/>\n<div class=\"row align-items-center padding-bottom-2x\">\n<div class=\"col-md-5 order-md-2\"><img decoding=\"async\" class=\"d-block m-auto img-thumbnail\" src=\"https:\/\/tvc.mx\/media\/533991\/Terminal-Reconocimiento-Facial-Contrase%C3%B1a-IP68-IK40-ELITEPASS-ZK-TVC-Complemento.png\" alt=\" \" \/><\/div>\n<div class=\"col-md-7 order-md-1 text-md-left text-center\">\n<h2>Especificaciones T\u00e9cnicas<\/h2>\n<p class=\"text-muted\">\n<p><strong>Pantalla:<\/strong>\u00a0LCD t\u00e1ctil de 8&#8243;<\/p>\n<p><strong>Luz LED:<\/strong>\u00a0Brillo Ajustable<\/p>\n<p><strong>Caracter\u00edsticas Especiales:<\/strong>\u00a0<strong>IP68 &amp; IK04<\/strong><\/p>\n<p><strong>Fuente de Alimentaci\u00f3n:<\/strong>\u00a0DC 12V 2A<\/p>\n<p><strong>Temperatura de Operaci\u00f3n:<\/strong>\u00a0-30\u00b0C ~ 60\u00b0C<\/p>\n<p><strong>Humedad de Operaci\u00f3n:\u00a0<\/strong>10% ~ 90%<\/p>\n<p><strong>Dimensiones:<\/strong>\u00a0245.6 * 144 *25 mm<\/p>\n<p><strong>Algoritmos:<\/strong>\u00a0ZKFace V5.8<\/p>\n<p><strong>Peso neto:<\/strong>\u00a01,483g<\/p>\n<\/div>\n<\/div>\n","protected":false},"excerpt":{"rendered":"<p>Informaci\u00f3n General El modelo\u00a0ELITEPASS\u00a0es una novedosa terminal de reconocimiento facial de alto nivel con una capacidad de reconocimiento efectiva. Con su potente procesador y el \u00faltimo algoritmo de reconocimiento facial, El\u00a0ELITEPASS\u00a0reconoce r\u00e1pidamente una cara en 0,3 segundos y con su tecnolog\u00eda de algoritmo anti-spoogin previene&hellip;<\/p>\n","protected":false},"featured_media":9205,"comment_status":"open","ping_status":"closed","template":"","meta":{"om_disable_all_campaigns":false,"_monsterinsights_skip_tracking":false,"_monsterinsights_sitenote_active":false,"_monsterinsights_sitenote_note":"","_monsterinsights_sitenote_category":0},"product_brand":[],"product_cat":[837],"product_tag":[81,727,730,66,731,728,729],"class_list":{"0":"post-9206","1":"product","2":"type-product","3":"status-publish","4":"has-post-thumbnail","6":"product_cat-facial-control-de-asistencia-zkteco-acceso-asistencia","7":"product_tag-acceso-y-asistencia","8":"product_tag-cerraduras","9":"product_tag-commax-wulian","10":"product_tag-dahua","11":"product_tag-wejoin","12":"product_tag-yli","13":"product_tag-zkteco","15":"first","16":"instock","17":"sale","18":"taxable","19":"shipping-taxable","20":"purchasable","21":"product-type-simple"},"aioseo_notices":[],"_links":{"self":[{"href":"https:\/\/tecsecmty.com\/index.php\/wp-json\/wp\/v2\/product\/9206","targetHints":{"allow":["GET"]}}],"collection":[{"href":"https:\/\/tecsecmty.com\/index.php\/wp-json\/wp\/v2\/product"}],"about":[{"href":"https:\/\/tecsecmty.com\/index.php\/wp-json\/wp\/v2\/types\/product"}],"replies":[{"embeddable":true,"href":"https:\/\/tecsecmty.com\/index.php\/wp-json\/wp\/v2\/comments?post=9206"}],"version-history":[{"count":0,"href":"https:\/\/tecsecmty.com\/index.php\/wp-json\/wp\/v2\/product\/9206\/revisions"}],"wp:featuredmedia":[{"embeddable":true,"href":"https:\/\/tecsecmty.com\/index.php\/wp-json\/wp\/v2\/media\/9205"}],"wp:attachment":[{"href":"https:\/\/tecsecmty.com\/index.php\/wp-json\/wp\/v2\/media?parent=9206"}],"wp:term":[{"taxonomy":"product_brand","embeddable":true,"href":"https:\/\/tecsecmty.com\/index.php\/wp-json\/wp\/v2\/product_brand?post=9206"},{"taxonomy":"product_cat","embeddable":true,"href":"https:\/\/tecsecmty.com\/index.php\/wp-json\/wp\/v2\/product_cat?post=9206"},{"taxonomy":"product_tag","embeddable":true,"href":"https:\/\/tecsecmty.com\/index.php\/wp-json\/wp\/v2\/product_tag?post=9206"}],"curies":[{"name":"wp","href":"https:\/\/api.w.org\/{rel}","templated":true}]}}