{"id":9210,"date":"2023-02-23T22:38:57","date_gmt":"2023-02-24T04:38:57","guid":{"rendered":"https:\/\/tecsecmty.com\/index.php\/producto\/zkteco-facedepot7b-android-terminal-de-control-de-acceso-con-reconocimiento-facial-para-interior-10000-rostros-7-pulgadas-so-android-sincontacto\/"},"modified":"2023-03-22T23:25:17","modified_gmt":"2023-03-23T05:25:17","slug":"zkteco-facedepot7b-android-terminal-de-control-de-acceso-con-reconocimiento-facial-para-interior-10000-rostros-7-pulgadas-so-android-sincontacto","status":"publish","type":"product","link":"https:\/\/tecsecmty.com\/index.php\/producto\/zkteco-facedepot7b-android-terminal-de-control-de-acceso-con-reconocimiento-facial-para-interior-10000-rostros-7-pulgadas-so-android-sincontacto\/","title":{"rendered":"ZKTECO FACEDEPOT7B Android &#8211; Terminal de Control de Acceso con Reconocimiento Facial \/ para Interior \/ 10000 Rostros \/ 7 Pulgadas \/ SO Android\/ #SinContacto"},"content":{"rendered":"<div class=\"row aling-items-center padding-bottom-2x\">\n<div class=\"col-lg-12\">\n<p class=\"ql-align-justify\">FaceDepot-7B es una terminal de control de acceso facial. Est\u00e1 equipado con el \u00faltimo algoritmo de reconocimiento facial de aprendizaje profundo que permite un reconocimiento m\u00e1s r\u00e1pido y preciso, brinda la mejor experiencia de uso, los usuarios solo pasan y se veri\ufb01can f\u00e1cilmente sin parar y esperando.<\/p>\n<p class=\"ql-align-justify\">Distancia de reconocimiento de hasta 3 m de largo y reconocimiento de gran angular adicional<\/p>\n<p class=\"ql-align-justify\">La distancia de reconocimiento se ha extendido en gran medida hasta 3 metros de largo, lo que mejora signi\ufb01cativamente la tasa de tr\u00e1\ufb01co m\u00e1xima.<\/p>\n<p class=\"ql-align-justify\">Aunque la mayor\u00eda de los algoritmos solo admiten el reconocimiento facial con un \u00e1ngulo de 15 grados, ZKTeco admite el reconocimiento facial con un \u00e1ngulo de 30 grados<\/p>\n<p><img decoding=\"async\" class=\"overview-center-img- aligncenter\" src=\"https:\/\/tvc.mx\/media\/16257\/FaceDepot-7B.jpg\" alt=\"\" \/><\/div>\n<\/div>\n<div class=\"row aling-items-center padding-bottom-2x\">\n<div class=\"col-lg-12\">\n<p>Capacidad<\/p>\n<p><img decoding=\"async\" class=\"overview-center-img- aligncenter\" src=\"https:\/\/tvc.mx\/media\/16258\/Sin-t%C3%ADtulo-1.jpg\" alt=\"\" \/><\/div>\n<\/div>\n<div class=\"row align-items-center padding-bottom-2x\">\n<div class=\"col-md-5 order-md-2\"><img decoding=\"async\" class=\"d-block m-auto img-thumbnail\" src=\"https:\/\/tvc.mx\/media\/16259\/300.jpg\" alt=\" \" \/><\/div>\n<div class=\"col-md-7 order-md-1 text-md-left text-center\">\n<h2><\/h2>\n<p class=\"text-muted\">\n<p class=\"ql-align-justify\">Usuarios\u00a0\u00a0\u00a010,000<\/p>\n<p class=\"ql-align-justify\">Rostros\u00a0\u00a0\u00a0\u00a010,000<\/p>\n<p class=\"ql-align-justify\">Huella\u00a0\u00a0\u00a0\u00a0\u00a0\u00a0\u00a010,000 (Opcional)<\/p>\n<p class=\"ql-align-justify\">RFID\u00a0\u00a0\u00a0\u00a0\u00a0\u00a0\u00a0\u00a0\u00a0\u00a010,000 (Opcional)<\/p>\n<p class=\"ql-align-justify\">Registros\u00a0\u00a0200,000<\/p>\n<p class=\"ql-align-justify\">LCD\u00a0\u00a0\u00a0\u00a0\u00a0\u00a0\u00a0Pantalla touch de 7\u201d (1080x720px)<\/p>\n<p class=\"ql-align-justify\">CPU\u00a0\u00a0\u00a0\u00a0\u00a0\u00a0Quad-core A17 1.8GHz Potenciado por Zkteco<\/p>\n<p class=\"ql-align-justify\">Memoria\u00a0\u00a0\u00a0\u00a0\u00a0\u00a0\u00a0\u00a0\u00a0\u00a0\u00a0\u00a02G RAM\/16G ROM<\/p>\n<p class=\"ql-align-justify\">C\u00e1mara 2 MP (Doble lente)<\/p>\n<p class=\"ql-align-justify\">Comunicaci\u00f3n\u00a0\u00a0TCP\/IP, USB Host, Wi-Fi (Opcional)<\/p>\n<p class=\"ql-align-justify\">RS232, RS485; entrada y salida Wiegand<\/p>\n<p class=\"ql-align-justify\">Acceso Cerradura de puerta, sensor de puerta,<\/p>\n<p class=\"ql-align-justify\">alarma, bot\u00f3n de salida y entrada auxiliar<\/p>\n<p class=\"ql-align-justify\">Temperatura\u00a0\u00a0\u00a0\u00a0-10\u00b0C hasta 45\u00b0C<\/p>\n<p class=\"ql-align-justify\">Audio\u00a0\u00a0\u00a02 Altavoces<\/p>\n<p class=\"ql-align-justify\">Humedad 10% hasta 90%<\/p>\n<p class=\"ql-align-justify\">Energ\u00eda 12V 3A<\/p>\n<\/div>\n<\/div>\n","protected":false},"excerpt":{"rendered":"<p>FaceDepot-7B es una terminal de control de acceso facial. Est\u00e1 equipado con el \u00faltimo algoritmo de reconocimiento facial de aprendizaje profundo que permite un reconocimiento m\u00e1s r\u00e1pido y preciso, brinda la mejor experiencia de uso, los usuarios solo pasan y se veri\ufb01can f\u00e1cilmente sin parar&hellip;<\/p>\n","protected":false},"featured_media":9209,"comment_status":"open","ping_status":"closed","template":"","meta":{"om_disable_all_campaigns":false,"_monsterinsights_skip_tracking":false,"_monsterinsights_sitenote_active":false,"_monsterinsights_sitenote_note":"","_monsterinsights_sitenote_category":0},"product_brand":[],"product_cat":[837],"product_tag":[81,727,730,66,731,728,729],"class_list":{"0":"post-9210","1":"product","2":"type-product","3":"status-publish","4":"has-post-thumbnail","6":"product_cat-facial-control-de-asistencia-zkteco-acceso-asistencia","7":"product_tag-acceso-y-asistencia","8":"product_tag-cerraduras","9":"product_tag-commax-wulian","10":"product_tag-dahua","11":"product_tag-wejoin","12":"product_tag-yli","13":"product_tag-zkteco","15":"first","16":"instock","17":"sale","18":"taxable","19":"shipping-taxable","20":"purchasable","21":"product-type-simple"},"aioseo_notices":[],"_links":{"self":[{"href":"https:\/\/tecsecmty.com\/index.php\/wp-json\/wp\/v2\/product\/9210","targetHints":{"allow":["GET"]}}],"collection":[{"href":"https:\/\/tecsecmty.com\/index.php\/wp-json\/wp\/v2\/product"}],"about":[{"href":"https:\/\/tecsecmty.com\/index.php\/wp-json\/wp\/v2\/types\/product"}],"replies":[{"embeddable":true,"href":"https:\/\/tecsecmty.com\/index.php\/wp-json\/wp\/v2\/comments?post=9210"}],"version-history":[{"count":0,"href":"https:\/\/tecsecmty.com\/index.php\/wp-json\/wp\/v2\/product\/9210\/revisions"}],"wp:featuredmedia":[{"embeddable":true,"href":"https:\/\/tecsecmty.com\/index.php\/wp-json\/wp\/v2\/media\/9209"}],"wp:attachment":[{"href":"https:\/\/tecsecmty.com\/index.php\/wp-json\/wp\/v2\/media?parent=9210"}],"wp:term":[{"taxonomy":"product_brand","embeddable":true,"href":"https:\/\/tecsecmty.com\/index.php\/wp-json\/wp\/v2\/product_brand?post=9210"},{"taxonomy":"product_cat","embeddable":true,"href":"https:\/\/tecsecmty.com\/index.php\/wp-json\/wp\/v2\/product_cat?post=9210"},{"taxonomy":"product_tag","embeddable":true,"href":"https:\/\/tecsecmty.com\/index.php\/wp-json\/wp\/v2\/product_tag?post=9210"}],"curies":[{"name":"wp","href":"https:\/\/api.w.org\/{rel}","templated":true}]}}