{"id":922,"date":"2023-02-16T00:07:38","date_gmt":"2023-02-16T00:07:38","guid":{"rendered":"https:\/\/tecsecmty.com\/index.php\/producto\/dvr-1080p-lite-pentahibrido-16-canales-turbohd-2-canales-ip-1-bahia-de-disco-duro-h-264-1-canal-de-audio-salida-de-video-full-hd\/"},"modified":"2023-03-22T23:20:47","modified_gmt":"2023-03-23T05:20:47","slug":"dvr-1080p-lite-pentahibrido-16-canales-turbohd-2-canales-ip-1-bahia-de-disco-duro-h-264-1-canal-de-audio-salida-de-video-full-hd","status":"publish","type":"product","link":"https:\/\/tecsecmty.com\/index.php\/producto\/dvr-1080p-lite-pentahibrido-16-canales-turbohd-2-canales-ip-1-bahia-de-disco-duro-h-264-1-canal-de-audio-salida-de-video-full-hd\/","title":{"rendered":"DVR 1080P Lite Pentahibrido \/ 16 Canales TURBOHD + 2 Canales IP \/ 1 Bahia de Disco Duro \/ H.264+ \/ 1 Canal de Audio \/ Salida de Video Full HD"},"content":{"rendered":"<div class=\"container\">\n<div class=\"row\">\n<div class=\"col-md-12\">\n<div class=\"row\">\n<div class=\"row\">\n<div class=\"col-md-12\">\n<h4 class=\"text-primary center info-text\" style=\"text-align: center\">Informaci\u00f3n de Producto<\/h4>\n<\/div>\n<\/div>\n<div class=\"row\" style=\"text-align: center\">\n<div class=\"col-md-12\">\n<h3>DVR 1080P Lite Pentahibrido \/ 16 Canales TURBOHD + 2 Canales IP \/ 1 Bah\u00eda de Disco Duro \/ H.264+ \/ 1 Canal de Audio \/ Salida de V\u00eddeo Full HD<\/h3>\n<\/div>\n<\/div>\n<div id=\"producto_container\" class=\"row\" style=\"text-align: center\">\n<div class=\"col-md-4\"><img decoding=\"async\" class=\"img-responsive center-block\" src=\"https:\/\/ftp3.syscom.mx\/usuarios\/fotos\/BancoFotografiasSyscom\/HILOOK\/DVR216GF1\/DVR216GF1-p.PNG\" alt=\"DVR-216G-F1\" \/><\/p>\n<div class=\"row\">\n<div id=\"galerias\" class=\"col-sm-12\"><\/div>\n<\/div>\n<\/div>\n<div class=\"col-md-4\">\n<div><img decoding=\"async\" class=\"img-responsive img-thumbnail\" src=\"https:\/\/ftp3.syscom.mx\/usuarios\/fotos\/logotipos\/hilook_by_hikvision.png\" \/><\/div>\n<div><img decoding=\"async\" class=\"icono_info_product\" src=\"https:\/\/ftp3.syscom.mx\/usuarios\/ftp\/p2p_hikconnect\/p2p_hikconnect.png?v=1522092312?v=1522356926?v=1523385170\" \/><img decoding=\"async\" class=\"icono_info_product\" src=\"https:\/\/ftp3.syscom.mx\/usuarios\/fotos\/2a-g.png\" \/><\/div>\n<div>\n<p>Modelo:\u00a0<span class=\"modelo-marca\">DVR-216G-F1<\/span><\/p>\n<p>Marca:\u00a0<span class=\"modelo-marca\">HiLook by HIKVISION<\/span><\/p>\n<\/div>\n<div><\/div>\n<\/div>\n<div class=\"col-md-4\">\n<div class=\"row\">\n<div class=\"col-md-12 default_padding_bottom\"><\/div>\n<\/div>\n<\/div>\n<\/div>\n<\/div>\n<div class=\"row \" style=\"text-align: center\">\n<div class=\"col-md-12\">\n<div class=\"row\">\n<h3 class=\"text-primary\">Especificaciones:<\/h3>\n<\/div>\n<div class=\"row well\">\n<p><img decoding=\"async\" class=\"fr-fic fr-dii\" src=\"https:\/\/ftp3.syscom.mx\/usuarios\/fotos\/IPCB120\/143291-hilook.png\" \/><\/p>\n<div><\/div>\n<p>&nbsp;<\/p>\n<p><strong>\u00bfQu\u00e9 es HD-TVI 1080p Lite?\u00a0<\/strong><\/p>\n<p>Permite a los DVRs 720p adicionar c\u00e1maras 1080p (2 Megapixel) con compatibilidad TVI, AHD y CVI con resolucion de grabacion 960 x 1080. Recordemos que Full HD es 1920 x 1080 y es por eso que el DVR no podra grabar a Full HD. Con esta ventaja podemos utilizar camaras de lente motorizado para mover el lente de manera remota o un PTZ sin problemas.<\/p>\n<p><strong>\u00bfComo tener mas canales IP?\u00a0<\/strong><\/p>\n<p>A partir de la actualizaci\u00f3n V.4.30.000 (o superior) le permitir\u00e1 deshabilitar canales TURBOHD para generar canales IP.<\/p>\n<p>&nbsp;<\/p>\n<div class=\"row\">\n<div class=\"col-sm-6\">\n<div><strong>Caracter\u00edsticas principales:<\/strong><\/p>\n<ul>\n<li>Soporta 16 canales TURBOHD + 2 canales IP = 18 canales en total.<\/li>\n<li><strong>NOTA: Permite apagar canales an\u00e1logos para agregar canales IP.<\/strong><\/li>\n<li>Soporta 1 disco duro de hasta 6 TB (no incluido)<\/li>\n<li>Soporta compresi\u00f3n H.264+ \/ H.264.<\/li>\n<li>Compatible con Hik-Connect P2P.<\/li>\n<li>Sistema pentahibrido (TVI \/ AHD \/ CVI \/ CVBS).<\/li>\n<li>Salida de v\u00eddeo HDMI \/ VGA en Full HD.<\/li>\n<li>1 entrada y salida de audio (conector RCA).<\/li>\n<\/ul>\n<\/div>\n<\/div>\n<div class=\"col-sm-6\">\n<div><strong>Caracter\u00edsticas F\u00edsicas y El\u00e9ctricas:<\/strong><\/p>\n<ul>\n<li>Alimentaci\u00f3n y consumo: 12 Vcc \/ 12 Watts (incluye transformador).<\/li>\n<li>Dimensiones: 260 x 222 x 45 mm.<\/li>\n<li>Material de metal.<\/li>\n<li>Peso: 1 Kg (sin HDD).<\/li>\n<li><strong>Garant\u00eda: 1 a\u00f1o.<\/strong><\/li>\n<\/ul>\n<p><strong>Caracter\u00edsticas Destacadas:<\/strong><\/p>\n<ul>\n<li>Permite apagar canales anal\u00f3gicos TURBO y poder habilitar canales IP adicionales, por cada canal anal\u00f3gico TURBO que apaguemos podemos generar 1 canal IP adicional (5 canales IP en total).<\/li>\n<li>Nota: no soporta control remoto.<\/li>\n<\/ul>\n<\/div>\n<\/div>\n<\/div>\n<p>&nbsp;<\/p>\n<div class=\"row\">\n<div class=\"col-sm-12\">\n<div><strong>Resoluci\u00f3n soportadas:<\/strong><\/p>\n<ul>\n<li>TVI: 1080p Lite \/ 720p.<\/li>\n<li>CVI: 1080p Lite \/ 720p.<\/li>\n<li>AHD: 1080p Lite \/ 720p.<\/li>\n<li>CVBS: 1200 TVL en adelante.<\/li>\n<li>IP: 5 Megapixel.<\/li>\n<\/ul>\n<\/div>\n<\/div>\n<div class=\"col-sm-4\"><\/div>\n<div class=\"col-sm-4\"><\/div>\n<\/div>\n<p>&nbsp;<\/p>\n<p><img decoding=\"async\" class=\"fr-fic fr-dii\" src=\"https:\/\/ftp3.syscom.mx\/usuarios\/jsosa\/GIF\/bannerepcom.jpg\" \/><\/p>\n<\/div>\n<\/div>\n<\/div>\n<\/div>\n<\/div>\n<\/div>\n<p><img decoding=\"async\" class=\"aligncenter\" src=\"https:\/\/tracker.metricool.com\/c3po.jpg?hash=95c94f37730bb8f54dd4308f1f878f9\" \/><\/p>\n","protected":false},"excerpt":{"rendered":"<p>Informaci\u00f3n de Producto DVR 1080P Lite Pentahibrido \/ 16 Canales TURBOHD + 2 Canales IP \/ 1 Bah\u00eda de Disco Duro \/ H.264+ \/ 1 Canal de Audio \/ Salida de V\u00eddeo Full HD Modelo:\u00a0DVR-216G-F1 Marca:\u00a0HiLook by HIKVISION Especificaciones: &nbsp; \u00bfQu\u00e9 es HD-TVI 1080p Lite?\u00a0&hellip;<\/p>\n","protected":false},"featured_media":1825,"comment_status":"open","ping_status":"closed","template":"","meta":{"om_disable_all_campaigns":false,"_monsterinsights_skip_tracking":false,"_monsterinsights_sitenote_active":false,"_monsterinsights_sitenote_note":"","_monsterinsights_sitenote_category":0},"product_brand":[],"product_cat":[56],"product_tag":[58,59,57],"class_list":{"0":"post-922","1":"product","2":"type-product","3":"status-publish","4":"has-post-thumbnail","6":"product_cat-videograbadoras-analogicas-turbohd-tvi-ahd-cvi","7":"product_tag-dvr","8":"product_tag-videograbadora","9":"product_tag-videograbadoras-analogicas-turbohd-tvi-ahd-cvi","11":"first","12":"instock","13":"taxable","14":"shipping-taxable","15":"product-type-simple"},"aioseo_notices":[],"_links":{"self":[{"href":"https:\/\/tecsecmty.com\/index.php\/wp-json\/wp\/v2\/product\/922","targetHints":{"allow":["GET"]}}],"collection":[{"href":"https:\/\/tecsecmty.com\/index.php\/wp-json\/wp\/v2\/product"}],"about":[{"href":"https:\/\/tecsecmty.com\/index.php\/wp-json\/wp\/v2\/types\/product"}],"replies":[{"embeddable":true,"href":"https:\/\/tecsecmty.com\/index.php\/wp-json\/wp\/v2\/comments?post=922"}],"version-history":[{"count":2,"href":"https:\/\/tecsecmty.com\/index.php\/wp-json\/wp\/v2\/product\/922\/revisions"}],"predecessor-version":[{"id":1826,"href":"https:\/\/tecsecmty.com\/index.php\/wp-json\/wp\/v2\/product\/922\/revisions\/1826"}],"wp:featuredmedia":[{"embeddable":true,"href":"https:\/\/tecsecmty.com\/index.php\/wp-json\/wp\/v2\/media\/1825"}],"wp:attachment":[{"href":"https:\/\/tecsecmty.com\/index.php\/wp-json\/wp\/v2\/media?parent=922"}],"wp:term":[{"taxonomy":"product_brand","embeddable":true,"href":"https:\/\/tecsecmty.com\/index.php\/wp-json\/wp\/v2\/product_brand?post=922"},{"taxonomy":"product_cat","embeddable":true,"href":"https:\/\/tecsecmty.com\/index.php\/wp-json\/wp\/v2\/product_cat?post=922"},{"taxonomy":"product_tag","embeddable":true,"href":"https:\/\/tecsecmty.com\/index.php\/wp-json\/wp\/v2\/product_tag?post=922"}],"curies":[{"name":"wp","href":"https:\/\/api.w.org\/{rel}","templated":true}]}}