{"id":9228,"date":"2023-02-23T22:39:17","date_gmt":"2023-02-24T04:39:17","guid":{"rendered":"https:\/\/tecsecmty.com\/index.php\/producto\/zkteco-mb10vl-control-de-asistencia-y-acceso-simple-500-huellas-100-rostros-luz-visible-50000-eventos-tcpip\/"},"modified":"2023-03-22T23:25:27","modified_gmt":"2023-03-23T05:25:27","slug":"zkteco-mb10vl-control-de-asistencia-y-acceso-simple-500-huellas-100-rostros-luz-visible-50000-eventos-tcpip","status":"publish","type":"product","link":"https:\/\/tecsecmty.com\/index.php\/producto\/zkteco-mb10vl-control-de-asistencia-y-acceso-simple-500-huellas-100-rostros-luz-visible-50000-eventos-tcpip\/","title":{"rendered":"ZKTECO MB10VL- Control de Asistencia y Acceso simple \/ 500 huellas \/ 100 rostros Luz Visible \/ 50000 eventos \/ TCPIP"},"content":{"rendered":"<div class=\"row aling-items-center padding-bottom-2x\">\n<div class=\"col-lg-12\">\n<h5 class=\"card-title text-center\">Informaci\u00f3n General<\/h5>\n<h5 class=\"ql-align-justify\">El control de Acceso y Asistencia\u00a0<strong>MB10-VL<\/strong>\u00a0es una terminal de identificaci\u00f3n multibiom\u00e9trica sin contacto que presenta la innovadora tecnolog\u00eda de reconocimiento facial Visible Light de ZKTeco.<\/h5>\n<h5 class=\"ql-align-justify\">Con el \u00faltimo algoritmo y tecnolog\u00edas de reconocimiento facial Visible Light, el dispositivo puede reconocer un objetivo en una distancia de 30cm a 50cm. Funcionar\u00e1 autom\u00e1ticamente cuando detecte un rostro humano en la distancia de detecci\u00f3n para ofrecer una mejor calidad de reconocimiento en t\u00e9rminos de velocidad y precisi\u00f3n que las anteriores terminales de reconocimiento facial de infrarrojo cercano.<\/h5>\n<p><img decoding=\"async\" class=\"overview-center-img-web\" src=\"https:\/\/tvc.mx\/media\/557439\/Control-Asistencia-Acceso-Simple-Huellas-Rostros-TCPIP-MB10VL-ZKTeco-TVC-Banner2.png\" alt=\"\" \/><\/div>\n<\/div>\n<div class=\"row align-items-center padding-bottom-2x\">\n<div class=\"col-md-5 order-md-2\"><img decoding=\"async\" class=\"d-block m-auto img-thumbnail\" src=\"https:\/\/tvc.mx\/media\/325295\/Control-Asistencia-Acceso-Simple-Huellas-Rostros-TCPIP-MB10VL-ZK-TVC-Complemento.png\" alt=\" \" \/><\/div>\n<div class=\"col-md-7 order-md-1 text-md-left text-center\">\n<h2>Principales Caracter\u00edsticas<\/h2>\n<p class=\"text-muted\">\n<p><strong>Almacenamiento:<\/strong><\/p>\n<ul>\n<li>100 Rostros<\/li>\n<li>500 Huellas<\/li>\n<li>500 Contrase\u00f1as<\/li>\n<li>50,000 Eventos<\/li>\n<\/ul>\n<p><strong>Interfaz de Comunicaci\u00f3n:<\/strong>\u00a0TCP\/IP, USB(Host)<\/p>\n<p><strong>Funci\u00f3n ADMS<\/strong>\u00a0Ready<\/p>\n<p><strong>Funci\u00f3n Especial<\/strong>SSR(Self Service Report)<\/p>\n<p><strong>Interfaz de Acceso:<\/strong><\/p>\n<ul>\n<li>Relevador para Control de Acceso<\/li>\n<li>Conexi\u00f3n para Bot\u00f3n de Salida<\/li>\n<li>Conexi\u00f3n para Sensor de Puerta<\/li>\n<\/ul>\n<p><strong>Software Compatible:<\/strong>\u00a0BioTime PRO<\/p>\n<p>&nbsp;<\/p>\n<\/div>\n<\/div>\n<hr class=\"padding-bottom-2x\" \/>\n<div class=\"row align-items-center padding-bottom-2x\">\n<div class=\"col-md-5\"><img decoding=\"async\" class=\"d-block m-auto img-thumbnail\" src=\"https:\/\/tvc.mx\/media\/325307\/Control-Asistencia-Acceso-Simple-Huellas-Rostros-TCPIP-MB10VL-ZK-TVC-Complemento2.png\" alt=\" \" \/><\/div>\n<div class=\"col-md-7 text-md-left text-center\">\n<h2>Especificaciones T\u00e9cnicas<\/h2>\n<p class=\"text-muted\">\n<p><strong>Pantalla:<\/strong>\u00a02.8 Pulgadas TFT<\/p>\n<p><strong>Algoritmos Biom\u00e9tricos:<\/strong>\u00a0ZKLiveFace V3.5 \/ ZKFinger V10.0<\/p>\n<p><strong>Fuente de Alimentaci\u00f3n:<\/strong>\u00a05VDC 2A<\/p>\n<p><strong>Velocidad de Velicaci\u00f3n:<\/strong>\u00a0\u2264 1 seg<\/p>\n<p><strong>Temperatura de Operaci\u00f3n:<\/strong>\u00a00\u00b0c a 45\u00b0c<\/p>\n<p><strong>Humedad de Operaci\u00f3n:<\/strong>\u00a020% &#8211; 80%<\/p>\n<p><strong>Dimensiones:\u00a0<\/strong>168.0 x 151.3 x 31.7(110.27) mm<\/p>\n<p>&nbsp;<\/p>\n<\/div>\n<\/div>\n<hr class=\"padding-bottom-2x\" \/>\n<div class=\"row align-items-center padding-bottom-2x\">\n<div class=\"col-md-5 order-md-2\"><img decoding=\"async\" class=\"d-block m-auto img-thumbnail\" src=\"https:\/\/tvc.mx\/media\/358887\/Control-Asistencia-Acceso-Simple-Huellas-Rostros-TCPIP-MB10VL-ZK-TVC-Complemento3.png\" alt=\" \" \/><\/div>\n<div class=\"col-md-7 order-md-1 text-md-left text-center\">\n<h2>Funci\u00f3n SSR<\/h2>\n<p class=\"text-muted\">\n<p class=\"ql-align-justify\">El\u00a0<strong>MB10VL<\/strong>\u00a0cuenta con la funci\u00f3n\u00a0<strong>SSR<\/strong>\u00a0(<em>Self Service Report<\/em>) la cual nos permitir\u00e1n\u00a0<u>realizar las configuraciones de asistencia directamente en el dispositivo<\/u>\u00a0(creaci\u00f3n de Horarios, Turnos y Calendarios) con ello nos da la facilidad de poder generar y descargar reportes sencillos de asistencia directamente a una unidad de almacenamiento (<u>mejor conocidas como USB<\/u>)<\/p>\n<p class=\"ql-align-justify\">Tambi\u00e9n podemos exportar o importar plantillas en Excel (del Personal, Horarios, Turnos, etc) as\u00ed facilitando el capturado de informaci\u00f3n en el equipo.<\/p>\n<p>&nbsp;<\/p>\n<\/div>\n<\/div>\n<hr class=\"padding-bottom-2x\" \/>\n<div class=\"row align-items-center padding-bottom-2x\">\n<div class=\"col-md-5\"><img decoding=\"async\" class=\"d-block m-auto img-thumbnail\" src=\"https:\/\/tvc.mx\/media\/369535\/Sin-t%C3%ADtulo-1.png\" alt=\" \" \/><\/div>\n<div class=\"col-md-7 text-md-left text-center\">\n<h2>Incluye<\/h2>\n<p class=\"text-muted\">\n<ul>\n<li>Soporte de pared<\/li>\n<li>Plantilla de montaje<\/li>\n<li>Torniller\u00eda de montaje<\/li>\n<li>Arn\u00e9s de conexi\u00f3n<\/li>\n<li>Fuente de Poder (5V 2A)<\/li>\n<\/ul>\n<\/div>\n<\/div>\n","protected":false},"excerpt":{"rendered":"<p>Informaci\u00f3n General El control de Acceso y Asistencia\u00a0MB10-VL\u00a0es una terminal de identificaci\u00f3n multibiom\u00e9trica sin contacto que presenta la innovadora tecnolog\u00eda de reconocimiento facial Visible Light de ZKTeco. Con el \u00faltimo algoritmo y tecnolog\u00edas de reconocimiento facial Visible Light, el dispositivo puede reconocer un objetivo en&hellip;<\/p>\n","protected":false},"featured_media":9227,"comment_status":"open","ping_status":"closed","template":"","meta":{"om_disable_all_campaigns":false,"_monsterinsights_skip_tracking":false,"_monsterinsights_sitenote_active":false,"_monsterinsights_sitenote_note":"","_monsterinsights_sitenote_category":0},"product_brand":[],"product_cat":[837],"product_tag":[81,727,730,66,731,728,729],"class_list":{"0":"post-9228","1":"product","2":"type-product","3":"status-publish","4":"has-post-thumbnail","6":"product_cat-facial-control-de-asistencia-zkteco-acceso-asistencia","7":"product_tag-acceso-y-asistencia","8":"product_tag-cerraduras","9":"product_tag-commax-wulian","10":"product_tag-dahua","11":"product_tag-wejoin","12":"product_tag-yli","13":"product_tag-zkteco","15":"first","16":"instock","17":"sale","18":"taxable","19":"shipping-taxable","20":"purchasable","21":"product-type-simple"},"aioseo_notices":[],"_links":{"self":[{"href":"https:\/\/tecsecmty.com\/index.php\/wp-json\/wp\/v2\/product\/9228","targetHints":{"allow":["GET"]}}],"collection":[{"href":"https:\/\/tecsecmty.com\/index.php\/wp-json\/wp\/v2\/product"}],"about":[{"href":"https:\/\/tecsecmty.com\/index.php\/wp-json\/wp\/v2\/types\/product"}],"replies":[{"embeddable":true,"href":"https:\/\/tecsecmty.com\/index.php\/wp-json\/wp\/v2\/comments?post=9228"}],"version-history":[{"count":0,"href":"https:\/\/tecsecmty.com\/index.php\/wp-json\/wp\/v2\/product\/9228\/revisions"}],"wp:featuredmedia":[{"embeddable":true,"href":"https:\/\/tecsecmty.com\/index.php\/wp-json\/wp\/v2\/media\/9227"}],"wp:attachment":[{"href":"https:\/\/tecsecmty.com\/index.php\/wp-json\/wp\/v2\/media?parent=9228"}],"wp:term":[{"taxonomy":"product_brand","embeddable":true,"href":"https:\/\/tecsecmty.com\/index.php\/wp-json\/wp\/v2\/product_brand?post=9228"},{"taxonomy":"product_cat","embeddable":true,"href":"https:\/\/tecsecmty.com\/index.php\/wp-json\/wp\/v2\/product_cat?post=9228"},{"taxonomy":"product_tag","embeddable":true,"href":"https:\/\/tecsecmty.com\/index.php\/wp-json\/wp\/v2\/product_tag?post=9228"}],"curies":[{"name":"wp","href":"https:\/\/api.w.org\/{rel}","templated":true}]}}