{"id":9230,"date":"2023-02-23T22:39:19","date_gmt":"2023-02-24T04:39:19","guid":{"rendered":"https:\/\/tecsecmty.com\/index.php\/producto\/zkteco-mb360id-control-de-acceso-y-asistencia-1500-rostros-2000-huellas-2000-tarjetas-100000-eventos-tcpip-parejaideal\/"},"modified":"2023-03-22T23:25:27","modified_gmt":"2023-03-23T05:25:27","slug":"zkteco-mb360id-control-de-acceso-y-asistencia-1500-rostros-2000-huellas-2000-tarjetas-100000-eventos-tcpip-parejaideal","status":"publish","type":"product","link":"https:\/\/tecsecmty.com\/index.php\/producto\/zkteco-mb360id-control-de-acceso-y-asistencia-1500-rostros-2000-huellas-2000-tarjetas-100000-eventos-tcpip-parejaideal\/","title":{"rendered":"ZKTECO MB360ID &#8211; Control de Acceso y Asistencia \/ 1500 Rostros \/ 2000 Huellas \/ 2000 Tarjetas \/ 100000 Eventos \/ TCPIP \/ #PAREJAIDEAL"},"content":{"rendered":"<div class=\"row aling-items-center padding-bottom-2x\">\n<div class=\"col-lg-12\">\n<h5 class=\"card-title text-center\">Informaci\u00f3n General<\/h5>\n<p class=\"ql-align-justify\">El control de asistencia y acceso b\u00e1sico\u00a0<strong>MB360<\/strong>\u00a0es un innovador dispositivo para la gesti\u00f3n de tiempo y asistencia de los empleados, soporta m\u00e9todos de veri\ufb01caci\u00f3n por medio de rostro, huella, tarjeta, contrase\u00f1a y combinaciones entre los anteriores adem\u00e1s de funciones b\u00e1sicas de Control de Acceso.<\/p>\n<p class=\"ql-align-justify\">La veri\ufb01caci\u00f3n de usuarios es realizada en menos de 1 segundo, lo cual agiliza el proceso en las horas de entrada y salida.<\/p>\n<p class=\"ql-align-justify\">La comunicaci\u00f3n entre el MB360 y la PC se realiza por medio de la interfaz TCP\/IP, para la transferencia manual de datos. Su dise\u00f1o elegante encaja perfectamente en cualquier tipo de ambiente.<\/p>\n<p><img decoding=\"async\" class=\"overview-center-img-web\" src=\"https:\/\/tvc.mx\/media\/629606\/Control-Acceso-Asistencia-Facial-Huellas-TCPIP-MB360ID-ZKTeco-Banner2.png\" alt=\"\" \/><\/p>\n<\/div>\n<\/div>\n<div class=\"row align-items-center padding-bottom-2x\">\n<div class=\"col-md-5 order-md-2\"><img decoding=\"async\" class=\"d-block m-auto img-thumbnail\" src=\"https:\/\/tvc.mx\/media\/312651\/Control-Acceso-Asistencia-Facial-Huellas-TCPIP-MB360ID-ZK-Complemento2.png\" alt=\" \" \/><\/div>\n<div class=\"col-md-7 order-md-1 text-md-left text-center\">\n<h2>Principales Caracter\u00edsticas<\/h2>\n<p><strong>Almacenamiento:<\/strong><\/p>\n<ul>\n<li>1,500 Rostros<\/li>\n<li>2,000 Huellas<\/li>\n<li>2,000 Tarjetas (RF-ID)<\/li>\n<li>100,000 Eventos<\/li>\n<\/ul>\n<p><strong>Interfaz de Comunicaci\u00f3n:<\/strong>\u00a0TCP\/IP, USB(Host)<\/p>\n<p><strong>Funci\u00f3n ADMS<\/strong>\u00a0Ready<\/p>\n<p><strong>Interfaz de Acceso:<\/strong><\/p>\n<ul>\n<li>Relevador para Control de Acceso<\/li>\n<li>Conexi\u00f3n para Bot\u00f3n de Salida<\/li>\n<li>Conexi\u00f3n para Impresora (RS232)<\/li>\n<\/ul>\n<p><strong>Funci\u00f3n opcional de paga (Actualizaci\u00f3n de Firmware)(Clave:\u00a0<\/strong><strong>67067<\/strong><strong>)<\/strong><\/p>\n<ul>\n<li>Activaci\u00f3n de Relevador por Timbre Programado<\/li>\n<\/ul>\n<p><strong>Software Compatible:\u00a0<\/strong>ZK Time.Net Lite,\u00a0ZK Time.Net 3.0,\u00a0BioTime PRO,\u00a0Titanium<\/p>\n<p>&nbsp;<\/p>\n<\/div>\n<\/div>\n<hr class=\"padding-bottom-2x\" \/>\n<div class=\"row align-items-center padding-bottom-2x\">\n<div class=\"col-md-5\"><img decoding=\"async\" class=\"d-block m-auto img-thumbnail\" src=\"https:\/\/tvc.mx\/media\/312655\/Control-Acceso-Asistencia-Facial-Huellas-TCPIP-MB360ID-ZK-Complemento.png\" alt=\" \" \/><\/div>\n<div class=\"col-md-7 text-md-left text-center\">\n<h2>Especificaciones T\u00e9cnicas<\/h2>\n<p><strong>Pantalla:<\/strong>\u00a02.8 Pulgadas TFT<\/p>\n<p><strong>Fuente de Alimentaci\u00f3n:<\/strong>\u00a0DC 12V 1.5A<\/p>\n<p><strong>Temperatura de Operaci\u00f3n:<\/strong>\u00a00\u00b0c a 45\u00b0c<\/p>\n<p><strong>Humedad de Operaci\u00f3n:<\/strong>\u00a020% &#8211; 80%<\/p>\n<p><strong>Dimensiones:<\/strong>\u00a0167.5 x 148.8 x 32.2 mm<\/p>\n<p><strong>Peso:<\/strong>\u00a0380 gr<\/p>\n<p>&nbsp;<\/p>\n<\/div>\n<\/div>\n<hr class=\"padding-bottom-2x\" \/>\n<div class=\"row align-items-center padding-bottom-2x\">\n<div class=\"col-md-5 order-md-2\"><img decoding=\"async\" class=\"d-block m-auto img-thumbnail\" src=\"https:\/\/tvc.mx\/media\/375339\/Control-Acceso-Asistencia-Facial-Huellas-TCPIP-MB360ID-ZK-Complemento3.png\" alt=\" \" \/><\/div>\n<div class=\"col-md-7 order-md-1 text-md-left text-center\">\n<h2>Incluye<\/h2>\n<ul>\n<li>Soporte de pared<\/li>\n<li>Plantilla de montaje<\/li>\n<li>Torniller\u00eda de montaje<\/li>\n<li>Borneras de conexi\u00f3n<\/li>\n<li>Fuente de Poder (12V 1.5A)<\/li>\n<\/ul>\n<\/div>\n<\/div>\n","protected":false},"excerpt":{"rendered":"<p>Informaci\u00f3n General El control de asistencia y acceso b\u00e1sico\u00a0MB360\u00a0es un innovador dispositivo para la gesti\u00f3n de tiempo y asistencia de los empleados, soporta m\u00e9todos de veri\ufb01caci\u00f3n por medio de rostro, huella, tarjeta, contrase\u00f1a y combinaciones entre los anteriores adem\u00e1s de funciones b\u00e1sicas de Control de&hellip;<\/p>\n","protected":false},"featured_media":9229,"comment_status":"open","ping_status":"closed","template":"","meta":{"om_disable_all_campaigns":false,"_monsterinsights_skip_tracking":false,"_monsterinsights_sitenote_active":false,"_monsterinsights_sitenote_note":"","_monsterinsights_sitenote_category":0},"product_brand":[],"product_cat":[837],"product_tag":[81,727,730,66,731,728,729],"class_list":{"0":"post-9230","1":"product","2":"type-product","3":"status-publish","4":"has-post-thumbnail","6":"product_cat-facial-control-de-asistencia-zkteco-acceso-asistencia","7":"product_tag-acceso-y-asistencia","8":"product_tag-cerraduras","9":"product_tag-commax-wulian","10":"product_tag-dahua","11":"product_tag-wejoin","12":"product_tag-yli","13":"product_tag-zkteco","15":"first","16":"instock","17":"sale","18":"taxable","19":"shipping-taxable","20":"purchasable","21":"product-type-simple"},"aioseo_notices":[],"_links":{"self":[{"href":"https:\/\/tecsecmty.com\/index.php\/wp-json\/wp\/v2\/product\/9230","targetHints":{"allow":["GET"]}}],"collection":[{"href":"https:\/\/tecsecmty.com\/index.php\/wp-json\/wp\/v2\/product"}],"about":[{"href":"https:\/\/tecsecmty.com\/index.php\/wp-json\/wp\/v2\/types\/product"}],"replies":[{"embeddable":true,"href":"https:\/\/tecsecmty.com\/index.php\/wp-json\/wp\/v2\/comments?post=9230"}],"version-history":[{"count":0,"href":"https:\/\/tecsecmty.com\/index.php\/wp-json\/wp\/v2\/product\/9230\/revisions"}],"wp:featuredmedia":[{"embeddable":true,"href":"https:\/\/tecsecmty.com\/index.php\/wp-json\/wp\/v2\/media\/9229"}],"wp:attachment":[{"href":"https:\/\/tecsecmty.com\/index.php\/wp-json\/wp\/v2\/media?parent=9230"}],"wp:term":[{"taxonomy":"product_brand","embeddable":true,"href":"https:\/\/tecsecmty.com\/index.php\/wp-json\/wp\/v2\/product_brand?post=9230"},{"taxonomy":"product_cat","embeddable":true,"href":"https:\/\/tecsecmty.com\/index.php\/wp-json\/wp\/v2\/product_cat?post=9230"},{"taxonomy":"product_tag","embeddable":true,"href":"https:\/\/tecsecmty.com\/index.php\/wp-json\/wp\/v2\/product_tag?post=9230"}],"curies":[{"name":"wp","href":"https:\/\/api.w.org\/{rel}","templated":true}]}}