{"id":9238,"date":"2023-02-23T22:39:26","date_gmt":"2023-02-24T04:39:26","guid":{"rendered":"https:\/\/tecsecmty.com\/index.php\/producto\/zkteco-proface-x-terminal-de-control-de-acceso-con-reconocimiento-facial-para-exterior-30000-rostros-50000-tarjetas-rfid-125-khz-8-pulgadas-ip68-ik04-serie-visible-light-mtd\/"},"modified":"2023-03-22T23:25:30","modified_gmt":"2023-03-23T05:25:30","slug":"zkteco-proface-x-terminal-de-control-de-acceso-con-reconocimiento-facial-para-exterior-30000-rostros-50000-tarjetas-rfid-125-khz-8-pulgadas-ip68-ik04-serie-visible-light-mtd","status":"publish","type":"product","link":"https:\/\/tecsecmty.com\/index.php\/producto\/zkteco-proface-x-terminal-de-control-de-acceso-con-reconocimiento-facial-para-exterior-30000-rostros-50000-tarjetas-rfid-125-khz-8-pulgadas-ip68-ik04-serie-visible-light-mtd\/","title":{"rendered":"ZKTECO ProFace X- Terminal de Control de Acceso con Reconocimiento Facial \/ para Exterior \/ 30000 Rostros \/ 50000 Tarjetas RFID 125 Khz \/ 8 Pulgadas \/ IP68 \/ IK04 \/ Serie Visible Light \/ #MTD"},"content":{"rendered":"<div class=\"row aling-items-center padding-bottom-2x\">\n<div class=\"col-lg-12\">\n<h5 class=\"card-title text-center\">Informaci\u00f3n General<\/h5>\n<p class=\"ql-align-justify\">La serie\u00a0<strong>ProFace X<\/strong>\u00a0es una versi\u00f3n totalmente actualizada de la l\u00ednea de productos ProFace, que est\u00e1 dise\u00f1ada para manejar todo tipo de escenarios. Desarrollado con el CPU personalizado de ZKTeco para ejecutar el algotirmo m\u00e1s avanzado de reconocimiento facial, la serie ProFace X admite la verificaci\u00f3n facial con gran capacidad y velocidad, aumentando el rendimiento de seguridad en todos los aspectos.<\/p>\n<p class=\"ql-align-justify\">Tambi\u00e9n est\u00e1 equipado con el \u00faltimo sistema de captura de rostros, que permite que el terminal reconozca los rostros en condiciones extremas de luz intensa (50,000 lux) junto con un detector de microondas para evaluar con precisi\u00f3n la distancia entre el usuario y el dispositivo para activar el reconocimiento facial de la terminal.<\/p>\n<p><img decoding=\"async\" class=\"overview-center-img-web\" src=\"https:\/\/tvc.mx\/media\/415007\/Control-Acceso-Reconocimiento-Facial-Exterior-IP64-IK40-Rostros-TarjetasID-ProFaceX-ZK-TVC-Banner.png\" alt=\"\" \/><\/div>\n<\/div>\n<div class=\"row align-items-center padding-bottom-2x\">\n<div class=\"col-md-5 order-md-2\"><img decoding=\"async\" class=\"d-block m-auto img-thumbnail\" src=\"https:\/\/tvc.mx\/media\/325095\/Control-Acceso-Reconocimiento-Facial-Exterior-IP64-IK40-Rostros-TarjetasID-ProFaceX-ZK-TVC-Complemento2.png\" alt=\" \" \/><\/div>\n<div class=\"col-md-7 order-md-1 text-md-left text-center\">\n<h2>Principales Caracter\u00edsticas<\/h2>\n<p class=\"text-muted\">\n<p><strong>Almacenamiento:<\/strong><\/p>\n<ul>\n<li>30,000 Rostros (Visible Light)<\/li>\n<li>50,000 Tarjetas (RF ID)<\/li>\n<li>50,000 Contrase\u00f1a<\/li>\n<li>2,000,000 Eventos<\/li>\n<\/ul>\n<p><strong>Interfaz de Comunicaci\u00f3n:<\/strong>\u00a0TCP\/IP<\/p>\n<p><strong>Funci\u00f3n ADMS<\/strong>\u00a0Ready<\/p>\n<p><strong>Interfaz de Acceso:<\/strong><\/p>\n<ul>\n<li>Relevador para Control de Acceso<\/li>\n<li>Conexi\u00f3n para Bot\u00f3n de Salida<\/li>\n<li>Conexion para Sensor de Puerta<\/li>\n<li>Conexi\u00f3n para Impresora (RS232)<\/li>\n<li>Salida y Entrada Wiegand<\/li>\n<li>Conexi\u00f3n RS485 (para Lector Esclavo)<\/li>\n<li>Entrada Auxiliar<\/li>\n<li>Salida de Alarma<\/li>\n<\/ul>\n<p><strong>Software Compatible:<\/strong>\u00a0BioSecurity,\u00a0BioAccess,\u00a0BioTime PRO<\/p>\n<p>&nbsp;<\/p>\n<\/div>\n<\/div>\n<hr class=\"padding-bottom-2x\" \/>\n<div class=\"row align-items-center padding-bottom-2x\">\n<div class=\"col-md-5\"><img decoding=\"async\" class=\"d-block m-auto img-thumbnail\" src=\"https:\/\/tvc.mx\/media\/325099\/Control-Acceso-Reconocimiento-Facial-Exterior-IP64-IK40-Rostros-TarjetasID-ProFaceX-ZK-TVC-Complemento.png\" alt=\" \" \/><\/div>\n<div class=\"col-md-7 text-md-left text-center\">\n<h2>Especificaciones T\u00e9cnicas<\/h2>\n<p class=\"text-muted\">\n<p><strong>Pantalla:<\/strong>\u00a0LCD t\u00e1ctil IPS de 8&#8243;<\/p>\n<p><strong>Luz LED:<\/strong>\u00a0Brillo Ajustable<\/p>\n<p><strong>Caracter\u00edsticas Especiales:\u00a0<\/strong>IP68 &amp; IK04<\/p>\n<p><strong>Fuente de Alimentaci\u00f3n:<\/strong>\u00a0DC 12V 2A<\/p>\n<p><strong>Temperatura de Operaci\u00f3n:<\/strong>\u00a0-30\u00b0C ~ 60\u00b0C<\/p>\n<p><strong>Humedad de Operaci\u00f3n:<\/strong>\u00a010% ~ 90%<\/p>\n<p><strong>Dimensiones:<\/strong>\u00a0227 * 143 * 26\u00a0\u00a0mm<\/p>\n<p><strong>Algoritmos:<\/strong>\u00a0ZKFace V5.8<\/p>\n<p><strong>Peso neto:<\/strong>\u00a0853g<\/p>\n<\/div>\n<\/div>\n","protected":false},"excerpt":{"rendered":"<p>Informaci\u00f3n General La serie\u00a0ProFace X\u00a0es una versi\u00f3n totalmente actualizada de la l\u00ednea de productos ProFace, que est\u00e1 dise\u00f1ada para manejar todo tipo de escenarios. Desarrollado con el CPU personalizado de ZKTeco para ejecutar el algotirmo m\u00e1s avanzado de reconocimiento facial, la serie ProFace X admite&hellip;<\/p>\n","protected":false},"featured_media":9237,"comment_status":"open","ping_status":"closed","template":"","meta":{"om_disable_all_campaigns":false,"_monsterinsights_skip_tracking":false,"_monsterinsights_sitenote_active":false,"_monsterinsights_sitenote_note":"","_monsterinsights_sitenote_category":0},"product_brand":[],"product_cat":[837],"product_tag":[81,727,730,66,731,728,729],"class_list":{"0":"post-9238","1":"product","2":"type-product","3":"status-publish","4":"has-post-thumbnail","6":"product_cat-facial-control-de-asistencia-zkteco-acceso-asistencia","7":"product_tag-acceso-y-asistencia","8":"product_tag-cerraduras","9":"product_tag-commax-wulian","10":"product_tag-dahua","11":"product_tag-wejoin","12":"product_tag-yli","13":"product_tag-zkteco","15":"first","16":"instock","17":"sale","18":"taxable","19":"shipping-taxable","20":"purchasable","21":"product-type-simple"},"aioseo_notices":[],"_links":{"self":[{"href":"https:\/\/tecsecmty.com\/index.php\/wp-json\/wp\/v2\/product\/9238","targetHints":{"allow":["GET"]}}],"collection":[{"href":"https:\/\/tecsecmty.com\/index.php\/wp-json\/wp\/v2\/product"}],"about":[{"href":"https:\/\/tecsecmty.com\/index.php\/wp-json\/wp\/v2\/types\/product"}],"replies":[{"embeddable":true,"href":"https:\/\/tecsecmty.com\/index.php\/wp-json\/wp\/v2\/comments?post=9238"}],"version-history":[{"count":0,"href":"https:\/\/tecsecmty.com\/index.php\/wp-json\/wp\/v2\/product\/9238\/revisions"}],"wp:featuredmedia":[{"embeddable":true,"href":"https:\/\/tecsecmty.com\/index.php\/wp-json\/wp\/v2\/media\/9237"}],"wp:attachment":[{"href":"https:\/\/tecsecmty.com\/index.php\/wp-json\/wp\/v2\/media?parent=9238"}],"wp:term":[{"taxonomy":"product_brand","embeddable":true,"href":"https:\/\/tecsecmty.com\/index.php\/wp-json\/wp\/v2\/product_brand?post=9238"},{"taxonomy":"product_cat","embeddable":true,"href":"https:\/\/tecsecmty.com\/index.php\/wp-json\/wp\/v2\/product_cat?post=9238"},{"taxonomy":"product_tag","embeddable":true,"href":"https:\/\/tecsecmty.com\/index.php\/wp-json\/wp\/v2\/product_tag?post=9238"}],"curies":[{"name":"wp","href":"https:\/\/api.w.org\/{rel}","templated":true}]}}