{"id":9242,"date":"2023-02-23T22:39:32","date_gmt":"2023-02-24T04:39:32","guid":{"rendered":"https:\/\/tecsecmty.com\/index.php\/producto\/zkteco-profacexfmbpak-terminal-de-control-de-acceso-y-asistencia-facial-y-palma-con-medicion-de-temperatura-y-deteccion-de-cubrebocas-30-000-rostros-5-000-palmas-incluye-pedestal-fmb03-de-altu\/"},"modified":"2023-03-22T23:25:30","modified_gmt":"2023-03-23T05:25:30","slug":"zkteco-profacexfmbpak-terminal-de-control-de-acceso-y-asistencia-facial-y-palma-con-medicion-de-temperatura-y-deteccion-de-cubrebocas-30-000-rostros-5-000-palmas-incluye-pedestal-fmb03-de-altu","status":"publish","type":"product","link":"https:\/\/tecsecmty.com\/index.php\/producto\/zkteco-profacexfmbpak-terminal-de-control-de-acceso-y-asistencia-facial-y-palma-con-medicion-de-temperatura-y-deteccion-de-cubrebocas-30-000-rostros-5-000-palmas-incluye-pedestal-fmb03-de-altu\/","title":{"rendered":"ZKTECO ProfaceXFMBPak &#8211; Terminal de Control de Acceso y Asistencia Facial y Palma con Medici\u00f3n de Temperatura y Detecci\u00f3n de Cubrebocas \/ 30 000 Rostros \/ 5 000 Palmas \/ Incluye Pedestal FMB03 de Altura de 83.2 cm"},"content":{"rendered":"<div class=\"row aling-items-center padding-bottom-2x\">\n<div class=\"col-lg-12\">\n<h5 class=\"card-title text-center\">Informaci\u00f3n General<\/h5>\n<p>El\u00a0ProFace X [TI]\u00a0esta desarrollado por la CPU personalizada ZKTeco para ejecutar el algoritmo de reconocimiento facial y dise\u00f1ado para hacer frente a todo tipo de escenarios. Admite la verificaci\u00f3n facial, reconocimiento de palma, lectura de C\u00f3digo QR.<\/p>\n<p>El ProFace X [TI] tambi\u00e9n nos ayuda a eliminar los problemas de higiene; no solo por la tecnolog\u00eda de reconocimiento sin contacto, si no por las nuevas funciones de la detecci\u00f3n de temperatura corporal y la identificaci\u00f3n individual con mascara. Permitiendo un validaci\u00f3n r\u00e1pida y precisa en todos los puntos de acceso, especialmente funcionales en hospitales, f\u00e1bricas, escuelas, edificios comerciales, aeropuertos, estaciones y otras \u00e1reas p\u00fablicas.<\/p>\n<p><img decoding=\"async\" class=\"overview-center-img-web\" src=\"https:\/\/tvc.mx\/media\/293387\/Terminal-Control-Acceso-Asistencia-Facial-Medici%C3%B3n-Temperatura-Detecci%C3%B3n-Cubrebocas-Pedestal-ProfaceXFMBPack-ZK-Banner.png\" alt=\"\" \/><\/div>\n<\/div>\n<div class=\"row align-items-center padding-bottom-2x\">\n<div class=\"col-md-5\"><img decoding=\"async\" class=\"d-block m-auto img-thumbnail\" src=\"https:\/\/tvc.mx\/media\/293391\/Terminal-Control-Acceso-Asistencia-Facial-Medici%C3%B3n-Temperatura-Detecci%C3%B3n-Cubrebocas-Pedestal-ProfaceXFMBPack-ZK-Complemento.png\" alt=\" \" \/><\/div>\n<div class=\"col-md-7 text-md-left text-center\">\n<h2>PROFACEXTICH<\/h2>\n<p class=\"text-muted\">\n<p>Capacidades:<\/p>\n<ul>\n<li>Rostros 30,000 (1:N) \/ 50,000 (Opcional)<\/li>\n<li>Palmas 5,000 (1:N)<\/li>\n<li>Usuarios 50,000<\/li>\n<li>Eventos 1,000,000 \/ (Opcional) 2,000,000<\/li>\n<\/ul>\n<p>Interfaz de Control de Acceso<\/p>\n<ul>\n<li>Salida de Relevador \/ Salida de Alarma<\/li>\n<li>Entrada auxiliar \/ Bot\u00f3n de salida<\/li>\n<li>Sensor de puerta<\/li>\n<\/ul>\n<p>&nbsp;<\/p>\n<\/div>\n<\/div>\n<hr class=\"padding-bottom-2x\" \/>\n<div class=\"row align-items-center padding-bottom-2x\">\n<div class=\"col-md-5 order-md-2\"><img decoding=\"async\" class=\"d-block m-auto img-thumbnail\" src=\"https:\/\/tvc.mx\/media\/293399\/Terminal-Control-Acceso-Asistencia-Facial-Medici%C3%B3n-Temperatura-Detecci%C3%B3n-Cubrebocas-Pedestal-ProfaceXFMBPack-ZK-Complemento2.png\" alt=\" \" \/><\/div>\n<div class=\"col-md-7 order-md-1 text-md-left text-center\">\n<h2>FMB03<\/h2>\n<p class=\"text-muted\">\n<p>Especificaciones:<\/p>\n<ul>\n<li>Tira LED, dise\u00f1o cl\u00e1sico y minimalista.<\/li>\n<li>Dimensiones: 321 x 288 x 832 (mm)<\/li>\n<li>Peso: 8.5 kg<\/li>\n<li>Hecho con acero SPCC refinado y recubierto con barniz<\/li>\n<\/ul>\n<\/div>\n<\/div>\n","protected":false},"excerpt":{"rendered":"<p>Informaci\u00f3n General El\u00a0ProFace X [TI]\u00a0esta desarrollado por la CPU personalizada ZKTeco para ejecutar el algoritmo de reconocimiento facial y dise\u00f1ado para hacer frente a todo tipo de escenarios. Admite la verificaci\u00f3n facial, reconocimiento de palma, lectura de C\u00f3digo QR. El ProFace X [TI] tambi\u00e9n nos&hellip;<\/p>\n","protected":false},"featured_media":9241,"comment_status":"open","ping_status":"closed","template":"","meta":{"om_disable_all_campaigns":false,"_monsterinsights_skip_tracking":false,"_monsterinsights_sitenote_active":false,"_monsterinsights_sitenote_note":"","_monsterinsights_sitenote_category":0},"product_brand":[],"product_cat":[837],"product_tag":[81,727,730,66,731,728,729],"class_list":{"0":"post-9242","1":"product","2":"type-product","3":"status-publish","4":"has-post-thumbnail","6":"product_cat-facial-control-de-asistencia-zkteco-acceso-asistencia","7":"product_tag-acceso-y-asistencia","8":"product_tag-cerraduras","9":"product_tag-commax-wulian","10":"product_tag-dahua","11":"product_tag-wejoin","12":"product_tag-yli","13":"product_tag-zkteco","15":"first","16":"instock","17":"sale","18":"taxable","19":"shipping-taxable","20":"purchasable","21":"product-type-simple"},"aioseo_notices":[],"_links":{"self":[{"href":"https:\/\/tecsecmty.com\/index.php\/wp-json\/wp\/v2\/product\/9242","targetHints":{"allow":["GET"]}}],"collection":[{"href":"https:\/\/tecsecmty.com\/index.php\/wp-json\/wp\/v2\/product"}],"about":[{"href":"https:\/\/tecsecmty.com\/index.php\/wp-json\/wp\/v2\/types\/product"}],"replies":[{"embeddable":true,"href":"https:\/\/tecsecmty.com\/index.php\/wp-json\/wp\/v2\/comments?post=9242"}],"version-history":[{"count":0,"href":"https:\/\/tecsecmty.com\/index.php\/wp-json\/wp\/v2\/product\/9242\/revisions"}],"wp:featuredmedia":[{"embeddable":true,"href":"https:\/\/tecsecmty.com\/index.php\/wp-json\/wp\/v2\/media\/9241"}],"wp:attachment":[{"href":"https:\/\/tecsecmty.com\/index.php\/wp-json\/wp\/v2\/media?parent=9242"}],"wp:term":[{"taxonomy":"product_brand","embeddable":true,"href":"https:\/\/tecsecmty.com\/index.php\/wp-json\/wp\/v2\/product_brand?post=9242"},{"taxonomy":"product_cat","embeddable":true,"href":"https:\/\/tecsecmty.com\/index.php\/wp-json\/wp\/v2\/product_cat?post=9242"},{"taxonomy":"product_tag","embeddable":true,"href":"https:\/\/tecsecmty.com\/index.php\/wp-json\/wp\/v2\/product_tag?post=9242"}],"curies":[{"name":"wp","href":"https:\/\/api.w.org\/{rel}","templated":true}]}}