{"id":9244,"date":"2023-02-23T22:39:33","date_gmt":"2023-02-24T04:39:33","guid":{"rendered":"https:\/\/tecsecmty.com\/index.php\/producto\/zkteco-speedfaceh5-android-control-de-acceso-y-asistencia-multibiometrico-10000-usuarios-6000-rostros-10000-huellas-10000-tarjetas-con-pantalla-touch-de-5-serie-visible-light-mtd\/"},"modified":"2023-03-22T23:25:32","modified_gmt":"2023-03-23T05:25:32","slug":"zkteco-speedfaceh5-android-control-de-acceso-y-asistencia-multibiometrico-10000-usuarios-6000-rostros-10000-huellas-10000-tarjetas-con-pantalla-touch-de-5-serie-visible-light-mtd","status":"publish","type":"product","link":"https:\/\/tecsecmty.com\/index.php\/producto\/zkteco-speedfaceh5-android-control-de-acceso-y-asistencia-multibiometrico-10000-usuarios-6000-rostros-10000-huellas-10000-tarjetas-con-pantalla-touch-de-5-serie-visible-light-mtd\/","title":{"rendered":"ZKTECO SpeedFaceH5 Android- Control de Acceso y Asistencia Multibiometrico \/ 10000 Usuarios \/ 6000 Rostros \/10000 Huellas \/ 10000 Tarjetas \/ con Pantalla Touch de 5&#8243; \/ Serie Visible Light \/ #MTD"},"content":{"rendered":"<div class=\"row aling-items-center padding-bottom-2x\">\n<div class=\"col-lg-12\">\n<p class=\"ql-align-justify\">SpeedFace-H5 es una terminal de control de acceso facial. Est\u00e1 equipado con el \u00faltimo algoritmo de reconocimiento facial de aprendizaje profundo que permite un reconocimiento m\u00e1s r\u00e1pido y preciso, brinda la mejor experiencia de uso, los usuarios solo pasan y se veri\ufb01can f\u00e1cilmente sin parar y esperando.<\/p>\n<p class=\"ql-align-justify\">Con el \u00faltimo algoritmo facial, SpeedFace-H5 admite 6.000 (m\u00e1ximo 10.000) usuarios faciales, tambi\u00e9n puede detectar si la cara es una cara real o una foto, lo que mejora el nivel de seguridad de la veri\ufb01caci\u00f3n.<\/p>\n<p class=\"ql-align-justify\">SpeedFace-H5 est\u00e1 dise\u00f1ado para su instalaci\u00f3n sobre los muros para aplicaciones de control de acceso y tiempo y asistencia, incluidos centros de conferencias, instituciones \ufb01nancieras, entradas a escuelas y otras \u00e1reas cr\u00edticas, etc.<\/p>\n<p><img decoding=\"async\" class=\"overview-center-img-\" src=\"https:\/\/tvc.mx\/media\/15309\/PRINCIPAL1.jpg\" alt=\"\" \/><\/div>\n<\/div>\n<div class=\"row aling-items-center padding-bottom-2x\">\n<div class=\"col-lg-12\">\n<h5 class=\"card-title text-center\">.<\/h5>\n<p>.<\/p>\n<p><img decoding=\"async\" class=\"overview-center-img-\" src=\"https:\/\/tvc.mx\/media\/15310\/caracteristicas.jpg\" alt=\"\" \/><\/div>\n<\/div>\n<div class=\"row align-items-center padding-bottom-2x\">\n<div class=\"col-md-5 order-md-2\"><img decoding=\"async\" class=\"d-block m-auto img-thumbnail\" src=\"https:\/\/tvc.mx\/media\/15312\/300.jpg\" alt=\" \" \/><\/div>\n<div class=\"col-md-7 order-md-1 text-md-left text-center\">\n<h2>.<\/h2>\n<p class=\"text-muted\">\n<p><strong>Capacidad<\/strong><\/p>\n<p>Usuarios 10,000<\/p>\n<p>Rostros 6,000<\/p>\n<p>Registros 200,000<\/p>\n<p>Huellas y Tarjetas 10,000<\/p>\n<p><strong>Hardware<\/strong><\/p>\n<p>LCD\u00a0\u00a0\u00a0\u00a0\u00a0\u00a0\u00a0Pantalla touch de 5\u201d LCD<\/p>\n<p>CPU\u00a0\u00a0\u00a0\u00a0\u00a0\u00a0Quad-core A17 1.8GHz<\/p>\n<p>Memoria 2G RAM\/16G ROM<\/p>\n<p>C\u00e1mara 2 MP (Doble lente)<\/p>\n<p>Comunicaci\u00f3n\u00a0\u00a0TCP\/IP, USB Host, Wi-Fi (Opcional)<\/p>\n<p>RS232, RS485; entrada y salida Wiegand<\/p>\n<p>Acceso Cerradura de puerta, sensor depuerta, alarma, bot\u00f3n de salida<\/p>\n<p>y entrada auxiliar<\/p>\n<p>Energ\u00eda 12V 3A<\/p>\n<p>Audio\u00a0\u00a0\u00a0Altavoces<\/p>\n<p>Temperatura\u00a0\u00a0\u00a0\u00a00\u00b0C hasta 45\u00b0C<\/p>\n<p>Software\u00a0\u00a0\u00a0\u00a0\u00a0\u00a0\u00a0\u00a0\u00a0\u00a0\u00a0\u00a0ZKBioSecurity y BioTime7.0<\/p>\n<p>Humedad\u00a0\u00a0\u00a0\u00a0\u00a0\u00a0\u00a0\u00a0\u00a0\u00a010% hasta\u00a090%<\/p>\n<h3 class=\"ql-align-justify\"><strong>Compatible con Software Biotime Pro y Biosecurity 3.0<\/strong><\/h3>\n<p>&nbsp;<\/p>\n<\/div>\n<\/div>\n<hr class=\"padding-bottom-2x\" \/>\n<div class=\"row align-items-center padding-bottom-2x\">\n<div class=\"col-md-5\"><img decoding=\"async\" class=\"d-block m-auto img-thumbnail\" src=\"https:\/\/tvc.mx\/media\/15319\/Sin-t%C3%ADtulo-3.jpg\" alt=\" \" \/><\/div>\n<div class=\"col-md-7 text-md-left text-center\">\n<h2>.<\/h2>\n<p class=\"text-muted\">\n<ul>\n<li>Algoritmo de reconocimiento facial con aprendizaje profundo<\/li>\n<li>Distancia de reconocimiento de 0.3 a 3m.<\/li>\n<li>Vericaci\u00f3n multibiom\u00e9trica con huella, tarjeta y rostro<\/li>\n<li>Avanzado sensor de huellas SIlkID<\/li>\n<li>\u00a0Doble c\u00e1mara para detecci\u00f3n inmediata<\/li>\n<li>Capacidad de 6,000 rostros, 10,000 usuarios<\/li>\n<li>Soluci\u00f3n para Control de Acceso o Tiempo &amp; Asistencia<\/li>\n<li>Compatible con ZKBioSecurity y BioTime<\/li>\n<\/ul>\n<\/div>\n<\/div>\n","protected":false},"excerpt":{"rendered":"<p>SpeedFace-H5 es una terminal de control de acceso facial. Est\u00e1 equipado con el \u00faltimo algoritmo de reconocimiento facial de aprendizaje profundo que permite un reconocimiento m\u00e1s r\u00e1pido y preciso, brinda la mejor experiencia de uso, los usuarios solo pasan y se veri\ufb01can f\u00e1cilmente sin parar&hellip;<\/p>\n","protected":false},"featured_media":9243,"comment_status":"open","ping_status":"closed","template":"","meta":{"om_disable_all_campaigns":false,"_monsterinsights_skip_tracking":false,"_monsterinsights_sitenote_active":false,"_monsterinsights_sitenote_note":"","_monsterinsights_sitenote_category":0},"product_brand":[],"product_cat":[837],"product_tag":[81,727,730,66,731,728,729],"class_list":{"0":"post-9244","1":"product","2":"type-product","3":"status-publish","4":"has-post-thumbnail","6":"product_cat-facial-control-de-asistencia-zkteco-acceso-asistencia","7":"product_tag-acceso-y-asistencia","8":"product_tag-cerraduras","9":"product_tag-commax-wulian","10":"product_tag-dahua","11":"product_tag-wejoin","12":"product_tag-yli","13":"product_tag-zkteco","15":"first","16":"instock","17":"sale","18":"taxable","19":"shipping-taxable","20":"purchasable","21":"product-type-simple"},"aioseo_notices":[],"_links":{"self":[{"href":"https:\/\/tecsecmty.com\/index.php\/wp-json\/wp\/v2\/product\/9244","targetHints":{"allow":["GET"]}}],"collection":[{"href":"https:\/\/tecsecmty.com\/index.php\/wp-json\/wp\/v2\/product"}],"about":[{"href":"https:\/\/tecsecmty.com\/index.php\/wp-json\/wp\/v2\/types\/product"}],"replies":[{"embeddable":true,"href":"https:\/\/tecsecmty.com\/index.php\/wp-json\/wp\/v2\/comments?post=9244"}],"version-history":[{"count":0,"href":"https:\/\/tecsecmty.com\/index.php\/wp-json\/wp\/v2\/product\/9244\/revisions"}],"wp:featuredmedia":[{"embeddable":true,"href":"https:\/\/tecsecmty.com\/index.php\/wp-json\/wp\/v2\/media\/9243"}],"wp:attachment":[{"href":"https:\/\/tecsecmty.com\/index.php\/wp-json\/wp\/v2\/media?parent=9244"}],"wp:term":[{"taxonomy":"product_brand","embeddable":true,"href":"https:\/\/tecsecmty.com\/index.php\/wp-json\/wp\/v2\/product_brand?post=9244"},{"taxonomy":"product_cat","embeddable":true,"href":"https:\/\/tecsecmty.com\/index.php\/wp-json\/wp\/v2\/product_cat?post=9244"},{"taxonomy":"product_tag","embeddable":true,"href":"https:\/\/tecsecmty.com\/index.php\/wp-json\/wp\/v2\/product_tag?post=9244"}],"curies":[{"name":"wp","href":"https:\/\/api.w.org\/{rel}","templated":true}]}}