{"id":9248,"date":"2023-02-23T22:39:36","date_gmt":"2023-02-24T04:39:36","guid":{"rendered":"https:\/\/tecsecmty.com\/index.php\/producto\/dahua-asa1222g-control-de-asistencia-standalone-con-bateria-incluida-1000-usuarios-2000-huellas-1000-passwords-1000-tarjetas-mifare-100000-registros-comunicacion-tcp-ip-puerto-usb-24-pe\/"},"modified":"2023-03-22T23:22:18","modified_gmt":"2023-03-23T05:22:18","slug":"dahua-asa1222g-control-de-asistencia-standalone-con-bateria-incluida-1000-usuarios-2000-huellas-1000-passwords-1000-tarjetas-mifare-100000-registros-comunicacion-tcp-ip-puerto-usb-24-pe","status":"publish","type":"product","link":"https:\/\/tecsecmty.com\/index.php\/producto\/dahua-asa1222g-control-de-asistencia-standalone-con-bateria-incluida-1000-usuarios-2000-huellas-1000-passwords-1000-tarjetas-mifare-100000-registros-comunicacion-tcp-ip-puerto-usb-24-pe\/","title":{"rendered":"DAHUA ASA1222G &#8211; Control de Asistencia StandAlone con Bater\u00eda Incluida\/ 1,000 Usuarios\/ 2,000 Huellas\/ 1,000 Passwords\/ 1,000 Tarjetas Mifare\/ 100,000 Registros\/ Comunicaci\u00f3n TCP\/IP\/ Puerto USB\/ 24 Periodos de Asistencia y 20 Departamentos\/"},"content":{"rendered":"<div class=\"row aling-items-center padding-bottom-2x\">\n<div class=\"col-lg-12\">\n<h5 class=\"card-title text-center\">Informaci\u00f3n General<\/h5>\n<p class=\"ql-align-justify\">El control de acceso modelo\u00a0<strong>ASA1222GD\u00a0<\/strong>es una terminal de tiempo y asistencia , cuenta con un teclado t\u00e1ctil y pantalla LCD.\u00a0Este modelo puede ser utilizado en distintas formas de verificaci\u00f3n como lo es huella, tarjeta (Mifare) o bien puede asignarse un c\u00f3digo maestro al usuario para apertura. Admite la importaci\u00f3n y exportaci\u00f3n de datos de asistencia desde una unidad flash USB, y una comunicaci\u00f3n TCP-IP para su manejo o administraci\u00f3n desde software Smart PSS pero tambi\u00e9n incluye un display desde el cual podr\u00e1 realizar operaciones como dar de alta usuarios, tarjetas, configurar par\u00e1metros del sistema, etc., soporta dispositivos como contra chapas y bot\u00f3n liberador de puerta.<\/p>\n<p><img decoding=\"async\" class=\"overview-center-img-web\" src=\"https:\/\/tvc.mx\/media\/394931\/control-de-asistencia-TCP-IP-standalone-con-beteria-incluida-ASA1222G-Dahua.png\" alt=\"\" \/><\/div>\n<\/div>\n<div class=\"row align-items-center padding-bottom-2x\">\n<div class=\"col-md-5 order-md-2\"><img decoding=\"async\" class=\"d-block m-auto img-thumbnail\" src=\"https:\/\/tvc.mx\/media\/394935\/Fromas-de-operacion-control-de-acceso-dahua.png\" alt=\" \" \/><\/div>\n<div class=\"col-md-7 order-md-1 text-md-left text-center\">\n<h2>M\u00faltiples formas de operaci\u00f3n<\/h2>\n<p class=\"text-muted\">\n<p>Nuestro equipo soporta m\u00faltiples formas de operaci\u00f3n entre las que encontramos el acceso con tarjeta Mifare , tambi\u00e9n con huella dactilar y por c\u00f3digo pin asignado al usuario.<\/p>\n<p>&nbsp;<\/p>\n<\/div>\n<\/div>\n<hr class=\"padding-bottom-2x\" \/>\n<div class=\"row align-items-center padding-bottom-2x\">\n<div class=\"col-md-5\"><img decoding=\"async\" class=\"d-block m-auto img-thumbnail\" src=\"https:\/\/tvc.mx\/media\/394939\/bateria-recargable-dahua.png\" alt=\" \" \/><\/div>\n<div class=\"col-md-7 text-md-left text-center\">\n<h2>Bater\u00eda de Litio Recargable<\/h2>\n<p class=\"text-muted\">\n<p>El control de asistencia\u00a0<strong>ASA1222G<\/strong>\u00a0cuenta con una\u00a0<strong>bater\u00eda de litio recargable<\/strong>\u00a0de alta capacidad\u00a0<strong>incorporada<\/strong>\u00a0de\u00a0<strong>2600mAh.<em>\u00a0*\u00a0<\/em><\/strong><em>La bater\u00eda funciona hasta 10 horas en el modo de espera.<\/em><\/p>\n<p>&nbsp;<\/p>\n<\/div>\n<\/div>\n<hr class=\"padding-bottom-2x\" \/>\n<div class=\"row align-items-center padding-bottom-2x\">\n<div class=\"col-md-5 order-md-2\"><img decoding=\"async\" class=\"d-block m-auto img-thumbnail\" src=\"https:\/\/tvc.mx\/media\/394967\/control-de-asistencia-TCP-IP-standalone-con-beteria-incluida-ASA1222G-Dahua-pp-caracteristicas.png\" alt=\" \" \/><\/div>\n<div class=\"col-md-7 order-md-1 text-md-left text-center\">\n<h2>Principales Caracter\u00edsticas<\/h2>\n<p class=\"text-muted\">\n<ul>\n<li>Apoyo total a trav\u00e9s de la red<\/li>\n<li>Posibilidad de integraci\u00f3n con los sistemas basados en el software SmartPSS,<\/li>\n<li>1000 usuarios indexados,<\/li>\n<li>2000 huellas dactilares indexadas (hasta 3 por usuario),<\/li>\n<li>Posibilidad de programar hasta 1000 tarjetas de usuario,<\/li>\n<li>Memoria no vol\u00e1til de los \u00faltimos 100 000 eventos,<\/li>\n<li>Pantalla LCD &#8211; 2.4\u00a0\u00ab,<\/li>\n<li>Se\u00f1alizaci\u00f3n sonora<\/li>\n<li>Actualizaci\u00f3n del software a trav\u00e9s de la red<\/li>\n<li>Posibilidad de conectar el bot\u00f3n de apertura de puerta<\/li>\n<li>Posibilidad de programar horarios de trabajo individuales o grupales, teniendo en cuenta el tiempo de retraso permitido y salida anticipada<\/li>\n<li>Distinci\u00f3n entre eventos est\u00e1ndar, horas extra, retrasos y salidas anticipadas<\/li>\n<li>Exportaci\u00f3n de datos a la memoria USB en el formato \u00ab*.xls\u00bb<\/li>\n<li>El dispositivo puede se\u00f1alar con una se\u00f1al ac\u00fastica cuando acaba el turno<\/li>\n<li>bater\u00eda incorporada &#8211; 2600\u00a0mAh<\/li>\n<\/ul>\n<p>&nbsp;<\/p>\n<\/div>\n<\/div>\n<hr class=\"padding-bottom-2x\" \/>\n<div class=\"row align-items-center padding-bottom-2x\">\n<div class=\"col-md-5\"><img decoding=\"async\" class=\"d-block m-auto img-thumbnail\" src=\"https:\/\/tvc.mx\/media\/394971\/control-de-asistencia-TCP-IP-standalone-con-beteria-incluida-ASA1222G-Dahua-especificaciones.png\" alt=\" \" \/><\/div>\n<div class=\"col-md-7 text-md-left text-center\">\n<h2>Especificaciones<\/h2>\n<p class=\"text-muted\">\n<ul>\n<li>Tiempo de identificaci\u00f3n:&lt; 1.5\u00a0s<\/li>\n<li>Soporte para tarjetas: MIFARE S50 13.56\u00a0MHz<\/li>\n<li>Distancia de lectura de tarjetas:1 &#8211; 3\u00a0cm<\/li>\n<li>Comunicaci\u00f3n:\u00a0TCP\/IP,USB\u00a0&#8211; Firmware actualizable<\/li>\n<li>Salida de rel\u00e9:1 x\u00a0NO\/NC<\/li>\n<li>Memoria interna:8\u00a0MB<\/li>\n<li>Alimentaci\u00f3n: 12\u00a0V\u00a0DC\u00a0\/ 1000\u00a0mA (fuente de alimentaci\u00f3n incluida)<\/li>\n<\/ul>\n<p>&nbsp;<\/p>\n<\/div>\n<\/div>\n<hr class=\"padding-bottom-2x\" \/>\n<div class=\"row align-items-center padding-bottom-2x\">\n<div class=\"col-md-5 order-md-2\"><img decoding=\"async\" class=\"d-block m-auto img-thumbnail\" src=\"https:\/\/tvc.mx\/media\/389543\/DHI-ASA1222G-20220315-WA0057-PNG-400x300.png\" alt=\" DHI-ASA1222G Control de asistencia Bater\u00eda incluida 1000 Usuarios 100 000 Registros 1000 tarjetas MIFARE \" \/><\/div>\n<div class=\"col-md-7 order-md-1 text-md-left text-center\">\n<h2>Incluye:<\/h2>\n<p class=\"text-muted\">\n<ul>\n<li>Equipo<\/li>\n<li>Soporte para pared<\/li>\n<li>Tornillos \/ taquetes para montaje<\/li>\n<li>Fuente de Poder 12V 1A<\/li>\n<li>Adaptador de enchufe para corriente de tipo europeo a tipo americano<\/li>\n<li>Gu\u00eda de instalaci\u00f3n r\u00e1pida<\/li>\n<li>P\u00f3liza de garant\u00eda<\/li>\n<li>Gu\u00eda con informaci\u00f3n legal y reglamentaria<\/li>\n<li>Calcoman\u00eda con QR para descargar manuales desde Internet<\/li>\n<\/ul>\n<\/div>\n<\/div>\n","protected":false},"excerpt":{"rendered":"<p>Informaci\u00f3n General El control de acceso modelo\u00a0ASA1222GD\u00a0es una terminal de tiempo y asistencia , cuenta con un teclado t\u00e1ctil y pantalla LCD.\u00a0Este modelo puede ser utilizado en distintas formas de verificaci\u00f3n como lo es huella, tarjeta (Mifare) o bien puede asignarse un c\u00f3digo maestro al&hellip;<\/p>\n","protected":false},"featured_media":1032,"comment_status":"open","ping_status":"closed","template":"","meta":{"om_disable_all_campaigns":false,"_monsterinsights_skip_tracking":false,"_monsterinsights_sitenote_active":false,"_monsterinsights_sitenote_note":"","_monsterinsights_sitenote_category":0},"product_brand":[],"product_cat":[840],"product_tag":[81,727,730,66,731,728,729],"class_list":{"0":"post-9248","1":"product","2":"type-product","3":"status-publish","4":"has-post-thumbnail","6":"product_cat-huella-control-de-asistencia-dahua-acceso-asistencia","7":"product_tag-acceso-y-asistencia","8":"product_tag-cerraduras","9":"product_tag-commax-wulian","10":"product_tag-dahua","11":"product_tag-wejoin","12":"product_tag-yli","13":"product_tag-zkteco","15":"first","16":"instock","17":"sale","18":"taxable","19":"shipping-taxable","20":"purchasable","21":"product-type-simple"},"aioseo_notices":[],"_links":{"self":[{"href":"https:\/\/tecsecmty.com\/index.php\/wp-json\/wp\/v2\/product\/9248","targetHints":{"allow":["GET"]}}],"collection":[{"href":"https:\/\/tecsecmty.com\/index.php\/wp-json\/wp\/v2\/product"}],"about":[{"href":"https:\/\/tecsecmty.com\/index.php\/wp-json\/wp\/v2\/types\/product"}],"replies":[{"embeddable":true,"href":"https:\/\/tecsecmty.com\/index.php\/wp-json\/wp\/v2\/comments?post=9248"}],"version-history":[{"count":0,"href":"https:\/\/tecsecmty.com\/index.php\/wp-json\/wp\/v2\/product\/9248\/revisions"}],"wp:featuredmedia":[{"embeddable":true,"href":"https:\/\/tecsecmty.com\/index.php\/wp-json\/wp\/v2\/media\/1032"}],"wp:attachment":[{"href":"https:\/\/tecsecmty.com\/index.php\/wp-json\/wp\/v2\/media?parent=9248"}],"wp:term":[{"taxonomy":"product_brand","embeddable":true,"href":"https:\/\/tecsecmty.com\/index.php\/wp-json\/wp\/v2\/product_brand?post=9248"},{"taxonomy":"product_cat","embeddable":true,"href":"https:\/\/tecsecmty.com\/index.php\/wp-json\/wp\/v2\/product_cat?post=9248"},{"taxonomy":"product_tag","embeddable":true,"href":"https:\/\/tecsecmty.com\/index.php\/wp-json\/wp\/v2\/product_tag?post=9248"}],"curies":[{"name":"wp","href":"https:\/\/api.w.org\/{rel}","templated":true}]}}