{"id":9250,"date":"2023-02-23T22:39:38","date_gmt":"2023-02-24T04:39:38","guid":{"rendered":"https:\/\/tecsecmty.com\/index.php\/producto\/zkteco-d1-control-de-asistencia-basico-1000-huellas-funcion-ssr-descargas-usb-en-hoja-de-calculo-2-horas-de-respaldo-para-escritorio\/"},"modified":"2023-03-22T23:25:15","modified_gmt":"2023-03-23T05:25:15","slug":"zkteco-d1-control-de-asistencia-basico-1000-huellas-funcion-ssr-descargas-usb-en-hoja-de-calculo-2-horas-de-respaldo-para-escritorio","status":"publish","type":"product","link":"https:\/\/tecsecmty.com\/index.php\/producto\/zkteco-d1-control-de-asistencia-basico-1000-huellas-funcion-ssr-descargas-usb-en-hoja-de-calculo-2-horas-de-respaldo-para-escritorio\/","title":{"rendered":"ZKTECO D1 &#8211; Control de Asistencia B\u00e1sico \/ 1000 Huellas \/ Funci\u00f3n SSR \/ Descargas USB en Hoja de C\u00e1lculo \/ 2 Horas de Respaldo \/ Para Escritorio"},"content":{"rendered":"<div class=\"row aling-items-center padding-bottom-2x\">\n<div class=\"col-lg-12\">\n<h5 class=\"card-title text-center\">Informaci\u00f3n General<\/h5>\n<p>El dispositivo de asistencia modelo\u00a0<strong>D1<\/strong>\u00a0est\u00e1 especialmente dise\u00f1ado para uso en mesa o mostrador. Con el sensor de huellas dactilares colocado en la parte superior de la terminal, permite la colocaci\u00f3n de la huella en todas las direcciones para mayor comodidad en la toma de asistencia. Cuenta con una bater\u00eda incorporada de hasta 8 horas de duraci\u00f3n, con esto no hay m\u00e1s preocupaciones por faltas de tomas de corriente.<\/p>\n<p><img decoding=\"async\" class=\"overview-center-img-web\" src=\"https:\/\/tvc.mx\/media\/557859\/Control-Asistencia-B%C3%A1sico-Huellas-Contrase%C3%B1as-WiFi-Funci%C3%B3n-SSR-D1-ZKTeco-TVC-Banner2.png\" alt=\"\" \/><\/div>\n<\/div>\n<div class=\"row align-items-center padding-bottom-2x\">\n<div class=\"col-md-5 order-md-2\"><img decoding=\"async\" class=\"d-block m-auto img-thumbnail\" src=\"https:\/\/tvc.mx\/media\/535995\/Control-Asistencia-B%C3%A1sico-Huellas-Contrase%C3%B1as-WiFi-Funci%C3%B3n-SSR-D1-ZKTeco-TVC-Complemento1.png\" alt=\" \" \/><\/div>\n<div class=\"col-md-7 order-md-1 text-md-left text-center\">\n<h2>Principales Caracter\u00edsticas<\/h2>\n<p class=\"text-muted\">\n<p><strong>Almacenamiento:<\/strong><\/p>\n<ul>\n<li>1000 Huellas<\/li>\n<li>1000 Contrase\u00f1as<\/li>\n<li>50,000 Eventos<\/li>\n<\/ul>\n<p><strong>Interfaz de Comunicaci\u00f3n:<\/strong>\u00a0USB(Host), WiFi (Hot Spot)<\/p>\n<p><strong>Funci\u00f3n Especial<\/strong>\u00a0SSR(Self Service Report)<\/p>\n<p><strong>Software Compatible:<\/strong>\u00a0ZK Time.Net 3.0\u00a0(Requiere Cable USB &#8211; USB)<\/p>\n<p>&nbsp;<\/p>\n<\/div>\n<\/div>\n<hr class=\"padding-bottom-2x\" \/>\n<div class=\"row align-items-center padding-bottom-2x\">\n<div class=\"col-md-5\"><img decoding=\"async\" class=\"d-block m-auto img-thumbnail\" src=\"https:\/\/tvc.mx\/media\/536011\/Control-Asistencia-B%C3%A1sico-Huellas-Contrase%C3%B1as-WiFi-Funci%C3%B3n-SSR-D1-ZKTeco-TVC-Complemento2.png\" alt=\" \" \/><\/div>\n<div class=\"col-md-7 text-md-left text-center\">\n<h2>Especificaciones T\u00e9cnicas<\/h2>\n<p class=\"text-muted\">\n<p><strong>Pantalla:<\/strong>\u00a02.8 Pulgadas TFT<\/p>\n<p><strong>Algoritmo Biom\u00e9trico:<\/strong>\u00a0ZKFinger V10.0<\/p>\n<p><strong>Fuente de Alimentaci\u00f3n:<\/strong>\u00a05VDC 2A<\/p>\n<p><strong>Bater\u00eda:<\/strong>\u00a04,000 mAh<\/p>\n<p><strong>Temperatura de Operaci\u00f3n:<\/strong>\u00a00\u00b0c a 45\u00b0c<\/p>\n<p><strong>Humedad de Operaci\u00f3n:<\/strong>\u00a020% &#8211; 80%<\/p>\n<p><strong>Dimensiones:<\/strong>\u00a0180.0 x 84.5 x 81 mm<\/p>\n<p>&nbsp;<\/p>\n<\/div>\n<\/div>\n<hr class=\"padding-bottom-2x\" \/>\n<div class=\"row align-items-center padding-bottom-2x\">\n<div class=\"col-md-5 order-md-2\"><img decoding=\"async\" class=\"d-block m-auto img-thumbnail\" src=\"https:\/\/tvc.mx\/media\/536015\/Control-Asistencia-B%C3%A1sico-Huellas-Contrase%C3%B1as-WiFi-Funci%C3%B3n-SSR-D1-ZKTeco-TVC-Complemento3.png\" alt=\" \" \/><\/div>\n<div class=\"col-md-7 order-md-1 text-md-left text-center\">\n<h2>Funci\u00f3n SSR<\/h2>\n<p class=\"text-muted\">\n<p>El\u00a0<strong>D1<\/strong>\u00a0cuenta con la\u00a0funci\u00f3n\u00a0SSR\u00a0(<em>Self Service Report<\/em>) la cual nos permitir\u00e1n\u00a0<u>realizar las configuraciones de asistencia directamente en el dispositivo<\/u>\u00a0(creaci\u00f3n de Horarios, Turnos y Calendarios) con ello nos da la facilidad de poder generar y descargar reportes sencillos de asistencia directamente a una unidad de almacenamiento (<u>mejor conocidas como USB<\/u>)<\/p>\n<p>Tambi\u00e9n podemos exportar o importar plantillas en Excel (del Personal, Horarios, Turnos, etc) as\u00ed facilitando el capturado de informaci\u00f3n en el equipo.<\/p>\n<\/div>\n<\/div>\n","protected":false},"excerpt":{"rendered":"<p>Informaci\u00f3n General El dispositivo de asistencia modelo\u00a0D1\u00a0est\u00e1 especialmente dise\u00f1ado para uso en mesa o mostrador. Con el sensor de huellas dactilares colocado en la parte superior de la terminal, permite la colocaci\u00f3n de la huella en todas las direcciones para mayor comodidad en la toma&hellip;<\/p>\n","protected":false},"featured_media":9249,"comment_status":"open","ping_status":"closed","template":"","meta":{"om_disable_all_campaigns":false,"_monsterinsights_skip_tracking":false,"_monsterinsights_sitenote_active":false,"_monsterinsights_sitenote_note":"","_monsterinsights_sitenote_category":0},"product_brand":[],"product_cat":[841],"product_tag":[81,727,730,66,731,728,729],"class_list":{"0":"post-9250","1":"product","2":"type-product","3":"status-publish","4":"has-post-thumbnail","6":"product_cat-huella-control-de-asistencia-zkteco-acceso-asistencia","7":"product_tag-acceso-y-asistencia","8":"product_tag-cerraduras","9":"product_tag-commax-wulian","10":"product_tag-dahua","11":"product_tag-wejoin","12":"product_tag-yli","13":"product_tag-zkteco","15":"first","16":"instock","17":"sale","18":"taxable","19":"shipping-taxable","20":"purchasable","21":"product-type-simple"},"aioseo_notices":[],"_links":{"self":[{"href":"https:\/\/tecsecmty.com\/index.php\/wp-json\/wp\/v2\/product\/9250","targetHints":{"allow":["GET"]}}],"collection":[{"href":"https:\/\/tecsecmty.com\/index.php\/wp-json\/wp\/v2\/product"}],"about":[{"href":"https:\/\/tecsecmty.com\/index.php\/wp-json\/wp\/v2\/types\/product"}],"replies":[{"embeddable":true,"href":"https:\/\/tecsecmty.com\/index.php\/wp-json\/wp\/v2\/comments?post=9250"}],"version-history":[{"count":0,"href":"https:\/\/tecsecmty.com\/index.php\/wp-json\/wp\/v2\/product\/9250\/revisions"}],"wp:featuredmedia":[{"embeddable":true,"href":"https:\/\/tecsecmty.com\/index.php\/wp-json\/wp\/v2\/media\/9249"}],"wp:attachment":[{"href":"https:\/\/tecsecmty.com\/index.php\/wp-json\/wp\/v2\/media?parent=9250"}],"wp:term":[{"taxonomy":"product_brand","embeddable":true,"href":"https:\/\/tecsecmty.com\/index.php\/wp-json\/wp\/v2\/product_brand?post=9250"},{"taxonomy":"product_cat","embeddable":true,"href":"https:\/\/tecsecmty.com\/index.php\/wp-json\/wp\/v2\/product_cat?post=9250"},{"taxonomy":"product_tag","embeddable":true,"href":"https:\/\/tecsecmty.com\/index.php\/wp-json\/wp\/v2\/product_tag?post=9250"}],"curies":[{"name":"wp","href":"https:\/\/api.w.org\/{rel}","templated":true}]}}