{"id":9252,"date":"2023-02-23T22:39:39","date_gmt":"2023-02-24T04:39:39","guid":{"rendered":"https:\/\/tecsecmty.com\/index.php\/producto\/zkteco-f22id2-control-de-acceso-y-asistencia-3000-huellas-5000-tarjetas-id-teclado-tactil-sensor-de-huella-conexion-tcpip-wifi-adms-gratis-compatible-con-biotime-pro\/"},"modified":"2023-03-22T23:25:17","modified_gmt":"2023-03-23T05:25:17","slug":"zkteco-f22id2-control-de-acceso-y-asistencia-3000-huellas-5000-tarjetas-id-teclado-tactil-sensor-de-huella-conexion-tcpip-wifi-adms-gratis-compatible-con-biotime-pro","status":"publish","type":"product","link":"https:\/\/tecsecmty.com\/index.php\/producto\/zkteco-f22id2-control-de-acceso-y-asistencia-3000-huellas-5000-tarjetas-id-teclado-tactil-sensor-de-huella-conexion-tcpip-wifi-adms-gratis-compatible-con-biotime-pro\/","title":{"rendered":"ZKTECO F22ID2 &#8211; Control de Acceso y Asistencia \/ 3000 Huellas \/ 5000 Tarjetas ID \/ Teclado T\u00e1ctil \/ Sensor de Huella \/ Conexi\u00f3n TCPIP \/ WiFi \/ ADMS Gratis \/ Compatible con Biotime PRO"},"content":{"rendered":"<div class=\"row aling-items-center padding-bottom-2x\">\n<div class=\"col-lg-12\">\n<h5 class=\"card-title text-center\">Informaci\u00f3n General<\/h5>\n<h5 class=\"ql-align-justify\">La terminal biom\u00e9trica modelo\u00a0<strong>F22ID<\/strong>\u00a0es un dispositivo ultra delgado para el control de acceso y gesti\u00f3n de asistencia de empleados. Cuenta con comunicaci\u00f3n\u00a0<strong>Wi-Fi<\/strong>, lo que en conjunto con su avanzado y veloz algoritmo, nos ofrece un con\ufb01able y preciso rendimiento.<\/h5>\n<h5 class=\"ql-align-justify\">El\u00a0<strong>F22ID<\/strong>\u00a0brinda una mejor experiencia con su teclado t\u00e1ctil y ofrece una gran \ufb02exibilidad para su instalaci\u00f3n como dispositivo independiente o conectado a cualquier panel de control de acceso que soporte se\u00f1al Wiegand est\u00e1ndar.<\/h5>\n<h5 class=\"ql-align-justify\">Cuenta con comunicaciones TCP\/IP, RS485 y\u00a0<strong>Wi-Fi<\/strong>\u00a0para que el dispositivo pueda ser utilizado de acuerdo a diferentes necesidades.<\/h5>\n<p><img decoding=\"async\" class=\"overview-center-img-web\" src=\"https:\/\/tvc.mx\/media\/557911\/Control-Acceso-Asistencia-Huellas-TarjetasID-WiFi-ADMS-F22ID2-ZKTeco-TV-Banner2.png\" alt=\"\" \/><\/div>\n<\/div>\n<div class=\"row align-items-center padding-bottom-2x\">\n<div class=\"col-md-5 order-md-2\"><img decoding=\"async\" class=\"d-block m-auto img-thumbnail\" src=\"https:\/\/tvc.mx\/media\/527319\/Control-Acceso-Asistencia-Huellas-TarjetasID-WiFi-ADMS-F22ID2-ZK-TV-Complemento4.png\" alt=\" \" \/><\/div>\n<div class=\"col-md-7 order-md-1 text-md-left text-center\">\n<h2>Principales Caracter\u00edsticas<\/h2>\n<p class=\"text-muted\">\n<p><strong>Almacenamiento:<\/strong><\/p>\n<ul>\n<li>3,000 Huellas<\/li>\n<li>5,000 Tarjetas (RF-ID)<\/li>\n<li>5,000 Contrase\u00f1as<\/li>\n<li>30,000 Eventos<\/li>\n<\/ul>\n<p><strong>Interfaz de Comunicaci\u00f3n:<\/strong>\u00a0TCP\/IP, USB(Host),\u00a0WiFi<\/p>\n<p><strong>Funci\u00f3n ADMS<\/strong>\u00a0Support (<u>Actualizaci\u00f3n\u00a0<\/u>67067)<\/p>\n<p><strong>Interfaz de Acceso:<\/strong><\/p>\n<ul>\n<li>Relevador para Control de Acceso<\/li>\n<li>Conexi\u00f3n para Bot\u00f3n de Salida<\/li>\n<li>Conexion para Sensor de Puerta<\/li>\n<li>Conexi\u00f3n para Impresora (RS232)<\/li>\n<li>Salida y Entrada Wiegand<\/li>\n<li>Conexi\u00f3n RS485 (para Lector Esclavo)<\/li>\n<li>Entrada Auxiliar<\/li>\n<li>Salida de Alarma<\/li>\n<\/ul>\n<ul>\n<li>Activaci\u00f3n de Relevador por Timbre Programado<\/li>\n<\/ul>\n<p><strong>Software Compatible:<\/strong>\u00a0ZK Time.Net Lite,\u00a0ZK Time.Net 3.0,Titanium,\u00a0BioTime PRO\u00a0(<u>Requiere ADMS<\/u>)<\/p>\n<p>&nbsp;<\/p>\n<\/div>\n<\/div>\n<hr class=\"padding-bottom-2x\" \/>\n<div class=\"row align-items-center padding-bottom-2x\">\n<div class=\"col-md-5\"><img decoding=\"async\" class=\"d-block m-auto img-thumbnail\" src=\"https:\/\/tvc.mx\/media\/527323\/Control-Acceso-Asistencia-Huellas-TarjetasID-WiFi-ADMS-F22ID2-ZK-TV-Complemento3.png\" alt=\" \" \/><\/div>\n<div class=\"col-md-7 text-md-left text-center\">\n<h2>Funci\u00f3n ADMS<\/h2>\n<p class=\"text-muted\">\n<p>Para poder tener el ADMS en nuestro equipo, tenemos que pasar esta informaci\u00f3n a nuestro vendedor<\/p>\n<p><strong>Datos para solicitar el Firmware:<\/strong><\/p>\n<p>1.- Modelo del equipo<\/p>\n<p>2.- Mac Address del equipo<\/p>\n<p>3.- N\/S del equipo<\/p>\n<p>4.- Firmware del equipo<\/p>\n<p>&nbsp;<\/p>\n<p>&nbsp;<\/p>\n<\/div>\n<\/div>\n<hr class=\"padding-bottom-2x\" \/>\n<div class=\"row align-items-center padding-bottom-2x\">\n<div class=\"col-md-5 order-md-2\"><img decoding=\"async\" class=\"d-block m-auto img-thumbnail\" src=\"https:\/\/tvc.mx\/media\/527327\/Control-Acceso-Asistencia-Huellas-TarjetasID-WiFi-ADMS-F22ID2-ZK-TV-Complemento.png\" alt=\" \" \/><\/div>\n<div class=\"col-md-7 order-md-1 text-md-left text-center\">\n<h2>Especificaciones T\u00e9cnicas<\/h2>\n<p class=\"text-muted\">\n<p><strong>Pantalla:<\/strong>\u00a02.4 Pulgadas TFT<\/p>\n<p><strong>Fuente de Alimentaci\u00f3n:<\/strong>\u00a0DC 12V 3A<\/p>\n<p><strong>Temperatura de Operaci\u00f3n:\u00a0<\/strong>0\u00b0c a 45\u00b0c<\/p>\n<p><strong>Humedad de Operaci\u00f3n:<\/strong>\u00a020% &#8211; 80%<\/p>\n<p><strong>Dimensiones:<\/strong>\u00a0158.5 x 78.0 x 19.4mm<\/p>\n<p>&nbsp;<\/p>\n<\/div>\n<\/div>\n<hr class=\"padding-bottom-2x\" \/>\n<div class=\"row align-items-center padding-bottom-2x\">\n<div class=\"col-md-5\"><img decoding=\"async\" class=\"d-block m-auto img-thumbnail\" src=\"https:\/\/tvc.mx\/media\/527331\/Control-Acceso-Asistencia-Huellas-TarjetasID-WiFi-ADMS-F22ID2-ZK-TV-Complemento2.png\" alt=\" \" \/><\/div>\n<div class=\"col-md-7 text-md-left text-center\">\n<h2>Incluye<\/h2>\n<p class=\"text-muted\">\n<ul>\n<li>Soporte de pared<\/li>\n<li>Plantilla de montaje<\/li>\n<li>Torniller\u00eda de montaje<\/li>\n<li>Arn\u00e9s de conexi\u00f3n para fuente de poder<\/li>\n<li>Arn\u00e9s de conexi\u00f3n para Ethernet<\/li>\n<li>Arn\u00e9s de conexi\u00f3n para control de Acceso<\/li>\n<li>Fuente de Poder (12V 3A)<\/li>\n<\/ul>\n<\/div>\n<\/div>\n","protected":false},"excerpt":{"rendered":"<p>Informaci\u00f3n General La terminal biom\u00e9trica modelo\u00a0F22ID\u00a0es un dispositivo ultra delgado para el control de acceso y gesti\u00f3n de asistencia de empleados. Cuenta con comunicaci\u00f3n\u00a0Wi-Fi, lo que en conjunto con su avanzado y veloz algoritmo, nos ofrece un con\ufb01able y preciso rendimiento. El\u00a0F22ID\u00a0brinda una mejor experiencia&hellip;<\/p>\n","protected":false},"featured_media":9251,"comment_status":"open","ping_status":"closed","template":"","meta":{"om_disable_all_campaigns":false,"_monsterinsights_skip_tracking":false,"_monsterinsights_sitenote_active":false,"_monsterinsights_sitenote_note":"","_monsterinsights_sitenote_category":0},"product_brand":[],"product_cat":[841],"product_tag":[81,727,730,66,731,728,729],"class_list":{"0":"post-9252","1":"product","2":"type-product","3":"status-publish","4":"has-post-thumbnail","6":"product_cat-huella-control-de-asistencia-zkteco-acceso-asistencia","7":"product_tag-acceso-y-asistencia","8":"product_tag-cerraduras","9":"product_tag-commax-wulian","10":"product_tag-dahua","11":"product_tag-wejoin","12":"product_tag-yli","13":"product_tag-zkteco","15":"first","16":"instock","17":"sale","18":"taxable","19":"shipping-taxable","20":"purchasable","21":"product-type-simple"},"aioseo_notices":[],"_links":{"self":[{"href":"https:\/\/tecsecmty.com\/index.php\/wp-json\/wp\/v2\/product\/9252","targetHints":{"allow":["GET"]}}],"collection":[{"href":"https:\/\/tecsecmty.com\/index.php\/wp-json\/wp\/v2\/product"}],"about":[{"href":"https:\/\/tecsecmty.com\/index.php\/wp-json\/wp\/v2\/types\/product"}],"replies":[{"embeddable":true,"href":"https:\/\/tecsecmty.com\/index.php\/wp-json\/wp\/v2\/comments?post=9252"}],"version-history":[{"count":0,"href":"https:\/\/tecsecmty.com\/index.php\/wp-json\/wp\/v2\/product\/9252\/revisions"}],"wp:featuredmedia":[{"embeddable":true,"href":"https:\/\/tecsecmty.com\/index.php\/wp-json\/wp\/v2\/media\/9251"}],"wp:attachment":[{"href":"https:\/\/tecsecmty.com\/index.php\/wp-json\/wp\/v2\/media?parent=9252"}],"wp:term":[{"taxonomy":"product_brand","embeddable":true,"href":"https:\/\/tecsecmty.com\/index.php\/wp-json\/wp\/v2\/product_brand?post=9252"},{"taxonomy":"product_cat","embeddable":true,"href":"https:\/\/tecsecmty.com\/index.php\/wp-json\/wp\/v2\/product_cat?post=9252"},{"taxonomy":"product_tag","embeddable":true,"href":"https:\/\/tecsecmty.com\/index.php\/wp-json\/wp\/v2\/product_tag?post=9252"}],"curies":[{"name":"wp","href":"https:\/\/api.w.org\/{rel}","templated":true}]}}