{"id":9260,"date":"2023-02-23T22:39:48","date_gmt":"2023-02-24T04:39:48","guid":{"rendered":"https:\/\/tecsecmty.com\/index.php\/producto\/zkteco-ma500pak-control-de-acceso-profesional-de-huella-tarjeta-y-password-para-exterior-con-ip65-incluye-contrachapa-magnetica-lm2805-de-200kg-soporte-de-fijacion-zl-boton-de-salida-no-touc\/"},"modified":"2023-03-22T23:25:26","modified_gmt":"2023-03-23T05:25:26","slug":"zkteco-ma500pak-control-de-acceso-profesional-de-huella-tarjeta-y-password-para-exterior-con-ip65-incluye-contrachapa-magnetica-lm2805-de-200kg-soporte-de-fijacion-zl-boton-de-salida-no-touc","status":"publish","type":"product","link":"https:\/\/tecsecmty.com\/index.php\/producto\/zkteco-ma500pak-control-de-acceso-profesional-de-huella-tarjeta-y-password-para-exterior-con-ip65-incluye-contrachapa-magnetica-lm2805-de-200kg-soporte-de-fijacion-zl-boton-de-salida-no-touc\/","title":{"rendered":"ZKTECO MA500PAK &#8211; Control de Acceso Profesional de Huella \/ Tarjeta y Password para Exterior con IP65 \/ Incluye Contrachapa Magn\u00e9tica LM2805 de 200Kg \/ Soporte de Fijaci\u00f3n ZL \/ Bot\u00f3n de Salida No Touch"},"content":{"rendered":"<div class=\"row aling-items-center padding-bottom-2x\">\n<div class=\"col-lg-12\">\n<h5 class=\"card-title text-center\">Informaci\u00f3n General<\/h5>\n<p>MA500 es una robusta terminal biom\u00e9trica para exteriores. Su cubierta met\u00e1lica anti-vand\u00e1lica y su grado de protecci\u00f3n IP65 la hacen ideal para su instalaci\u00f3n en ambientes hostiles y de alto tr\u00e1fico de usuarios. Cuenta con interfaces para la conexi\u00f3n de cerradura el\u00e9ctrica, sensor de puerta, alarma y bot\u00f3n de salida para utilizarse como un sistema de acceso aut\u00f3nomo.<\/p>\n<p>Ofrece la flexibilidad de la funci\u00f3n maestro-esclavo para la conexi\u00f3n de otro MA500 o un FR1200 mediante su interfaz RS485 o puede utilizarse como lector RS485 para paneles de acceso inBIO o paneles de acceso convencionales mediante su salida de datos Wiegand. Cuenta con interfaz TCP\/IP para una f\u00e1cil conexi\u00f3n y escalabilidad, siendo gestionado con el software de administraci\u00f3n incluido.<\/p>\n<p><img decoding=\"async\" class=\"overview-center-img-web\" src=\"https:\/\/tvc.mx\/media\/322611\/Soluci%C3%B3n-Exteriores-Control-Acceso-Profesional-Asistencia-Incluyen-chapa-Soporte-Bot%C3%B3n-Descripci%C3%B3n-MA500PACK-ZKTECO.png\" alt=\"\" \/><\/div>\n<\/div>\n<div class=\"row align-items-center padding-bottom-2x\">\n<div class=\"col-md-5 order-md-2\"><img decoding=\"async\" class=\"d-block m-auto img-thumbnail\" src=\"https:\/\/tvc.mx\/media\/322635\/Soluci%C3%B3n-Exteriores-Control-Acceso-Profesional-Asistencia-Incluyen-chapa-Soporte-Bot%C3%B3n-LM2805-MA500PACK-ZKTECO.png\" alt=\" \" \/><\/div>\n<div class=\"col-md-7 order-md-1 text-md-left text-center\">\n<h2>Contenido<\/h2>\n<p class=\"text-muted\">\n<h4>ESPECIFICACIONES Contrachapa Magn\u00e9tica<strong>\u00a0ZKTECO LM200<\/strong><\/h4>\n<ul>\n<li>Cerradura magn\u00e9tica<\/li>\n<li>Voltaje de entrada: DC12V<\/li>\n<li>Rango de fuerza de tracci\u00f3n: 200Kg<\/li>\n<li>Tama\u00f1o del cuerpo de la cerradura: 250 \u00d7 47 \u00d7 25.5 mm<\/li>\n<li>Tama\u00f1o de la placa de hierro: 180L \u00d7 38A \u00d7 11D mm<\/li>\n<li>Salida de se\u00f1al de retro-alimentaci\u00f3n con detector LED de potencia<\/li>\n<li>Adecuado para: Puertas de vidrio, madera o metal.<\/li>\n<\/ul>\n<p>&nbsp;<\/p>\n<\/div>\n<\/div>\n<hr class=\"padding-bottom-2x\" \/>\n<div class=\"row align-items-center padding-bottom-2x\">\n<div class=\"col-md-5\"><img decoding=\"async\" class=\"d-block m-auto img-thumbnail\" src=\"https:\/\/tvc.mx\/media\/322643\/Soluci%C3%B3n-Exteriores-Control-Acceso-Profesional-Asistencia-Incluyen-chapa-Soporte-Bot%C3%B3n-LMB280ZL-MA500PACK-ZKTECO.png\" alt=\" \" \/><\/div>\n<div class=\"col-md-7 text-md-left text-center\">\n<h2>Soporte LMB200ZL<\/h2>\n<p class=\"text-muted\">\n<ul>\n<li>Adecuado para: puerta<\/li>\n<li>Modo abierto: puerta 90 grados.<\/li>\n<li>Completo para carcasa: Aluminio anodizado.<\/li>\n<li>Soporte ZL para cerradura LM200Kg<\/li>\n<li>Para instalar la placa de hierro<\/li>\n<li>El soporte ZL f\u00e1cil de instalar para todo tipo de puertas de madera, metal, puertas ign\u00edfugas.<\/li>\n<\/ul>\n<p>&nbsp;<\/p>\n<\/div>\n<\/div>\n<hr class=\"padding-bottom-2x\" \/>\n<div class=\"row align-items-center padding-bottom-2x\">\n<div class=\"col-md-5 order-md-2\"><img decoding=\"async\" class=\"d-block m-auto img-thumbnail\" src=\"https:\/\/tvc.mx\/media\/322639\/Soluci%C3%B3n-Exteriores-Control-Acceso-Profesional-Asistencia-Incluyen-chapa-Soporte-Bot%C3%B3n-K11--MA500PACK-ZKTECO.png\" alt=\" \" \/><\/div>\n<div class=\"col-md-7 order-md-1 text-md-left text-center\">\n<h2>Bot\u00f3n de Salida K11<\/h2>\n<p class=\"text-muted\">\n<h2>Funci\u00f3n<\/h2>\n<ul>\n<li>Apertura de puerta<\/li>\n<li>Conexion con contrachapas o controles de acceso<\/li>\n<li>Salida normalmente abierto y normalmente cerrado<\/li>\n<li>Instalaci\u00f3n f\u00e1cil y r\u00e1pida<\/li>\n<li>Dise\u00f1o moderno y elegante<\/li>\n<li>No necesita tocarse<\/li>\n<\/ul>\n<p>&nbsp;<\/p>\n<ul>\n<li>Voltaje de entrada: DC12V.<\/li>\n<li>F\u00e1cil operaci\u00f3n.<\/li>\n<li>Rango de temperatura de operaci\u00f3n: 20\u00b0C~55\u00b0C.<\/li>\n<li>Tiempo de vida: Hasta 500,000 aperturas.<\/li>\n<li>Base de acero inoxidable.<\/li>\n<li>LED Azul: En Espera<\/li>\n<li>LED Rojo: Detecci\u00f3n de Visitante<\/li>\n<li>Dimensiones: 115*70*29(mm).<\/li>\n<li>Peso: 85 gramos.<\/li>\n<li>Rango de detecci\u00f3n: 0.1 a 10 cm.<\/li>\n<li>IP-55.<\/li>\n<li class=\"ql-align-justify\"><\/li>\n<\/ul>\n<\/div>\n<\/div>\n","protected":false},"excerpt":{"rendered":"<p>Informaci\u00f3n General MA500 es una robusta terminal biom\u00e9trica para exteriores. Su cubierta met\u00e1lica anti-vand\u00e1lica y su grado de protecci\u00f3n IP65 la hacen ideal para su instalaci\u00f3n en ambientes hostiles y de alto tr\u00e1fico de usuarios. Cuenta con interfaces para la conexi\u00f3n de cerradura el\u00e9ctrica, sensor&hellip;<\/p>\n","protected":false},"featured_media":9259,"comment_status":"open","ping_status":"closed","template":"","meta":{"om_disable_all_campaigns":false,"_monsterinsights_skip_tracking":false,"_monsterinsights_sitenote_active":false,"_monsterinsights_sitenote_note":"","_monsterinsights_sitenote_category":0},"product_brand":[],"product_cat":[841],"product_tag":[81,727,730,66,731,728,729],"class_list":{"0":"post-9260","1":"product","2":"type-product","3":"status-publish","4":"has-post-thumbnail","6":"product_cat-huella-control-de-asistencia-zkteco-acceso-asistencia","7":"product_tag-acceso-y-asistencia","8":"product_tag-cerraduras","9":"product_tag-commax-wulian","10":"product_tag-dahua","11":"product_tag-wejoin","12":"product_tag-yli","13":"product_tag-zkteco","15":"first","16":"instock","17":"sale","18":"taxable","19":"shipping-taxable","20":"purchasable","21":"product-type-simple"},"aioseo_notices":[],"_links":{"self":[{"href":"https:\/\/tecsecmty.com\/index.php\/wp-json\/wp\/v2\/product\/9260","targetHints":{"allow":["GET"]}}],"collection":[{"href":"https:\/\/tecsecmty.com\/index.php\/wp-json\/wp\/v2\/product"}],"about":[{"href":"https:\/\/tecsecmty.com\/index.php\/wp-json\/wp\/v2\/types\/product"}],"replies":[{"embeddable":true,"href":"https:\/\/tecsecmty.com\/index.php\/wp-json\/wp\/v2\/comments?post=9260"}],"version-history":[{"count":0,"href":"https:\/\/tecsecmty.com\/index.php\/wp-json\/wp\/v2\/product\/9260\/revisions"}],"wp:featuredmedia":[{"embeddable":true,"href":"https:\/\/tecsecmty.com\/index.php\/wp-json\/wp\/v2\/media\/9259"}],"wp:attachment":[{"href":"https:\/\/tecsecmty.com\/index.php\/wp-json\/wp\/v2\/media?parent=9260"}],"wp:term":[{"taxonomy":"product_brand","embeddable":true,"href":"https:\/\/tecsecmty.com\/index.php\/wp-json\/wp\/v2\/product_brand?post=9260"},{"taxonomy":"product_cat","embeddable":true,"href":"https:\/\/tecsecmty.com\/index.php\/wp-json\/wp\/v2\/product_cat?post=9260"},{"taxonomy":"product_tag","embeddable":true,"href":"https:\/\/tecsecmty.com\/index.php\/wp-json\/wp\/v2\/product_tag?post=9260"}],"curies":[{"name":"wp","href":"https:\/\/api.w.org\/{rel}","templated":true}]}}