{"id":9262,"date":"2023-02-23T22:39:49","date_gmt":"2023-02-24T04:39:49","guid":{"rendered":"https:\/\/tecsecmty.com\/index.php\/producto\/zkteco-p160id-control-de-acceso-y-asistencia-simple-10000-tarjetas-600-palmas-3000-huellas-tcpip\/"},"modified":"2023-03-22T23:25:28","modified_gmt":"2023-03-23T05:25:28","slug":"zkteco-p160id-control-de-acceso-y-asistencia-simple-10000-tarjetas-600-palmas-3000-huellas-tcpip","status":"publish","type":"product","link":"https:\/\/tecsecmty.com\/index.php\/producto\/zkteco-p160id-control-de-acceso-y-asistencia-simple-10000-tarjetas-600-palmas-3000-huellas-tcpip\/","title":{"rendered":"ZKTECO P160ID &#8211; Control de Acceso y Asistencia Simple \/ 10000 Tarjetas \/ 600 Palmas \/ 3000 Huellas \/ TCPIP"},"content":{"rendered":"<div class=\"row aling-items-center padding-bottom-2x\">\n<div class=\"col-lg-12\">\n<h5 class=\"card-title text-center\">Informaci\u00f3n General<\/h5>\n<p>El dispositivo modelo\u00a0<strong>P160ID<\/strong>\u00a0es una terminal multi-biom\u00e9trica para aplicaciones de Tiempo y Asistencia con funciones de Control de Acceso ya que puede ser conectada con cerraduras el\u00e9ctricas, sensores de puertas y botones de salidas.<\/p>\n<p>Cuenta con el m\u00e1s reciente algoritmo de reconocimiento de palma y huella digital que con su optimizada tecnolog\u00eda puede almacenar hasta 600 plantillas de palma y hasta 3.000 de huella digital.<\/p>\n<p>Adem\u00e1s de poseer gran velocidad de verificaci\u00f3n y una interfaz amigable con el usuario, su atractivo dise\u00f1o es ideal para su instalaci\u00f3n en oficinas.<\/p>\n<p><img decoding=\"async\" class=\"overview-center-img-web\" src=\"https:\/\/tvc.mx\/media\/557915\/Control-Acceso-Asistencia-Simple-TarjetasID-Huellas-Palmas-P160ID-ZKTeco-TVC-Banner2.png\" alt=\"\" \/><\/div>\n<\/div>\n<div class=\"row align-items-center padding-bottom-2x\">\n<div class=\"col-md-5 order-md-2\"><img decoding=\"async\" class=\"d-block m-auto img-thumbnail\" src=\"https:\/\/tvc.mx\/media\/535639\/Control-Acceso-Asistencia-Simple-TarjetasID-Huellas-Palmas-P160ID-ZKTeco-TVC-Complemento.png\" alt=\" \" \/><\/div>\n<div class=\"col-md-7 order-md-1 text-md-left text-center\">\n<h2>Principales Caracter\u00edsticas<\/h2>\n<p class=\"text-muted\">\n<p><strong>Almacenamiento:<\/strong><\/p>\n<ul>\n<li>600 Palmas<\/li>\n<li>3,000 Huellas<\/li>\n<li>10,000 Tarjetas (RF-ID)<\/li>\n<li>10,000 Contrase\u00f1as<\/li>\n<li>100,000 Eventos<\/li>\n<\/ul>\n<p><strong>Interfaz de Comunicaci\u00f3n:<\/strong>\u00a0TCP\/IP, USB(Host)<\/p>\n<p><strong>Funci\u00f3n ADMS<\/strong>\u00a0Ready<\/p>\n<p><strong>Interfaz de Acceso:<\/strong><\/p>\n<ul>\n<li>Relevador para Control de Acceso<\/li>\n<li>Conexi\u00f3n para Bot\u00f3n de Salida<\/li>\n<li>Conexi\u00f3n para Impresora (RS232)<\/li>\n<li>Entrada Auxiliar<\/li>\n<li>Salida de Alarma<\/li>\n<\/ul>\n<p><strong>Funci\u00f3n opcional de paga (Actualizaci\u00f3n de Firmware)<\/strong><\/p>\n<ul>\n<li>Activaci\u00f3n de Relevador por Timbre Programado<\/li>\n<\/ul>\n<p><strong>Software Compatible:<\/strong>\u00a0ZK Time.Net Lite,\u00a0ZK Time.Net 3.0,\u00a0Titanium,\u00a0BioTime PRO<\/p>\n<p>&nbsp;<\/p>\n<\/div>\n<\/div>\n<hr class=\"padding-bottom-2x\" \/>\n<div class=\"row align-items-center padding-bottom-2x\">\n<div class=\"col-md-5\"><img decoding=\"async\" class=\"d-block m-auto img-thumbnail\" src=\"https:\/\/tvc.mx\/media\/535379\/Control-Acceso-Asistencia-Simple-TarjetasID-Huellas-Palmas-P160ID-ZKTeco-TVC-Complemento2.png\" alt=\" \" \/><\/div>\n<div class=\"col-md-7 text-md-left text-center\">\n<h2>Especificaciones T\u00e9cnicas<\/h2>\n<p class=\"text-muted\">\n<p><strong>Pantalla:<\/strong>\u00a02.8 Pulgadas TFT<\/p>\n<p><strong>Fuente de Alimentaci\u00f3n:<\/strong>\u00a0DC 12V 1.5A<\/p>\n<p><strong>Temperatura de Operaci\u00f3n:<\/strong>\u00a00\u00b0c a 45\u00b0c<\/p>\n<p><strong>Humedad de Operaci\u00f3n:<\/strong>\u00a020% &#8211; 80%<\/p>\n<p><strong>Dimensiones:<\/strong>\u00a0179.95 x 134.94 x 38.5 mm<\/p>\n<\/div>\n<\/div>\n","protected":false},"excerpt":{"rendered":"<p>Informaci\u00f3n General El dispositivo modelo\u00a0P160ID\u00a0es una terminal multi-biom\u00e9trica para aplicaciones de Tiempo y Asistencia con funciones de Control de Acceso ya que puede ser conectada con cerraduras el\u00e9ctricas, sensores de puertas y botones de salidas. Cuenta con el m\u00e1s reciente algoritmo de reconocimiento de palma&hellip;<\/p>\n","protected":false},"featured_media":9261,"comment_status":"open","ping_status":"closed","template":"","meta":{"om_disable_all_campaigns":false,"_monsterinsights_skip_tracking":false,"_monsterinsights_sitenote_active":false,"_monsterinsights_sitenote_note":"","_monsterinsights_sitenote_category":0},"product_brand":[],"product_cat":[841],"product_tag":[81,727,730,66,731,728,729],"class_list":{"0":"post-9262","1":"product","2":"type-product","3":"status-publish","4":"has-post-thumbnail","6":"product_cat-huella-control-de-asistencia-zkteco-acceso-asistencia","7":"product_tag-acceso-y-asistencia","8":"product_tag-cerraduras","9":"product_tag-commax-wulian","10":"product_tag-dahua","11":"product_tag-wejoin","12":"product_tag-yli","13":"product_tag-zkteco","15":"first","16":"instock","17":"sale","18":"taxable","19":"shipping-taxable","20":"purchasable","21":"product-type-simple"},"aioseo_notices":[],"_links":{"self":[{"href":"https:\/\/tecsecmty.com\/index.php\/wp-json\/wp\/v2\/product\/9262","targetHints":{"allow":["GET"]}}],"collection":[{"href":"https:\/\/tecsecmty.com\/index.php\/wp-json\/wp\/v2\/product"}],"about":[{"href":"https:\/\/tecsecmty.com\/index.php\/wp-json\/wp\/v2\/types\/product"}],"replies":[{"embeddable":true,"href":"https:\/\/tecsecmty.com\/index.php\/wp-json\/wp\/v2\/comments?post=9262"}],"version-history":[{"count":0,"href":"https:\/\/tecsecmty.com\/index.php\/wp-json\/wp\/v2\/product\/9262\/revisions"}],"wp:featuredmedia":[{"embeddable":true,"href":"https:\/\/tecsecmty.com\/index.php\/wp-json\/wp\/v2\/media\/9261"}],"wp:attachment":[{"href":"https:\/\/tecsecmty.com\/index.php\/wp-json\/wp\/v2\/media?parent=9262"}],"wp:term":[{"taxonomy":"product_brand","embeddable":true,"href":"https:\/\/tecsecmty.com\/index.php\/wp-json\/wp\/v2\/product_brand?post=9262"},{"taxonomy":"product_cat","embeddable":true,"href":"https:\/\/tecsecmty.com\/index.php\/wp-json\/wp\/v2\/product_cat?post=9262"},{"taxonomy":"product_tag","embeddable":true,"href":"https:\/\/tecsecmty.com\/index.php\/wp-json\/wp\/v2\/product_tag?post=9262"}],"curies":[{"name":"wp","href":"https:\/\/api.w.org\/{rel}","templated":true}]}}