{"id":9264,"date":"2023-02-23T22:39:52","date_gmt":"2023-02-24T04:39:52","guid":{"rendered":"https:\/\/tecsecmty.com\/index.php\/producto\/zkteco-s922id4g-control-de-asistencia-portatil-5000-huellas-tarjetas-id-tcpip-ip65-4-horas-de-respaldo-sincontacto\/"},"modified":"2023-03-22T23:25:31","modified_gmt":"2023-03-23T05:25:31","slug":"zkteco-s922id4g-control-de-asistencia-portatil-5000-huellas-tarjetas-id-tcpip-ip65-4-horas-de-respaldo-sincontacto","status":"publish","type":"product","link":"https:\/\/tecsecmty.com\/index.php\/producto\/zkteco-s922id4g-control-de-asistencia-portatil-5000-huellas-tarjetas-id-tcpip-ip65-4-horas-de-respaldo-sincontacto\/","title":{"rendered":"ZKTECO S922ID4G &#8211; Control de Asistencia port\u00e1til \/ 5000 Huellas \/ Tarjetas ID \/ TCPIP \/ IP65 \/ 4 Horas de Respaldo \/ #Sincontacto"},"content":{"rendered":"<div class=\"row aling-items-center padding-bottom-2x\">\n<div class=\"col-lg-12\">\n<h5 class=\"card-title text-center\">Informaci\u00f3n General<\/h5>\n<p>La terminal de asistencia\u00a0<strong>S922ID4G\u00a0<\/strong>es un equipo biom\u00e9trico IP port\u00e1til, resistente y \u00fanico en el mercado, dise\u00f1ado para la administraci\u00f3n de tiempo y asistencia en lugares remotos.<\/p>\n<p>El S922 est\u00e1 equipado con una bater\u00eda de 7.6Ah que le permite trabajar hasta 4 horas continuas y permanecer hasta 12 horas en reposo.<\/p>\n<p>Gracias a su cubierta y resistente dise\u00f1o, el\u00a0<strong>S922<\/strong>\u00a0puede soportar golpes hasta una altura de 1 metro sobre el piso, adem\u00e1s el \u00edndice de protecci\u00f3n IP65 que posee lo hace resistente al agua y al polvo.<\/p>\n<p><img decoding=\"async\" class=\"overview-center-img-web\" src=\"https:\/\/tvc.mx\/media\/556063\/Control-Asistencia-Huellas-TarjetasID-IP65-Bateria-Respaldo-S922ID4G-ZKTeco-TVC-Banner.png\" alt=\"\" \/><\/div>\n<\/div>\n<div class=\"row align-items-center padding-bottom-2x\">\n<div class=\"col-md-5 order-md-2\"><img decoding=\"async\" class=\"d-block m-auto img-thumbnail\" src=\"https:\/\/tvc.mx\/media\/323835\/Control-Asistencia-Huellas-TarjetasID-IP65-Bateria-Respaldo-S922ID4G-ZK-TVC-Complemento.png\" alt=\" \" \/><\/div>\n<div class=\"col-md-7 order-md-1 text-md-left text-center\">\n<h2>Principales Caracter\u00edsticas<\/h2>\n<p class=\"text-muted\">\n<p><strong>Almacenamiento:<\/strong><\/p>\n<ul>\n<li>5,000 Huellas<\/li>\n<li>30,000 Tarjetas\u00a0(RF-ID)<\/li>\n<li>30,000 Contrase\u00f1as<\/li>\n<li>200,000 Eventos<\/li>\n<\/ul>\n<p><strong>Interfaz de Comunicaci\u00f3n:<\/strong>\u00a0TCP\/IP, USB(Host), 4G<\/p>\n<p><strong>Funci\u00f3n ADMS<\/strong>\u00a0Ready<\/p>\n<p><strong>Software Compatible:<\/strong>\u00a0ZK Time.Net Lite,\u00a0ZK Time.Net 3.0,\u00a0BioTime PRO,\u00a0Titanium<\/p>\n<p>&nbsp;<\/p>\n<\/div>\n<\/div>\n<hr class=\"padding-bottom-2x\" \/>\n<div class=\"row align-items-center padding-bottom-2x\">\n<div class=\"col-md-5\"><img decoding=\"async\" class=\"d-block m-auto img-thumbnail\" src=\"https:\/\/tvc.mx\/media\/323839\/Control-Asistencia-Huellas-TarjetasID-IP65-Bateria-Respaldo-S922ID4G-ZK-TVC-Complemento2.png\" alt=\" \" \/><\/div>\n<div class=\"col-md-7 text-md-left text-center\">\n<h2>Especificaciones T\u00e9cnicas<\/h2>\n<p class=\"text-muted\">\n<p><strong>Pantalla:<\/strong>\u00a03 Pulgadas<\/p>\n<p><strong>Fuente de Alimentaci\u00f3n:<\/strong>\u00a0DC 12V \/ Bater\u00eda de Respaldo de 7.6 Ah<\/p>\n<p><strong>Temperatura de Operaci\u00f3n:<\/strong>\u00a00\u00b0c a 45\u00b0c<\/p>\n<p><strong>Humedad de Operaci\u00f3n:<\/strong>\u00a020% &#8211; 80%<\/p>\n<p><strong>\u00cdndice de Protecci\u00f3n:<\/strong>\u00a0IP65<\/p>\n<p><strong>A prueba de golpes:<\/strong>\u00a0Hasta 1m sobre el piso<\/p>\n<p><strong>Dimensiones:<\/strong>\u00a0225 * 235 * 125 mm<\/p>\n<\/div>\n<\/div>\n","protected":false},"excerpt":{"rendered":"<p>Informaci\u00f3n General La terminal de asistencia\u00a0S922ID4G\u00a0es un equipo biom\u00e9trico IP port\u00e1til, resistente y \u00fanico en el mercado, dise\u00f1ado para la administraci\u00f3n de tiempo y asistencia en lugares remotos. El S922 est\u00e1 equipado con una bater\u00eda de 7.6Ah que le permite trabajar hasta 4 horas continuas&hellip;<\/p>\n","protected":false},"featured_media":9263,"comment_status":"open","ping_status":"closed","template":"","meta":{"om_disable_all_campaigns":false,"_monsterinsights_skip_tracking":false,"_monsterinsights_sitenote_active":false,"_monsterinsights_sitenote_note":"","_monsterinsights_sitenote_category":0},"product_brand":[],"product_cat":[841],"product_tag":[81,727,730,66,731,728,729],"class_list":{"0":"post-9264","1":"product","2":"type-product","3":"status-publish","4":"has-post-thumbnail","6":"product_cat-huella-control-de-asistencia-zkteco-acceso-asistencia","7":"product_tag-acceso-y-asistencia","8":"product_tag-cerraduras","9":"product_tag-commax-wulian","10":"product_tag-dahua","11":"product_tag-wejoin","12":"product_tag-yli","13":"product_tag-zkteco","15":"first","16":"instock","17":"sale","18":"taxable","19":"shipping-taxable","20":"purchasable","21":"product-type-simple"},"aioseo_notices":[],"_links":{"self":[{"href":"https:\/\/tecsecmty.com\/index.php\/wp-json\/wp\/v2\/product\/9264","targetHints":{"allow":["GET"]}}],"collection":[{"href":"https:\/\/tecsecmty.com\/index.php\/wp-json\/wp\/v2\/product"}],"about":[{"href":"https:\/\/tecsecmty.com\/index.php\/wp-json\/wp\/v2\/types\/product"}],"replies":[{"embeddable":true,"href":"https:\/\/tecsecmty.com\/index.php\/wp-json\/wp\/v2\/comments?post=9264"}],"version-history":[{"count":0,"href":"https:\/\/tecsecmty.com\/index.php\/wp-json\/wp\/v2\/product\/9264\/revisions"}],"wp:featuredmedia":[{"embeddable":true,"href":"https:\/\/tecsecmty.com\/index.php\/wp-json\/wp\/v2\/media\/9263"}],"wp:attachment":[{"href":"https:\/\/tecsecmty.com\/index.php\/wp-json\/wp\/v2\/media?parent=9264"}],"wp:term":[{"taxonomy":"product_brand","embeddable":true,"href":"https:\/\/tecsecmty.com\/index.php\/wp-json\/wp\/v2\/product_brand?post=9264"},{"taxonomy":"product_cat","embeddable":true,"href":"https:\/\/tecsecmty.com\/index.php\/wp-json\/wp\/v2\/product_cat?post=9264"},{"taxonomy":"product_tag","embeddable":true,"href":"https:\/\/tecsecmty.com\/index.php\/wp-json\/wp\/v2\/product_tag?post=9264"}],"curies":[{"name":"wp","href":"https:\/\/api.w.org\/{rel}","templated":true}]}}