{"id":9270,"date":"2023-02-23T22:40:00","date_gmt":"2023-02-24T04:40:00","guid":{"rendered":"https:\/\/tecsecmty.com\/index.php\/producto\/zkteco-wl10-control-de-asistencia-simple-1000-usuarios-wifi-descarga-de-usb-en-hoja-de-calculo\/"},"modified":"2023-03-22T23:25:36","modified_gmt":"2023-03-23T05:25:36","slug":"zkteco-wl10-control-de-asistencia-simple-1000-usuarios-wifi-descarga-de-usb-en-hoja-de-calculo","status":"publish","type":"product","link":"https:\/\/tecsecmty.com\/index.php\/producto\/zkteco-wl10-control-de-asistencia-simple-1000-usuarios-wifi-descarga-de-usb-en-hoja-de-calculo\/","title":{"rendered":"ZKTECO WL10 &#8211; Control de Asistencia Simple \/ 1000 Usuarios \/ WiFi \/ Descarga de USB en Hoja de C\u00e1lculo"},"content":{"rendered":"<div class=\"row aling-items-center padding-bottom-2x\">\n<div class=\"col-lg-12\">\n<h5 class=\"card-title text-center\">Descripci\u00f3n<\/h5>\n<p class=\"ql-align-justify\">WL10 es una terminal de tiempo y asistencia integrada, soporta la descarga directa de los registros de entrada y salida con la funcionalidad SSR.<\/p>\n<p class=\"ql-align-justify\">Est\u00e1 asociado con el nuevo lector de huellas dactilares de ZKTeco que hace su operaci\u00f3n se mantenga estable incluso sometiendo la terminal a fuentes de luz intensas, adem\u00e1s es posible realizar la veri\ufb01caci\u00f3n de huellas h\u00famedas y \u00e1speras.<\/p>\n<p class=\"ql-align-justify\">Tambi\u00e9n cuenta con un elegante y delgado dise\u00f1o el cual marca un comienzo para una nueva etapa para la gesti\u00f3n de tiempo y asistencia.<\/p>\n<p><img decoding=\"async\" class=\"overview-center-img-web\" src=\"https:\/\/tvc.mx\/media\/31099\/zk.jpg\" alt=\"\" \/><\/div>\n<\/div>\n<div class=\"row align-items-center padding-bottom-2x\">\n<div class=\"col-md-5\"><img decoding=\"async\" class=\"d-block m-auto img-thumbnail\" src=\"https:\/\/tvc.mx\/media\/697297\/Sin-t%C3%ADtulo-1.png\" alt=\" \" \/><\/div>\n<div class=\"col-md-7 text-md-left text-center\">\n<h2>Configuraci\u00f3n<\/h2>\n<p class=\"text-muted\">\n<ul>\n<li>USB-Host.<\/li>\n<li>Dise\u00f1o ultra delgado.<\/li>\n<li>Operaci\u00f3n estable bajo una fuente de luz intensa.<\/li>\n<li>Funci\u00f3n de encendido autom\u00e1tico de infrarrojos para el ahorro de energ\u00eda.<\/li>\n<li>Conexi\u00f3n con aplicaci\u00f3n m\u00f3vil para la gesti\u00f3n y descarga de reportes.<\/li>\n<li>Veloz reconocimiento de huellas secas, h\u00famedas y \u00e1speras.<\/li>\n<li>Funci\u00f3n SSR para generar reportes de tiempo y asistencia.<\/li>\n<\/ul>\n<p>&nbsp;<\/p>\n<\/div>\n<\/div>\n<hr class=\"padding-bottom-2x\" \/>\n<div class=\"row align-items-center padding-bottom-2x\">\n<div class=\"col-md-5 order-md-2\"><img decoding=\"async\" class=\"d-block m-auto img-thumbnail\" src=\"https:\/\/tvc.mx\/media\/697302\/DIMENSIONES-.png\" alt=\" \" \/><\/div>\n<div class=\"col-md-7 order-md-1 text-md-left text-center\">\n<h2>Especificaciones T\u00e9cnicas<\/h2>\n<p class=\"text-muted\">\n<ul>\n<li><strong>Capacidad de Huellas:<\/strong>\u00a01.000<\/li>\n<li><strong>Algoritmo:<\/strong>\u00a0ZKFinger VX10.0<\/li>\n<li><strong>Capacidad de Eventos:<\/strong>\u00a050.000Pantalla<\/li>\n<li><strong>Pantalla:<\/strong>\u00a0TFT de 2.8 Pulgadas<\/li>\n<li><strong>Comunicaci\u00f3n:<\/strong>\u00a0USB-Host<\/li>\n<li><strong>Funcione Est\u00e1ndar:<\/strong>\u00a0SSR, Horario de Verano, Timbre Programado, Cambio Autom\u00e1tico de Estado, Entrada T9, Usuario de 9 D\u00edgitos<\/li>\n<li><strong>Fuente de Alimentaci\u00f3n:<\/strong>\u00a0DC 5V 0.8A<\/li>\n<li><strong>Temperatura de Operaci\u00f3n:<\/strong>\u00a00 \u00b0C &#8211; 45 \u00b0C<\/li>\n<li><strong>Humedad de Operaci\u00f3n:<\/strong>\u00a020% hasta 80%<\/li>\n<li><strong>Dimensiones:<\/strong>\u00a0168 x 125 x 22.5 mm<\/li>\n<\/ul>\n<\/div>\n<\/div>\n","protected":false},"excerpt":{"rendered":"<p>Descripci\u00f3n WL10 es una terminal de tiempo y asistencia integrada, soporta la descarga directa de los registros de entrada y salida con la funcionalidad SSR. Est\u00e1 asociado con el nuevo lector de huellas dactilares de ZKTeco que hace su operaci\u00f3n se mantenga estable incluso sometiendo&hellip;<\/p>\n","protected":false},"featured_media":9269,"comment_status":"open","ping_status":"closed","template":"","meta":{"om_disable_all_campaigns":false,"_monsterinsights_skip_tracking":false,"_monsterinsights_sitenote_active":false,"_monsterinsights_sitenote_note":"","_monsterinsights_sitenote_category":0},"product_brand":[],"product_cat":[841],"product_tag":[81,727,730,66,731,728,729],"class_list":{"0":"post-9270","1":"product","2":"type-product","3":"status-publish","4":"has-post-thumbnail","6":"product_cat-huella-control-de-asistencia-zkteco-acceso-asistencia","7":"product_tag-acceso-y-asistencia","8":"product_tag-cerraduras","9":"product_tag-commax-wulian","10":"product_tag-dahua","11":"product_tag-wejoin","12":"product_tag-yli","13":"product_tag-zkteco","15":"first","16":"instock","17":"sale","18":"taxable","19":"shipping-taxable","20":"purchasable","21":"product-type-simple"},"aioseo_notices":[],"_links":{"self":[{"href":"https:\/\/tecsecmty.com\/index.php\/wp-json\/wp\/v2\/product\/9270","targetHints":{"allow":["GET"]}}],"collection":[{"href":"https:\/\/tecsecmty.com\/index.php\/wp-json\/wp\/v2\/product"}],"about":[{"href":"https:\/\/tecsecmty.com\/index.php\/wp-json\/wp\/v2\/types\/product"}],"replies":[{"embeddable":true,"href":"https:\/\/tecsecmty.com\/index.php\/wp-json\/wp\/v2\/comments?post=9270"}],"version-history":[{"count":0,"href":"https:\/\/tecsecmty.com\/index.php\/wp-json\/wp\/v2\/product\/9270\/revisions"}],"wp:featuredmedia":[{"embeddable":true,"href":"https:\/\/tecsecmty.com\/index.php\/wp-json\/wp\/v2\/media\/9269"}],"wp:attachment":[{"href":"https:\/\/tecsecmty.com\/index.php\/wp-json\/wp\/v2\/media?parent=9270"}],"wp:term":[{"taxonomy":"product_brand","embeddable":true,"href":"https:\/\/tecsecmty.com\/index.php\/wp-json\/wp\/v2\/product_brand?post=9270"},{"taxonomy":"product_cat","embeddable":true,"href":"https:\/\/tecsecmty.com\/index.php\/wp-json\/wp\/v2\/product_cat?post=9270"},{"taxonomy":"product_tag","embeddable":true,"href":"https:\/\/tecsecmty.com\/index.php\/wp-json\/wp\/v2\/product_tag?post=9270"}],"curies":[{"name":"wp","href":"https:\/\/api.w.org\/{rel}","templated":true}]}}