{"id":9274,"date":"2023-02-23T22:40:04","date_gmt":"2023-02-24T04:40:04","guid":{"rendered":"https:\/\/tecsecmty.com\/index.php\/producto\/zkteco-biotimeproenterprise-licencia-de-asistencia-vitalicia-version-web-para-100-terminales-centralizadas-12000-empleados-1-punto-para-app-10-multicompanias\/"},"modified":"2023-03-22T23:25:12","modified_gmt":"2023-03-23T05:25:12","slug":"zkteco-biotimeproenterprise-licencia-de-asistencia-vitalicia-version-web-para-100-terminales-centralizadas-12000-empleados-1-punto-para-app-10-multicompanias","status":"publish","type":"product","link":"https:\/\/tecsecmty.com\/index.php\/producto\/zkteco-biotimeproenterprise-licencia-de-asistencia-vitalicia-version-web-para-100-terminales-centralizadas-12000-empleados-1-punto-para-app-10-multicompanias\/","title":{"rendered":"ZKTECO BIOTIMEPROENTERPRISE &#8211; Licencia de Asistencia Vitalicia \/ Versi\u00f3n WEB \/ para 100 Terminales Centralizadas \/ 12000 Empleados \/ 1 Punto para App \/ 10 Multicompa\u00f1\u00edas"},"content":{"rendered":"<div class=\"row aling-items-center padding-bottom-2x\">\n<div class=\"col-lg-12\">\n<h5 class=\"card-title text-center\">Informaci\u00f3n General<\/h5>\n<p class=\"ql-align-justify\">El software especializado en el control de tiempo y asistencia,\u00a0<strong>BioTime Pro<\/strong>\u00a0es una poderosa plataforma de gesti\u00f3n basada en web que permite centralizar los datos de todo su personal de m\u00faltiples sucursales en un solo lugar.<\/p>\n<p class=\"ql-align-justify\">Permite la sincronizaci\u00f3n autom\u00e1tica de datos de los dispositivos de asistencia\u00a0<strong>ZKTeco<\/strong>\u00a0en tiempo real, soporta la gesti\u00f3n de empleados m\u00f3viles por medio del registro de asistencia usando la\u00a0App ZKBioTime\u00a0con informaci\u00f3n GPS, permite el acceso de m\u00faltiples administradores desde cualquier navegador web, con capacidad de aceptar el control de cientos de dispositivos de asistencia y miles de usuarios de forma remota y eficiente.<\/p>\n<p class=\"ql-align-justify\">El\u00a0<strong>BioTime PRO<\/strong>\u00a0presenta una interfaz amigable con avanzadas funciones de gesti\u00f3n de horarios, turnos, permisos, vacaciones, incidencias y generaci\u00f3n de una amplia variedad de reportes de asistencia, brindando una soluci\u00f3n profesional a empresas de todos los sectores.<\/p>\n<p><img decoding=\"async\" class=\"overview-center-img-web\" src=\"https:\/\/tvc.mx\/media\/462280\/Licencia-Asistencia-Vitalicia-Versi%C3%B3n-WEB-100-Terminales-Centralizadas-BIOTIMEPROENTERPRISE-ZK-TVC-Banner.png\" alt=\"\" \/><\/div>\n<\/div>\n<div class=\"row align-items-center padding-bottom-2x\">\n<div class=\"col-md-5 order-md-2\"><img decoding=\"async\" class=\"d-block m-auto img-thumbnail\" src=\"https:\/\/tvc.mx\/media\/462282\/Licencia-Asistencia-Vitalicia-Versi%C3%B3n-WEB-100-Terminales-Centralizadas-BIOTIMEPROENTERPRISE-ZK-TVC-Complemento1.png\" alt=\" \" \/><\/div>\n<div class=\"col-md-7 order-md-1 text-md-left text-center\">\n<h2>Principales Caracter\u00edsticas<\/h2>\n<p class=\"text-muted\">\n<ul>\n<li>Software de Tiempo y Asistencia Basado en Web<\/li>\n<li>Sincronizaci\u00f3n y Gesti\u00f3n Autom\u00e1tica de Datos<\/li>\n<li>Sincronizaci\u00f3n Autom\u00e1tica de cientos de Relojes Checadores<\/li>\n<li>Horarios y Turnos Flexibles (M\u00faltiples, D\u00eda Cruzado, Flexibles, 24+ Horas)<\/li>\n<li>M\u00f3dulo de Control de Acceso B\u00e1sico<\/li>\n<li>Sistema de Vacaciones por Antig\u00fcedad<\/li>\n<li>Variedad de Reportes de Asistencia<\/li>\n<li>Funci\u00f3n de Aprobaci\u00f3n de Tiempo Extra<\/li>\n<li>Sistema Multi-Empresarial para Integradores de Sistemas<\/li>\n<li>App M\u00f3vil ZKBiotime y Funci\u00f3n de Geo-Cerca*<\/li>\n<\/ul>\n<p>&nbsp;<\/p>\n<\/div>\n<\/div>\n<hr class=\"padding-bottom-2x\" \/>\n<div class=\"row align-items-center padding-bottom-2x\">\n<div class=\"col-md-5\"><img decoding=\"async\" class=\"d-block m-auto img-thumbnail\" src=\"https:\/\/tvc.mx\/media\/462284\/Licencia-Asistencia-Vitalicia-Versi%C3%B3n-WEB-100-Terminales-Centralizadas-BIOTIMEPROENTERPRISE-ZK-TVC-Complemento2.png\" alt=\" \" \/><\/div>\n<div class=\"col-md-7 text-md-left text-center\">\n<h2>Especificaciones de la Licencia<\/h2>\n<p class=\"text-muted\">\n<p><strong>Capacidades:<\/strong><\/p>\n<ul>\n<li>100 Terminales Centralizadas (Local y\/o Remotas)<\/li>\n<li>1200 Usuarios<\/li>\n<li>1 Cuenta para Aplicaci\u00f3n<\/li>\n<li>10 Multi-Compa\u00f1\u00edas<\/li>\n<\/ul>\n<p><strong>Importante:<\/strong><\/p>\n<ol>\n<li>Al momento de realizar la instalaci\u00f3n del software es importante realizar la desactivaci\u00f3n temporal del Antivirus con el que se cuente, as\u00ed mismo del Firewall de Windows para tener una instalaci\u00f3n y funcionamiento correcto del software. Una vez terminado el proceso de instalaci\u00f3n, puede agregar a las excepciones de Firewall o Antivirus la carpeta de instalaci\u00f3n de ZKBioTime PRO y hacer uso de nueva cuenta con su antivirus activado y el Firewall de Windows.<\/li>\n<li>Leer las Pol\u00edticas de licenciamiento y T\u00e9rminos de virtualizaci\u00f3n que se encuentran en el apartado de descargas.<\/li>\n<li>En la adquisici\u00f3n de productos virtuales como las licencias, NO hay devoluciones de la misma. Siempre corroborar con el ejecutivo de ventas que se est\u00e1 adquiriendo una licencia correcta.<\/li>\n<\/ol>\n<p>&nbsp;<\/p>\n<\/div>\n<\/div>\n<hr class=\"padding-bottom-2x\" \/>\n<div class=\"row align-items-center padding-bottom-2x\">\n<div class=\"col-md-5 order-md-2\"><img decoding=\"async\" class=\"d-block m-auto img-thumbnail\" src=\"https:\/\/tvc.mx\/media\/462288\/Licencia-Asistencia-Vitalicia-Versi%C3%B3n-WEB-100-Terminales-Centralizadas-BIOTIMEPROENTERPRISE-ZK-TVC-Complemento3.png\" alt=\" \" \/><\/div>\n<div class=\"col-md-7 order-md-1 text-md-left text-center\">\n<h2>App ZKBioTime<\/h2>\n<p class=\"text-muted\">\n<p class=\"ql-align-justify\">Aplicaci\u00f3n conveniente para la gesti\u00f3n de asistencia de industrias con empleados siempre en movimiento.<\/p>\n<p class=\"ql-align-justify\"><strong>Caracter\u00edsticas:<\/strong><\/p>\n<ul>\n<li class=\"ql-align-justify\">Registros de Asistencia en Tiempo Real con detalles de ubicaci\u00f3n geogr\u00e1fica.<\/li>\n<li class=\"ql-align-justify\">Funci\u00f3n Geo-cerca: Establezca el \u00e1rea GPS de asistencia v\u00e1lida.<\/li>\n<li class=\"ql-align-justify\">F\u00e1cil Operaci\u00f3n: Navegaci\u00f3n en 2 Pasos para empleados y administradores .<\/li>\n<li class=\"ql-align-justify\">Reciba fotograf\u00edas tomadas al registrar asistencia.<\/li>\n<li class=\"ql-align-justify\">Solicitudes y aprobaciones de permisos online.<\/li>\n<li class=\"ql-align-justify\">Visualizaci\u00f3n de horarios y turnos.<\/li>\n<li class=\"ql-align-justify\">Mensajes privados y p\u00fablicos<\/li>\n<\/ul>\n<p class=\"ql-align-justify\"><strong>Nota:<\/strong>\u00a0Para poder gestionar mas cuentas para la aplicaci\u00f3n m\u00f3vil, es necesario agregar licencias adicionales que se adquieren por separado (App ZKBioTime).<\/p>\n<p>&nbsp;<\/p>\n<\/div>\n<\/div>\n<hr class=\"padding-bottom-2x\" \/>\n<div class=\"row align-items-center padding-bottom-2x\">\n<div class=\"col-md-5\"><img decoding=\"async\" class=\"d-block m-auto img-thumbnail\" src=\"https:\/\/tvc.mx\/media\/462290\/Licencia-Asistencia-Vitalicia-Versi%C3%B3n-WEB-100-Terminales-Centralizadas-BIOTIMEPROENTERPRISE-ZK-TVC-Complemento4.png\" alt=\" \" \/><\/div>\n<div class=\"col-md-7 text-md-left text-center\">\n<h2>Requisitos y Especificaciones<\/h2>\n<p class=\"text-muted\">\n<p><strong>Requisitos m\u00ednimos de la PC\/Servidor:<\/strong><\/p>\n<p><strong>Hasta 100 Terminales<\/strong><\/p>\n<ul>\n<li class=\"ql-indent-1\"><strong>Procesador:<\/strong>\u00a0Intel, 4 N\u00facleos @ 3.4GHz<\/li>\n<li class=\"ql-indent-1\"><strong>RAM:<\/strong>\u00a04-8GB DDR4<\/li>\n<li><strong>Almacenamiento:<\/strong>\u00a0M\u00ednimo 100 GB de espacio libre. Partici\u00f3n NTFS. SSD recomendado.<\/li>\n<\/ul>\n<p><strong>Especificaciones Del uso del Software:<\/strong><\/p>\n<ul>\n<li><strong>Base de Datos Compatible:<\/strong>\u00a0PostgreSQL (Default), MS SQL Server 2005\/2008\/2012\/2014\/2016 (Recomendado), MySQL5.0.54, Oracle10g\/11g\/12c<\/li>\n<li><strong>Sistema Operativo Compatible:<\/strong>\u00a0Windows 7\/8\/8.1\/10 \/ Server 2003\/2008\/2008 R2\/2012\/2012 R2\/2014\/2016 (64-bits)<\/li>\n<li><strong>Navegadores Sugeridos:<\/strong>\u00a0Chrome 33+, IE 11+, Firefox 27+<\/li>\n<\/ul>\n<p><strong>Nota:<\/strong>\u00a0Para soluciones de m\u00e1s de 20 Terminales, Recomendable usar la base de datos \u201cMS SQL SERVER\u201d<\/p>\n<\/div>\n<\/div>\n","protected":false},"excerpt":{"rendered":"<p>Informaci\u00f3n General El software especializado en el control de tiempo y asistencia,\u00a0BioTime Pro\u00a0es una poderosa plataforma de gesti\u00f3n basada en web que permite centralizar los datos de todo su personal de m\u00faltiples sucursales en un solo lugar. Permite la sincronizaci\u00f3n autom\u00e1tica de datos de los&hellip;<\/p>\n","protected":false},"featured_media":9273,"comment_status":"open","ping_status":"closed","template":"","meta":{"om_disable_all_campaigns":false,"_monsterinsights_skip_tracking":false,"_monsterinsights_sitenote_active":false,"_monsterinsights_sitenote_note":"","_monsterinsights_sitenote_category":0},"product_brand":[],"product_cat":[842],"product_tag":[81,727,730,66,731,728,729],"class_list":{"0":"post-9274","1":"product","2":"type-product","3":"status-publish","4":"has-post-thumbnail","6":"product_cat-software-asistencia","7":"product_tag-acceso-y-asistencia","8":"product_tag-cerraduras","9":"product_tag-commax-wulian","10":"product_tag-dahua","11":"product_tag-wejoin","12":"product_tag-yli","13":"product_tag-zkteco","15":"first","16":"instock","17":"sale","18":"taxable","19":"shipping-taxable","20":"purchasable","21":"product-type-simple"},"aioseo_notices":[],"_links":{"self":[{"href":"https:\/\/tecsecmty.com\/index.php\/wp-json\/wp\/v2\/product\/9274","targetHints":{"allow":["GET"]}}],"collection":[{"href":"https:\/\/tecsecmty.com\/index.php\/wp-json\/wp\/v2\/product"}],"about":[{"href":"https:\/\/tecsecmty.com\/index.php\/wp-json\/wp\/v2\/types\/product"}],"replies":[{"embeddable":true,"href":"https:\/\/tecsecmty.com\/index.php\/wp-json\/wp\/v2\/comments?post=9274"}],"version-history":[{"count":0,"href":"https:\/\/tecsecmty.com\/index.php\/wp-json\/wp\/v2\/product\/9274\/revisions"}],"wp:featuredmedia":[{"embeddable":true,"href":"https:\/\/tecsecmty.com\/index.php\/wp-json\/wp\/v2\/media\/9273"}],"wp:attachment":[{"href":"https:\/\/tecsecmty.com\/index.php\/wp-json\/wp\/v2\/media?parent=9274"}],"wp:term":[{"taxonomy":"product_brand","embeddable":true,"href":"https:\/\/tecsecmty.com\/index.php\/wp-json\/wp\/v2\/product_brand?post=9274"},{"taxonomy":"product_cat","embeddable":true,"href":"https:\/\/tecsecmty.com\/index.php\/wp-json\/wp\/v2\/product_cat?post=9274"},{"taxonomy":"product_tag","embeddable":true,"href":"https:\/\/tecsecmty.com\/index.php\/wp-json\/wp\/v2\/product_tag?post=9274"}],"curies":[{"name":"wp","href":"https:\/\/api.w.org\/{rel}","templated":true}]}}