{"id":929,"date":"2023-02-16T00:15:12","date_gmt":"2023-02-16T00:15:12","guid":{"rendered":"https:\/\/tecsecmty.com\/index.php\/producto\/c%c2%b7mara-muvil-dash-cam-para-vehiculos-adas-micrufono-y-bocina-integrado-wi-fi-micro-sd-conector-usb-g-sensor\/"},"modified":"2023-03-22T23:20:47","modified_gmt":"2023-03-23T05:20:47","slug":"camara-movil-dash-cam-para-vehiculos-adas-microfono-y-bocina-integrado-wi-fi-micro-sd-conector-usb-g-sensor","status":"publish","type":"product","link":"https:\/\/tecsecmty.com\/index.php\/producto\/camara-movil-dash-cam-para-vehiculos-adas-microfono-y-bocina-integrado-wi-fi-micro-sd-conector-usb-g-sensor\/","title":{"rendered":"Camara Movil (Dash Cam) para Vehiculos \/ ADAS \/ Microfono y Bocina Integrado \/ Wi-Fi \/ Micro SD \/ Conector USB \/ G &#8211; Sensor"},"content":{"rendered":"<div class=\"container\">\n<div class=\"row\">\n<div class=\"col-md-12\">\n<div class=\"row\">\n<div class=\"row\">\n<div class=\"col-md-12\">\n<h4 style=\"text-align: center\"><\/h4>\n<h4 style=\"text-align: center\"><img decoding=\"async\" class=\"img-responsive img-thumbnail\" src=\"https:\/\/ftp3.syscom.mx\/usuarios\/fotos\/logotipos\/hikvision.png\" \/><\/h4>\n<h4 style=\"text-align: center\"><\/h4>\n<h4 class=\"text-primary center info-text\" style=\"text-align: center\">Informaci\u00f3n de Producto<\/h4>\n<\/div>\n<\/div>\n<div class=\"row\" style=\"text-align: center\">\n<div class=\"col-md-12\">\n<h3>C\u00e1mara M\u00f3vil (Dash Cam) para Veh\u00edculos \/ ADAS \/ Micr\u00f3fono y Bocina Integrado \/ Wi-Fi \/ Micro SD \/ Conector USB \/ G &#8211; Sensor<\/h3>\n<\/div>\n<\/div>\n<div id=\"producto_container\" class=\"row\" style=\"text-align: center\">\n<div class=\"col-md-4\"><img decoding=\"async\" class=\"img-responsive center-block\" src=\"https:\/\/ftp3.syscom.mx\/usuarios\/fotos\/BancoFotografiasSyscom\/HIKVISION\/AEDC5013F6\/AEDC5013F6-p.PNG\" alt=\"AE-DC5013-F6\" \/><\/p>\n<div class=\"row\">\n<div id=\"galerias\" class=\"col-sm-12\"><\/div>\n<\/div>\n<\/div>\n<div class=\"col-md-4\">\n<div><\/div>\n<div><img decoding=\"async\" class=\"icono_info_product\" src=\"https:\/\/ftp3.syscom.mx\/usuarios\/fotos\/adas.png\" \/><\/div>\n<div>\n<p>Modelo:\u00a0<span class=\"modelo-marca\">AE-DC5013-F6<\/span><\/p>\n<p>Marca:\u00a0<span class=\"modelo-marca\">HIKVISION<\/span><\/p>\n<\/div>\n<div>\n<h2 class=\"no_margin_top\"><\/h2>\n<\/div>\n<\/div>\n<\/div>\n<\/div>\n<div class=\"row \" style=\"text-align: center\">\n<div class=\"col-md-12\">\n<div class=\"row\">\n<h3 class=\"text-primary\">Especificaciones:<\/h3>\n<\/div>\n<div class=\"row well\">\n<p><img decoding=\"async\" class=\"fr-fic fr-dii\" src=\"https:\/\/ftp3.syscom.mx\/usuarios\/jsosa\/HIKVISION\/imagenes\/logo\/hikvision%20see%20far.png\" \/><\/p>\n<p>&nbsp;<\/p>\n<div class=\"row\">\n<div class=\"row\">\n<div class=\"col-sm-6\">\n<div class=\"embed-responsive embed-responsive-16by9\"><\/div>\n<\/div>\n<\/div>\n<p>&nbsp;<\/p>\n<\/div>\n<div class=\"row\">\n<div class=\"col-sm-6 \">\n<div class=\"embed-responsive embed-responsive-16by9\"><\/div>\n<\/div>\n<div class=\"col-sm-6\">\n<div class=\"embed-responsive embed-responsive-16by9\"><\/div>\n<\/div>\n<p>&nbsp;<\/p>\n<div class=\"row\">\n<div class=\"col-sm-6\">\n<div><strong>Caracter\u00edsticas principales:<\/strong><\/p>\n<ul>\n<li>1600p (2560 X 1600 = 4 Megapixel) de alta resoluci\u00f3n, gran angular 130\u00b0 de visi\u00f3n.<\/li>\n<li>La apertura de F1.6 ofrece una imagen nocturna perfecta.<\/li>\n<li>Incluye micr\u00f3fono y altavoz integrados.<\/li>\n<li>Incluye m\u00f3dulo Wi-Fi (genera un AP con la App para revisar grabaciones).<\/li>\n<li>M\u00f3dulo G-Sensor incorporado, compatible con el enlace de grabaci\u00f3n de video en caso de un accidente automovil\u00edstico o vibraci\u00f3n fuerte (la grabaci\u00f3n de video del enlace se puede configurar sin sobrescritura).<\/li>\n<li>Soporta tarjeta micro SD para grabaci\u00f3n de video, hasta 128 GB (compatible con sobrescritura)\u00a0<strong>(No inluye memoria)<\/strong><\/li>\n<li>Aplicaci\u00f3n de tel\u00e9fono: visualizaci\u00f3n en vivo, reproducci\u00f3n de grabaciones y configuraci\u00f3n de par\u00e1metros. (no soporta visualizaci\u00f3n remota, solo de manera local).<\/li>\n<li>F\u00e1cil instalaci\u00f3n y f\u00e1cil de usar, plug and play (grabaci\u00f3n autom\u00e1tica despu\u00e9s de encender).<\/li>\n<li>Conector micro USB (3.4 metros de longitud) y adaptador para el cenicero (incluido).<\/li>\n<\/ul>\n<p>&nbsp;<\/p>\n<ul>\n<li><strong>La aplicaci\u00f3n m\u00f3vil se llama HikDashcam, en el manual de usuario del producto viene un c\u00f3digo QR para poder descargar la App en el celular para equipos iOS. En Playstore si esta la App.\u00a0\u00a0<\/strong><\/li>\n<li><strong>Garant\u00eda por defecto de fabrica: 1 a\u00f1o.<\/strong><\/li>\n<\/ul>\n<\/div>\n<\/div>\n<div class=\"col-sm-6\">\n<div><strong>Caracter\u00edsticas F\u00edsicas y El\u00e9ctricas:<\/strong><\/p>\n<ul>\n<li>Puerto USB para alimentaci\u00f3n. (incluye adaptador para encenderor y cable).<\/li>\n<li>Temperatura de operaci\u00f3n: -20\u00b0C a 70\u00b0C.<\/li>\n<li>Alimentaci\u00f3n: 5 Vcc \/ 2 A \/ 5 Watts.<\/li>\n<li>Dimensiones: 45 x 50 x 50 mm.<\/li>\n<li>Peso: 120 gramos.<\/li>\n<\/ul>\n<\/div>\n<\/div>\n<\/div>\n<\/div>\n<p>&nbsp;<\/p>\n<h1><strong>Recursos<\/strong><\/h1>\n<p>&nbsp;<\/p>\n<div class=\"row default_margin_bottom\">\n<div class=\"col-sm-4\"><a href=\"https:\/\/play.google.com\/store\/apps\/details?id=com.hikvision.dashcam.foreign&amp;hl=es_MX&amp;gl=US&amp;pli=1\" target=\"_blank\" rel=\"noopener\"><img decoding=\"async\" class=\"img-responsive\" src=\"https:\/\/ftp3.syscom.mx\/usuarios\/gmagos\/HIK\/IP\/IPC\/Imagenes%20pagina\/Descargas%20de%20app.jpg\" \/><\/a><\/div>\n<div class=\"col-sm-4\"><a href=\"https:\/\/ftp3.syscom.mx\/usuarios\/jmolinar\/JonathanMolinar\/Hikvision\/AE-DC2018-K2%28English%29.pdf\" target=\"_blank\" rel=\"noopener\"><img decoding=\"async\" class=\"img-responsive\" src=\"https:\/\/ftp3.syscom.mx\/usuarios\/gmagos\/HIK\/IP\/IPC\/Imagenes%20pagina\/Descarga%20de%20PDF.jpg\" \/><\/a><\/div>\n<p>&nbsp;<\/p>\n<p>&nbsp;<\/p>\n<p>&nbsp;<\/p>\n<p>&nbsp;<\/p>\n<p><img decoding=\"async\" class=\"fr-fic fr-dii\" src=\"https:\/\/ftp3.syscom.mx\/usuarios\/jsosa\/HIKVISION\/imagenes\/banners\/solution%20complete.png\" \/><\/p>\n<p>&nbsp;<\/p>\n<\/div>\n<\/div>\n<\/div>\n<\/div>\n<\/div>\n<\/div>\n<\/div>\n<p><img decoding=\"async\" class=\"aligncenter\" src=\"https:\/\/tracker.metricool.com\/c3po.jpg?hash=95c94f37730bb8f54dd4308f1f878f9\" \/><\/p>\n","protected":false},"excerpt":{"rendered":"<p>Informaci\u00f3n de Producto C\u00e1mara M\u00f3vil (Dash Cam) para Veh\u00edculos \/ ADAS \/ Micr\u00f3fono y Bocina Integrado \/ Wi-Fi \/ Micro SD \/ Conector USB \/ G &#8211; Sensor Modelo:\u00a0AE-DC5013-F6 Marca:\u00a0HIKVISION Especificaciones: &nbsp; &nbsp; &nbsp; Caracter\u00edsticas principales: 1600p (2560 X 1600 = 4 Megapixel) de alta&hellip;<\/p>\n","protected":false},"featured_media":1499,"comment_status":"open","ping_status":"closed","template":"","meta":{"om_disable_all_campaigns":false,"_monsterinsights_skip_tracking":false,"_monsterinsights_sitenote_active":false,"_monsterinsights_sitenote_note":"","_monsterinsights_sitenote_category":0},"product_brand":[],"product_cat":[60],"product_tag":[62,63,61],"class_list":{"0":"post-929","1":"product","2":"type-product","3":"status-publish","4":"has-post-thumbnail","6":"product_cat-video-grabadoras-moviles","7":"product_tag-camara-movil","8":"product_tag-dashcam","9":"product_tag-videograbadorasmoviles","11":"first","12":"instock","13":"taxable","14":"shipping-taxable","15":"product-type-simple"},"aioseo_notices":[],"_links":{"self":[{"href":"https:\/\/tecsecmty.com\/index.php\/wp-json\/wp\/v2\/product\/929","targetHints":{"allow":["GET"]}}],"collection":[{"href":"https:\/\/tecsecmty.com\/index.php\/wp-json\/wp\/v2\/product"}],"about":[{"href":"https:\/\/tecsecmty.com\/index.php\/wp-json\/wp\/v2\/types\/product"}],"replies":[{"embeddable":true,"href":"https:\/\/tecsecmty.com\/index.php\/wp-json\/wp\/v2\/comments?post=929"}],"version-history":[{"count":1,"href":"https:\/\/tecsecmty.com\/index.php\/wp-json\/wp\/v2\/product\/929\/revisions"}],"predecessor-version":[{"id":1498,"href":"https:\/\/tecsecmty.com\/index.php\/wp-json\/wp\/v2\/product\/929\/revisions\/1498"}],"wp:featuredmedia":[{"embeddable":true,"href":"https:\/\/tecsecmty.com\/index.php\/wp-json\/wp\/v2\/media\/1499"}],"wp:attachment":[{"href":"https:\/\/tecsecmty.com\/index.php\/wp-json\/wp\/v2\/media?parent=929"}],"wp:term":[{"taxonomy":"product_brand","embeddable":true,"href":"https:\/\/tecsecmty.com\/index.php\/wp-json\/wp\/v2\/product_brand?post=929"},{"taxonomy":"product_cat","embeddable":true,"href":"https:\/\/tecsecmty.com\/index.php\/wp-json\/wp\/v2\/product_cat?post=929"},{"taxonomy":"product_tag","embeddable":true,"href":"https:\/\/tecsecmty.com\/index.php\/wp-json\/wp\/v2\/product_tag?post=929"}],"curies":[{"name":"wp","href":"https:\/\/api.w.org\/{rel}","templated":true}]}}