{"id":9302,"date":"2023-02-23T22:40:32","date_gmt":"2023-02-24T04:40:32","guid":{"rendered":"https:\/\/tecsecmty.com\/index.php\/producto\/zkacceso-titanium3p-licencia-para-control-de-asistencia-1000-empleados-20-terminales-pc-o-reloj-compatible-con-noi-y-contpaq-vitalicia\/"},"modified":"2023-03-22T23:25:09","modified_gmt":"2023-03-23T05:25:09","slug":"zkacceso-titanium3p-licencia-para-control-de-asistencia-1000-empleados-20-terminales-pc-o-reloj-compatible-con-noi-y-contpaq-vitalicia","status":"publish","type":"product","link":"https:\/\/tecsecmty.com\/index.php\/producto\/zkacceso-titanium3p-licencia-para-control-de-asistencia-1000-empleados-20-terminales-pc-o-reloj-compatible-con-noi-y-contpaq-vitalicia\/","title":{"rendered":"ZKACCESO TITANIUM3P -Licencia para control de asistencia \/ 1000 empleados \/ 20 terminales (PC o Reloj) \/ Compatible con NOI y CONTPAQ \/ Vitalicia"},"content":{"rendered":"<div class=\"row aling-items-center padding-bottom-2x\">\n<div class=\"col-lg-12\">\n<h5 class=\"card-title text-center\">Informaci\u00f3n General<\/h5>\n<h4 class=\"ql-align-justify\">El <strong>Software<\/strong> esta desarrollado para el f\u00e1cil control de asistencia y la r\u00e1pida administraci\u00f3n de horarios de los trabajadores. Brinda seguridad de los registros, lo cuales no ser\u00e1n alterados y no se podr\u00e1 realizar ning\u00fan tipo de fraude.<\/h4>\n<h4 class=\"ql-align-justify\">La informaci\u00f3n en el m\u00f3dulo de recursos humanos le permite tener un pr\u00e1ctico expediente personal de cada uno de los trabajadores.<\/h4>\n<h4 class=\"ql-align-justify\">Con la nueva funci\u00f3n <strong>AWS<\/strong>, el sistema interact\u00faa con la funci\u00f3n <strong>ADMS<\/strong> de las terminales <strong>ZKTeco<\/strong>, para recolectar los registros de asistencia que las terminales env\u00edan de forma autom\u00e1tica a una PC o servidor.<\/h4>\n<p><img decoding=\"async\" class=\"overview-center-img-web\" src=\"https:\/\/tvc.mx\/media\/264479\/Licencia-Control-Asistencia-1000-Empleados-20-Terminales-PC-Reloj-TITANIUM3P-ZKACCESO-TVC-Banner.png\" alt=\"\" \/><\/p>\n<\/div>\n<\/div>\n<div class=\"row align-items-center padding-bottom-2x\">\n<div class=\"col-md-5 order-md-2\"><img decoding=\"async\" class=\"d-block m-auto img-thumbnail\" src=\"https:\/\/tvc.mx\/media\/264483\/Licencia-Control-Asistencia-1000-Empleados-20-Terminales-PC-Reloj-TITANIUM3P-ZKACCESO-TVC-Complemento3.png\" alt=\" \" \/><\/div>\n<div class=\"col-md-7 order-md-1 text-md-left text-center\">\n<h2>Caracter\u00edsticas en General<\/h2>\n<ul>\n<li><strong>Empleados:<\/strong> Estatus de perfil, Fecha de contrato, Asignatura de Puesto y Departamento o Sucursal<\/li>\n<li><strong>Catalogo:<\/strong> Departamentos, Puestos y Sucursales<\/li>\n<li><strong>Control de Asistencia:<\/strong> Estatus Laboral, Registro de checadas, Horario general, Horarios de profesores y Genera tarjeta de asistencia por empleado<\/li>\n<li><strong>Horarios:<\/strong> Asistencia, Vacaciones y D\u00edas Festivos<\/li>\n<li><strong>Incidencias:<\/strong> Incapacidad, Maternidad, Permiso de Retardo, Falta, Faltas Justificadas y Incidencias Personalizadas<\/li>\n<li><strong>General:<\/strong> Puntualidad, Retardos, Tiempo laborado, Tiempo extra, Gr\u00e1ficas y estad\u00edsticas y Reportes<\/li>\n<\/ul>\n<p><strong>Modulo para Recursos Humanos:<\/strong><\/p>\n<ul>\n<li>Ficha Medica<\/li>\n<li>Rasgos de Personalidad<\/li>\n<li>Escolaridad<\/li>\n<li>Historial Laboral<\/li>\n<\/ul>\n<p>&nbsp;<\/p>\n<\/div>\n<\/div>\n<hr class=\"padding-bottom-2x\" \/>\n<div class=\"row align-items-center padding-bottom-2x\">\n<div class=\"col-md-5\"><img decoding=\"async\" class=\"d-block m-auto img-thumbnail\" src=\"https:\/\/tvc.mx\/media\/264487\/Licencia-Control-Asistencia-1000-Empleados-20-Terminales-PC-Reloj-TITANIUM3P-ZKACCESO-TVC-Complemento.png\" alt=\" \" \/><\/div>\n<div class=\"col-md-7 text-md-left text-center\">\n<h2>Informaci\u00f3n de Licencia<\/h2>\n<h4><strong>Capacidades:<\/strong><\/h4>\n<ul>\n<li>1000 Empleados<\/li>\n<li>20 Terminales<\/li>\n<\/ul>\n<p><strong><em>En esta licencia se puede escoger entre las siguientes combinaciones:<\/em><\/strong><\/p>\n<ul>\n<li class=\"ql-indent-1\"><em>2 Computadoras y 18 Equipos de asistencia<\/em><\/li>\n<li class=\"ql-indent-1\"><em>4 Computadoras y 16 Equipos de asistencia <\/em><\/li>\n<li class=\"ql-indent-1\"><em>6 Computadoras y 14 Equipos de asistencia<\/em><\/li>\n<li class=\"ql-indent-1\"><em>8 Computadoras y 12 Equipos de asistencia<\/em><\/li>\n<li class=\"ql-indent-1\"><em>Entre otras, seg\u00fan lo requiera la soluci\u00f3n<\/em><\/li>\n<\/ul>\n<p><em>Para solicitar una licencia se requiere llenar un formulario que podr\u00e1s encontrar en el apartado de descarga o la puedes solicitar con el ejecutivo de ventas asignado y en este se debe mencionar la combinaci\u00f3n de licencia requerida.<\/em><\/p>\n<\/div>\n<\/div>\n","protected":false},"excerpt":{"rendered":"<p>Informaci\u00f3n General El Software esta desarrollado para el f\u00e1cil control de asistencia y la r\u00e1pida administraci\u00f3n de horarios de los trabajadores. Brinda seguridad de los registros, lo cuales no ser\u00e1n alterados y no se podr\u00e1 realizar ning\u00fan tipo de fraude. La informaci\u00f3n en el m\u00f3dulo&hellip;<\/p>\n","protected":false},"featured_media":9301,"comment_status":"open","ping_status":"closed","template":"","meta":{"om_disable_all_campaigns":false,"_monsterinsights_skip_tracking":false,"_monsterinsights_sitenote_active":false,"_monsterinsights_sitenote_note":"","_monsterinsights_sitenote_category":0},"product_brand":[],"product_cat":[845],"product_tag":[81,727,730,66,731,728,729],"class_list":{"0":"post-9302","1":"product","2":"type-product","3":"status-publish","4":"has-post-thumbnail","6":"product_cat-software-asistencia-control-de-asistencia-marcas-varias-acceso-asistencia","7":"product_tag-acceso-y-asistencia","8":"product_tag-cerraduras","9":"product_tag-commax-wulian","10":"product_tag-dahua","11":"product_tag-wejoin","12":"product_tag-yli","13":"product_tag-zkteco","15":"first","16":"instock","17":"sale","18":"taxable","19":"shipping-taxable","20":"purchasable","21":"product-type-simple"},"aioseo_notices":[],"_links":{"self":[{"href":"https:\/\/tecsecmty.com\/index.php\/wp-json\/wp\/v2\/product\/9302","targetHints":{"allow":["GET"]}}],"collection":[{"href":"https:\/\/tecsecmty.com\/index.php\/wp-json\/wp\/v2\/product"}],"about":[{"href":"https:\/\/tecsecmty.com\/index.php\/wp-json\/wp\/v2\/types\/product"}],"replies":[{"embeddable":true,"href":"https:\/\/tecsecmty.com\/index.php\/wp-json\/wp\/v2\/comments?post=9302"}],"version-history":[{"count":2,"href":"https:\/\/tecsecmty.com\/index.php\/wp-json\/wp\/v2\/product\/9302\/revisions"}],"predecessor-version":[{"id":9666,"href":"https:\/\/tecsecmty.com\/index.php\/wp-json\/wp\/v2\/product\/9302\/revisions\/9666"}],"wp:featuredmedia":[{"embeddable":true,"href":"https:\/\/tecsecmty.com\/index.php\/wp-json\/wp\/v2\/media\/9301"}],"wp:attachment":[{"href":"https:\/\/tecsecmty.com\/index.php\/wp-json\/wp\/v2\/media?parent=9302"}],"wp:term":[{"taxonomy":"product_brand","embeddable":true,"href":"https:\/\/tecsecmty.com\/index.php\/wp-json\/wp\/v2\/product_brand?post=9302"},{"taxonomy":"product_cat","embeddable":true,"href":"https:\/\/tecsecmty.com\/index.php\/wp-json\/wp\/v2\/product_cat?post=9302"},{"taxonomy":"product_tag","embeddable":true,"href":"https:\/\/tecsecmty.com\/index.php\/wp-json\/wp\/v2\/product_tag?post=9302"}],"curies":[{"name":"wp","href":"https:\/\/api.w.org\/{rel}","templated":true}]}}