{"id":931,"date":"2023-02-16T00:15:13","date_gmt":"2023-02-16T00:15:13","guid":{"rendered":"https:\/\/tecsecmty.com\/index.php\/producto\/c%c2%b7mara-de-tablero-c%c2%b7mara-frontal-de-4-megapixel-2k-y-trasera-de-2-megapixel-1080p-h-265-pantalla-touch-3-wifi-g-sensor-micrufono-y-bocina-integrada-micro-sd-soporta-app\/"},"modified":"2023-03-22T23:20:47","modified_gmt":"2023-03-23T05:20:47","slug":"camara-de-tablero-camara-frontal-de-4-megapixel-2k-y-trasera-de-2-megapixel-1080p-h-265-pantalla-touch-3-wifi-g-sensor-microfono-y-bocina-integrada-micro-sd-soporta-app","status":"publish","type":"product","link":"https:\/\/tecsecmty.com\/index.php\/producto\/camara-de-tablero-camara-frontal-de-4-megapixel-2k-y-trasera-de-2-megapixel-1080p-h-265-pantalla-touch-3-wifi-g-sensor-microfono-y-bocina-integrada-micro-sd-soporta-app\/","title":{"rendered":"Camara de Tablero \/ Camara Frontal de 4 Megapixel (2K) y Trasera de 2 Megapixel (1080p) \/ H.265 \/  Pantalla Touch 3 \/ WiFi \/ G-Sensor \/ Microfono y Bocina Integrada \/ Micro SD \/ Soporta App \/ Facil de Instalar"},"content":{"rendered":"<h4 style=\"text-align: center\">Informaci\u00f3n de Producto<\/h4>\n<p style=\"text-align: center\">\n<p style=\"text-align: center\"><img decoding=\"async\" src=\"https:\/\/ftp3.syscom.mx\/usuarios\/fotos\/BancoFotografiasSyscom\/HIKVISION\/AEDC4328K5\/AEDC4328K5-p.PNG\" alt=\"AE-DC4328-K5\" \/><\/p>\n<h3 style=\"font-weight: 500;text-align: center\">C\u00e1mara de Tablero \/ C\u00e1mara Frontal de 4 Megapixel (2K) y Trasera de 2 Megapixel (1080p) \/ H.265 \/ Pantalla Touch 3&#8243; \/ WiFi \/ G-Sensor \/ Micr\u00f3fono y Bocina Integrada \/ Micro SD \/ Soporta App \/ Facil de Instalar<\/h3>\n<p style=\"text-align: center\">Modelo:\u00a0AE-DC4328-K5<\/p>\n<p style=\"text-align: center\">Marca:\u00a0HIKVISION<\/p>\n<h3 style=\"font-weight: 500;text-align: center\">Especificaciones:<\/h3>\n<p style=\"text-align: center\">\n<p style=\"text-align: center\"><b><strong>Caracteristicas principales:<\/strong><\/b><\/p>\n<ul style=\"text-align: center\">\n<li>C\u00e1mara frontal 4 Megapixel (2560 X 1440p) de alta resoluci\u00f3n, gran angular 123\u00b0 de visi\u00f3n.<\/li>\n<li>C\u00e1mara trasera 2 Megapixel (1080p).<\/li>\n<li>Compresi\u00f3n de video H.265.<\/li>\n<li>Micr\u00f3fono y altavoz integrados.<\/li>\n<li>Pantalla tactil de 3&#8243;.<\/li>\n<li>Incluye m\u00f3dulo Wi-Fi (genera un AP con la App para revisar grabaciones).<\/li>\n<li>M\u00f3dulo G-Sensor incorporado, compatible con el enlace de grabaci\u00f3n de video en caso de un accidente automovil\u00edstico o vibraci\u00f3n fuerte.<\/li>\n<li>Soporta tarjeta micro SD hasta 128 GB (No incluida).<\/li>\n<li>Aplicaci\u00f3n de tel\u00e9fono: visualizaci\u00f3n en vivo, reproducci\u00f3n de grabaciones y configuraci\u00f3n de par\u00e1metros. (no soporta visualizaci\u00f3n remota, solo de manera local).<\/li>\n<li>F\u00e1cil instalaci\u00f3n y f\u00e1cil de usar, plug and play (grabaci\u00f3n autom\u00e1tica despu\u00e9s de encender).<\/li>\n<\/ul>\n<p style=\"text-align: center\"><b><strong>Caracter\u00edsticas F\u00edsicas y El\u00e9ctricas:<\/strong><\/b><\/p>\n<ul style=\"text-align: center\">\n<li>Puerto USB para alimentaci\u00f3n. (incluye adaptador y cable 3.4 mts).<\/li>\n<li>Temperatura de operaci\u00f3n: -20\u00b0C a 70\u00b0C.<\/li>\n<li>Alimentaci\u00f3n: 5 Vcc \/ 2 A \/ 4 Watts.<\/li>\n<li>Dimensiones: 55.80 x 89.30 x 41.87 mm.<\/li>\n<li>Peso: 177 gramos.<\/li>\n<li>Garant\u00eda: 1 a\u00f1o.<\/li>\n<\/ul>\n<p style=\"text-align: center\">\n<p style=\"text-align: center\"><b><strong>Consideraciones:<\/strong><\/b><\/p>\n<ul style=\"text-align: center\">\n<li>Conector micro USB (3.4 metros de longitud) y adaptador para el cenicero (incluido).<\/li>\n<li>Cable de 5.5 mts para la c\u00e1mara trasera.<\/li>\n<li>La aplicaci\u00f3n m\u00f3vil es\u00a0<b><strong>Hik-Dashcam<\/strong><\/b>, en el\u00a0<a href=\"https:\/\/ftp3.syscom.mx\/usuarios\/jmolinar\/JonathanMolinar\/Hikvision\/UD25220B_Baseline_Dashcam%20K5_User%20Manual_V1.0.0_20210831.pdf\">manual de usuario<\/a>\u00a0del producto viene un c\u00f3digo QR para poder descargar la App.<\/li>\n<li>No soporta transmisi\u00f3n de manera remota, la App se usa para una red local para su visualizaci\u00f3n y configuraci\u00f3n.<\/li>\n<\/ul>\n<p style=\"text-align: center\">\n<p style=\"text-align: center\">\n","protected":false},"excerpt":{"rendered":"<p>Informaci\u00f3n de Producto C\u00e1mara de Tablero \/ C\u00e1mara Frontal de 4 Megapixel (2K) y Trasera de 2 Megapixel (1080p) \/ H.265 \/ Pantalla Touch 3&#8243; \/ WiFi \/ G-Sensor \/ Micr\u00f3fono y Bocina Integrada \/ Micro SD \/ Soporta App \/ Facil de Instalar Modelo:\u00a0AE-DC4328-K5&hellip;<\/p>\n","protected":false},"featured_media":1488,"comment_status":"open","ping_status":"closed","template":"","meta":{"om_disable_all_campaigns":false,"_monsterinsights_skip_tracking":false,"_monsterinsights_sitenote_active":false,"_monsterinsights_sitenote_note":"","_monsterinsights_sitenote_category":0},"product_brand":[],"product_cat":[60],"product_tag":[62,63,61],"class_list":{"0":"post-931","1":"product","2":"type-product","3":"status-publish","4":"has-post-thumbnail","6":"product_cat-video-grabadoras-moviles","7":"product_tag-camara-movil","8":"product_tag-dashcam","9":"product_tag-videograbadorasmoviles","11":"first","12":"instock","13":"taxable","14":"shipping-taxable","15":"product-type-simple"},"aioseo_notices":[],"_links":{"self":[{"href":"https:\/\/tecsecmty.com\/index.php\/wp-json\/wp\/v2\/product\/931","targetHints":{"allow":["GET"]}}],"collection":[{"href":"https:\/\/tecsecmty.com\/index.php\/wp-json\/wp\/v2\/product"}],"about":[{"href":"https:\/\/tecsecmty.com\/index.php\/wp-json\/wp\/v2\/types\/product"}],"replies":[{"embeddable":true,"href":"https:\/\/tecsecmty.com\/index.php\/wp-json\/wp\/v2\/comments?post=931"}],"version-history":[{"count":1,"href":"https:\/\/tecsecmty.com\/index.php\/wp-json\/wp\/v2\/product\/931\/revisions"}],"predecessor-version":[{"id":1486,"href":"https:\/\/tecsecmty.com\/index.php\/wp-json\/wp\/v2\/product\/931\/revisions\/1486"}],"wp:featuredmedia":[{"embeddable":true,"href":"https:\/\/tecsecmty.com\/index.php\/wp-json\/wp\/v2\/media\/1488"}],"wp:attachment":[{"href":"https:\/\/tecsecmty.com\/index.php\/wp-json\/wp\/v2\/media?parent=931"}],"wp:term":[{"taxonomy":"product_brand","embeddable":true,"href":"https:\/\/tecsecmty.com\/index.php\/wp-json\/wp\/v2\/product_brand?post=931"},{"taxonomy":"product_cat","embeddable":true,"href":"https:\/\/tecsecmty.com\/index.php\/wp-json\/wp\/v2\/product_cat?post=931"},{"taxonomy":"product_tag","embeddable":true,"href":"https:\/\/tecsecmty.com\/index.php\/wp-json\/wp\/v2\/product_tag?post=931"}],"curies":[{"name":"wp","href":"https:\/\/api.w.org\/{rel}","templated":true}]}}