{"id":9318,"date":"2023-02-23T22:40:49","date_gmt":"2023-02-24T04:40:49","guid":{"rendered":"https:\/\/tecsecmty.com\/index.php\/producto\/zkteco-biotimecloudaddapp10-licencia-de-incremento-para-10-puntos-de-aplicacion-para-biotime-cloud-3-anos\/"},"modified":"2023-03-22T23:25:11","modified_gmt":"2023-03-23T05:25:11","slug":"zkteco-biotimecloudaddapp10-licencia-de-incremento-para-10-puntos-de-aplicacion-para-biotime-cloud-3-anos","status":"publish","type":"product","link":"https:\/\/tecsecmty.com\/index.php\/producto\/zkteco-biotimecloudaddapp10-licencia-de-incremento-para-10-puntos-de-aplicacion-para-biotime-cloud-3-anos\/","title":{"rendered":"ZKTECO BIOTIMECLOUDADDAPP10 &#8211; Licencia de incremento para 10 puntos de aplicaci\u00f3n para BioTime Cloud \/ 3 a\u00f1os"},"content":{"rendered":"<div class=\"row aling-items-center padding-bottom-2x\">\n<div class=\"col-lg-12\">\n<h5 class=\"card-title text-center\">Informaci\u00f3n General<\/h5>\n<p class=\"ql-align-justify\">La Plataforma <strong>BioTimeCloud<\/strong> es una soluci\u00f3n de<u> Control de Asistencia basada en la nube<\/u> que le permite gestionar y organizar eficientemente su fuerza de trabajo donde quiera que est\u00e9, <u>sin tener ning\u00fan servidor f\u00edsico.<\/u><\/p>\n<p class=\"ql-align-justify\">Con un potente almacenamiento de base de datos AWS, puede asegurarse de que todos sus datos est\u00e1n protegidos. Garantiza la disponibilidad y confidencialidad de sus datos, proporcionando privacidad y seguridad de extremo a extremo. La soluci\u00f3n viene con una aplicaci\u00f3n m\u00f3vil desarrollada que permite a los empleados informar de su asistencia utilizada en tiempo real.<\/p>\n<p class=\"ql-align-justify\">Gracias a su sencilla interfaz, la recogida y organizaci\u00f3n de los datos de asistencia de los empleados nunca ha sido tan f\u00e1cil.<\/p>\n<p><img decoding=\"async\" class=\"overview-center-img-web\" src=\"https:\/\/tvc.mx\/media\/486782\/Licencia-Incremento-10App-Adicionales-BioTimeCloud-3-a%C3%B1os-BIOTIMECLOUDADDAPP10-ZK-TVC-Banner.png\" alt=\"\" \/><\/div>\n<\/div>\n<div class=\"row align-items-center padding-bottom-2x\">\n<div class=\"col-md-5\"><img decoding=\"async\" class=\"d-block m-auto img-thumbnail\" src=\"https:\/\/tvc.mx\/media\/486784\/Licencia-Incremento-10App-Adicionales-BioTimeCloud-3-a%C3%B1os-BIOTIMECLOUDADDAPP10-ZK-TVC-Complemento.png\" alt=\" \" \/><\/div>\n<div class=\"col-md-7 text-md-left text-center\">\n<h2>Principales Caracter\u00edsticas<\/h2>\n<p class=\"text-muted\">\n<ul>\n<li class=\"ql-align-justify\">Interfaz web de Tiempo y Asistencia<\/li>\n<li class=\"ql-align-justify\">Horarios y Calendarios Flexibles<\/li>\n<li class=\"ql-align-justify\">Sesi\u00f3n de Empleados<\/li>\n<li class=\"ql-align-justify\">C\u00e1lculo de Reportes de Asistencia<\/li>\n<li class=\"ql-align-justify\">Monitoreo en Tiempo Real<\/li>\n<li class=\"ql-align-justify\">Aprobaciones de Asistencia<\/li>\n<li class=\"ql-align-justify\">App M\u00f3vil y Geolocalizaci\u00f3n<\/li>\n<li class=\"ql-align-justify\">Reporte de Horas Extras<\/li>\n<li class=\"ql-align-justify\">Gesti\u00f3n de Vacaciones<\/li>\n<\/ul>\n<p>&nbsp;<\/p>\n<\/div>\n<\/div>\n<hr class=\"padding-bottom-2x\" \/>\n<div class=\"row align-items-center padding-bottom-2x\">\n<div class=\"col-md-5 order-md-2\"><img decoding=\"async\" class=\"d-block m-auto img-thumbnail\" src=\"https:\/\/tvc.mx\/media\/486786\/Licencia-Incremento-10App-Adicionales-BioTimeCloud-3-a%C3%B1os-BIOTIMECLOUDADDAPP10-ZK-TVC-Complemento2.png\" alt=\" \" \/><\/div>\n<div class=\"col-md-7 order-md-1 text-md-left text-center\">\n<h2>Especificaciones de la Licencia<\/h2>\n<p class=\"text-muted\">\n<ul>\n<li>Incremento de 10 puntos de aplicaci\u00f3n a licencia base de BioTime Cloud de 3 a\u00f1os<\/li>\n<\/ul>\n<\/div>\n<\/div>\n","protected":false},"excerpt":{"rendered":"<p>Informaci\u00f3n General La Plataforma BioTimeCloud es una soluci\u00f3n de Control de Asistencia basada en la nube que le permite gestionar y organizar eficientemente su fuerza de trabajo donde quiera que est\u00e9, sin tener ning\u00fan servidor f\u00edsico. Con un potente almacenamiento de base de datos AWS,&hellip;<\/p>\n","protected":false},"featured_media":9317,"comment_status":"open","ping_status":"closed","template":"","meta":{"om_disable_all_campaigns":false,"_monsterinsights_skip_tracking":false,"_monsterinsights_sitenote_active":false,"_monsterinsights_sitenote_note":"","_monsterinsights_sitenote_category":0},"product_brand":[],"product_cat":[842],"product_tag":[81,727,730,66,731,728,729],"class_list":{"0":"post-9318","1":"product","2":"type-product","3":"status-publish","4":"has-post-thumbnail","6":"product_cat-software-asistencia","7":"product_tag-acceso-y-asistencia","8":"product_tag-cerraduras","9":"product_tag-commax-wulian","10":"product_tag-dahua","11":"product_tag-wejoin","12":"product_tag-yli","13":"product_tag-zkteco","15":"first","16":"instock","17":"sale","18":"taxable","19":"shipping-taxable","20":"purchasable","21":"product-type-simple"},"aioseo_notices":[],"_links":{"self":[{"href":"https:\/\/tecsecmty.com\/index.php\/wp-json\/wp\/v2\/product\/9318","targetHints":{"allow":["GET"]}}],"collection":[{"href":"https:\/\/tecsecmty.com\/index.php\/wp-json\/wp\/v2\/product"}],"about":[{"href":"https:\/\/tecsecmty.com\/index.php\/wp-json\/wp\/v2\/types\/product"}],"replies":[{"embeddable":true,"href":"https:\/\/tecsecmty.com\/index.php\/wp-json\/wp\/v2\/comments?post=9318"}],"version-history":[{"count":1,"href":"https:\/\/tecsecmty.com\/index.php\/wp-json\/wp\/v2\/product\/9318\/revisions"}],"predecessor-version":[{"id":9634,"href":"https:\/\/tecsecmty.com\/index.php\/wp-json\/wp\/v2\/product\/9318\/revisions\/9634"}],"wp:featuredmedia":[{"embeddable":true,"href":"https:\/\/tecsecmty.com\/index.php\/wp-json\/wp\/v2\/media\/9317"}],"wp:attachment":[{"href":"https:\/\/tecsecmty.com\/index.php\/wp-json\/wp\/v2\/media?parent=9318"}],"wp:term":[{"taxonomy":"product_brand","embeddable":true,"href":"https:\/\/tecsecmty.com\/index.php\/wp-json\/wp\/v2\/product_brand?post=9318"},{"taxonomy":"product_cat","embeddable":true,"href":"https:\/\/tecsecmty.com\/index.php\/wp-json\/wp\/v2\/product_cat?post=9318"},{"taxonomy":"product_tag","embeddable":true,"href":"https:\/\/tecsecmty.com\/index.php\/wp-json\/wp\/v2\/product_tag?post=9318"}],"curies":[{"name":"wp","href":"https:\/\/api.w.org\/{rel}","templated":true}]}}