{"id":9320,"date":"2023-02-23T22:40:50","date_gmt":"2023-02-24T04:40:50","guid":{"rendered":"https:\/\/tecsecmty.com\/index.php\/producto\/zkteco-biotimecloudaddapp10-licencia-de-incremento-para-10-puntos-de-aplicacion-para-biotimecloud-1-ano\/"},"modified":"2023-03-22T23:25:11","modified_gmt":"2023-03-23T05:25:11","slug":"zkteco-biotimecloudaddapp10-licencia-de-incremento-para-10-puntos-de-aplicacion-para-biotimecloud-1-ano","status":"publish","type":"product","link":"https:\/\/tecsecmty.com\/index.php\/producto\/zkteco-biotimecloudaddapp10-licencia-de-incremento-para-10-puntos-de-aplicacion-para-biotimecloud-1-ano\/","title":{"rendered":"ZKTECO BIOTIMECLOUDADDAPP10 &#8211; Licencia de incremento para 10 puntos de aplicaci\u00f3n para BioTimeCloud \/ 1 a\u00f1o"},"content":{"rendered":"<div class=\"row aling-items-center padding-bottom-2x\">\n<div class=\"col-lg-12\">\n<h5 class=\"card-title text-center\">Informaci\u00f3n General<\/h5>\n<p class=\"ql-align-justify\">La Plataforma <strong>BioTimeCloud<\/strong> es una soluci\u00f3n de<u> Control de Asistencia basada en la nube<\/u> que le permite gestionar y organizar eficientemente su fuerza de trabajo donde quiera que est\u00e9, <u>sin tener ning\u00fan servidor f\u00edsico.<\/u><\/p>\n<p class=\"ql-align-justify\">Con un potente almacenamiento de base de datos AWS, puede asegurarse de que todos sus datos est\u00e1n protegidos. Garantiza la disponibilidad y confidencialidad de sus datos, proporcionando privacidad y seguridad de extremo a extremo. La soluci\u00f3n viene con una aplicaci\u00f3n m\u00f3vil desarrollada que permite a los empleados informar de su asistencia utilizada en tiempo real.<\/p>\n<p class=\"ql-align-justify\">Gracias a su sencilla interfaz, la recogida y organizaci\u00f3n de los datos de asistencia de los empleados nunca ha sido tan f\u00e1cil.<\/p>\n<p><img decoding=\"async\" class=\"overview-center-img-web\" src=\"https:\/\/tvc.mx\/media\/398879\/Licencia-Incremento-10App-Adicionales-BioTimeCloud-1-a%C3%B1o-BIOTIMECLOUDADDAPP10-ZK-TVC-Banner.png\" alt=\"\" \/><\/p>\n<\/div>\n<\/div>\n<div class=\"row align-items-center padding-bottom-2x\">\n<div class=\"col-md-5\"><img decoding=\"async\" class=\"d-block m-auto img-thumbnail\" src=\"https:\/\/tvc.mx\/media\/398883\/Licencia-Incremento-10App-Adicionales-BioTimeCloud-1-a%C3%B1o-BIOTIMECLOUDADDAPP10-ZK-TVC-Complemento.png\" alt=\" \" \/><\/div>\n<div class=\"col-md-7 text-md-left text-center\">\n<h2>Principales Caracter\u00edsticas<\/h2>\n<ul>\n<li class=\"ql-align-justify\">Interfaz web de Tiempo y Asistencia<\/li>\n<li class=\"ql-align-justify\">Horarios y Calendarios Flexibles<\/li>\n<li class=\"ql-align-justify\">Sesi\u00f3n de Empleados<\/li>\n<li class=\"ql-align-justify\">C\u00e1lculo de Reportes de Asistencia<\/li>\n<li class=\"ql-align-justify\">Monitoreo en Tiempo Real<\/li>\n<li class=\"ql-align-justify\">Aprobaciones de Asistencia<\/li>\n<li class=\"ql-align-justify\">App M\u00f3vil y Geolocalizaci\u00f3n<\/li>\n<li class=\"ql-align-justify\">Reporte de Horas Extras<\/li>\n<li class=\"ql-align-justify\">Gesti\u00f3n de Vacaciones<\/li>\n<\/ul>\n<p>&nbsp;<\/p>\n<\/div>\n<\/div>\n<hr class=\"padding-bottom-2x\" \/>\n<div class=\"row align-items-center padding-bottom-2x\">\n<div class=\"col-md-5 order-md-2\"><img decoding=\"async\" class=\"d-block m-auto img-thumbnail\" src=\"https:\/\/tvc.mx\/media\/398887\/Licencia-Incremento-10App-Adicionales-BioTimeCloud-1-a%C3%B1o-BIOTIMECLOUDADDAPP10-ZK-TVC-Complemento2.png\" alt=\" \" \/><\/div>\n<div class=\"col-md-7 order-md-1 text-md-left text-center\">\n<h2>Especificaciones de la Licencia<\/h2>\n<ul>\n<li>Incremento de 10 puntos de aplicaci\u00f3n a licencia base de BioTime Cloud de 1 a\u00f1o<\/li>\n<\/ul>\n<p>&nbsp;<\/p>\n<\/div>\n<\/div>\n<hr class=\"padding-bottom-2x\" \/>\n<div class=\"row align-items-center padding-bottom-2x\">\n<div class=\"col-md-5\"><img decoding=\"async\" class=\"d-block m-auto img-thumbnail\" src=\"https:\/\/tvc.mx\/media\/398891\/Licencia-Incremento-10App-Adicionales-BioTimeCloud-1-a%C3%B1o-BIOTIMECLOUDADDAPP10-ZK-TVC-Complemento3.png\" alt=\" \" \/><\/div>\n<div class=\"col-md-7 text-md-left text-center\">\n<h2>Integraci\u00f3n con la aplicaci\u00f3n WhatsApp<\/h2>\n<p>El <strong>BioTime Cloud<\/strong> se integra a la aplicaci\u00f3n m\u00f3vil WhatsApp para enviar una notificaci\u00f3n de los registros de asistencia, ausencias del trabajo y mensajes de salidas tempranas y llegadas tarde, esto se env\u00eda desde la plataforma en la nube a WhatsApp en tiempo real.<\/p>\n<p>Tambi\u00e9n puede enviar informes diarios de asistencia al jefe de un usuario a trav\u00e9s de WhatsApp.<\/p>\n<\/div>\n<\/div>\n","protected":false},"excerpt":{"rendered":"<p>Informaci\u00f3n General La Plataforma BioTimeCloud es una soluci\u00f3n de Control de Asistencia basada en la nube que le permite gestionar y organizar eficientemente su fuerza de trabajo donde quiera que est\u00e9, sin tener ning\u00fan servidor f\u00edsico. Con un potente almacenamiento de base de datos AWS,&hellip;<\/p>\n","protected":false},"featured_media":9319,"comment_status":"open","ping_status":"closed","template":"","meta":{"om_disable_all_campaigns":false,"_monsterinsights_skip_tracking":false,"_monsterinsights_sitenote_active":false,"_monsterinsights_sitenote_note":"","_monsterinsights_sitenote_category":0},"product_brand":[],"product_cat":[842],"product_tag":[81,727,730,66,731,728,729],"class_list":{"0":"post-9320","1":"product","2":"type-product","3":"status-publish","4":"has-post-thumbnail","6":"product_cat-software-asistencia","7":"product_tag-acceso-y-asistencia","8":"product_tag-cerraduras","9":"product_tag-commax-wulian","10":"product_tag-dahua","11":"product_tag-wejoin","12":"product_tag-yli","13":"product_tag-zkteco","15":"first","16":"instock","17":"sale","18":"taxable","19":"shipping-taxable","20":"purchasable","21":"product-type-simple"},"aioseo_notices":[],"_links":{"self":[{"href":"https:\/\/tecsecmty.com\/index.php\/wp-json\/wp\/v2\/product\/9320","targetHints":{"allow":["GET"]}}],"collection":[{"href":"https:\/\/tecsecmty.com\/index.php\/wp-json\/wp\/v2\/product"}],"about":[{"href":"https:\/\/tecsecmty.com\/index.php\/wp-json\/wp\/v2\/types\/product"}],"replies":[{"embeddable":true,"href":"https:\/\/tecsecmty.com\/index.php\/wp-json\/wp\/v2\/comments?post=9320"}],"version-history":[{"count":2,"href":"https:\/\/tecsecmty.com\/index.php\/wp-json\/wp\/v2\/product\/9320\/revisions"}],"predecessor-version":[{"id":9633,"href":"https:\/\/tecsecmty.com\/index.php\/wp-json\/wp\/v2\/product\/9320\/revisions\/9633"}],"wp:featuredmedia":[{"embeddable":true,"href":"https:\/\/tecsecmty.com\/index.php\/wp-json\/wp\/v2\/media\/9319"}],"wp:attachment":[{"href":"https:\/\/tecsecmty.com\/index.php\/wp-json\/wp\/v2\/media?parent=9320"}],"wp:term":[{"taxonomy":"product_brand","embeddable":true,"href":"https:\/\/tecsecmty.com\/index.php\/wp-json\/wp\/v2\/product_brand?post=9320"},{"taxonomy":"product_cat","embeddable":true,"href":"https:\/\/tecsecmty.com\/index.php\/wp-json\/wp\/v2\/product_cat?post=9320"},{"taxonomy":"product_tag","embeddable":true,"href":"https:\/\/tecsecmty.com\/index.php\/wp-json\/wp\/v2\/product_tag?post=9320"}],"curies":[{"name":"wp","href":"https:\/\/api.w.org\/{rel}","templated":true}]}}