{"id":9330,"date":"2023-02-23T22:40:59","date_gmt":"2023-02-24T04:40:59","guid":{"rendered":"https:\/\/tecsecmty.com\/index.php\/producto\/zkteco-biotimecloudenterprise-licencia-para-asistencia-en-la-nube-de-3-ano-2-dispositivos-50-usuarios-10-app-300000-eventos\/"},"modified":"2023-03-22T23:25:11","modified_gmt":"2023-03-23T05:25:11","slug":"zkteco-biotimecloudenterprise-licencia-para-asistencia-en-la-nube-de-3-ano-2-dispositivos-50-usuarios-10-app-300000-eventos","status":"publish","type":"product","link":"https:\/\/tecsecmty.com\/index.php\/producto\/zkteco-biotimecloudenterprise-licencia-para-asistencia-en-la-nube-de-3-ano-2-dispositivos-50-usuarios-10-app-300000-eventos\/","title":{"rendered":"ZKTECO BIOTIMECLOUDENTERPRISE &#8211; Licencia para asistencia en la nube de 3 a\u00f1o \/ 2 dispositivos \/ 50 usuarios \/ 10 app \/ 300,000 eventos"},"content":{"rendered":"<div class=\"row aling-items-center padding-bottom-2x\">\n<div class=\"col-lg-12\">\n<h5 class=\"card-title text-center\">Informaci\u00f3n General<\/h5>\n<p class=\"ql-align-justify\">La Plataforma\u00a0<strong>BioTimeCloud<\/strong>\u00a0es una soluci\u00f3n de<u>\u00a0Control de Asistencia basada en la nube<\/u>\u00a0que le permite gestionar y organizar eficientemente su fuerza de trabajo donde quiera que est\u00e9,\u00a0<u>sin tener ning\u00fan servidor f\u00edsico.<\/u><\/p>\n<p class=\"ql-align-justify\">Con un potente almacenamiento de base de datos AWS, puede asegurarse de que todos sus datos est\u00e1n protegidos. Garantiza la disponibilidad y confidencialidad de sus datos, proporcionando privacidad y seguridad de extremo a extremo. La soluci\u00f3n viene con una aplicaci\u00f3n m\u00f3vil desarrollada que permite a los empleados informar de su asistencia utilizada en tiempo real.<\/p>\n<p class=\"ql-align-justify\">Gracias a su sencilla interfaz, la recogida y organizaci\u00f3n de los datos de asistencia de los empleados nunca ha sido tan f\u00e1cil.<\/p>\n<p><img decoding=\"async\" class=\"overview-center-img-web\" src=\"https:\/\/tvc.mx\/media\/615811\/Licencia-Asistencia-Nube-3A%C3%B1o-2Dispositivo-50Usuarios-10App-BIOTIMECLOUDENTERPRISE-ZK-TVC-Banner.png\" alt=\"\" \/><\/div>\n<\/div>\n<div class=\"row align-items-center padding-bottom-2x\">\n<div class=\"col-md-5\"><img decoding=\"async\" class=\"d-block m-auto img-thumbnail\" src=\"https:\/\/tvc.mx\/media\/398779\/Licencia-Asistencia-Nube-2A%C3%B1o-2Dispositivo-50Usuarios-10App-BIOTIMECLOUDENTREPRISE-ZK-TVC-Complemento.png\" alt=\" \" \/><\/div>\n<div class=\"col-md-7 text-md-left text-center\">\n<h2>Principales Caracter\u00edsticas<\/h2>\n<p class=\"text-muted\">\n<ul>\n<li class=\"ql-align-justify\">Interfaz web de Tiempo y Asistencia<\/li>\n<li class=\"ql-align-justify\">Horarios y Calendarios Flexibles<\/li>\n<li class=\"ql-align-justify\">Sesi\u00f3n de Empleados<\/li>\n<li class=\"ql-align-justify\">C\u00e1lculo de Reportes de Asistencia<\/li>\n<li class=\"ql-align-justify\">Monitoreo en Tiempo Real<\/li>\n<li class=\"ql-align-justify\">Aprobaciones de Asistencia<\/li>\n<li class=\"ql-align-justify\">App M\u00f3vil y Geolocalizaci\u00f3n<\/li>\n<li class=\"ql-align-justify\">Reporte de Horas Extras<\/li>\n<li class=\"ql-align-justify\">Gesti\u00f3n de Vacaciones<\/li>\n<\/ul>\n<p>&nbsp;<\/p>\n<\/div>\n<\/div>\n<hr class=\"padding-bottom-2x\" \/>\n<div class=\"row align-items-center padding-bottom-2x\">\n<div class=\"col-md-5 order-md-2\"><img decoding=\"async\" class=\"d-block m-auto img-thumbnail\" src=\"https:\/\/tvc.mx\/media\/398783\/Licencia-Asistencia-Nube-2A%C3%B1o-2Dispositivo-50Usuarios-10App-BIOTIMECLOUDENTREPRISE-ZK-TVC-Complemento2.png\" alt=\" \" \/><\/div>\n<div class=\"col-md-7 order-md-1 text-md-left text-center\">\n<h2>Especificaciones de la Licencia<\/h2>\n<p class=\"text-muted\">\n<ul>\n<li>Renta del servicio en la nube de 3 a\u00f1o<\/li>\n<li>Administraci\u00f3n de 2 Terminales de Asistencia<\/li>\n<li>Gesti\u00f3n de 50 Usuarios<\/li>\n<li>Cuenta para 10 App<\/li>\n<li>Almacenamiento de 300,000 Eventos de Asistencia<\/li>\n<\/ul>\n<\/div>\n<\/div>\n","protected":false},"excerpt":{"rendered":"<p>Informaci\u00f3n General La Plataforma\u00a0BioTimeCloud\u00a0es una soluci\u00f3n de\u00a0Control de Asistencia basada en la nube\u00a0que le permite gestionar y organizar eficientemente su fuerza de trabajo donde quiera que est\u00e9,\u00a0sin tener ning\u00fan servidor f\u00edsico. Con un potente almacenamiento de base de datos AWS, puede asegurarse de que todos&hellip;<\/p>\n","protected":false},"featured_media":9329,"comment_status":"open","ping_status":"closed","template":"","meta":{"om_disable_all_campaigns":false,"_monsterinsights_skip_tracking":false,"_monsterinsights_sitenote_active":false,"_monsterinsights_sitenote_note":"","_monsterinsights_sitenote_category":0},"product_brand":[],"product_cat":[842],"product_tag":[81,727,730,66,731,728,729],"class_list":{"0":"post-9330","1":"product","2":"type-product","3":"status-publish","4":"has-post-thumbnail","6":"product_cat-software-asistencia","7":"product_tag-acceso-y-asistencia","8":"product_tag-cerraduras","9":"product_tag-commax-wulian","10":"product_tag-dahua","11":"product_tag-wejoin","12":"product_tag-yli","13":"product_tag-zkteco","15":"first","16":"instock","17":"sale","18":"taxable","19":"shipping-taxable","20":"purchasable","21":"product-type-simple"},"aioseo_notices":[],"_links":{"self":[{"href":"https:\/\/tecsecmty.com\/index.php\/wp-json\/wp\/v2\/product\/9330","targetHints":{"allow":["GET"]}}],"collection":[{"href":"https:\/\/tecsecmty.com\/index.php\/wp-json\/wp\/v2\/product"}],"about":[{"href":"https:\/\/tecsecmty.com\/index.php\/wp-json\/wp\/v2\/types\/product"}],"replies":[{"embeddable":true,"href":"https:\/\/tecsecmty.com\/index.php\/wp-json\/wp\/v2\/comments?post=9330"}],"version-history":[{"count":1,"href":"https:\/\/tecsecmty.com\/index.php\/wp-json\/wp\/v2\/product\/9330\/revisions"}],"predecessor-version":[{"id":9627,"href":"https:\/\/tecsecmty.com\/index.php\/wp-json\/wp\/v2\/product\/9330\/revisions\/9627"}],"wp:featuredmedia":[{"embeddable":true,"href":"https:\/\/tecsecmty.com\/index.php\/wp-json\/wp\/v2\/media\/9329"}],"wp:attachment":[{"href":"https:\/\/tecsecmty.com\/index.php\/wp-json\/wp\/v2\/media?parent=9330"}],"wp:term":[{"taxonomy":"product_brand","embeddable":true,"href":"https:\/\/tecsecmty.com\/index.php\/wp-json\/wp\/v2\/product_brand?post=9330"},{"taxonomy":"product_cat","embeddable":true,"href":"https:\/\/tecsecmty.com\/index.php\/wp-json\/wp\/v2\/product_cat?post=9330"},{"taxonomy":"product_tag","embeddable":true,"href":"https:\/\/tecsecmty.com\/index.php\/wp-json\/wp\/v2\/product_tag?post=9330"}],"curies":[{"name":"wp","href":"https:\/\/api.w.org\/{rel}","templated":true}]}}