{"id":9342,"date":"2023-02-23T22:41:11","date_gmt":"2023-02-24T04:41:11","guid":{"rendered":"https:\/\/tecsecmty.com\/index.php\/producto\/zkteco-biotimeproadduser-licencia-vitalicia-para-1-usuario-adicional\/"},"modified":"2023-03-22T23:25:12","modified_gmt":"2023-03-23T05:25:12","slug":"zkteco-biotimeproadduser-licencia-vitalicia-para-1-usuario-adicional","status":"publish","type":"product","link":"https:\/\/tecsecmty.com\/index.php\/producto\/zkteco-biotimeproadduser-licencia-vitalicia-para-1-usuario-adicional\/","title":{"rendered":"ZKTECO BIOTIMEPROADDUSER- Licencia Vitalicia para 1 Usuario Adicional"},"content":{"rendered":"<div class=\"row aling-items-center padding-bottom-2x\">\n<div class=\"col-lg-12\">\n<h5 class=\"card-title text-center\">Informaci\u00f3n General<\/h5>\n<p class=\"ql-align-justify\">BioTime Pro es una poderosa plataforma de gesti\u00f3n de asistencia basada en web que permite centralizar los datos de todo su personal de m\u00faltiples sucursales en un solo lugar.<\/p>\n<p class=\"ql-align-justify\">Sincronice autom\u00e1ticamente sus relojes checadores ZKTeco en un ambiente de nube privada, actualizando los datos en tiempo real. Permita a sus empleados m\u00f3viles registrar su asistencia con ubicaci\u00f3n GPS mediante la App ZKBioTime.<\/p>\n<p class=\"ql-align-justify\">M\u00faltiples administradores podr\u00e1n acceder al software a desde cualquier navegador web, permitiendo gestionar hasta cientos de dispositivos y miles de usuarios de forma remota y eficiente.<\/p>\n<p class=\"ql-align-justify\">BioTime Pro presenta una interfaz amigable con avanzadas funciones de gesti\u00f3n de horarios, turnos, permisos, vacaciones, incidencias y generaci\u00f3n de una amplia variedad de reportes de asistencia, brindando una soluci\u00f3n profesional a empresas de todos los sectores.<\/p>\n<p><img decoding=\"async\" class=\"overview-center-img-web\" src=\"https:\/\/tvc.mx\/media\/226811\/Licencia-Vitalicia-1-Usuario-Adicional-BIOTIMEPROADDUSER-ZK-TVC-Banner.png\" alt=\"\" \/><\/div>\n<\/div>\n<div class=\"row align-items-center padding-bottom-2x\">\n<div class=\"col-md-5 order-md-2\"><img decoding=\"async\" class=\"d-block m-auto img-thumbnail\" src=\"https:\/\/tvc.mx\/media\/226815\/Licencia-Vitalicia-1-Usuario-Adicional-BIOTIMEPROADDUSER-ZK-TVC-Complemento.png\" alt=\" \" \/><\/div>\n<div class=\"col-md-7 order-md-1 text-md-left text-center\">\n<h2>Principales Caracter\u00edsticas<\/h2>\n<p class=\"text-muted\">\n<ul>\n<li class=\"ql-align-justify\">Software de Tiempo y Asistencia Basado en Web<\/li>\n<li class=\"ql-align-justify\">Sincronizaci\u00f3n autom\u00e1tica de datos<\/li>\n<li class=\"ql-align-justify\">Gesti\u00f3n autom\u00e1tica de datos<\/li>\n<li class=\"ql-align-justify\">Sincronizaci\u00f3n autom\u00e1tica de cientos de relojes checadores<\/li>\n<li class=\"ql-align-justify\">Horarios y Turnos Flexibles (Multiples, dia cruzado, flexibles, 24+ horas)<\/li>\n<li class=\"ql-align-justify\">M\u00f3dulo de Control de Acceso b\u00e1sico<\/li>\n<li class=\"ql-align-justify\">Sistema de Vacaciones por Antig\u00fcedad<\/li>\n<li class=\"ql-align-justify\">Alertas por FB Messenger<\/li>\n<li class=\"ql-align-justify\">Variedad de reportes de asistencia<\/li>\n<li class=\"ql-align-justify\">Funci\u00f3n de aprobaci\u00f3n de Tiempo Extra<\/li>\n<li class=\"ql-align-justify\">Sistema Multi-Empresarial para integradores de sistemas<\/li>\n<\/ul>\n<p class=\"ql-align-justify\"><em>*Licencia App ZKBioTime se adquiere por separado<\/em><\/p>\n<p>&nbsp;<\/p>\n<\/div>\n<\/div>\n<hr class=\"padding-bottom-2x\" \/>\n<div class=\"row align-items-center padding-bottom-2x\">\n<div class=\"col-md-5\"><img decoding=\"async\" class=\"d-block m-auto img-thumbnail\" src=\"https:\/\/tvc.mx\/media\/226819\/Licencia-Vitalicia-1-Usuario-Adicional-BIOTIMEPROADDUSER-ZK-TVC-Complemento2.png\" alt=\" \" \/><\/div>\n<div class=\"col-md-7 text-md-left text-center\">\n<h2>Especificaciones del Software<\/h2>\n<p class=\"text-muted\">\n<p class=\"ql-align-justify\"><strong>Arquitectura del Sistema<\/strong>: Servidor \/ Navegador Web<\/p>\n<p class=\"ql-align-justify\"><strong>Dispositivos Compatibles<\/strong>: Terminales ZKTeco con funci\u00f3n ADMS: Serie Green Label G, Serie UA, Serie MB, Serie iClock, Serie SilkBio, Serie Multibio, Serie F, Serie Uface, IN05, SFace900, S922, X-629, Serie FaceKiosk, Serie Horus, Serie SpeedFace*, Serie Facedepot*, entre otros.<\/p>\n<p class=\"ql-align-justify\"><strong>Capacidad de Dispositivos<\/strong>: 300 en un mismo servidor**<\/p>\n<p class=\"ql-align-justify\"><strong>Base de Datos<\/strong>: PostgreSQL (Default), MS SQL Server 2005\/2008\/2012\/2014\/2016 (Recomendado), MySQL5.0.54, Oracle10g\/11g\/12c<\/p>\n<p class=\"ql-align-justify\"><strong>Sistema Operativo Compatible<\/strong>: Windows 7\/8\/8.1\/10 \/ Server 2003\/2008\/2008 R2\/2012\/2012 R2\/2014\/2016 (64-bits)<\/p>\n<p class=\"ql-align-justify\"><strong>Navegadores Sugeridos<\/strong>: Chrome 33+, IE 11+, Firefox 27+<\/p>\n<p>&nbsp;<\/p>\n<\/div>\n<\/div>\n<hr class=\"padding-bottom-2x\" \/>\n<div class=\"row align-items-center padding-bottom-2x\">\n<div class=\"col-md-5 order-md-2\"><img decoding=\"async\" class=\"d-block m-auto img-thumbnail\" src=\"https:\/\/tvc.mx\/media\/226823\/Licencia-Vitalicia-1-Usuario-Adicional-BIOTIMEPROADDUSER-ZK-TVC-Complemento3.png\" alt=\" \" \/><\/div>\n<div class=\"col-md-7 order-md-1 text-md-left text-center\">\n<h2>Requisitos del Hardware<\/h2>\n<p class=\"text-muted\">\n<p class=\"ql-align-justify\"><strong>Dispositivos:<\/strong><\/p>\n<p class=\"ql-align-justify\">100 CPU: Intel i3 Quad Core RAM: 4GB<\/p>\n<p class=\"ql-align-justify\">200 CPU:\u00a0Intel i5 Magny-Cours RAM:\u00a0\u00a08GB<\/p>\n<p class=\"ql-align-justify\">300 CPU: Intel i7 Magny-Cours RAM: 16GB<\/p>\n<p class=\"ql-align-justify\">\u00a0Almacenamiento:\u00a0M\u00ednimo 100GB de espacio libre o m\u00e1s (Se recomienda usar partici\u00f3n de disco duro NTFS para el directorio de instalaci\u00f3n del software)<\/p>\n<p><strong>IMPORTANTE:<\/strong>\u00a0No olvide revisar las \u00ab<strong>Pol\u00edticas de Activaci\u00f3n de Licencia<\/strong>\u00bb que encontrara en el apartado de DOCUMENTOS.<\/p>\n<\/div>\n<\/div>\n","protected":false},"excerpt":{"rendered":"<p>Informaci\u00f3n General BioTime Pro es una poderosa plataforma de gesti\u00f3n de asistencia basada en web que permite centralizar los datos de todo su personal de m\u00faltiples sucursales en un solo lugar. Sincronice autom\u00e1ticamente sus relojes checadores ZKTeco en un ambiente de nube privada, actualizando los&hellip;<\/p>\n","protected":false},"featured_media":9341,"comment_status":"open","ping_status":"closed","template":"","meta":{"om_disable_all_campaigns":false,"_monsterinsights_skip_tracking":false,"_monsterinsights_sitenote_active":false,"_monsterinsights_sitenote_note":"","_monsterinsights_sitenote_category":0},"product_brand":[],"product_cat":[842],"product_tag":[81,727,730,66,731,728,729],"class_list":{"0":"post-9342","1":"product","2":"type-product","3":"status-publish","4":"has-post-thumbnail","6":"product_cat-software-asistencia","7":"product_tag-acceso-y-asistencia","8":"product_tag-cerraduras","9":"product_tag-commax-wulian","10":"product_tag-dahua","11":"product_tag-wejoin","12":"product_tag-yli","13":"product_tag-zkteco","15":"first","16":"instock","17":"sale","18":"taxable","19":"shipping-taxable","20":"purchasable","21":"product-type-simple"},"aioseo_notices":[],"_links":{"self":[{"href":"https:\/\/tecsecmty.com\/index.php\/wp-json\/wp\/v2\/product\/9342","targetHints":{"allow":["GET"]}}],"collection":[{"href":"https:\/\/tecsecmty.com\/index.php\/wp-json\/wp\/v2\/product"}],"about":[{"href":"https:\/\/tecsecmty.com\/index.php\/wp-json\/wp\/v2\/types\/product"}],"replies":[{"embeddable":true,"href":"https:\/\/tecsecmty.com\/index.php\/wp-json\/wp\/v2\/comments?post=9342"}],"version-history":[{"count":1,"href":"https:\/\/tecsecmty.com\/index.php\/wp-json\/wp\/v2\/product\/9342\/revisions"}],"predecessor-version":[{"id":9620,"href":"https:\/\/tecsecmty.com\/index.php\/wp-json\/wp\/v2\/product\/9342\/revisions\/9620"}],"wp:featuredmedia":[{"embeddable":true,"href":"https:\/\/tecsecmty.com\/index.php\/wp-json\/wp\/v2\/media\/9341"}],"wp:attachment":[{"href":"https:\/\/tecsecmty.com\/index.php\/wp-json\/wp\/v2\/media?parent=9342"}],"wp:term":[{"taxonomy":"product_brand","embeddable":true,"href":"https:\/\/tecsecmty.com\/index.php\/wp-json\/wp\/v2\/product_brand?post=9342"},{"taxonomy":"product_cat","embeddable":true,"href":"https:\/\/tecsecmty.com\/index.php\/wp-json\/wp\/v2\/product_cat?post=9342"},{"taxonomy":"product_tag","embeddable":true,"href":"https:\/\/tecsecmty.com\/index.php\/wp-json\/wp\/v2\/product_tag?post=9342"}],"curies":[{"name":"wp","href":"https:\/\/api.w.org\/{rel}","templated":true}]}}