{"id":936,"date":"2023-02-16T00:15:14","date_gmt":"2023-02-16T00:15:14","guid":{"rendered":"https:\/\/tecsecmty.com\/index.php\/producto\/kit-dash-cam-4g-lte-de-tablero-de-2-megapixel-1080p-y-fotos-de-4-megapixel-dba-anlisis-de-chofer-detecciun-facial-wifi-gps-sensor-g-micrufono-y-bocina-integrado-memoria-micro\/"},"modified":"2023-03-22T23:20:48","modified_gmt":"2023-03-23T05:20:48","slug":"kit-dash-cam-4g-lte-de-tablero-de-2-megapixel-1080p-y-fotos-de-4-megapixel-dba-analisis-de-chofer-detecciun-facial-wifi-gps-sensor-g-microfono-y-bocina-integrado-memoria-microfno-bocina-integrado-me","status":"publish","type":"product","link":"https:\/\/tecsecmty.com\/index.php\/producto\/kit-dash-cam-4g-lte-de-tablero-de-2-megapixel-1080p-y-fotos-de-4-megapixel-dba-analisis-de-chofer-detecciun-facial-wifi-gps-sensor-g-microfono-y-bocina-integrado-memoria-microfno-bocina-integrado-me\/","title":{"rendered":"Kit Dash Cam 4G LTE de Tablero de 2 Megapixel (1080p) y Fotos de 4 Megapixel \/ DBA (ANALISIS DE CHOFER) \/ Deteccion Facial  \/ WiFi \/ GPS \/ Sensor G \/ Microfono y Bocina Integrado \/ Memoria Micro SD \/ Soporta App Remoto"},"content":{"rendered":"<div class=\"container\">\n<div class=\"row\">\n<div class=\"col-md-12\">\n<div class=\"row\">\n<div class=\"row\">\n<div class=\"col-md-12\">\n<h4 class=\"text-primary center info-text\" style=\"text-align: center\">Informaci\u00f3n de Producto<\/h4>\n<\/div>\n<\/div>\n<div class=\"row\" style=\"text-align: center\">\n<div class=\"col-md-12\">\n<h3>Kit Dash Cam 4G LTE de Tablero de 2 Megapixel (1080p) y Fotos de 4 Megapixel \/ DBA (AN\u00c1LISIS DE CHOFER) \/ Detecci\u00f3n Facial \/ WiFi \/ GPS \/ Sensor G \/ Micr\u00f3fono y Bocina Integrado \/ Memoria Micro SD \/ Soporta App Remoto<\/h3>\n<\/div>\n<\/div>\n<div id=\"producto_container\" class=\"row\" style=\"text-align: center\">\n<div class=\"col-md-4\"><img decoding=\"async\" class=\"img-responsive center-block\" src=\"https:\/\/ftp3.syscom.mx\/usuarios\/fotos\/BancoFotografiasSyscom\/HIKVISION\/AEDI5042G4\/AEDI5042G4-p.PNG\" alt=\"AE-DI5042-G4\" \/><\/p>\n<div class=\"row\">\n<div id=\"galerias\" class=\"col-sm-12\"><\/div>\n<\/div>\n<\/div>\n<div class=\"col-md-4\">\n<div><img decoding=\"async\" class=\"img-responsive img-thumbnail\" src=\"https:\/\/ftp3.syscom.mx\/usuarios\/fotos\/logotipos\/hikvision.png\" \/><\/div>\n<div><\/div>\n<div>\n<p>Modelo:\u00a0<span class=\"modelo-marca\">AE-DI5042-G4<\/span><\/p>\n<p>Marca:\u00a0<span class=\"modelo-marca\">HIKVISION<\/span><\/p>\n<\/div>\n<div>\n<h2 class=\"no_margin_top\"><\/h2>\n<\/div>\n<\/div>\n<\/div>\n<\/div>\n<div class=\"row \" style=\"text-align: center\">\n<div class=\"col-md-12\">\n<div class=\"row\">\n<h3 class=\"text-primary\">Especificaciones:<\/h3>\n<\/div>\n<div class=\"row well\">\n<div class=\"row\">\n<div class=\"row default_padding_bottom\">\n<p><img decoding=\"async\" src=\"https:\/\/i.imgur.com\/YSsogQP.png\" \/><\/p>\n<p><img decoding=\"async\" src=\"https:\/\/i.imgur.com\/HBqe4sE.png\" \/><\/p>\n<p>&nbsp;<\/p>\n<div class=\"row\">\n<div class=\"col-sm-6 \">\n<p><img fetchpriority=\"high\" decoding=\"async\" src=\"https:\/\/ftp3.syscom.mx\/usuarios\/jmolinar\/JonathanMolinar\/Hikvision\/AEDI5042G4-AD-3.png\" alt=\"\" width=\"1000\" height=\"1000\" \/><\/p>\n<\/div>\n<\/div>\n<\/div>\n<\/div>\n<div class=\"row\">\n<div class=\"col-sm-6\">\n<div>\n<p><strong>Caracteristicas principales:\u00a0<\/strong><\/p>\n<ul>\n<li>C\u00e1mara principal de 2 Megapixel (1080p) y fotos de 4 Megapixel.<\/li>\n<li>Compresi\u00f3n de video H.264 \/ H.265.<\/li>\n<li>Admite audio bidireccional (microfono y bocina integrado).<\/li>\n<li>Incluye modulo GPS y superposici\u00f3n de velocidad en la imagen.<\/li>\n<li>Incluye modulo Wi-Fi, compatible con Wi-Fi AP.<\/li>\n<li>Incluye modulo 4G y control remoto Bluetooth.<\/li>\n<li>Soporta almacenamiento de tarjeta micro-SD y sobrescritura de grabaci\u00f3n (hasta 256 GB).<\/li>\n<li>Admite par\u00e1metros de vista previa, reproducci\u00f3n y edici\u00f3n a trav\u00e9s de la aplicaci\u00f3n<\/li>\n<li>Adopta giroscopio incorporado<\/li>\n<li>Compatible con c\u00e1mara TVI de 4 canales.<\/li>\n<li>Admite reconocimiento de licencias, detecci\u00f3n de rostros, an\u00e1lisis del comportamiento del conductor, etc.<\/li>\n<li>F\u00e1cil instalaci\u00f3n y operaci\u00f3n.<\/li>\n<li>Bajo consumo de energ\u00eda y alto rendimiento.<strong>\u00a0<\/strong><\/li>\n<li><strong>Operadores de comunicacion celular compatibles en COLOMBIA (TIGO, MOVISTAR)<\/strong><\/li>\n<\/ul>\n<\/div>\n<\/div>\n<div class=\"col-sm-6\">\n<div>\n<p><strong>Caracter\u00edsticas F\u00edsicas y El\u00e9ctricas:<\/strong><\/p>\n<ul>\n<li>Conector de 4 pines (incluido).<\/li>\n<li>Temperatura de operaci\u00f3n: -20\u00b0C a 60\u00b0C.<\/li>\n<li>Alimentaci\u00f3n: 9 &#8211; 16 Vcc \/ 2 A \/ 8 Watts.<\/li>\n<li>Dimensiones: 124 * 82 * 20.5 mm.<\/li>\n<li>Peso: 120 gramos.<\/li>\n<\/ul>\n<p><strong>Componentes del Kit:<\/strong><\/p>\n<ul>\n<li>1\u00a0<a href=\"https:\/\/www.syscom.mx\/producto\/AE-VC143T-ITS-HIKVISION-196307.html\">AE-VC143T-ITS<\/a>.- C\u00e1mara de montaje en parabrisas.<\/li>\n<li>1\u00a0<a href=\"https:\/\/www.syscom.mx\/producto\/AE-VC154T-IT-HIKVISION-196478.html\">AE-VC154T-IT<\/a>.- C\u00e1mara DBA para montaje en Veh\u00edculo.<\/li>\n<li>Bot\u00f3n de panico.<\/li>\n<li>2 AE-MC0708-5.5.- Cables extensi\u00f3n de 5.5 metros.<\/li>\n<li>Garant\u00eda: 1 a\u00f1o.<\/li>\n<\/ul>\n<\/div>\n<\/div>\n<\/div>\n<p>&nbsp;<\/p>\n<div class=\"row\">\n<div class=\"col-sm-12\">\n<div>\n<p><strong>Existen dos soluciones para poder tener transmision y centralizaci\u00f3n remota:<\/p>\n<p>1.- Usando la plataforma de Hik-Central Profesional:<br \/>\n<\/strong><\/p>\n<ul>\n<li><a href=\"https:\/\/www.syscom.mx\/principal\/searchcont?route=DS-MP5604-HIKVISION-188780&amp;autodetect=HC-P-MS-B\" target=\"_blank\" rel=\"noopener\"><strong>HC-P-MS-B<\/strong><\/a>: Esta licencia a\u00f1ade la base para dispositivos m\u00f3viles, incluye 10 unidades y tambien modulo de Bussiness Intelligence.<\/li>\n<li><a href=\"https:\/\/www.syscom.mx\/producto\/HC-P-MS-1-HIKVISION-200925.html\" target=\"_blank\" rel=\"noopener\"><strong>HC-P-MS\/1<\/strong><\/a>: Esta licencia agrega 1 dispositivo m\u00f3vil adicional, se requiere tener una licencia base activa. (Se usa a partir del dispositivo numero 11 en adelante).<\/li>\n<\/ul>\n<p>Esta solucion requiere infraestructura de red adicional:<\/p>\n<ul>\n<li>Se requiere un servidor (PC) dedicada para colocar las licencias del software Hik-Central Profesional, en este servidor se dejan corriendo los servicios para poder consultar el video en vivo, ver grabaciones y posicionamiento de manera remota. (Se recomienda un servidor\u00a0 como minimo core i5 y 8 GB RAM).<\/li>\n<li>Se requiere tener una IP publica fija (dedicada) y un buen ancho de banda que dependera de la cantidad del numero de DVR\u00b4s moviles a centralizar.<\/li>\n<\/ul>\n<p><strong>2.- Usando la plataforma de HikCentral Connect:\u00a0<\/strong><\/p>\n<ul>\n<li><a href=\"https:\/\/www.syscom.mx\/producto\/HCC-VEHICLE-1D-1A-HIKVISION-208153.html\" target=\"_blank\" rel=\"noopener\"><strong>HCC-VEHICLE-1D-1A<\/strong><\/a>:\u00a0 Licencia Anual HikCentral Connect \/ Monitoreo Vehicular de GPS (Ubicaci\u00f3n) y Video en Tiempo Real por 1 A\u00f1o para 1 Dispositivo \/ Compatible con Dash Cam y DVR\u00b4s Moviles. (<a href=\"https:\/\/soporte.syscom.mx\/es\/articles\/6645147-hikcentral-connect-agregar-mdvr-modelo-ds-mp5604\" target=\"_blank\" rel=\"noopener\">Tutorial de configuraci\u00f3n<\/a>)<\/li>\n<\/ul>\n<p>Esta solucion se maneja en la nube, no requiere servidores (PC) de por medio, toda la administraci\u00f3n es por interfaz web.<\/p>\n<\/div>\n<\/div>\n<\/div>\n<p>&nbsp;<\/p>\n<p><img decoding=\"async\" src=\"https:\/\/i.imgur.com\/4aaVVDY.png\" \/><\/p>\n<p><img decoding=\"async\" src=\"https:\/\/i.imgur.com\/d2o6uq2.gif\" \/><\/p>\n<p><img decoding=\"async\" src=\"https:\/\/i.imgur.com\/fvJ6HI6.gif\" \/><\/p>\n<p><img decoding=\"async\" src=\"https:\/\/i.imgur.com\/qyaoREq.gif\" \/><\/p>\n<p><img decoding=\"async\" src=\"https:\/\/i.imgur.com\/QtjAhwx.gif\" \/><\/p>\n<p><img decoding=\"async\" src=\"https:\/\/i.imgur.com\/IvwaYwz.png\" \/><\/p>\n<p><img decoding=\"async\" src=\"https:\/\/i.imgur.com\/nFHw3gs.png\" \/><\/p>\n<p><img decoding=\"async\" src=\"https:\/\/i.imgur.com\/KSzVCX0.png\" \/><\/p>\n<p>&nbsp;<\/p>\n<p><img decoding=\"async\" src=\"https:\/\/i.imgur.com\/oeEMzRb.png\" \/><img decoding=\"async\" src=\"https:\/\/i.imgur.com\/egrRS0U.png\" \/><\/p>\n<p><img decoding=\"async\" src=\"https:\/\/i.imgur.com\/VC02GQZ.png\" \/><img decoding=\"async\" src=\"https:\/\/i.imgur.com\/l0AiCDv.png\" \/><\/p>\n<p><img decoding=\"async\" src=\"https:\/\/i.imgur.com\/GXhdTv8.png\" \/><\/p>\n<p><img decoding=\"async\" src=\"https:\/\/i.imgur.com\/TB2pg4h.png\" \/><\/p>\n<p><img decoding=\"async\" src=\"https:\/\/i.imgur.com\/MhSKyJO.png\" \/><\/p>\n<p><img decoding=\"async\" src=\"https:\/\/i.imgur.com\/qaO2jtK.png\" \/><\/p>\n<p>&nbsp;<\/p>\n<p><img class=\"fr-fic fr-dii\" \/><\/p>\n<p>&nbsp;<\/p>\n<\/div>\n<\/div>\n<\/div>\n<\/div>\n<\/div>\n<\/div>\n<p><img decoding=\"async\" class=\"aligncenter\" src=\"https:\/\/tracker.metricool.com\/c3po.jpg?hash=95c94f37730bb8f54dd4308f1f878f9\" \/><\/p>\n","protected":false},"excerpt":{"rendered":"<p>Informaci\u00f3n de Producto Kit Dash Cam 4G LTE de Tablero de 2 Megapixel (1080p) y Fotos de 4 Megapixel \/ DBA (AN\u00c1LISIS DE CHOFER) \/ Detecci\u00f3n Facial \/ WiFi \/ GPS \/ Sensor G \/ Micr\u00f3fono y Bocina Integrado \/ Memoria Micro SD \/ Soporta&hellip;<\/p>\n","protected":false},"featured_media":1443,"comment_status":"open","ping_status":"closed","template":"","meta":{"om_disable_all_campaigns":false,"_monsterinsights_skip_tracking":false,"_monsterinsights_sitenote_active":false,"_monsterinsights_sitenote_note":"","_monsterinsights_sitenote_category":0},"product_brand":[],"product_cat":[60],"product_tag":[62,63,61],"class_list":{"0":"post-936","1":"product","2":"type-product","3":"status-publish","4":"has-post-thumbnail","6":"product_cat-video-grabadoras-moviles","7":"product_tag-camara-movil","8":"product_tag-dashcam","9":"product_tag-videograbadorasmoviles","11":"first","12":"instock","13":"taxable","14":"shipping-taxable","15":"product-type-simple"},"aioseo_notices":[],"_links":{"self":[{"href":"https:\/\/tecsecmty.com\/index.php\/wp-json\/wp\/v2\/product\/936","targetHints":{"allow":["GET"]}}],"collection":[{"href":"https:\/\/tecsecmty.com\/index.php\/wp-json\/wp\/v2\/product"}],"about":[{"href":"https:\/\/tecsecmty.com\/index.php\/wp-json\/wp\/v2\/types\/product"}],"replies":[{"embeddable":true,"href":"https:\/\/tecsecmty.com\/index.php\/wp-json\/wp\/v2\/comments?post=936"}],"version-history":[{"count":1,"href":"https:\/\/tecsecmty.com\/index.php\/wp-json\/wp\/v2\/product\/936\/revisions"}],"predecessor-version":[{"id":1438,"href":"https:\/\/tecsecmty.com\/index.php\/wp-json\/wp\/v2\/product\/936\/revisions\/1438"}],"wp:featuredmedia":[{"embeddable":true,"href":"https:\/\/tecsecmty.com\/index.php\/wp-json\/wp\/v2\/media\/1443"}],"wp:attachment":[{"href":"https:\/\/tecsecmty.com\/index.php\/wp-json\/wp\/v2\/media?parent=936"}],"wp:term":[{"taxonomy":"product_brand","embeddable":true,"href":"https:\/\/tecsecmty.com\/index.php\/wp-json\/wp\/v2\/product_brand?post=936"},{"taxonomy":"product_cat","embeddable":true,"href":"https:\/\/tecsecmty.com\/index.php\/wp-json\/wp\/v2\/product_cat?post=936"},{"taxonomy":"product_tag","embeddable":true,"href":"https:\/\/tecsecmty.com\/index.php\/wp-json\/wp\/v2\/product_tag?post=936"}],"curies":[{"name":"wp","href":"https:\/\/api.w.org\/{rel}","templated":true}]}}