{"id":937,"date":"2023-02-16T00:15:14","date_gmt":"2023-02-16T00:15:14","guid":{"rendered":"https:\/\/tecsecmty.com\/index.php\/producto\/dvr-muvil-1080p-4-canales-turbo-4-canales-ip-soporta-4g-wifi-gps-soporta-hdd-entrada-y-salida-de-alarmas-salida-de-video\/"},"modified":"2023-03-22T23:20:48","modified_gmt":"2023-03-23T05:20:48","slug":"dvr-movil-1080p-4-canales-turbo-4-canales-ip-soporta-4g-wifi-gps-soporta-hdd-entrada-y-salida-de-alarmas-salida-de-video","status":"publish","type":"product","link":"https:\/\/tecsecmty.com\/index.php\/producto\/dvr-movil-1080p-4-canales-turbo-4-canales-ip-soporta-4g-wifi-gps-soporta-hdd-entrada-y-salida-de-alarmas-salida-de-video\/","title":{"rendered":"DVR Movil 1080P \/ 4 Canales TURBO + 4 Canales IP \/ Soporta 4G \/ WiFi \/ GPS \/ Soporta HDD \/ Entrada y Salida de Alarmas \/ Salida de Video"},"content":{"rendered":"<div class=\"container\">\n<div class=\"row\">\n<div class=\"col-md-12\">\n<div class=\"row\">\n<div class=\"row\">\n<div class=\"col-md-12\">\n<h4 class=\"text-primary center info-text\" style=\"text-align: center\">Informaci\u00f3n de Producto<\/h4>\n<\/div>\n<\/div>\n<div class=\"row\" style=\"text-align: center\">\n<div class=\"col-md-12\">\n<h3>DVR M\u00f3vil 1080P \/ 4 Canales TURBO + 4 Canales IP \/ Soporta 4G \/ WiFi \/ GPS \/ Soporta HDD \/ Entrada y Salida de Alarmas \/ Salida de Video<\/h3>\n<\/div>\n<\/div>\n<div id=\"producto_container\" class=\"row\" style=\"text-align: center\">\n<div class=\"col-md-4\">\n<p><img decoding=\"async\" class=\"img-responsive center-block\" src=\"https:\/\/ftp3.syscom.mx\/usuarios\/fotos\/BancoFotografiasSyscom\/HIKVISION\/DSMP5604\/DSMP5604-p.PNG\" alt=\"DS-MP5604\" \/><\/p>\n<div class=\"row\">\n<div id=\"galerias\" class=\"col-sm-12\"><\/div>\n<\/div>\n<\/div>\n<div class=\"col-md-4\">\n<div><img decoding=\"async\" class=\"img-responsive img-thumbnail\" src=\"https:\/\/ftp3.syscom.mx\/usuarios\/fotos\/logotipos\/hikvision.png\" \/><\/div>\n<div><\/div>\n<div>\n<p>Modelo:\u00a0<span class=\"modelo-marca\">DS-MP5604<\/span><\/p>\n<p>Marca:\u00a0<span class=\"modelo-marca\">HIKVISION<\/span><\/p>\n<\/div>\n<div>\n<h2 class=\"no_margin_top\"><\/h2>\n<\/div>\n<\/div>\n<\/div>\n<\/div>\n<div class=\"row \" style=\"text-align: center\">\n<div class=\"col-md-12\">\n<div class=\"row\">\n<h3 class=\"text-primary\">Especificaciones:<\/h3>\n<\/div>\n<div class=\"row well\">\n<p><img decoding=\"async\" src=\"https:\/\/ftp3.syscom.mx\/usuarios\/jsosa\/HIKVISION\/imagenes\/logo\/hikvision%20see%20far.png\" alt=\"12\" width=\"40%\" height=\"\" \/><\/p>\n<p>&nbsp;<\/p>\n<div class=\"row\">\n<div class=\"col-sm-6\">\n<div>\n<p><strong>Caracter\u00edsticas principales:<\/strong><\/p>\n<ul>\n<li>Soporta 4 c\u00e1maras m\u00f3vil TURBO 1080p + 4 c\u00e1maras m\u00f3vil IP 1080p (requiere switch PoE).<\/li>\n<li>Soporta memoria SD de 256 GB como grabaci\u00f3n espejo (no incluida).<\/li>\n<li>Soporta HDD de 2 TB (no incluida).<\/li>\n<li>Incluye modulo 3G \/ 4G (requiere SIM de datos para transmisi\u00f3n de informaci\u00f3n remota).<\/li>\n<li>Incluye modulo de GPS.<\/li>\n<li>Incluye modulo WiFi (5.8 GHz)<\/li>\n<\/ul>\n<\/div>\n<\/div>\n<div class=\"col-sm-6\">\n<div>\n<p><strong>Caracter\u00edsticas F\u00edsicas y El\u00e9ctricas:<\/strong><\/p>\n<ul>\n<li>1 Puerto de red (10M \/ 100M) \/ Conector tipo aviador.<\/li>\n<li>4 Entradas de alarma<\/li>\n<li>2 Salidas de alarma.<\/li>\n<li>Alimentaci\u00f3n: 9 &#8211; 32 Vcc (se alimenta directa de la bater\u00eda del autom\u00f3vil).<\/li>\n<li>Dimensiones: 206 x 225.4 x 60.1 mm.<\/li>\n<li>Peso: 1.7 kg.<\/li>\n<li>Garant\u00eda: 2 a\u00f1os.<\/li>\n<\/ul>\n<\/div>\n<\/div>\n<\/div>\n<p>&nbsp;<\/p>\n<div class=\"row\">\n<div class=\"col-sm-6\"><\/div>\n<\/div>\n<p>&nbsp;<\/p>\n<div class=\"row\">\n<div class=\"col-sm-12\">\n<div>\n<p><strong>Existen dos soluciones para poder tener transmision y centralizaci\u00f3n remota:<\/strong><\/p>\n<p>1.- Usando la plataforma de Hik-Central Profesional:<\/p>\n<ul>\n<li><a href=\"https:\/\/www.syscom.mx\/principal\/searchcont?route=DS-MP5604-HIKVISION-188780&amp;autodetect=HC-P-MS-B\" target=\"_blank\" rel=\"noopener\"><strong>HC-P-MS-B<\/strong><\/a>: Esta licencia a\u00f1ade la base para dispositivos m\u00f3viles, incluye 10 unidades y tambien modulo de Bussiness Intelligence.<\/li>\n<li><a href=\"https:\/\/www.syscom.mx\/producto\/HC-P-MS-1-HIKVISION-200925.html\" target=\"_blank\" rel=\"noopener\"><strong>HC-P-MS\/1<\/strong><\/a>: Esta licencia agrega 1 dispositivo m\u00f3vil adicional, se requiere tener una licencia base activa. (Se usa a partir del dispositivo numero 11 en adelante).<\/li>\n<\/ul>\n<p>Esta solucion requiere infraestructura de red adicional:<\/p>\n<ul>\n<li>Se requiere un servidor (PC) dedicada para colocar las licencias del software Hik-Central Profesional, en este servidor se dejan corriendo los servicios para poder consultar el video en vivo, ver grabaciones y posicionamiento de manera remota. (Se recomienda un servidor\u00a0 como minimo core i5 y 8 GB RAM).<\/li>\n<li>Se requiere tener una IP publica fija (dedicada) y un buen ancho de banda que dependera de la cantidad del numero de DVR\u00b4s moviles a centralizar.<\/li>\n<\/ul>\n<p><strong>2.- Usando la plataforma de HikCentral Connect:\u00a0<\/strong><\/p>\n<ul>\n<li><a href=\"https:\/\/www.syscom.mx\/producto\/HCC-VEHICLE-1D-1A-HIKVISION-208153.html\" target=\"_blank\" rel=\"noopener\"><strong>HCC-VEHICLE-1D-1A<\/strong><\/a>:\u00a0 Licencia Anual HikCentral Connect \/ Monitoreo Vehicular de GPS (Ubicaci\u00f3n) y Video en Tiempo Real por 1 A\u00f1o para 1 Dispositivo \/ Compatible con Dash Cam y DVR\u00b4s Moviles. (<a href=\"https:\/\/soporte.syscom.mx\/es\/articles\/6645147-hikcentral-connect-agregar-mdvr-modelo-ds-mp5604\" target=\"_blank\" rel=\"noopener\">Tutorial de configuraci\u00f3n<\/a>)<\/li>\n<\/ul>\n<p>Esta solucion se maneja en la nube, no requiere servidores (PC) de por medio, toda la administraci\u00f3n es por interfaz web.<\/p>\n<\/div>\n<\/div>\n<\/div>\n<p>&nbsp;<\/p>\n<p><img decoding=\"async\" src=\"https:\/\/ftp3.syscom.mx\/usuarios\/jsosa\/HIKVISION\/specs\/moviles\/DSMP5604\/d1.jpg\" alt=\"\" width=\"80%\" \/><\/p>\n<\/div>\n<\/div>\n<\/div>\n<\/div>\n<\/div>\n<\/div>\n<p><img decoding=\"async\" class=\"aligncenter\" src=\"https:\/\/tracker.metricool.com\/c3po.jpg?hash=95c94f37730bb8f54dd4308f1f878f9\" \/><\/p>\n","protected":false},"excerpt":{"rendered":"<p>Informaci\u00f3n de Producto DVR M\u00f3vil 1080P \/ 4 Canales TURBO + 4 Canales IP \/ Soporta 4G \/ WiFi \/ GPS \/ Soporta HDD \/ Entrada y Salida de Alarmas \/ Salida de Video Modelo:\u00a0DS-MP5604 Marca:\u00a0HIKVISION Especificaciones: &nbsp; Caracter\u00edsticas principales: Soporta 4 c\u00e1maras m\u00f3vil TURBO&hellip;<\/p>\n","protected":false},"featured_media":1447,"comment_status":"open","ping_status":"closed","template":"","meta":{"om_disable_all_campaigns":false,"_monsterinsights_skip_tracking":false,"_monsterinsights_sitenote_active":false,"_monsterinsights_sitenote_note":"","_monsterinsights_sitenote_category":0},"product_brand":[],"product_cat":[60],"product_tag":[62,63,61],"class_list":{"0":"post-937","1":"product","2":"type-product","3":"status-publish","4":"has-post-thumbnail","6":"product_cat-video-grabadoras-moviles","7":"product_tag-camara-movil","8":"product_tag-dashcam","9":"product_tag-videograbadorasmoviles","11":"first","12":"instock","13":"taxable","14":"shipping-taxable","15":"product-type-simple"},"aioseo_notices":[],"_links":{"self":[{"href":"https:\/\/tecsecmty.com\/index.php\/wp-json\/wp\/v2\/product\/937","targetHints":{"allow":["GET"]}}],"collection":[{"href":"https:\/\/tecsecmty.com\/index.php\/wp-json\/wp\/v2\/product"}],"about":[{"href":"https:\/\/tecsecmty.com\/index.php\/wp-json\/wp\/v2\/types\/product"}],"replies":[{"embeddable":true,"href":"https:\/\/tecsecmty.com\/index.php\/wp-json\/wp\/v2\/comments?post=937"}],"version-history":[{"count":1,"href":"https:\/\/tecsecmty.com\/index.php\/wp-json\/wp\/v2\/product\/937\/revisions"}],"predecessor-version":[{"id":1445,"href":"https:\/\/tecsecmty.com\/index.php\/wp-json\/wp\/v2\/product\/937\/revisions\/1445"}],"wp:featuredmedia":[{"embeddable":true,"href":"https:\/\/tecsecmty.com\/index.php\/wp-json\/wp\/v2\/media\/1447"}],"wp:attachment":[{"href":"https:\/\/tecsecmty.com\/index.php\/wp-json\/wp\/v2\/media?parent=937"}],"wp:term":[{"taxonomy":"product_brand","embeddable":true,"href":"https:\/\/tecsecmty.com\/index.php\/wp-json\/wp\/v2\/product_brand?post=937"},{"taxonomy":"product_cat","embeddable":true,"href":"https:\/\/tecsecmty.com\/index.php\/wp-json\/wp\/v2\/product_cat?post=937"},{"taxonomy":"product_tag","embeddable":true,"href":"https:\/\/tecsecmty.com\/index.php\/wp-json\/wp\/v2\/product_tag?post=937"}],"curies":[{"name":"wp","href":"https:\/\/api.w.org\/{rel}","templated":true}]}}