{"id":938,"date":"2023-02-16T00:15:15","date_gmt":"2023-02-16T00:15:15","guid":{"rendered":"https:\/\/tecsecmty.com\/index.php\/producto\/nvr-muvil-de-8-canales-de-2-megapixel-8-puertos-poe-2-bahias-de-disco-duro-incluye-modulo-gps-wifi-y-4g\/"},"modified":"2023-03-22T23:20:48","modified_gmt":"2023-03-23T05:20:48","slug":"nvr-movil-de-8-canales-de-2-megapixel-8-puertos-poe-2-bahias-de-disco-duro-incluye-modulo-gps-wifi-y-4g","status":"publish","type":"product","link":"https:\/\/tecsecmty.com\/index.php\/producto\/nvr-movil-de-8-canales-de-2-megapixel-8-puertos-poe-2-bahias-de-disco-duro-incluye-modulo-gps-wifi-y-4g\/","title":{"rendered":"NVR Movil de 8 Canales de 2 Megapixel \/ 8 Puertos PoE \/ 2 Bahias de Disco Duro \/ Incluye Modulo GPS, WiFi y 4G"},"content":{"rendered":"<div class=\"container\">\n<div class=\"row\">\n<div class=\"col-md-12\">\n<div class=\"row\">\n<div class=\"row\">\n<div class=\"col-md-12\">\n<h4 class=\"text-primary center info-text\" style=\"text-align: center\">Informaci\u00f3n de Producto<\/h4>\n<\/div>\n<\/div>\n<div class=\"row\" style=\"text-align: center\">\n<div class=\"col-md-12\">\n<h3>NVR M\u00f3vil de 8 Canales de 2 Megapixel \/ 8 Puertos PoE \/ 2 Bah\u00edas de Disco Duro \/ Incluye Modulo GPS, WiFi y 4G<\/h3>\n<\/div>\n<\/div>\n<div id=\"producto_container\" class=\"row\" style=\"text-align: center\">\n<div class=\"col-md-4\">\n<p><img decoding=\"async\" class=\"img-responsive center-block\" src=\"https:\/\/ftp3.syscom.mx\/usuarios\/fotos\/BancoFotografiasSyscom\/HIKVISION\/DSMP7608HN\/DSMP7608HN-p.PNG\" alt=\"DS-MP7608HN\" \/><\/p>\n<div class=\"row\">\n<div id=\"galerias\" class=\"col-sm-12\"><\/div>\n<\/div>\n<\/div>\n<div class=\"col-md-4\">\n<div><img decoding=\"async\" class=\"img-responsive img-thumbnail\" src=\"https:\/\/ftp3.syscom.mx\/usuarios\/fotos\/logotipos\/hikvision.png\" \/><\/div>\n<div><\/div>\n<div>\n<p>Modelo:\u00a0<span class=\"modelo-marca\">DS-MP7608HN<\/span><\/p>\n<p>Marca:\u00a0<span class=\"modelo-marca\">HIKVISION<\/span><\/p>\n<\/div>\n<\/div>\n<\/div>\n<\/div>\n<div class=\"row \" style=\"text-align: center\">\n<div class=\"col-md-12\">\n<div class=\"row\">\n<h3 class=\"text-primary\">Especificaciones:<\/h3>\n<\/div>\n<div class=\"row well\">\n<p><img decoding=\"async\" class=\"fr-fic fr-dii\" src=\"https:\/\/ftp3.syscom.mx\/usuarios\/jsosa\/HIKVISION\/imagenes\/logo\/hikvision%20see%20far.png\" \/><\/p>\n<p>&nbsp;<\/p>\n<div class=\"row\">\n<div class=\"col-sm-6\">\n<div>\n<p><strong>Caracter\u00edsticas principales:<\/strong><\/p>\n<ul>\n<li>Soporta 8 c\u00e1maras m\u00f3vil IP PoE + 8 c\u00e1maras m\u00f3vil IP (requiere switch PoE).<\/li>\n<li>Compresi\u00f3n H.265.<\/li>\n<li>Incluye m\u00f3dulo de GPS.<\/li>\n<li><strong>Grabaci\u00f3n y visualizaci\u00f3n solamente local.<\/strong><\/li>\n<li>Soporta 1 memoria SD de hasta 256 GB (no incluida).<\/li>\n<li>Salida de video VGA principal 1920 x 1080.<\/li>\n<li>Soporta grabaci\u00f3n c\u00edclica (sobre escritura) y no c\u00edclica.<\/li>\n<\/ul>\n<\/div>\n<\/div>\n<div class=\"col-sm-6\">\n<div>\n<p><strong>Caracteristicas F\u00edsicas y Electricas:<\/strong><\/p>\n<ul>\n<li>Soporta antena GPS (incluida).<\/li>\n<li>Soporta tarjeta SD 256 GB (no incluida).<\/li>\n<li>2 Bahias para HDD (2.5&#8243;) de hasta 2 TB.<\/li>\n<li>2 Puerto de red RJ45 (10 \/ 100 \/ 1000 M).<\/li>\n<li>4 Entradas de alarma<\/li>\n<li>2 Salidas de alarma.<\/li>\n<li>Temperatura de operaci\u00f3n: -30 a 60 \u00b0C \/\u00a0Humedad del 10 a 95%.<\/li>\n<li>Alimentaci\u00f3n: 9 &#8211; 32 Vcc (se alimenta directa de la bater\u00eda del autom\u00f3vil).<\/li>\n<li>Dimensiones: 206 x 219 x 60 mm.<\/li>\n<li>Peso: 3.66 kg (sin disco duro).<\/li>\n<li>Garant\u00eda: 2 a\u00f1os.<\/li>\n<\/ul>\n<\/div>\n<\/div>\n<\/div>\n<div class=\"row\"><\/div>\n<p>&nbsp;<\/p>\n<\/div>\n<\/div>\n<\/div>\n<\/div>\n<\/div>\n<\/div>\n<p><img decoding=\"async\" class=\"aligncenter\" src=\"https:\/\/tracker.metricool.com\/c3po.jpg?hash=95c94f37730bb8f54dd4308f1f878f9\" \/><\/p>\n","protected":false},"excerpt":{"rendered":"<p>Informaci\u00f3n de Producto NVR M\u00f3vil de 8 Canales de 2 Megapixel \/ 8 Puertos PoE \/ 2 Bah\u00edas de Disco Duro \/ Incluye Modulo GPS, WiFi y 4G Modelo:\u00a0DS-MP7608HN Marca:\u00a0HIKVISION Especificaciones: &nbsp; Caracter\u00edsticas principales: Soporta 8 c\u00e1maras m\u00f3vil IP PoE + 8 c\u00e1maras m\u00f3vil IP&hellip;<\/p>\n","protected":false},"featured_media":1338,"comment_status":"open","ping_status":"closed","template":"","meta":{"om_disable_all_campaigns":false,"_monsterinsights_skip_tracking":false,"_monsterinsights_sitenote_active":false,"_monsterinsights_sitenote_note":"","_monsterinsights_sitenote_category":0},"product_brand":[],"product_cat":[60],"product_tag":[62,63,61],"class_list":{"0":"post-938","1":"product","2":"type-product","3":"status-publish","4":"has-post-thumbnail","6":"product_cat-video-grabadoras-moviles","7":"product_tag-camara-movil","8":"product_tag-dashcam","9":"product_tag-videograbadorasmoviles","11":"first","12":"instock","13":"taxable","14":"shipping-taxable","15":"product-type-simple"},"aioseo_notices":[],"_links":{"self":[{"href":"https:\/\/tecsecmty.com\/index.php\/wp-json\/wp\/v2\/product\/938","targetHints":{"allow":["GET"]}}],"collection":[{"href":"https:\/\/tecsecmty.com\/index.php\/wp-json\/wp\/v2\/product"}],"about":[{"href":"https:\/\/tecsecmty.com\/index.php\/wp-json\/wp\/v2\/types\/product"}],"replies":[{"embeddable":true,"href":"https:\/\/tecsecmty.com\/index.php\/wp-json\/wp\/v2\/comments?post=938"}],"version-history":[{"count":1,"href":"https:\/\/tecsecmty.com\/index.php\/wp-json\/wp\/v2\/product\/938\/revisions"}],"predecessor-version":[{"id":1337,"href":"https:\/\/tecsecmty.com\/index.php\/wp-json\/wp\/v2\/product\/938\/revisions\/1337"}],"wp:featuredmedia":[{"embeddable":true,"href":"https:\/\/tecsecmty.com\/index.php\/wp-json\/wp\/v2\/media\/1338"}],"wp:attachment":[{"href":"https:\/\/tecsecmty.com\/index.php\/wp-json\/wp\/v2\/media?parent=938"}],"wp:term":[{"taxonomy":"product_brand","embeddable":true,"href":"https:\/\/tecsecmty.com\/index.php\/wp-json\/wp\/v2\/product_brand?post=938"},{"taxonomy":"product_cat","embeddable":true,"href":"https:\/\/tecsecmty.com\/index.php\/wp-json\/wp\/v2\/product_cat?post=938"},{"taxonomy":"product_tag","embeddable":true,"href":"https:\/\/tecsecmty.com\/index.php\/wp-json\/wp\/v2\/product_tag?post=938"}],"curies":[{"name":"wp","href":"https:\/\/api.w.org\/{rel}","templated":true}]}}