{"id":9380,"date":"2023-02-23T22:41:53","date_gmt":"2023-02-24T04:41:53","guid":{"rendered":"https:\/\/tecsecmty.com\/index.php\/producto\/zkteco-timenet30ent-licencia-para-control-de-asistencia-vigencia-de-36-meses-hasta-2000-usuarios-y-50-terminales-sobre-pedido\/"},"modified":"2023-03-22T23:25:33","modified_gmt":"2023-03-23T05:25:33","slug":"zkteco-timenet30ent-licencia-para-control-de-asistencia-vigencia-de-36-meses-hasta-2000-usuarios-y-50-terminales-sobre-pedido","status":"publish","type":"product","link":"https:\/\/tecsecmty.com\/index.php\/producto\/zkteco-timenet30ent-licencia-para-control-de-asistencia-vigencia-de-36-meses-hasta-2000-usuarios-y-50-terminales-sobre-pedido\/","title":{"rendered":"ZKTECO TIMENET30ENT &#8211; Licencia para Control de Asistencia \/ Vigencia de 36 meses \/ Hasta 2000 Usuarios y 50 Terminales \/ Sobre Pedido"},"content":{"rendered":"<div class=\"row aling-items-center padding-bottom-2x\">\n<div class=\"col-lg-12\">\n<h5 class=\"card-title text-center\">Informaci\u00f3n General<\/h5>\n<p class=\"ql-align-justify\">ZKTime.Net 3.0 se trata de un software de nueva generaci\u00f3n para gesti\u00f3n del tiempo y asistencia de empleados. que adem\u00e1s permite integrarse con los sistemas de control de accesos. Entre sus funciones destacadas podemos encontrar los reportes de asistencia y la gesti\u00f3n de dispositivos. Los diferentes empleados pueden gestionarse directamente desde la p\u00e1gina de inicio, facilitando la experiencia de usuario. Con la funci\u00f3n de c\u00f3digos de pago se pueden generar reportes de tiempo y asistencia as\u00ed como de la remuneraci\u00f3n a percibir por parte del empleado. Se trata de un software f\u00e1cil de combinar con la mayor\u00eda de los ERP y software de gesti\u00f3n de n\u00f3minas con lo que se incrementa la e\ufb01ciencia.<\/p>\n<p class=\"ql-align-justify\">El nuevo dise\u00f1o de interfaz de usuario y estructura hacen muy c\u00f3modo su manejo diario.<\/p>\n<p><img decoding=\"async\" class=\"overview-center-img-web\" src=\"https:\/\/tvc.mx\/media\/50781\/Time-Net-3.---2.jpg\" alt=\"\" \/><\/div>\n<\/div>\n<div class=\"row align-items-center padding-bottom-2x\">\n<div class=\"col-md-5 order-md-2\"><img decoding=\"async\" class=\"d-block m-auto img-thumbnail\" src=\"https:\/\/tvc.mx\/media\/48831\/Sin-t%C3%ADtulo-2.jpg\" alt=\" \" \/><\/div>\n<div class=\"col-md-7 order-md-1 text-md-left text-center\">\n<h2>Principales Caracter\u00edsticas<\/h2>\n<p class=\"text-muted\">\n<p><strong>VENTAJAS DEL SOFTWARE<\/strong>:<\/p>\n<p>Monitoreo en Tiempo Real<\/p>\n<p>Muestra el Estado del Dispositivo, Checadas Usuarios, Etc.<\/p>\n<p>Busca Dispositivos Conectados a la Red<\/p>\n<p>Multiusuario<\/p>\n<p>Env\u00edo de Contrase\u00f1a a Correo Electr\u00f3nico Cuando<\/p>\n<p>es Olvidada o Extraviada<\/p>\n<p>17 Reportes Distintos<\/p>\n<p>Bit\u00e1cora de Eventos del Sistema<\/p>\n<p>Sincronizaci\u00f3n Autom\u00e1tica\u00a0(Local, con IP fija o VPN)<\/p>\n<p>Control de Acceso<\/p>\n<p><strong>CONCEPTOS DEL SOFTWARE o SISTEMA<\/strong>:<\/p>\n<p>C\u00f3digos de Pago<\/p>\n<p>Horarios<\/p>\n<p>Turnos<\/p>\n<p>Enrolamiento de Usuarios por Dispositivo y Lector<\/p>\n<p>Informaci\u00f3n de Personal (Datos de Usuario)<\/p>\n<p><strong>HORARIOS<\/strong>:<\/p>\n<p>Flexible<\/p>\n<p>Redondeo<\/p>\n<p>Turnos<\/p>\n<p>Departamentos<\/p>\n<p><strong>DISPOSITIVOS COMPATIBLES<\/strong>:<\/p>\n<p>Sincronizaci\u00f3n Manual<\/p>\n<p>&nbsp;<\/p>\n<\/div>\n<\/div>\n<hr class=\"padding-bottom-2x\" \/>\n<div class=\"row align-items-center padding-bottom-2x\">\n<div class=\"col-md-5\"><img decoding=\"async\" class=\"d-block m-auto img-thumbnail\" src=\"https:\/\/tvc.mx\/media\/48834\/Sin-t%C3%ADtulo-3.jpg\" alt=\" \" \/><\/div>\n<div class=\"col-md-7 text-md-left text-center\">\n<h2>Especificaciones T\u00e9cnicas<\/h2>\n<p class=\"text-muted\">\n<p><strong>Detalles y caracter\u00edsticas del programa<\/strong>:<\/p>\n<p>Versi\u00f3n Econ\u00f3mica: Vigencia por 3 a\u00f1os<\/p>\n<p>Capacidades: 2000 usuarios y hasta 50 terminales de asistencia ZKTeco<\/p>\n<p>Cobertura:\u00a0 Peque\u00f1a y Mediana empresa<\/p>\n<p>Licencia: \u00a0Pago sobre-pedido (Requiere de anticipo del 100% para solicitar su generaci\u00f3n)<\/p>\n<p>Equipos soportados: No soporta equipos como el modelo LX50, ni K40 (GAMA BAJA DE CONTROLES DE ASISTENCIA).<\/p>\n<p>VF600 (800 rostros), VF780 (800 rostros), los modelos iFace800 &amp; iFace800ID, multibio700GPlus, F18, F18ID,\u00a0\u00a0\u00a0\u00a0\u00a0\u00a0\u00a0\u00a0\u00a0\u00a0\u00a0\u00a0\u00a0\u00a0\u00a0\u00a0F18HID &amp; F18MF, TF1700, MA300, SCR100, etc.<\/p>\n<p>Version de Windows:\u00a0\u00a0Compatible con\u00a0<strong>Windows de 32 y 64 bits en WinXP, Win7 &amp; Windows8, Windows 10<\/strong><\/p>\n<p>Compatible con modelos con el Nuevo Firmware basado en Linux, y el Firmware anterior, o equipos con pantalla B&amp;N, con pantallas de 3, 3.5, 7 &amp; 8 pulgadas.<\/p>\n<\/div>\n<\/div>\n","protected":false},"excerpt":{"rendered":"<p>Informaci\u00f3n General ZKTime.Net 3.0 se trata de un software de nueva generaci\u00f3n para gesti\u00f3n del tiempo y asistencia de empleados. que adem\u00e1s permite integrarse con los sistemas de control de accesos. Entre sus funciones destacadas podemos encontrar los reportes de asistencia y la gesti\u00f3n de&hellip;<\/p>\n","protected":false},"featured_media":9379,"comment_status":"open","ping_status":"closed","template":"","meta":{"om_disable_all_campaigns":false,"_monsterinsights_skip_tracking":false,"_monsterinsights_sitenote_active":false,"_monsterinsights_sitenote_note":"","_monsterinsights_sitenote_category":0},"product_brand":[],"product_cat":[842],"product_tag":[81,727,730,66,731,728,729],"class_list":{"0":"post-9380","1":"product","2":"type-product","3":"status-publish","4":"has-post-thumbnail","6":"product_cat-software-asistencia","7":"product_tag-acceso-y-asistencia","8":"product_tag-cerraduras","9":"product_tag-commax-wulian","10":"product_tag-dahua","11":"product_tag-wejoin","12":"product_tag-yli","13":"product_tag-zkteco","15":"first","16":"instock","17":"sale","18":"taxable","19":"shipping-taxable","20":"purchasable","21":"product-type-simple"},"aioseo_notices":[],"_links":{"self":[{"href":"https:\/\/tecsecmty.com\/index.php\/wp-json\/wp\/v2\/product\/9380","targetHints":{"allow":["GET"]}}],"collection":[{"href":"https:\/\/tecsecmty.com\/index.php\/wp-json\/wp\/v2\/product"}],"about":[{"href":"https:\/\/tecsecmty.com\/index.php\/wp-json\/wp\/v2\/types\/product"}],"replies":[{"embeddable":true,"href":"https:\/\/tecsecmty.com\/index.php\/wp-json\/wp\/v2\/comments?post=9380"}],"version-history":[{"count":1,"href":"https:\/\/tecsecmty.com\/index.php\/wp-json\/wp\/v2\/product\/9380\/revisions"}],"predecessor-version":[{"id":9593,"href":"https:\/\/tecsecmty.com\/index.php\/wp-json\/wp\/v2\/product\/9380\/revisions\/9593"}],"wp:featuredmedia":[{"embeddable":true,"href":"https:\/\/tecsecmty.com\/index.php\/wp-json\/wp\/v2\/media\/9379"}],"wp:attachment":[{"href":"https:\/\/tecsecmty.com\/index.php\/wp-json\/wp\/v2\/media?parent=9380"}],"wp:term":[{"taxonomy":"product_brand","embeddable":true,"href":"https:\/\/tecsecmty.com\/index.php\/wp-json\/wp\/v2\/product_brand?post=9380"},{"taxonomy":"product_cat","embeddable":true,"href":"https:\/\/tecsecmty.com\/index.php\/wp-json\/wp\/v2\/product_cat?post=9380"},{"taxonomy":"product_tag","embeddable":true,"href":"https:\/\/tecsecmty.com\/index.php\/wp-json\/wp\/v2\/product_tag?post=9380"}],"curies":[{"name":"wp","href":"https:\/\/api.w.org\/{rel}","templated":true}]}}